{"id":11479,"date":"2023-10-03T21:35:37","date_gmt":"2023-10-03T21:35:37","guid":{"rendered":"https:\/\/myreplicawatches.io\/product\/replica-rolex-datejust-ii-116300-1\/"},"modified":"2025-07-30T22:24:14","modified_gmt":"2025-07-30T22:24:14","slug":"replica-rolex-datejust-ii-116300-1","status":"publish","type":"product","link":"https:\/\/myreplicawatches.io\/es\/product\/replica-rolex-datejust-ii-116300-1\/","title":{"rendered":"R\u00e9plica Rolex Datejust II 116300\/1"},"content":{"rendered":"<p>Gama de productos de la R\u00e9plica Rolex Datejust II 116300\/1 Datejust II Water Resistant Modelo 116300 Water Resistant Material del brazalete Acero (Oyster) Marca Rolex Material de la caja Acero Tama\u00f1o de la caja 41 MM Tipo de esfera Plata \u00c1rabe Sexo Masculino Modelo 116300 Movimiento Autom\u00e1tico Gama Datejust II Water Resistant Material del brazalete Acero Water Resistance<\/p>\n","protected":false},"excerpt":{"rendered":"<p>Gama de productos de la R\u00e9plica Rolex Datejust II 116300\/1 Datejust II Water Resistant Modelo 116300 Water Resistant Material del brazalete Acero (Oyster) Marca Rolex Material de la caja Acero Tama\u00f1o de la caja 41 MM Tipo de esfera Plata \u00c1rabe Sexo Masculino Modelo 116300 Movimiento Autom\u00e1tico Gama Datejust II Water Resistant Material del brazalete<\/p>\n","protected":false},"featured_media":6784,"comment_status":"open","ping_status":"closed","template":"","meta":{"_uag_custom_page_level_css":"","site-sidebar-layout":"default","site-content-layout":"","ast-site-content-layout":"default","site-content-style":"default","site-sidebar-style":"default","ast-global-header-display":"","ast-banner-title-visibility":"","ast-main-header-display":"","ast-hfb-above-header-display":"","ast-hfb-below-header-display":"","ast-hfb-mobile-header-display":"","site-post-title":"","ast-breadcrumbs-content":"","ast-featured-img":"","footer-sml-layout":"","theme-transparent-header-meta":"default","adv-header-id-meta":"","stick-header-meta":"default","header-above-stick-meta":"","header-main-stick-meta":"","header-below-stick-meta":"","astra-migrate-meta-layouts":"set","ast-page-background-enabled":"default","ast-page-background-meta":{"desktop":{"background-color":"var(--ast-global-color-4)","background-image":"","background-repeat":"repeat","background-position":"center center","background-size":"auto","background-attachment":"scroll","background-type":"","background-media":"","overlay-type":"","overlay-color":"","overlay-opacity":"","overlay-gradient":""},"tablet":{"background-color":"","background-image":"","background-repeat":"repeat","background-position":"center center","background-size":"auto","background-attachment":"scroll","background-type":"","background-media":"","overlay-type":"","overlay-color":"","overlay-opacity":"","overlay-gradient":""},"mobile":{"background-color":"","background-image":"","background-repeat":"repeat","background-position":"center center","background-size":"auto","background-attachment":"scroll","background-type":"","background-media":"","overlay-type":"","overlay-color":"","overlay-opacity":"","overlay-gradient":""}},"ast-content-background-meta":{"desktop":{"background-color":"var(--ast-global-color-5)","background-image":"","background-repeat":"repeat","background-position":"center center","background-size":"auto","background-attachment":"scroll","background-type":"","background-media":"","overlay-type":"","overlay-color":"","overlay-opacity":"","overlay-gradient":""},"tablet":{"background-color":"var(--ast-global-color-5)","background-image":"","background-repeat":"repeat","background-position":"center center","background-size":"auto","background-attachment":"scroll","background-type":"","background-media":"","overlay-type":"","overlay-color":"","overlay-opacity":"","overlay-gradient":""},"mobile":{"background-color":"var(--ast-global-color-5)","background-image":"","background-repeat":"repeat","background-position":"center center","background-size":"auto","background-attachment":"scroll","background-type":"","background-media":"","overlay-type":"","overlay-color":"","overlay-opacity":"","overlay-gradient":""}}},"product_brand":[],"product_cat":[168,161,162,154],"product_tag":[760,1948,2337,2494,444,446,442,440,474,1965,465,187,2496,1028,1944,2497],"class_list":{"0":"post-11479","1":"product","2":"type-product","3":"status-publish","4":"has-post-thumbnail","6":"product_cat-productos-mas-nuevos","7":"product_cat-replica-date-just","8":"product_cat-replica-super-clon-rolex-aaa","9":"product_cat-replicas-de-relojes-mas-vendidas","10":"product_tag-authentic-look","11":"product_tag-classic-design-es","12":"product_tag-datejust-es","13":"product_tag-datejust-ii","14":"product_tag-designer-watch","15":"product_tag-elegant-watch","16":"product_tag-high-quality-replica","17":"product_tag-luxury-watch","18":"product_tag-mens-watch","19":"product_tag-premium-quality","20":"product_tag-replica","21":"product_tag-rolex-es","22":"product_tag-rolex-watch","23":"product_tag-stainless-steel-es","24":"product_tag-swiss-clone-es","25":"product_tag-timeless-style","26":"desktop-align-left","27":"tablet-align-left","28":"mobile-align-left","29":"ast-product-gallery-layout-vertical-slider","30":"ast-product-gallery-with-no-image","32":"first","33":"instock","34":"sale","35":"shipping-taxable","36":"purchasable","37":"product-type-simple"},"uagb_featured_image_src":{"full":["https:\/\/myreplicawatches.io\/wp-content\/uploads\/2023\/10\/replica-rolex-datejust-ii-1163001.jpg",600,768,false],"thumbnail":["https:\/\/myreplicawatches.io\/wp-content\/uploads\/2023\/10\/replica-rolex-datejust-ii-1163001-150x150.jpg",150,150,true],"medium":["https:\/\/myreplicawatches.io\/wp-content\/uploads\/2023\/10\/replica-rolex-datejust-ii-1163001-234x300.jpg",234,300,true],"medium_large":["https:\/\/myreplicawatches.io\/wp-content\/uploads\/2023\/10\/replica-rolex-datejust-ii-1163001.jpg",600,768,false],"large":["https:\/\/myreplicawatches.io\/wp-content\/uploads\/2023\/10\/replica-rolex-datejust-ii-1163001.jpg",600,768,false],"1536x1536":["https:\/\/myreplicawatches.io\/wp-content\/uploads\/2023\/10\/replica-rolex-datejust-ii-1163001.jpg",600,768,false],"2048x2048":["https:\/\/myreplicawatches.io\/wp-content\/uploads\/2023\/10\/replica-rolex-datejust-ii-1163001.jpg",600,768,false],"woocommerce_thumbnail":["https:\/\/myreplicawatches.io\/wp-content\/uploads\/2023\/10\/replica-rolex-datejust-ii-1163001-300x300.jpg",300,300,true],"woocommerce_single":["https:\/\/myreplicawatches.io\/wp-content\/uploads\/2023\/10\/replica-rolex-datejust-ii-1163001.jpg",600,768,false],"woocommerce_gallery_thumbnail":["https:\/\/myreplicawatches.io\/wp-content\/uploads\/2023\/10\/replica-rolex-datejust-ii-1163001-100x100.jpg",100,100,true],"variation_swatches_image_size":["https:\/\/myreplicawatches.io\/wp-content\/uploads\/2023\/10\/replica-rolex-datejust-ii-1163001.jpg",39,50,false],"variation_swatches_tooltip_size":["https:\/\/myreplicawatches.io\/wp-content\/uploads\/2023\/10\/replica-rolex-datejust-ii-1163001.jpg",78,100,false],"dgwt-wcas-product-suggestion":["https:\/\/myreplicawatches.io\/wp-content\/uploads\/2023\/10\/replica-rolex-datejust-ii-1163001-64x82.jpg",64,82,true]},"uagb_author_info":{"display_name":"admin","author_link":"https:\/\/myreplicawatches.io\/es\/author\/"},"uagb_comment_info":0,"uagb_excerpt":"Gama de productos de la R\u00e9plica Rolex Datejust II 116300\/1 Datejust II Water Resistant Modelo 116300 Water Resistant Material del brazalete Acero (Oyster) Marca Rolex Material de la caja Acero Tama\u00f1o de la caja 41 MM Tipo de esfera Plata \u00c1rabe Sexo Masculino Modelo 116300 Movimiento Autom\u00e1tico Gama Datejust II Water Resistant Material del brazalete","jetpack_sharing_enabled":true,"_links":{"self":[{"href":"https:\/\/myreplicawatches.io\/es\/wp-json\/wp\/v2\/product\/11479","targetHints":{"allow":["GET"]}}],"collection":[{"href":"https:\/\/myreplicawatches.io\/es\/wp-json\/wp\/v2\/product"}],"about":[{"href":"https:\/\/myreplicawatches.io\/es\/wp-json\/wp\/v2\/types\/product"}],"replies":[{"embeddable":true,"href":"https:\/\/myreplicawatches.io\/es\/wp-json\/wp\/v2\/comments?post=11479"}],"wp:featuredmedia":[{"embeddable":true,"href":"https:\/\/myreplicawatches.io\/es\/wp-json\/wp\/v2\/media\/6784"}],"wp:attachment":[{"href":"https:\/\/myreplicawatches.io\/es\/wp-json\/wp\/v2\/media?parent=11479"}],"wp:term":[{"taxonomy":"product_brand","embeddable":true,"href":"https:\/\/myreplicawatches.io\/es\/wp-json\/wp\/v2\/product_brand?post=11479"},{"taxonomy":"product_cat","embeddable":true,"href":"https:\/\/myreplicawatches.io\/es\/wp-json\/wp\/v2\/product_cat?post=11479"},{"taxonomy":"product_tag","embeddable":true,"href":"https:\/\/myreplicawatches.io\/es\/wp-json\/wp\/v2\/product_tag?post=11479"}],"curies":[{"name":"wp","href":"https:\/\/api.w.org\/{rel}","templated":true}]}}