{"id":11471,"date":"2023-10-03T21:35:48","date_gmt":"2023-10-03T21:35:48","guid":{"rendered":"https:\/\/myreplicawatches.io\/product\/replica-11-clon-billetera-gucci-piel-de-serpiente\/"},"modified":"2025-11-16T12:40:22","modified_gmt":"2025-11-16T12:40:22","slug":"replica-11-clon-billetera-gucci-piel-de-serpiente","status":"publish","type":"product","link":"https:\/\/myreplicawatches.io\/es\/product\/replica-11-clon-billetera-gucci-piel-de-serpiente\/","title":{"rendered":"R\u00e9plica 1:1 Clon Billetera Gucci Piel de Serpiente"},"content":{"rendered":"<p>&nbsp;<\/p>\n<div style=\"text-align: center;\"><span style=\"color: #cc0000;\"><strong>Existencias limitadas <\/strong><\/span><\/div>\n<div style=\"text-align: center;\"><span style=\"color: #cc0000;\"><strong>Liquidaci\u00f3n<\/strong><\/span><\/p>\n<div><\/div>\n<div><\/div>\n<\/div>\n<div><img decoding=\"async\" style=\"display: block; margin-left: auto; margin-right: auto;\" src=\"https:\/\/cdn.shopify.com\/s\/files\/1\/0254\/2570\/7092\/files\/guaranteed_large.png?v=1559845557\" alt=\"\" width=\"309\" height=\"103\" title=\"\"><\/div>\n<div><\/div>\n<div style=\"text-align: center;\"><\/div>\n<div><\/div>\n<div><\/div>\n<div style=\"text-align: center;\"><strong>DESCRIPCI\u00d3N<\/strong><\/div>\n<div><\/div>\n<div>Billetera de piel de serpiente de altacalidad<\/div>\n<div>\u2b1b|M\u00faltiplesranuras para tarjetas<\/div>\n<div>\u2b1b|Bolsillode dinero<\/div>\n<div>\u2b1b|3Colores disponibles ( por favor, selecciona el color que deseas obtener )<\/div>\n<div>\n<div>\u2b1b|Todas las carteras llegan en cajas de la marca Complete<\/div>\n<div><\/div>\n<\/div>\n<div><\/div>\n<div style=\"text-align: center;\"><\/div>\n<div style=\"text-align: center;\"><\/div>\n<div style=\"text-align: center;\"><strong>ENV\u00cdO<\/strong><\/div>\n<div style=\"text-align: center;\"><\/div>\n<div><img decoding=\"async\" style=\"display: block; margin-left: auto; margin-right: auto;\" src=\"https:\/\/cdn.shopify.com\/s\/files\/1\/0254\/2570\/7092\/files\/Screenshot_2019-04-05_at_7.23.41_PM_large_e5b3b8fa-a87b-46ba-91ac-20b726f489a3_large.png?v=1559845484\" alt=\"\" width=\"179\" height=\"102\" title=\"\"><\/div>\n<div><\/div>\n<div>\u2708\ufe0fFreeEnv\u00edo Seguro ( 15-20 d\u00edas estimaci\u00f3n llegada )<\/div>\n<div>\u2708\ufe0fDHLEnv\u00edo Seguro ( 5-10 d\u00edas estimaci\u00f3n llegada ) -Coste extra en la caja<\/div>\n<div><\/div>\n<div><\/div>\n<div><img decoding=\"async\" style=\"display: block; margin-left: auto; margin-right: auto;\" src=\"https:\/\/cdn.shopify.com\/s\/files\/1\/0254\/2570\/7092\/files\/c8604b60-d2ad-4fde-a64a-3a8ea01524a9_large_d0659cbd-b3a0-4f46-a115-c237cd523a77_large.png?v=1559846647\" alt=\"\" width=\"397\" height=\"86\" title=\"\"><\/div>\n","protected":false},"excerpt":{"rendered":"<p>&nbsp; Existencias limitadas Liquidaci\u00f3n DESCRIPCI\u00d3N Billetera de piel de serpiente de altacalidad \u2b1b|M\u00faltiplesranuras para tarjetas \u2b1b|Bolsillode dinero \u2b1b|3Colores disponibles ( por favor, selecciona el color que deseas obtener ) \u2b1b|Todas las carteras llegan en cajas de la marca Complete ENV\u00cdO \u2708\ufe0fFreeEnv\u00edo Seguro ( 15-20 d\u00edas estimaci\u00f3n llegada ) \u2708\ufe0fDHLEnv\u00edo Seguro ( 5-10 d\u00edas estimaci\u00f3n llegada<\/p>\n","protected":false},"featured_media":6789,"comment_status":"open","ping_status":"closed","template":"","meta":{"_uag_custom_page_level_css":"","site-sidebar-layout":"default","site-content-layout":"","ast-site-content-layout":"default","site-content-style":"default","site-sidebar-style":"default","ast-global-header-display":"","ast-banner-title-visibility":"","ast-main-header-display":"","ast-hfb-above-header-display":"","ast-hfb-below-header-display":"","ast-hfb-mobile-header-display":"","site-post-title":"","ast-breadcrumbs-content":"","ast-featured-img":"","footer-sml-layout":"","theme-transparent-header-meta":"","adv-header-id-meta":"","stick-header-meta":"","header-above-stick-meta":"","header-main-stick-meta":"","header-below-stick-meta":"","astra-migrate-meta-layouts":"set","ast-page-background-enabled":"default","ast-page-background-meta":{"desktop":{"background-color":"var(--ast-global-color-4)","background-image":"","background-repeat":"repeat","background-position":"center center","background-size":"auto","background-attachment":"scroll","background-type":"","background-media":"","overlay-type":"","overlay-color":"","overlay-opacity":"","overlay-gradient":""},"tablet":{"background-color":"","background-image":"","background-repeat":"repeat","background-position":"center center","background-size":"auto","background-attachment":"scroll","background-type":"","background-media":"","overlay-type":"","overlay-color":"","overlay-opacity":"","overlay-gradient":""},"mobile":{"background-color":"","background-image":"","background-repeat":"repeat","background-position":"center center","background-size":"auto","background-attachment":"scroll","background-type":"","background-media":"","overlay-type":"","overlay-color":"","overlay-opacity":"","overlay-gradient":""}},"ast-content-background-meta":{"desktop":{"background-color":"var(--ast-global-color-5)","background-image":"","background-repeat":"repeat","background-position":"center center","background-size":"auto","background-attachment":"scroll","background-type":"","background-media":"","overlay-type":"","overlay-color":"","overlay-opacity":"","overlay-gradient":""},"tablet":{"background-color":"var(--ast-global-color-5)","background-image":"","background-repeat":"repeat","background-position":"center center","background-size":"auto","background-attachment":"scroll","background-type":"","background-media":"","overlay-type":"","overlay-color":"","overlay-opacity":"","overlay-gradient":""},"mobile":{"background-color":"var(--ast-global-color-5)","background-image":"","background-repeat":"repeat","background-position":"center center","background-size":"auto","background-attachment":"scroll","background-type":"","background-media":"","overlay-type":"","overlay-color":"","overlay-opacity":"","overlay-gradient":""}}},"product_brand":[],"product_cat":[168,154],"product_tag":[760,2435,2431,2351,2434,1815,1814,1374,2432,442,2430,1965,2347,2429,2433,1409],"class_list":{"0":"post-11471","1":"product","2":"type-product","3":"status-publish","4":"has-post-thumbnail","6":"product_cat-productos-mas-nuevos","7":"product_cat-replicas-de-relojes-mas-vendidas","8":"product_tag-authentic-look","9":"product_tag-compact-wallet","10":"product_tag-designer-wallet","11":"product_tag-durable-material","12":"product_tag-elegant-wallet","13":"product_tag-exclusive-design","14":"product_tag-fashion-accessories","15":"product_tag-gucci","16":"product_tag-gucci-accessories","17":"product_tag-high-quality-replica","18":"product_tag-luxury-wallet","19":"product_tag-premium-quality","20":"product_tag-replica-11-clone","21":"product_tag-snake-leather-wallet","22":"product_tag-stylish-wallet","23":"product_tag-unisex-es","24":"desktop-align-left","25":"tablet-align-left","26":"mobile-align-left","27":"ast-product-gallery-layout-vertical-slider","28":"ast-product-single-variable","30":"first","31":"instock","32":"shipping-taxable","33":"purchasable","34":"product-type-variable"},"uagb_featured_image_src":{"full":["https:\/\/myreplicawatches.io\/wp-content\/uploads\/2023\/10\/replica-11-clone-gucci-snake-leather-wallet.jpg",533,637,false],"thumbnail":["https:\/\/myreplicawatches.io\/wp-content\/uploads\/2023\/10\/replica-11-clone-gucci-snake-leather-wallet-150x150.jpg",150,150,true],"medium":["https:\/\/myreplicawatches.io\/wp-content\/uploads\/2023\/10\/replica-11-clone-gucci-snake-leather-wallet-251x300.jpg",251,300,true],"medium_large":["https:\/\/myreplicawatches.io\/wp-content\/uploads\/2023\/10\/replica-11-clone-gucci-snake-leather-wallet.jpg",533,637,false],"large":["https:\/\/myreplicawatches.io\/wp-content\/uploads\/2023\/10\/replica-11-clone-gucci-snake-leather-wallet.jpg",533,637,false],"1536x1536":["https:\/\/myreplicawatches.io\/wp-content\/uploads\/2023\/10\/replica-11-clone-gucci-snake-leather-wallet.jpg",533,637,false],"2048x2048":["https:\/\/myreplicawatches.io\/wp-content\/uploads\/2023\/10\/replica-11-clone-gucci-snake-leather-wallet.jpg",533,637,false],"woocommerce_thumbnail":["https:\/\/myreplicawatches.io\/wp-content\/uploads\/2023\/10\/replica-11-clone-gucci-snake-leather-wallet-300x300.jpg",300,300,true],"woocommerce_single":["https:\/\/myreplicawatches.io\/wp-content\/uploads\/2023\/10\/replica-11-clone-gucci-snake-leather-wallet.jpg",533,637,false],"woocommerce_gallery_thumbnail":["https:\/\/myreplicawatches.io\/wp-content\/uploads\/2023\/10\/replica-11-clone-gucci-snake-leather-wallet-100x100.jpg",100,100,true],"variation_swatches_image_size":["https:\/\/myreplicawatches.io\/wp-content\/uploads\/2023\/10\/replica-11-clone-gucci-snake-leather-wallet.jpg",42,50,false],"variation_swatches_tooltip_size":["https:\/\/myreplicawatches.io\/wp-content\/uploads\/2023\/10\/replica-11-clone-gucci-snake-leather-wallet.jpg",84,100,false],"dgwt-wcas-product-suggestion":["https:\/\/myreplicawatches.io\/wp-content\/uploads\/2023\/10\/replica-11-clone-gucci-snake-leather-wallet-64x76.jpg",64,76,true]},"uagb_author_info":{"display_name":"admin","author_link":"https:\/\/myreplicawatches.io\/es\/author\/"},"uagb_comment_info":0,"uagb_excerpt":"&nbsp; Existencias limitadas Liquidaci\u00f3n DESCRIPCI\u00d3N Billetera de piel de serpiente de altacalidad \u2b1b|M\u00faltiplesranuras para tarjetas \u2b1b|Bolsillode dinero \u2b1b|3Colores disponibles ( por favor, selecciona el color que deseas obtener ) \u2b1b|Todas las carteras llegan en cajas de la marca Complete ENV\u00cdO \u2708\ufe0fFreeEnv\u00edo Seguro ( 15-20 d\u00edas estimaci\u00f3n llegada ) \u2708\ufe0fDHLEnv\u00edo Seguro ( 5-10 d\u00edas estimaci\u00f3n llegada","jetpack_sharing_enabled":true,"_links":{"self":[{"href":"https:\/\/myreplicawatches.io\/es\/wp-json\/wp\/v2\/product\/11471","targetHints":{"allow":["GET"]}}],"collection":[{"href":"https:\/\/myreplicawatches.io\/es\/wp-json\/wp\/v2\/product"}],"about":[{"href":"https:\/\/myreplicawatches.io\/es\/wp-json\/wp\/v2\/types\/product"}],"replies":[{"embeddable":true,"href":"https:\/\/myreplicawatches.io\/es\/wp-json\/wp\/v2\/comments?post=11471"}],"wp:featuredmedia":[{"embeddable":true,"href":"https:\/\/myreplicawatches.io\/es\/wp-json\/wp\/v2\/media\/6789"}],"wp:attachment":[{"href":"https:\/\/myreplicawatches.io\/es\/wp-json\/wp\/v2\/media?parent=11471"}],"wp:term":[{"taxonomy":"product_brand","embeddable":true,"href":"https:\/\/myreplicawatches.io\/es\/wp-json\/wp\/v2\/product_brand?post=11471"},{"taxonomy":"product_cat","embeddable":true,"href":"https:\/\/myreplicawatches.io\/es\/wp-json\/wp\/v2\/product_cat?post=11471"},{"taxonomy":"product_tag","embeddable":true,"href":"https:\/\/myreplicawatches.io\/es\/wp-json\/wp\/v2\/product_tag?post=11471"}],"curies":[{"name":"wp","href":"https:\/\/api.w.org\/{rel}","templated":true}]}}