{"id":11467,"date":"2023-10-03T21:35:29","date_gmt":"2023-10-03T21:35:29","guid":{"rendered":"https:\/\/myreplicawatches.io\/product\/rado-negro-centrix\/"},"modified":"2025-11-16T12:39:50","modified_gmt":"2025-11-16T12:39:50","slug":"rado-negro-centrix","status":"publish","type":"product","link":"https:\/\/myreplicawatches.io\/es\/product\/rado-negro-centrix\/","title":{"rendered":"Rado Negro Centrix"},"content":{"rendered":"<h2 class=\"swp-specifications__heading\">ESPECIFICACIONES<\/h2>\n<p class=\"dash dash--standard-size swp-specifications__watch-codes\">R30130152 | 01.312.0130.3.015<\/p>\n<div class=\"swp-specifications__columns\">\n<div class=\"swp-specifications__column\">\n<h4 class=\"swp-specifications__sub-heading\">CASO<\/h4>\n<div class=\"swp-specifications__specs\">\n<p class=\"swp-specifications__specs-item \"><strong>Grosor <\/strong><span>10,5 mm<\/span><\/p>\n<p class=\"swp-specifications__specs-item \"><strong>Resistencia al agua: <\/strong><span>Resistente al agua 5 bar (50 m)<\/span><\/p>\n<p class=\"swp-specifications__specs-item \"><strong>Cristal: <\/strong><span>Cristal de zafiro<\/span><\/p>\n<div class=\"hidden-specs\">\n<p class=\"swp-specifications__specs-item \"><strong>Caja y bisel: <\/strong><span>Acero inoxidable<\/span><\/p>\n<p class=\"swp-specifications__specs-item \"><strong>Sexo: <\/strong><span>Caballeros<\/span><\/p>\n<p class=\"swp-specifications__specs-item \"><strong>Forma: <\/strong><span>Redonda<\/span><\/p>\n<p class=\"swp-specifications__specs-item \"><strong>Color de la funda: <\/strong><span>Claro<\/span><\/p>\n<\/div>\n<\/div>\n<\/div>\n<div class=\"swp-specifications__column\">\n<h4 class=\"swp-specifications__sub-heading\">MARCA<\/h4>\n<div class=\"swp-specifications__specs\">\n<p class=\"swp-specifications__specs-item \"><strong>Marca: <\/strong><span>negro<\/span><\/p>\n<p class=\"swp-specifications__specs-item \"><strong>Visualizaci\u00f3n de la fecha: <\/strong><span>S\u00ed<\/span><\/p>\n<\/div>\n<\/div>\n<div class=\"swp-specifications__column\">\n<h4 class=\"swp-specifications__sub-heading\">MOVIMIENTO<\/h4>\n<div class=\"swp-specifications__specs\">\n<p class=\"swp-specifications__specs-item \"><strong>Cron\u00f3grafo: <\/strong><span>S\u00ed<\/span><\/p>\n<\/div>\n<\/div>\n<div class=\"swp-specifications__column\">\n<h4 class=\"swp-specifications__sub-heading\">PULSERA<\/h4>\n<div class=\"swp-specifications__specs\">\n<p class=\"swp-specifications__specs-item \"><strong>Brazalete: <\/strong><span>Cer\u00e1mica de alta tecnolog\u00eda Acero inoxidable<\/span><\/p>\n<p class=\"swp-specifications__specs-item \"><strong>Referencia de la pulsera: <\/strong><span>07.04742<\/span><\/p>\n<p class=\"swp-specifications__specs-item \">\n<p class=\"swp-specifications__specs-item \">\n<h2><span>Garant\u00eda<\/span><\/h2>\n<p><span>100% de satisfacci\u00f3n garantizada Si no est\u00e1s satisfecho al 100% con tu primer Reloj Hype de Lujo, nos comprometemos a arreglarlo todo.<\/span><\/p>\n<\/p>\n<h2>\n<strong>Entrega<\/strong>  <\/h2>\n<p>Env\u00edo DHL a todo el mundo &#8211; De 3 a 10 d\u00edas de plazo estimado de llegada (cargo adicional).<\/p>\n<p>Env\u00edo gratuito a todo el mundo &#8211; 10 &#8211; 19 D\u00edas estimaci\u00f3n llegada.<\/p>\n<p>Una vez realizado el pedido, el env\u00edo del producto tardar\u00e1 de 2 a 3 d\u00edas. Recibir\u00e1s tu n\u00famero de seguimiento inmediatamente despu\u00e9s de que enviemos tu producto. <\/p>\n<p class=\"swp-specifications__specs-item \">\n<\/div>\n<\/div>\n<\/div>\n","protected":false},"excerpt":{"rendered":"<p>ESPECIFICACIONES R30130152 | 01.312.0130.3.015 CASO Grosor 10,5 mm Resistencia al agua: Resistente al agua 5 bar (50 m) Cristal: Cristal de zafiro Caja y bisel: Acero inoxidable Sexo: Caballeros Forma: Redonda Color de la funda: Claro MARCA Marca: negro Visualizaci\u00f3n de la fecha: S\u00ed MOVIMIENTO Cron\u00f3grafo: S\u00ed PULSERA Brazalete: Cer\u00e1mica de alta tecnolog\u00eda Acero inoxidable<\/p>\n","protected":false},"featured_media":6776,"comment_status":"open","ping_status":"closed","template":"","meta":{"_uag_custom_page_level_css":"","site-sidebar-layout":"default","site-content-layout":"","ast-site-content-layout":"default","site-content-style":"default","site-sidebar-style":"default","ast-global-header-display":"","ast-banner-title-visibility":"","ast-main-header-display":"","ast-hfb-above-header-display":"","ast-hfb-below-header-display":"","ast-hfb-mobile-header-display":"","site-post-title":"","ast-breadcrumbs-content":"","ast-featured-img":"","footer-sml-layout":"","theme-transparent-header-meta":"","adv-header-id-meta":"","stick-header-meta":"","header-above-stick-meta":"","header-main-stick-meta":"","header-below-stick-meta":"","astra-migrate-meta-layouts":"default","ast-page-background-enabled":"default","ast-page-background-meta":{"desktop":{"background-color":"var(--ast-global-color-4)","background-image":"","background-repeat":"repeat","background-position":"center center","background-size":"auto","background-attachment":"scroll","background-type":"","background-media":"","overlay-type":"","overlay-color":"","overlay-opacity":"","overlay-gradient":""},"tablet":{"background-color":"","background-image":"","background-repeat":"repeat","background-position":"center center","background-size":"auto","background-attachment":"scroll","background-type":"","background-media":"","overlay-type":"","overlay-color":"","overlay-opacity":"","overlay-gradient":""},"mobile":{"background-color":"","background-image":"","background-repeat":"repeat","background-position":"center center","background-size":"auto","background-attachment":"scroll","background-type":"","background-media":"","overlay-type":"","overlay-color":"","overlay-opacity":"","overlay-gradient":""}},"ast-content-background-meta":{"desktop":{"background-color":"var(--ast-global-color-5)","background-image":"","background-repeat":"repeat","background-position":"center center","background-size":"auto","background-attachment":"scroll","background-type":"","background-media":"","overlay-type":"","overlay-color":"","overlay-opacity":"","overlay-gradient":""},"tablet":{"background-color":"var(--ast-global-color-5)","background-image":"","background-repeat":"repeat","background-position":"center center","background-size":"auto","background-attachment":"scroll","background-type":"","background-media":"","overlay-type":"","overlay-color":"","overlay-opacity":"","overlay-gradient":""},"mobile":{"background-color":"var(--ast-global-color-5)","background-image":"","background-repeat":"repeat","background-position":"center center","background-size":"auto","background-attachment":"scroll","background-type":"","background-media":"","overlay-type":"","overlay-color":"","overlay-opacity":"","overlay-gradient":""}}},"product_brand":[],"product_cat":[168,154],"product_tag":[1873,786,1868,444,473,2039,442,440,474,1869,1961,1937],"class_list":{"0":"post-11467","1":"product","2":"type-product","3":"status-publish","4":"has-post-thumbnail","6":"product_cat-productos-mas-nuevos","7":"product_cat-replicas-de-relojes-mas-vendidas","8":"product_tag-automatic-movement","9":"product_tag-black-dial-es","10":"product_tag-classic-style","11":"product_tag-designer-watch","12":"product_tag-elegant-design","13":"product_tag-exclusive-watch","14":"product_tag-high-quality-replica","15":"product_tag-luxury-watch","16":"product_tag-mens-watch","17":"product_tag-premium-watch","18":"product_tag-stylish-timepiece-es","19":"product_tag-swiss-watch-es","20":"desktop-align-left","21":"tablet-align-left","22":"mobile-align-left","23":"ast-product-gallery-layout-vertical-slider","25":"first","26":"instock","27":"shipping-taxable","28":"purchasable","29":"product-type-simple"},"uagb_featured_image_src":{"full":["https:\/\/myreplicawatches.io\/wp-content\/uploads\/2023\/10\/rado-black-centrix.jpg",1072,1862,false],"thumbnail":["https:\/\/myreplicawatches.io\/wp-content\/uploads\/2023\/10\/rado-black-centrix-150x150.jpg",150,150,true],"medium":["https:\/\/myreplicawatches.io\/wp-content\/uploads\/2023\/10\/rado-black-centrix-173x300.jpg",173,300,true],"medium_large":["https:\/\/myreplicawatches.io\/wp-content\/uploads\/2023\/10\/rado-black-centrix-768x1334.jpg",768,1334,true],"large":["https:\/\/myreplicawatches.io\/wp-content\/uploads\/2023\/10\/rado-black-centrix-590x1024.jpg",590,1024,true],"1536x1536":["https:\/\/myreplicawatches.io\/wp-content\/uploads\/2023\/10\/rado-black-centrix-884x1536.jpg",884,1536,true],"2048x2048":["https:\/\/myreplicawatches.io\/wp-content\/uploads\/2023\/10\/rado-black-centrix.jpg",1072,1862,false],"woocommerce_thumbnail":["https:\/\/myreplicawatches.io\/wp-content\/uploads\/2023\/10\/rado-black-centrix-300x300.jpg",300,300,true],"woocommerce_single":["https:\/\/myreplicawatches.io\/wp-content\/uploads\/2023\/10\/rado-black-centrix-600x1042.jpg",600,1042,true],"woocommerce_gallery_thumbnail":["https:\/\/myreplicawatches.io\/wp-content\/uploads\/2023\/10\/rado-black-centrix-100x100.jpg",100,100,true],"variation_swatches_image_size":["https:\/\/myreplicawatches.io\/wp-content\/uploads\/2023\/10\/rado-black-centrix.jpg",29,50,false],"variation_swatches_tooltip_size":["https:\/\/myreplicawatches.io\/wp-content\/uploads\/2023\/10\/rado-black-centrix.jpg",58,100,false],"dgwt-wcas-product-suggestion":["https:\/\/myreplicawatches.io\/wp-content\/uploads\/2023\/10\/rado-black-centrix-64x111.jpg",64,111,true]},"uagb_author_info":{"display_name":"admin","author_link":"https:\/\/myreplicawatches.io\/es\/author\/"},"uagb_comment_info":0,"uagb_excerpt":"ESPECIFICACIONES R30130152 | 01.312.0130.3.015 CASO Grosor 10,5 mm Resistencia al agua: Resistente al agua 5 bar (50 m) Cristal: Cristal de zafiro Caja y bisel: Acero inoxidable Sexo: Caballeros Forma: Redonda Color de la funda: Claro MARCA Marca: negro Visualizaci\u00f3n de la fecha: S\u00ed MOVIMIENTO Cron\u00f3grafo: S\u00ed PULSERA Brazalete: Cer\u00e1mica de alta tecnolog\u00eda Acero inoxidable","jetpack_sharing_enabled":true,"_links":{"self":[{"href":"https:\/\/myreplicawatches.io\/es\/wp-json\/wp\/v2\/product\/11467","targetHints":{"allow":["GET"]}}],"collection":[{"href":"https:\/\/myreplicawatches.io\/es\/wp-json\/wp\/v2\/product"}],"about":[{"href":"https:\/\/myreplicawatches.io\/es\/wp-json\/wp\/v2\/types\/product"}],"replies":[{"embeddable":true,"href":"https:\/\/myreplicawatches.io\/es\/wp-json\/wp\/v2\/comments?post=11467"}],"wp:featuredmedia":[{"embeddable":true,"href":"https:\/\/myreplicawatches.io\/es\/wp-json\/wp\/v2\/media\/6776"}],"wp:attachment":[{"href":"https:\/\/myreplicawatches.io\/es\/wp-json\/wp\/v2\/media?parent=11467"}],"wp:term":[{"taxonomy":"product_brand","embeddable":true,"href":"https:\/\/myreplicawatches.io\/es\/wp-json\/wp\/v2\/product_brand?post=11467"},{"taxonomy":"product_cat","embeddable":true,"href":"https:\/\/myreplicawatches.io\/es\/wp-json\/wp\/v2\/product_cat?post=11467"},{"taxonomy":"product_tag","embeddable":true,"href":"https:\/\/myreplicawatches.io\/es\/wp-json\/wp\/v2\/product_tag?post=11467"}],"curies":[{"name":"wp","href":"https:\/\/api.w.org\/{rel}","templated":true}]}}