{"id":11440,"date":"2023-10-03T21:34:45","date_gmt":"2023-10-03T21:34:45","guid":{"rendered":"https:\/\/myreplicawatches.io\/product\/reloj-clon-replica-omega-x-swatch\/"},"modified":"2026-01-11T00:29:40","modified_gmt":"2026-01-11T00:29:40","slug":"reloj-clon-replica-omega-x-swatch","status":"publish","type":"product","link":"https:\/\/myreplicawatches.io\/es\/product\/reloj-clon-replica-omega-x-swatch\/","title":{"rendered":"Reloj Clon R\u00e9plica Omega x Swatch"},"content":{"rendered":"<p>&nbsp;<\/p>\n<p data-mce-fragment=\"1\"><strong>Relojes Omega x Swatch R\u00e9plica 1:1 Clon. <\/strong><\/p>\n<p data-mce-fragment=\"1\"><strong>Elige el Modelo que desees entre las opciones de arriba.<\/strong><\/p>\n<p data-mce-fragment=\"1\">Somos la primera tienda de r\u00e9plicas que ofrece a nuestros clientes la posibilidad de comprar los nuevos relojes Omega x Swatch.<\/p>\n<p data-mce-fragment=\"1\"><img decoding=\"async\" style=\"display: block; margin-left: auto; margin-right: auto;\" src=\"https:\/\/cdn.shopify.com\/s\/files\/1\/0273\/4840\/2250\/files\/IMG_7066_480x480.jpg?v=1651774737\" alt=\"\" data-mce-fragment=\"1\" title=\"\"><\/p>\n<p data-mce-fragment=\"1\">Los relojes espec\u00edficos son clones 1:1 y tienen exactamente la misma calidad y est\u00e1n fabricados con exactamente los mismos materiales que el original, el movimiento de la pila tambi\u00e9n es exactamente el mismo.<\/p>\n<p data-mce-fragment=\"1\">La caja del reloj y la documentaci\u00f3n tambi\u00e9n se incluir\u00e1n sin ning\u00fan coste adicional.<\/p>\n<h5 data-mce-fragment=\"1\"><\/h5>\n<p><span style=\"color: #00aaff;\"><strong>Descripci\u00f3n: <\/strong><\/span><\/p>\n<p><strong>MOVIMIENTO : <\/strong>Swatch Cuarzo<\/p>\n<p style=\"text-align: left;\"><strong>RESISTENTE AL AGUA :<\/strong> <span data-mce-fragment=\"1\">3 bares<\/span><\/p>\n<p><strong>MATERIAL DE LA CORREA : <\/strong><span data-mce-fragment=\"1\">VELCRO<\/span><\/p>\n<p><strong>MATERIAL DE LA CAJA :<\/strong> Biocer\u00e1mica<\/p>\n<p>A continuaci\u00f3n puedes ver fotos reales y del reloj exacto que recibir\u00e1s:<\/p>\n<p><img decoding=\"async\" style=\"display: block; margin-left: auto; margin-right: auto;\" src=\"https:\/\/cdn.shopify.com\/s\/files\/1\/0273\/4840\/2250\/files\/IMG_7067_480x480.jpg?v=1651774892\" alt=\"\" data-mce-fragment=\"1\" title=\"\"><img decoding=\"async\" style=\"display: block; margin-left: auto; margin-right: auto;\" src=\"https:\/\/cdn.shopify.com\/s\/files\/1\/0273\/4840\/2250\/files\/IMG_7068_480x480.jpg?v=1651775021\" alt=\"\" data-mce-fragment=\"1\" title=\"\"><img decoding=\"async\" style=\"display: block; margin-left: auto; margin-right: auto;\" src=\"https:\/\/cdn.shopify.com\/s\/files\/1\/0273\/4840\/2250\/files\/IMG_7069_480x480.jpg?v=1651774997\" alt=\"\" data-mce-fragment=\"1\" title=\"\"><img decoding=\"async\" style=\"display: block; margin-left: auto; margin-right: auto;\" src=\"https:\/\/cdn.shopify.com\/s\/files\/1\/0273\/4840\/2250\/files\/IMG_7076_480x480.jpg?v=1651774905\" alt=\"\" data-mce-fragment=\"1\" title=\"\"><img decoding=\"async\" style=\"display: block; margin-left: auto; margin-right: auto;\" src=\"https:\/\/cdn.shopify.com\/s\/files\/1\/0273\/4840\/2250\/files\/IMG_7074_480x480.jpg?v=1651774927\" alt=\"\" data-mce-fragment=\"1\" title=\"\"><img decoding=\"async\" style=\"display: block; margin-left: auto; margin-right: auto;\" src=\"https:\/\/cdn.shopify.com\/s\/files\/1\/0273\/4840\/2250\/files\/IMG_7073_480x480.jpg?v=1651774946\" alt=\"\" data-mce-fragment=\"1\" title=\"\"><img decoding=\"async\" style=\"display: block; margin-left: auto; margin-right: auto;\" src=\"https:\/\/cdn.shopify.com\/s\/files\/1\/0273\/4840\/2250\/files\/IMG_7071_480x480.jpg?v=1651774980\" alt=\"\" data-mce-fragment=\"1\" title=\"\"><\/p>\n<p>Tenemos piezas limitadas, as\u00ed que act\u00faa r\u00e1pido si quieres tener este reloj.<\/p>\n<p><span style=\"color: #00aaff;\"><strong>Plazos de env\u00edo: <\/strong><\/span><\/p>\n<p><span style=\"color: #000000;\">Env\u00edo mundial gratuito Llegada estimada en 9-15 d\u00edas<\/p>\n<p>Env\u00edo mundial Fedex Express (Cargo extra al pagar ) Llegada estimada en 3-10<\/span><\/p>\n","protected":false},"excerpt":{"rendered":"<p>&nbsp; Relojes Omega x Swatch R\u00e9plica 1:1 Clon. Elige el Modelo que desees entre las opciones de arriba. Somos la primera tienda de r\u00e9plicas que ofrece a nuestros clientes la posibilidad de comprar los nuevos relojes Omega x Swatch. Los relojes espec\u00edficos son clones 1:1 y tienen exactamente la misma calidad y est\u00e1n fabricados con<\/p>\n","protected":false},"featured_media":6729,"comment_status":"open","ping_status":"closed","template":"","meta":{"_uag_custom_page_level_css":"","site-sidebar-layout":"default","site-content-layout":"","ast-site-content-layout":"default","site-content-style":"default","site-sidebar-style":"default","ast-global-header-display":"","ast-banner-title-visibility":"","ast-main-header-display":"","ast-hfb-above-header-display":"","ast-hfb-below-header-display":"","ast-hfb-mobile-header-display":"","site-post-title":"","ast-breadcrumbs-content":"","ast-featured-img":"","footer-sml-layout":"","theme-transparent-header-meta":"default","adv-header-id-meta":"","stick-header-meta":"default","header-above-stick-meta":"","header-main-stick-meta":"","header-below-stick-meta":"","astra-migrate-meta-layouts":"set","ast-page-background-enabled":"default","ast-page-background-meta":{"desktop":{"background-color":"var(--ast-global-color-4)","background-image":"","background-repeat":"repeat","background-position":"center center","background-size":"auto","background-attachment":"scroll","background-type":"","background-media":"","overlay-type":"","overlay-color":"","overlay-opacity":"","overlay-gradient":""},"tablet":{"background-color":"","background-image":"","background-repeat":"repeat","background-position":"center center","background-size":"auto","background-attachment":"scroll","background-type":"","background-media":"","overlay-type":"","overlay-color":"","overlay-opacity":"","overlay-gradient":""},"mobile":{"background-color":"","background-image":"","background-repeat":"repeat","background-position":"center center","background-size":"auto","background-attachment":"scroll","background-type":"","background-media":"","overlay-type":"","overlay-color":"","overlay-opacity":"","overlay-gradient":""}},"ast-content-background-meta":{"desktop":{"background-color":"var(--ast-global-color-5)","background-image":"","background-repeat":"repeat","background-position":"center center","background-size":"auto","background-attachment":"scroll","background-type":"","background-media":"","overlay-type":"","overlay-color":"","overlay-opacity":"","overlay-gradient":""},"tablet":{"background-color":"var(--ast-global-color-5)","background-image":"","background-repeat":"repeat","background-position":"center center","background-size":"auto","background-attachment":"scroll","background-type":"","background-media":"","overlay-type":"","overlay-color":"","overlay-opacity":"","overlay-gradient":""},"mobile":{"background-color":"var(--ast-global-color-5)","background-image":"","background-repeat":"repeat","background-position":"center center","background-size":"auto","background-attachment":"scroll","background-type":"","background-media":"","overlay-type":"","overlay-color":"","overlay-opacity":"","overlay-gradient":""}}},"product_brand":[],"product_cat":[152,168,154],"product_tag":[1873,494,1868,1635,461,473,442,555,1616,474,1869,1364,462,1944,1870],"class_list":{"0":"post-11440","1":"product","2":"type-product","3":"status-publish","4":"has-post-thumbnail","6":"product_cat-nueva-coleccion-2024","7":"product_cat-productos-mas-nuevos","8":"product_cat-replicas-de-relojes-mas-vendidas","9":"product_tag-automatic-movement","10":"product_tag-chronograph","11":"product_tag-classic-style","12":"product_tag-clone-watch","13":"product_tag-collectors-item","14":"product_tag-elegant-design","15":"product_tag-high-quality-replica","16":"product_tag-limited-edition","17":"product_tag-luxury-timepiece","18":"product_tag-mens-watch","19":"product_tag-premium-watch","20":"product_tag-replica-watch","21":"product_tag-stylish-watch","22":"product_tag-swiss-clone-es","23":"product_tag-unisex-watch","24":"desktop-align-left","25":"tablet-align-left","26":"mobile-align-left","27":"ast-product-gallery-layout-vertical-slider","28":"ast-product-single-variable","30":"first","31":"instock","32":"sale","33":"shipping-taxable","34":"purchasable","35":"product-type-variable"},"uagb_featured_image_src":{"full":["https:\/\/myreplicawatches.io\/wp-content\/uploads\/2023\/10\/Screenshot2022-04-28at8.30.32PM.png",1266,1264,false],"thumbnail":["https:\/\/myreplicawatches.io\/wp-content\/uploads\/2023\/10\/Screenshot2022-04-28at8.30.32PM-150x150.png",150,150,true],"medium":["https:\/\/myreplicawatches.io\/wp-content\/uploads\/2023\/10\/Screenshot2022-04-28at8.30.32PM-300x300.png",300,300,true],"medium_large":["https:\/\/myreplicawatches.io\/wp-content\/uploads\/2023\/10\/Screenshot2022-04-28at8.30.32PM-768x767.png",768,767,true],"large":["https:\/\/myreplicawatches.io\/wp-content\/uploads\/2023\/10\/Screenshot2022-04-28at8.30.32PM-1024x1022.png",1024,1022,true],"1536x1536":["https:\/\/myreplicawatches.io\/wp-content\/uploads\/2023\/10\/Screenshot2022-04-28at8.30.32PM.png",1266,1264,false],"2048x2048":["https:\/\/myreplicawatches.io\/wp-content\/uploads\/2023\/10\/Screenshot2022-04-28at8.30.32PM.png",1266,1264,false],"woocommerce_thumbnail":["https:\/\/myreplicawatches.io\/wp-content\/uploads\/2023\/10\/Screenshot2022-04-28at8.30.32PM-300x300.png",300,300,true],"woocommerce_single":["https:\/\/myreplicawatches.io\/wp-content\/uploads\/2023\/10\/Screenshot2022-04-28at8.30.32PM-600x599.png",600,599,true],"woocommerce_gallery_thumbnail":["https:\/\/myreplicawatches.io\/wp-content\/uploads\/2023\/10\/Screenshot2022-04-28at8.30.32PM-100x100.png",100,100,true],"variation_swatches_image_size":["https:\/\/myreplicawatches.io\/wp-content\/uploads\/2023\/10\/Screenshot2022-04-28at8.30.32PM.png",50,50,false],"variation_swatches_tooltip_size":["https:\/\/myreplicawatches.io\/wp-content\/uploads\/2023\/10\/Screenshot2022-04-28at8.30.32PM.png",100,100,false],"dgwt-wcas-product-suggestion":["https:\/\/myreplicawatches.io\/wp-content\/uploads\/2023\/10\/Screenshot2022-04-28at8.30.32PM-64x64.png",64,64,true]},"uagb_author_info":{"display_name":"admin","author_link":"https:\/\/myreplicawatches.io\/es\/author\/"},"uagb_comment_info":0,"uagb_excerpt":"&nbsp; Relojes Omega x Swatch R\u00e9plica 1:1 Clon. Elige el Modelo que desees entre las opciones de arriba. Somos la primera tienda de r\u00e9plicas que ofrece a nuestros clientes la posibilidad de comprar los nuevos relojes Omega x Swatch. Los relojes espec\u00edficos son clones 1:1 y tienen exactamente la misma calidad y est\u00e1n fabricados con","jetpack_sharing_enabled":true,"_links":{"self":[{"href":"https:\/\/myreplicawatches.io\/es\/wp-json\/wp\/v2\/product\/11440","targetHints":{"allow":["GET"]}}],"collection":[{"href":"https:\/\/myreplicawatches.io\/es\/wp-json\/wp\/v2\/product"}],"about":[{"href":"https:\/\/myreplicawatches.io\/es\/wp-json\/wp\/v2\/types\/product"}],"replies":[{"embeddable":true,"href":"https:\/\/myreplicawatches.io\/es\/wp-json\/wp\/v2\/comments?post=11440"}],"wp:featuredmedia":[{"embeddable":true,"href":"https:\/\/myreplicawatches.io\/es\/wp-json\/wp\/v2\/media\/6729"}],"wp:attachment":[{"href":"https:\/\/myreplicawatches.io\/es\/wp-json\/wp\/v2\/media?parent=11440"}],"wp:term":[{"taxonomy":"product_brand","embeddable":true,"href":"https:\/\/myreplicawatches.io\/es\/wp-json\/wp\/v2\/product_brand?post=11440"},{"taxonomy":"product_cat","embeddable":true,"href":"https:\/\/myreplicawatches.io\/es\/wp-json\/wp\/v2\/product_cat?post=11440"},{"taxonomy":"product_tag","embeddable":true,"href":"https:\/\/myreplicawatches.io\/es\/wp-json\/wp\/v2\/product_tag?post=11440"}],"curies":[{"name":"wp","href":"https:\/\/api.w.org\/{rel}","templated":true}]}}