{"id":11438,"date":"2023-10-03T21:38:21","date_gmt":"2023-10-03T21:38:21","guid":{"rendered":"https:\/\/myreplicawatches.io\/product\/replica-cartier-santos-unisex-w20060d6-negro\/"},"modified":"2025-07-27T11:55:37","modified_gmt":"2025-07-27T11:55:37","slug":"replica-cartier-santos-unisex-w20060d6-negro","status":"publish","type":"product","link":"https:\/\/myreplicawatches.io\/es\/product\/replica-cartier-santos-unisex-w20060d6-negro\/","title":{"rendered":"R\u00e9plica Cartier Santos Unisex W20060D6 Negro"},"content":{"rendered":"<p>GAMA DE PRODUCTOS <br data-mce-fragment=\"1\" \/>Santos111MODELO <br data-mce-fragment=\"1\" \/>W20060D6111MATERIAL DEL PULSERA <br data-mce-fragment=\"1\" \/>Acero inoxidable de grado 316111MARCA <br data-mce-fragment=\"1\" \/>Cartier111MATERIAL DE LA CAJA <br data-mce-fragment=\"1\" \/>Acero inoxidable de grado 316111TAMA\u00d1O DE LA CAJA <br data-mce-fragment=\"1\" \/>42 MM111TIPO DE DIAL <br data-mce-fragment=\"1\" \/>Blanco111G\u00c9NERO <br data-mce-fragment=\"1\" \/>Unisex111MODELO <br data-mce-fragment=\"1\" \/>W20060D6111MOVIMIENTO <br data-mce-fragment=\"1\" \/>Autom\u00e1tico111GAMA <br data-mce-fragment=\"1\" \/>Santos111RESISTENTE AL AGUA <br data-mce-fragment=\"1\" \/>Resistencia al agua111MATERIAL DEL PULSERA <br data-mce-fragment=\"1\" \/>Acero111<br data-mce-fragment=\"1\" \/><br data-mce-fragment=\"1\" \/>MODELO <br data-mce-fragment=\"1\" \/>W20060D6111MATERIAL DEL PULSERA <br data-mce-fragment=\"1\" \/>Acero inoxidable de grado 316111MARCA <br data-mce-fragment=\"1\" \/>Cartier111MATERIAL DE LA CAJA <br data-mce-fragment=\"1\" \/>Acero inoxidable de grado 316111TAMA\u00d1O DE LA CAJA <br data-mce-fragment=\"1\" \/>42 MM111TIPO DE DIAL <br data-mce-fragment=\"1\" \/>Blanco111G\u00c9NERO <br data-mce-fragment=\"1\" \/>Unisex111MODELO <br data-mce-fragment=\"1\" \/>W20060D6111MOVIMIENTO <br data-mce-fragment=\"1\" \/>Autom\u00e1tico111GAMA <br data-mce-fragment=\"1\" \/>Santos111RESISTENTE AL AGUA <br data-mce-fragment=\"1\" \/>Resistencia al agua111MATERIAL DEL PULSERA <br data-mce-fragment=\"1\" \/>Acero111<br data-mce-fragment=\"1\" \/><br data-mce-fragment=\"1\" \/>MATERIAL DEL PULSERA <br data-mce-fragment=\"1\" \/>Acero inoxidable de grado 316111MARCA <br data-mce-fragment=\"1\" \/>Cartier111MATERIAL DE LA CAJA <br data-mce-fragment=\"1\" \/>Acero inoxidable de grado 316111TAMA\u00d1O DE LA CAJA <br data-mce-fragment=\"1\" \/>42 MM111TIPO DE DIAL <br data-mce-fragment=\"1\" \/>Blanco111G\u00c9NERO <br data-mce-fragment=\"1\" \/>Unisex111MODELO <br data-mce-fragment=\"1\" \/>W20060D6111MOVIMIENTO <br data-mce-fragment=\"1\" \/>Autom\u00e1tico111GAMA <br data-mce-fragment=\"1\" \/>Santos111RESISTENTE AL AGUA <br data-mce-fragment=\"1\" \/>Resistencia al agua111MATERIAL DEL PULSERA <br data-mce-fragment=\"1\" \/>Acero111<br data-mce-fragment=\"1\" \/><br data-mce-fragment=\"1\" \/>MARCA <br data-mce-fragment=\"1\" \/>Cartier111MATERIAL DE LA CAJA <br data-mce-fragment=\"1\" \/>Acero inoxidable de grado 316111TAMA\u00d1O DE LA CAJA <br data-mce-fragment=\"1\" \/>42 MM111TIPO DE DIAL <br data-mce-fragment=\"1\" \/>Blanco111G\u00c9NERO <br data-mce-fragment=\"1\" \/>Unisex111MODELO <br data-mce-fragment=\"1\" \/>W20060D6111MOVIMIENTO <br data-mce-fragment=\"1\" \/>Autom\u00e1tico111GAMA <br data-mce-fragment=\"1\" \/>Santos111RESISTENTE AL AGUA <br data-mce-fragment=\"1\" \/>Resistencia al agua111MATERIAL DEL PULSERA <br data-mce-fragment=\"1\" \/>Acero111<br data-mce-fragment=\"1\" \/><br data-mce-fragment=\"1\" \/>MATERIAL DE LA CAJA <br data-mce-fragment=\"1\" \/>Acero inoxidable de grado 316111TAMA\u00d1O DE LA CAJA <br data-mce-fragment=\"1\" \/>42 MM111TIPO DE DIAL <br data-mce-fragment=\"1\" \/>Blanco111G\u00c9NERO <br data-mce-fragment=\"1\" \/>Unisex111MODELO <br data-mce-fragment=\"1\" \/>W20060D6111MOVIMIENTO <br data-mce-fragment=\"1\" \/>Autom\u00e1tico111GAMA <br data-mce-fragment=\"1\" \/>Santos111RESISTENTE AL AGUA <br data-mce-fragment=\"1\" \/>Resistencia al agua111MATERIAL DEL PULSERA <br data-mce-fragment=\"1\" \/>Acero111<br data-mce-fragment=\"1\" \/><br data-mce-fragment=\"1\" \/>TAMA\u00d1O DE LA CAJA <br data-mce-fragment=\"1\" \/>42 MM111TIPO DE DIAL <br data-mce-fragment=\"1\" \/>Blanco111G\u00c9NERO <br data-mce-fragment=\"1\" \/>Unisex111MODELO <br data-mce-fragment=\"1\" \/>W20060D6111MOVIMIENTO <br data-mce-fragment=\"1\" \/>Autom\u00e1tico111GAMA <br data-mce-fragment=\"1\" \/>Santos111RESISTENTE AL AGUA <br data-mce-fragment=\"1\" \/>Resistencia al agua111MATERIAL DEL PULSERA <br data-mce-fragment=\"1\" \/>Acero111<br data-mce-fragment=\"1\" \/><br data-mce-fragment=\"1\" \/>TIPO DE DIAL <br data-mce-fragment=\"1\" \/>Blanco111G\u00c9NERO <br data-mce-fragment=\"1\" \/>Unisex111MODELO <br data-mce-fragment=\"1\" \/>W20060D6111MOVIMIENTO <br data-mce-fragment=\"1\" \/>Autom\u00e1tico111GAMA <br data-mce-fragment=\"1\" \/>Santos111RESISTENTE AL AGUA <br data-mce-fragment=\"1\" \/>Resistencia al agua111MATERIAL DEL PULSERA <br data-mce-fragment=\"1\" \/>Acero111<br data-mce-fragment=\"1\" \/><br data-mce-fragment=\"1\" \/>G\u00c9NERO <br data-mce-fragment=\"1\" \/>Unisex111MODELO <br data-mce-fragment=\"1\" \/>W20060D6111MOVIMIENTO <br data-mce-fragment=\"1\" \/>Autom\u00e1tico111GAMA <br data-mce-fragment=\"1\" \/>Santos111RESISTENTE AL AGUA <br data-mce-fragment=\"1\" \/>Resistencia al agua111MATERIAL DEL PULSERA <br data-mce-fragment=\"1\" \/>Acero111<br data-mce-fragment=\"1\" \/><br data-mce-fragment=\"1\" \/>MODELO <br data-mce-fragment=\"1\" \/>W20060D6111MOVIMIENTO <br data-mce-fragment=\"1\" \/>Autom\u00e1tico111GAMA <br data-mce-fragment=\"1\" \/>Santos111RESISTENTE AL AGUA <br data-mce-fragment=\"1\" \/>Resistencia al agua111MATERIAL DEL PULSERA <br data-mce-fragment=\"1\" \/>Acero111<br data-mce-fragment=\"1\" \/><br data-mce-fragment=\"1\" \/>MOVIMIENTO <br data-mce-fragment=\"1\" \/>Autom\u00e1tico111GAMA <br data-mce-fragment=\"1\" \/>Santos111RESISTENTE AL AGUA <br data-mce-fragment=\"1\" \/>Resistencia al agua111MATERIAL DEL PULSERA <br data-mce-fragment=\"1\" \/>Acero111<br data-mce-fragment=\"1\" \/><br data-mce-fragment=\"1\" \/>GAMA <br data-mce-fragment=\"1\" \/>Santos111RESISTENTE AL AGUA <br data-mce-fragment=\"1\" \/>Resistencia al agua111MATERIAL DEL PULSERA <br data-mce-fragment=\"1\" \/>Acero111<br data-mce-fragment=\"1\" \/><br data-mce-fragment=\"1\" \/>RESISTENTE AL AGUA <br data-mce-fragment=\"1\" \/>Resistencia al agua111MATERIAL DEL PULSERA <br data-mce-fragment=\"1\" \/>Acero111<br data-mce-fragment=\"1\" \/><br data-mce-fragment=\"1\" \/>MATERIAL DEL PULSERA <br data-mce-fragment=\"1\" \/>Acero111<br data-mce-fragment=\"1\" \/><br data-mce-fragment=\"1\" \/><\/p>\n","protected":false},"excerpt":{"rendered":"<p>GAMA DE PRODUCTOS Santos111MODELO W20060D6111MATERIAL DEL PULSERA Acero inoxidable de grado 316111MARCA Cartier111MATERIAL DE LA CAJA Acero inoxidable de grado 316111TAMA\u00d1O DE LA CAJA 42 MM111TIPO DE DIAL Blanco111G\u00c9NERO Unisex111MODELO W20060D6111MOVIMIENTO Autom\u00e1tico111GAMA Santos111RESISTENTE AL AGUA Resistencia al agua111MATERIAL DEL PULSERA Acero111MODELO W20060D6111MATERIAL DEL PULSERA Acero inoxidable de grado 316111MARCA Cartier111MATERIAL DE LA CAJA Acero inoxidable<\/p>\n","protected":false},"featured_media":0,"comment_status":"open","ping_status":"closed","template":"","meta":{"_uag_custom_page_level_css":"","site-sidebar-layout":"default","site-content-layout":"","ast-site-content-layout":"default","site-content-style":"default","site-sidebar-style":"default","ast-global-header-display":"","ast-banner-title-visibility":"","ast-main-header-display":"","ast-hfb-above-header-display":"","ast-hfb-below-header-display":"","ast-hfb-mobile-header-display":"","site-post-title":"","ast-breadcrumbs-content":"","ast-featured-img":"","footer-sml-layout":"","theme-transparent-header-meta":"","adv-header-id-meta":"","stick-header-meta":"","header-above-stick-meta":"","header-main-stick-meta":"","header-below-stick-meta":"","astra-migrate-meta-layouts":"set","ast-page-background-enabled":"default","ast-page-background-meta":{"desktop":{"background-color":"var(--ast-global-color-4)","background-image":"","background-repeat":"repeat","background-position":"center center","background-size":"auto","background-attachment":"scroll","background-type":"","background-media":"","overlay-type":"","overlay-color":"","overlay-opacity":"","overlay-gradient":""},"tablet":{"background-color":"","background-image":"","background-repeat":"repeat","background-position":"center center","background-size":"auto","background-attachment":"scroll","background-type":"","background-media":"","overlay-type":"","overlay-color":"","overlay-opacity":"","overlay-gradient":""},"mobile":{"background-color":"","background-image":"","background-repeat":"repeat","background-position":"center center","background-size":"auto","background-attachment":"scroll","background-type":"","background-media":"","overlay-type":"","overlay-color":"","overlay-opacity":"","overlay-gradient":""}},"ast-content-background-meta":{"desktop":{"background-color":"var(--ast-global-color-5)","background-image":"","background-repeat":"repeat","background-position":"center center","background-size":"auto","background-attachment":"scroll","background-type":"","background-media":"","overlay-type":"","overlay-color":"","overlay-opacity":"","overlay-gradient":""},"tablet":{"background-color":"var(--ast-global-color-5)","background-image":"","background-repeat":"repeat","background-position":"center center","background-size":"auto","background-attachment":"scroll","background-type":"","background-media":"","overlay-type":"","overlay-color":"","overlay-opacity":"","overlay-gradient":""},"mobile":{"background-color":"var(--ast-global-color-5)","background-image":"","background-repeat":"repeat","background-position":"center center","background-size":"auto","background-attachment":"scroll","background-type":"","background-media":"","overlay-type":"","overlay-color":"","overlay-opacity":"","overlay-gradient":""}}},"product_brand":[],"product_cat":[168,230,154],"product_tag":[786,3458,3528,447,3471,444,446,1471,470,1616,440,3530,3455,3467,3513,1961,3453,452,3531,1870,2736],"class_list":{"0":"post-11438","1":"product","2":"type-product","3":"status-publish","5":"product_cat-productos-mas-nuevos","6":"product_cat-replica-de-relojes-cartier","7":"product_cat-replicas-de-relojes-mas-vendidas","8":"product_tag-black-dial-es","9":"product_tag-black-watch-es","10":"product_tag-cartier-santos-es","11":"product_tag-classic-watch","12":"product_tag-designer-replica","13":"product_tag-designer-watch","14":"product_tag-elegant-watch","15":"product_tag-fashion-watch","16":"product_tag-high-end-replica","17":"product_tag-luxury-timepiece","18":"product_tag-luxury-watch","19":"product_tag-modern-watch","20":"product_tag-precision-replica-es","21":"product_tag-premium-replica-es","22":"product_tag-replica-cartier","23":"product_tag-stylish-timepiece-es","24":"product_tag-swiss-design-es","25":"product_tag-swiss-replica","26":"product_tag-unisex-timepiece","27":"product_tag-unisex-watch","28":"product_tag-w20060d6-es","29":"desktop-align-left","30":"tablet-align-left","31":"mobile-align-left","32":"ast-product-gallery-layout-vertical-slider","33":"ast-product-gallery-with-no-image","35":"first","36":"instock","37":"shipping-taxable","38":"purchasable","39":"product-type-simple"},"uagb_featured_image_src":{"full":false,"thumbnail":false,"medium":false,"medium_large":false,"large":false,"1536x1536":false,"2048x2048":false,"woocommerce_thumbnail":false,"woocommerce_single":false,"woocommerce_gallery_thumbnail":false,"variation_swatches_image_size":false,"variation_swatches_tooltip_size":false,"dgwt-wcas-product-suggestion":false},"uagb_author_info":{"display_name":"admin","author_link":"https:\/\/myreplicawatches.io\/es\/author\/"},"uagb_comment_info":0,"uagb_excerpt":"GAMA DE PRODUCTOS Santos111MODELO W20060D6111MATERIAL DEL PULSERA Acero inoxidable de grado 316111MARCA Cartier111MATERIAL DE LA CAJA Acero inoxidable de grado 316111TAMA\u00d1O DE LA CAJA 42 MM111TIPO DE DIAL Blanco111G\u00c9NERO Unisex111MODELO W20060D6111MOVIMIENTO Autom\u00e1tico111GAMA Santos111RESISTENTE AL AGUA Resistencia al agua111MATERIAL DEL PULSERA Acero111MODELO W20060D6111MATERIAL DEL PULSERA Acero inoxidable de grado 316111MARCA Cartier111MATERIAL DE LA CAJA Acero inoxidable","jetpack_sharing_enabled":true,"_links":{"self":[{"href":"https:\/\/myreplicawatches.io\/es\/wp-json\/wp\/v2\/product\/11438","targetHints":{"allow":["GET"]}}],"collection":[{"href":"https:\/\/myreplicawatches.io\/es\/wp-json\/wp\/v2\/product"}],"about":[{"href":"https:\/\/myreplicawatches.io\/es\/wp-json\/wp\/v2\/types\/product"}],"replies":[{"embeddable":true,"href":"https:\/\/myreplicawatches.io\/es\/wp-json\/wp\/v2\/comments?post=11438"}],"wp:attachment":[{"href":"https:\/\/myreplicawatches.io\/es\/wp-json\/wp\/v2\/media?parent=11438"}],"wp:term":[{"taxonomy":"product_brand","embeddable":true,"href":"https:\/\/myreplicawatches.io\/es\/wp-json\/wp\/v2\/product_brand?post=11438"},{"taxonomy":"product_cat","embeddable":true,"href":"https:\/\/myreplicawatches.io\/es\/wp-json\/wp\/v2\/product_cat?post=11438"},{"taxonomy":"product_tag","embeddable":true,"href":"https:\/\/myreplicawatches.io\/es\/wp-json\/wp\/v2\/product_tag?post=11438"}],"curies":[{"name":"wp","href":"https:\/\/api.w.org\/{rel}","templated":true}]}}