{"id":11437,"date":"2023-10-03T21:38:20","date_gmt":"2023-10-03T21:38:20","guid":{"rendered":"https:\/\/myreplicawatches.io\/product\/reloj-cartier-santos-full-negro-replica-de-cartier\/"},"modified":"2025-11-16T12:40:04","modified_gmt":"2025-11-16T12:40:04","slug":"reloj-cartier-santos-full-negro-replica-de-cartier","status":"publish","type":"product","link":"https:\/\/myreplicawatches.io\/es\/product\/reloj-cartier-santos-full-negro-replica-de-cartier\/","title":{"rendered":"Reloj Cartier Santos Full Negro Replica De Cartier"},"content":{"rendered":"<h3>Cartier Santos R\u00e9plica Completa Negro &#8211; R\u00e9plica de reloj AAAA+ Calidad<\/h3>\n<p>&nbsp;<\/p>\n<h3>Ventajas de poseer la R\u00e9plica Cartier Santos Full Negro<\/h3>\n<ul>\n<li>Una r\u00e9plica puede comprarse a un precio mucho m\u00e1s barato que uno aut\u00e9ntico, sin embargo, un reloj r\u00e9plica parecer\u00e1 y se sentir\u00e1 igual que el original.<\/li>\n<li>Lo \u00faltimo que alguien quiere es gastarse una fortuna para conseguir un reloj de lujo que tiene peque\u00f1as diferencias con nuestras r\u00e9plicas de relojes.<\/li>\n<li>Muchos entusiastas de los relojes no quieren gastarse miles de d\u00f3lares en relojes y quieren tener esa gran sensaci\u00f3n de poseer un gran reloj de una marca de lujo. Aqu\u00ed es cuando entran en juego los relojes myreplicawatches.io y proporcionan esa sensaci\u00f3n a sus clientes.<\/li>\n<li>\u00bf Tienes ya un aut\u00e9ntico reloj de alta gama que no quieres llevar por motivos de seguridad o por razones de devaluaci\u00f3n en algunas ocasiones ?<br \/>\nLleva tu r\u00e9plica de reloj Cartier Santos Full Black de alta calidad y si\u00e9ntete m\u00e1s seguro, ten la misma confianza, protege tus objetos de valor<\/li>\n<\/ul>\n<p>Marcadores del reloj:N\u00fameros romanos<br \/>\nResistente al agua:s\u00ed<br \/>\nMaterial de la correa:Caucho<br \/>\ng\u00e9nero:hombre<br \/>\nMovimiento:Autom\u00e1tico<br \/>\nColor de la esfera:Negro<br \/>\nMaterial de la caja:Acero inoxidable<br \/>\nDi\u00e1metro:40mm<\/p>\n<p>&nbsp;<\/p>\n<p>La llegada estimada es de 4-12 d\u00edas despu\u00e9s del env\u00edo, recibir\u00e1s tu n\u00famero de seguimiento en 2-3 d\u00edas despu\u00e9s de tu pedido.<\/p>\n<section id=\"shopify-section-template--16312354373795__718d3483-8074-46ad-8835-d56c788fbfbc\" class=\"shopify-section shopify-section--accordion-content\">\n<div class=\"section section-blends section-full\">\n<div class=\"section-stack section-stack--horizontal \">\n<div class=\"section-stack__main\">\n<div class=\"accordion-box rounded bg-secondary\">\n<details class=\" accordion group\" open=\"\" aria-expanded=\"true\">\n<div class=\"accordion__content\">\n<div class=\"prose\">\n<p>No pagar\u00e1s impuestos ni tasas de aduana cuando te lleguen los productos<\/p>\n<\/div>\n<\/div>\n<\/details>\n<details class=\" accordion group\" aria-expanded=\"false\">\n<div class=\"accordion__toggle bold\">No satisfecho = Devoluci\u00f3n del dinero<\/div>\n<div class=\"accordion__content\">\n<div class=\"prose\">\n<p>&nbsp;<\/p>\n<\/div>\n<\/div>\n<\/details>\n<\/div>\n<\/div>\n<\/div>\n<\/div>\n<\/section>\n<section id=\"shopify-section-template--16312354373795__9e4a8c49-9afe-41eb-855d-643cc6e2cef3\" class=\"shopify-section shopify-section--media-with-text\">\n<div class=\"section section-blends section-full\">\n<div id=\"block-template--16312354373795__9e4a8c49-9afe-41eb-855d-643cc6e2cef3-template--16312354373795__9e4a8c49-9afe-41eb-855d-643cc6e2cef3-168902202397ddef58-0\" class=\"media-with-text__item\">\n<div class=\"media-with-text__media rounded\"><\/div>\n<\/div>\n<\/div>\n<\/section>\n","protected":false},"excerpt":{"rendered":"<p>Cartier Santos R\u00e9plica Completa Negro &#8211; R\u00e9plica de reloj AAAA+ Calidad &nbsp; Ventajas de poseer la R\u00e9plica Cartier Santos Full Negro Una r\u00e9plica puede comprarse a un precio mucho m\u00e1s barato que uno aut\u00e9ntico, sin embargo, un reloj r\u00e9plica parecer\u00e1 y se sentir\u00e1 igual que el original. Lo \u00faltimo que alguien quiere es gastarse una<\/p>\n","protected":false},"featured_media":6946,"comment_status":"open","ping_status":"closed","template":"","meta":{"_uag_custom_page_level_css":"","site-sidebar-layout":"default","site-content-layout":"","ast-site-content-layout":"default","site-content-style":"default","site-sidebar-style":"default","ast-global-header-display":"","ast-banner-title-visibility":"","ast-main-header-display":"","ast-hfb-above-header-display":"","ast-hfb-below-header-display":"","ast-hfb-mobile-header-display":"","site-post-title":"","ast-breadcrumbs-content":"","ast-featured-img":"","footer-sml-layout":"","theme-transparent-header-meta":"default","adv-header-id-meta":"","stick-header-meta":"","header-above-stick-meta":"","header-main-stick-meta":"","header-below-stick-meta":"","astra-migrate-meta-layouts":"set","ast-page-background-enabled":"default","ast-page-background-meta":{"desktop":{"background-color":"var(--ast-global-color-4)","background-image":"","background-repeat":"repeat","background-position":"center center","background-size":"auto","background-attachment":"scroll","background-type":"","background-media":"","overlay-type":"","overlay-color":"","overlay-opacity":"","overlay-gradient":""},"tablet":{"background-color":"","background-image":"","background-repeat":"repeat","background-position":"center center","background-size":"auto","background-attachment":"scroll","background-type":"","background-media":"","overlay-type":"","overlay-color":"","overlay-opacity":"","overlay-gradient":""},"mobile":{"background-color":"","background-image":"","background-repeat":"repeat","background-position":"center center","background-size":"auto","background-attachment":"scroll","background-type":"","background-media":"","overlay-type":"","overlay-color":"","overlay-opacity":"","overlay-gradient":""}},"ast-content-background-meta":{"desktop":{"background-color":"var(--ast-global-color-5)","background-image":"","background-repeat":"repeat","background-position":"center center","background-size":"auto","background-attachment":"scroll","background-type":"","background-media":"","overlay-type":"","overlay-color":"","overlay-opacity":"","overlay-gradient":""},"tablet":{"background-color":"var(--ast-global-color-5)","background-image":"","background-repeat":"repeat","background-position":"center center","background-size":"auto","background-attachment":"scroll","background-type":"","background-media":"","overlay-type":"","overlay-color":"","overlay-opacity":"","overlay-gradient":""},"mobile":{"background-color":"var(--ast-global-color-5)","background-image":"","background-repeat":"repeat","background-position":"center center","background-size":"auto","background-attachment":"scroll","background-type":"","background-media":"","overlay-type":"","overlay-color":"","overlay-opacity":"","overlay-gradient":""}}},"product_brand":[],"product_cat":[152,168,230,154,231,158],"product_tag":[786,3458,3518,3528,3455,3467,3453],"class_list":{"0":"post-11437","1":"product","2":"type-product","3":"status-publish","4":"has-post-thumbnail","6":"product_cat-nueva-coleccion-2024","7":"product_cat-productos-mas-nuevos","8":"product_cat-replica-de-relojes-cartier","9":"product_cat-replicas-de-relojes-mas-vendidas","10":"product_cat-super-clon-relojes-cartier","11":"product_cat-superclones","12":"product_tag-black-dial-es","13":"product_tag-black-watch-es","14":"product_tag-cartier-replica-es","15":"product_tag-cartier-santos-es","16":"product_tag-precision-replica-es","17":"product_tag-premium-replica-es","18":"product_tag-swiss-design-es","19":"desktop-align-left","20":"tablet-align-left","21":"mobile-align-left","22":"ast-product-gallery-layout-vertical-slider","23":"ast-product-single-variable","25":"first","26":"instock","27":"shipping-taxable","28":"purchasable","29":"product-type-variable"},"uagb_featured_image_src":{"full":["https:\/\/myreplicawatches.io\/wp-content\/uploads\/2023\/10\/Screenshot2023-08-28at11.12.46AM.png",912,1320,false],"thumbnail":["https:\/\/myreplicawatches.io\/wp-content\/uploads\/2023\/10\/Screenshot2023-08-28at11.12.46AM-150x150.png",150,150,true],"medium":["https:\/\/myreplicawatches.io\/wp-content\/uploads\/2023\/10\/Screenshot2023-08-28at11.12.46AM-207x300.png",207,300,true],"medium_large":["https:\/\/myreplicawatches.io\/wp-content\/uploads\/2023\/10\/Screenshot2023-08-28at11.12.46AM-768x1112.png",768,1112,true],"large":["https:\/\/myreplicawatches.io\/wp-content\/uploads\/2023\/10\/Screenshot2023-08-28at11.12.46AM-707x1024.png",707,1024,true],"1536x1536":["https:\/\/myreplicawatches.io\/wp-content\/uploads\/2023\/10\/Screenshot2023-08-28at11.12.46AM.png",912,1320,false],"2048x2048":["https:\/\/myreplicawatches.io\/wp-content\/uploads\/2023\/10\/Screenshot2023-08-28at11.12.46AM.png",912,1320,false],"woocommerce_thumbnail":["https:\/\/myreplicawatches.io\/wp-content\/uploads\/2023\/10\/Screenshot2023-08-28at11.12.46AM-300x300.png",300,300,true],"woocommerce_single":["https:\/\/myreplicawatches.io\/wp-content\/uploads\/2023\/10\/Screenshot2023-08-28at11.12.46AM-600x868.png",600,868,true],"woocommerce_gallery_thumbnail":["https:\/\/myreplicawatches.io\/wp-content\/uploads\/2023\/10\/Screenshot2023-08-28at11.12.46AM-100x100.png",100,100,true],"variation_swatches_image_size":["https:\/\/myreplicawatches.io\/wp-content\/uploads\/2023\/10\/Screenshot2023-08-28at11.12.46AM.png",35,50,false],"variation_swatches_tooltip_size":["https:\/\/myreplicawatches.io\/wp-content\/uploads\/2023\/10\/Screenshot2023-08-28at11.12.46AM.png",69,100,false],"dgwt-wcas-product-suggestion":["https:\/\/myreplicawatches.io\/wp-content\/uploads\/2023\/10\/Screenshot2023-08-28at11.12.46AM-64x93.png",64,93,true]},"uagb_author_info":{"display_name":"admin","author_link":"https:\/\/myreplicawatches.io\/es\/author\/"},"uagb_comment_info":0,"uagb_excerpt":"Cartier Santos R\u00e9plica Completa Negro &#8211; R\u00e9plica de reloj AAAA+ Calidad &nbsp; Ventajas de poseer la R\u00e9plica Cartier Santos Full Negro Una r\u00e9plica puede comprarse a un precio mucho m\u00e1s barato que uno aut\u00e9ntico, sin embargo, un reloj r\u00e9plica parecer\u00e1 y se sentir\u00e1 igual que el original. Lo \u00faltimo que alguien quiere es gastarse una","jetpack_sharing_enabled":true,"_links":{"self":[{"href":"https:\/\/myreplicawatches.io\/es\/wp-json\/wp\/v2\/product\/11437","targetHints":{"allow":["GET"]}}],"collection":[{"href":"https:\/\/myreplicawatches.io\/es\/wp-json\/wp\/v2\/product"}],"about":[{"href":"https:\/\/myreplicawatches.io\/es\/wp-json\/wp\/v2\/types\/product"}],"replies":[{"embeddable":true,"href":"https:\/\/myreplicawatches.io\/es\/wp-json\/wp\/v2\/comments?post=11437"}],"wp:featuredmedia":[{"embeddable":true,"href":"https:\/\/myreplicawatches.io\/es\/wp-json\/wp\/v2\/media\/6946"}],"wp:attachment":[{"href":"https:\/\/myreplicawatches.io\/es\/wp-json\/wp\/v2\/media?parent=11437"}],"wp:term":[{"taxonomy":"product_brand","embeddable":true,"href":"https:\/\/myreplicawatches.io\/es\/wp-json\/wp\/v2\/product_brand?post=11437"},{"taxonomy":"product_cat","embeddable":true,"href":"https:\/\/myreplicawatches.io\/es\/wp-json\/wp\/v2\/product_cat?post=11437"},{"taxonomy":"product_tag","embeddable":true,"href":"https:\/\/myreplicawatches.io\/es\/wp-json\/wp\/v2\/product_tag?post=11437"}],"curies":[{"name":"wp","href":"https:\/\/api.w.org\/{rel}","templated":true}]}}