{"id":11432,"date":"2023-10-03T21:38:23","date_gmt":"2023-10-03T21:38:23","guid":{"rendered":"https:\/\/myreplicawatches.io\/product\/reloj-cartier-panthere-diamante-replica-senora-w4pn0008\/"},"modified":"2025-11-16T21:38:51","modified_gmt":"2025-11-16T21:38:51","slug":"reloj-cartier-panthere-diamante-replica-senora-w4pn0008","status":"publish","type":"product","link":"https:\/\/myreplicawatches.io\/es\/product\/reloj-cartier-panthere-diamante-replica-senora-w4pn0008\/","title":{"rendered":"Reloj Cartier Panthere Diamante R\u00e9plica Se\u00f1ora, W4PN0008"},"content":{"rendered":"<h3>Cartier Panthere Diamantes R\u00e9plica &#8211; AAAA+ Calidad R\u00e9plica Cartier<\/h3>\n<p>&nbsp;<\/p>\n<h3>Ventajas de poseer la r\u00e9plica de diamantes Cartier Panthere<\/h3>\n<ul>\n<li>Una r\u00e9plica puede comprarse a un precio mucho m\u00e1s barato que uno aut\u00e9ntico, sin embargo, un reloj r\u00e9plica parecer\u00e1 y se sentir\u00e1 igual que el original.<\/li>\n<li>Lo \u00faltimo que alguien quiere es gastarse una fortuna para conseguir un reloj de lujo que tiene peque\u00f1as diferencias con nuestras r\u00e9plicas de relojes.<\/li>\n<li>Muchos entusiastas de los relojes no quieren gastarse miles de d\u00f3lares en relojes y quieren tener esa gran sensaci\u00f3n de poseer un gran reloj de una marca de lujo. Es entonces cuando myreplicawatches.io entra en escena y proporciona esa sensaci\u00f3n a sus clientes.<\/li>\n<li>\u00bf Tienes ya un aut\u00e9ntico reloj de alta gama que no quieres llevar por motivos de seguridad o por razones de devaluaci\u00f3n en algunas ocasiones ? Lleva tu r\u00e9plica de reloj Cartier Panthere Diamonds de alta calidad y si\u00e9ntete m\u00e1s seguro, ten la misma confianza, protege tus objetos de valor<\/li>\n<\/ul>\n<p>Cartier Panthere Diamantes R\u00e9plica Este reloj tiene 27 mm x 37 mm Caja de acero inoxidable. Bisel de diamantes. Esfera plateada, agujas de acero azulado en forma de espada. Brazalete de acero inoxidable. Movimiento de cuarzo. Funciones: horas, minutos. Resistencia al agua hasta 30 m.\/100 pies. <strong>W4PN0008 <\/strong>Reloj <strong>Cartier <\/strong>Acero Inoxidable y Diamantes. \u00a0 La llegada estimada es de 4-12 d\u00edas despu\u00e9s del env\u00edo, recibir\u00e1s tu n\u00famero de seguimiento en 2-3 d\u00edas despu\u00e9s de tu pedido.<\/p>\n","protected":false},"excerpt":{"rendered":"<p>Cartier Panthere Diamantes R\u00e9plica &#8211; AAAA+ Calidad R\u00e9plica Cartier &nbsp; Ventajas de poseer la r\u00e9plica de diamantes Cartier Panthere Una r\u00e9plica puede comprarse a un precio mucho m\u00e1s barato que uno aut\u00e9ntico, sin embargo, un reloj r\u00e9plica parecer\u00e1 y se sentir\u00e1 igual que el original. Lo \u00faltimo que alguien quiere es gastarse una fortuna para<\/p>\n","protected":false},"featured_media":6947,"comment_status":"open","ping_status":"closed","template":"","meta":{"_uag_custom_page_level_css":"","site-sidebar-layout":"default","site-content-layout":"","ast-site-content-layout":"default","site-content-style":"default","site-sidebar-style":"default","ast-global-header-display":"","ast-banner-title-visibility":"","ast-main-header-display":"","ast-hfb-above-header-display":"","ast-hfb-below-header-display":"","ast-hfb-mobile-header-display":"","site-post-title":"","ast-breadcrumbs-content":"","ast-featured-img":"","footer-sml-layout":"","theme-transparent-header-meta":"default","adv-header-id-meta":"","stick-header-meta":"default","header-above-stick-meta":"","header-main-stick-meta":"","header-below-stick-meta":"","astra-migrate-meta-layouts":"set","ast-page-background-enabled":"default","ast-page-background-meta":{"desktop":{"background-color":"var(--ast-global-color-4)","background-image":"","background-repeat":"repeat","background-position":"center center","background-size":"auto","background-attachment":"scroll","background-type":"","background-media":"","overlay-type":"","overlay-color":"","overlay-opacity":"","overlay-gradient":""},"tablet":{"background-color":"","background-image":"","background-repeat":"repeat","background-position":"center center","background-size":"auto","background-attachment":"scroll","background-type":"","background-media":"","overlay-type":"","overlay-color":"","overlay-opacity":"","overlay-gradient":""},"mobile":{"background-color":"","background-image":"","background-repeat":"repeat","background-position":"center center","background-size":"auto","background-attachment":"scroll","background-type":"","background-media":"","overlay-type":"","overlay-color":"","overlay-opacity":"","overlay-gradient":""}},"ast-content-background-meta":{"desktop":{"background-color":"var(--ast-global-color-5)","background-image":"","background-repeat":"repeat","background-position":"center center","background-size":"auto","background-attachment":"scroll","background-type":"","background-media":"","overlay-type":"","overlay-color":"","overlay-opacity":"","overlay-gradient":""},"tablet":{"background-color":"var(--ast-global-color-5)","background-image":"","background-repeat":"repeat","background-position":"center center","background-size":"auto","background-attachment":"scroll","background-type":"","background-media":"","overlay-type":"","overlay-color":"","overlay-opacity":"","overlay-gradient":""},"mobile":{"background-color":"var(--ast-global-color-5)","background-image":"","background-repeat":"repeat","background-position":"center center","background-size":"auto","background-attachment":"scroll","background-type":"","background-media":"","overlay-type":"","overlay-color":"","overlay-opacity":"","overlay-gradient":""}}},"product_brand":[],"product_cat":[168,230,154],"product_tag":[3518,447,3471,444,4704,446,1471,2084,470,1233,1616,440,3467,4982,462,3453,452,3515],"class_list":{"0":"post-11432","1":"product","2":"type-product","3":"status-publish","4":"has-post-thumbnail","6":"product_cat-productos-mas-nuevos","7":"product_cat-replica-de-relojes-cartier","8":"product_cat-replicas-de-relojes-mas-vendidas","9":"product_tag-cartier-replica-es","10":"product_tag-classic-watch","11":"product_tag-designer-replica","12":"product_tag-designer-watch","13":"product_tag-diamond-watch-es","14":"product_tag-elegant-watch","15":"product_tag-fashion-watch","16":"product_tag-fashionable-watch","17":"product_tag-high-end-replica","18":"product_tag-ladies-watch","19":"product_tag-luxury-timepiece","20":"product_tag-luxury-watch","21":"product_tag-premium-replica-es","22":"product_tag-sophisticated-watch-es","23":"product_tag-stylish-watch","24":"product_tag-swiss-design-es","25":"product_tag-swiss-replica","26":"product_tag-w4pn0008","27":"desktop-align-left","28":"tablet-align-left","29":"mobile-align-left","30":"ast-product-gallery-layout-vertical-slider","31":"ast-product-single-variable","33":"first","34":"instock","35":"shipping-taxable","36":"purchasable","37":"product-type-variable"},"uagb_featured_image_src":{"full":["https:\/\/myreplicawatches.io\/wp-content\/uploads\/2023\/10\/image_b7cd2c09-1ad0-4bdb-b02d-0722620777ff.jpg",1179,1147,false],"thumbnail":["https:\/\/myreplicawatches.io\/wp-content\/uploads\/2023\/10\/image_b7cd2c09-1ad0-4bdb-b02d-0722620777ff-150x150.jpg",150,150,true],"medium":["https:\/\/myreplicawatches.io\/wp-content\/uploads\/2023\/10\/image_b7cd2c09-1ad0-4bdb-b02d-0722620777ff-300x292.jpg",300,292,true],"medium_large":["https:\/\/myreplicawatches.io\/wp-content\/uploads\/2023\/10\/image_b7cd2c09-1ad0-4bdb-b02d-0722620777ff-768x747.jpg",768,747,true],"large":["https:\/\/myreplicawatches.io\/wp-content\/uploads\/2023\/10\/image_b7cd2c09-1ad0-4bdb-b02d-0722620777ff-1024x996.jpg",1024,996,true],"1536x1536":["https:\/\/myreplicawatches.io\/wp-content\/uploads\/2023\/10\/image_b7cd2c09-1ad0-4bdb-b02d-0722620777ff.jpg",1179,1147,false],"2048x2048":["https:\/\/myreplicawatches.io\/wp-content\/uploads\/2023\/10\/image_b7cd2c09-1ad0-4bdb-b02d-0722620777ff.jpg",1179,1147,false],"woocommerce_thumbnail":["https:\/\/myreplicawatches.io\/wp-content\/uploads\/2023\/10\/image_b7cd2c09-1ad0-4bdb-b02d-0722620777ff-300x300.jpg",300,300,true],"woocommerce_single":["https:\/\/myreplicawatches.io\/wp-content\/uploads\/2023\/10\/image_b7cd2c09-1ad0-4bdb-b02d-0722620777ff-600x584.jpg",600,584,true],"woocommerce_gallery_thumbnail":["https:\/\/myreplicawatches.io\/wp-content\/uploads\/2023\/10\/image_b7cd2c09-1ad0-4bdb-b02d-0722620777ff-100x100.jpg",100,100,true],"variation_swatches_image_size":["https:\/\/myreplicawatches.io\/wp-content\/uploads\/2023\/10\/image_b7cd2c09-1ad0-4bdb-b02d-0722620777ff.jpg",50,50,false],"variation_swatches_tooltip_size":["https:\/\/myreplicawatches.io\/wp-content\/uploads\/2023\/10\/image_b7cd2c09-1ad0-4bdb-b02d-0722620777ff.jpg",100,97,false],"dgwt-wcas-product-suggestion":["https:\/\/myreplicawatches.io\/wp-content\/uploads\/2023\/10\/image_b7cd2c09-1ad0-4bdb-b02d-0722620777ff-64x62.jpg",64,62,true]},"uagb_author_info":{"display_name":"admin","author_link":"https:\/\/myreplicawatches.io\/es\/author\/"},"uagb_comment_info":0,"uagb_excerpt":"Cartier Panthere Diamantes R\u00e9plica &#8211; AAAA+ Calidad R\u00e9plica Cartier &nbsp; Ventajas de poseer la r\u00e9plica de diamantes Cartier Panthere Una r\u00e9plica puede comprarse a un precio mucho m\u00e1s barato que uno aut\u00e9ntico, sin embargo, un reloj r\u00e9plica parecer\u00e1 y se sentir\u00e1 igual que el original. Lo \u00faltimo que alguien quiere es gastarse una fortuna para","jetpack_sharing_enabled":true,"_links":{"self":[{"href":"https:\/\/myreplicawatches.io\/es\/wp-json\/wp\/v2\/product\/11432","targetHints":{"allow":["GET"]}}],"collection":[{"href":"https:\/\/myreplicawatches.io\/es\/wp-json\/wp\/v2\/product"}],"about":[{"href":"https:\/\/myreplicawatches.io\/es\/wp-json\/wp\/v2\/types\/product"}],"replies":[{"embeddable":true,"href":"https:\/\/myreplicawatches.io\/es\/wp-json\/wp\/v2\/comments?post=11432"}],"wp:featuredmedia":[{"embeddable":true,"href":"https:\/\/myreplicawatches.io\/es\/wp-json\/wp\/v2\/media\/6947"}],"wp:attachment":[{"href":"https:\/\/myreplicawatches.io\/es\/wp-json\/wp\/v2\/media?parent=11432"}],"wp:term":[{"taxonomy":"product_brand","embeddable":true,"href":"https:\/\/myreplicawatches.io\/es\/wp-json\/wp\/v2\/product_brand?post=11432"},{"taxonomy":"product_cat","embeddable":true,"href":"https:\/\/myreplicawatches.io\/es\/wp-json\/wp\/v2\/product_cat?post=11432"},{"taxonomy":"product_tag","embeddable":true,"href":"https:\/\/myreplicawatches.io\/es\/wp-json\/wp\/v2\/product_tag?post=11432"}],"curies":[{"name":"wp","href":"https:\/\/api.w.org\/{rel}","templated":true}]}}