{"id":11431,"date":"2023-10-03T21:38:11","date_gmt":"2023-10-03T21:38:11","guid":{"rendered":"https:\/\/myreplicawatches.io\/product\/replica-breitling-navitimer-world-a24322-1\/"},"modified":"2025-02-21T04:37:10","modified_gmt":"2025-02-21T04:37:10","slug":"replica-breitling-navitimer-world-a24322-1-2","status":"publish","type":"product","link":"https:\/\/myreplicawatches.io\/es\/product\/replica-breitling-navitimer-world-a24322-1-2\/","title":{"rendered":"R\u00e9plica Breitling Navitimer World A24322\/1"},"content":{"rendered":"<p>&nbsp;<\/p>\n<table class=\"woocommerce-product-attributes shop_attributes\">\n<tbody>\n<tr class=\"woocommerce-product-attributes-item woocommerce-product-attributes-item--attribute_product-range\">\n<th class=\"woocommerce-product-attributes-item__label\">GAMA DE PRODUCTOS<\/th>\n<td class=\"woocommerce-product-attributes-item__value\">Mundo Navitimer<\/td>\n<\/tr>\n<tr class=\"woocommerce-product-attributes-item woocommerce-product-attributes-item--attribute_model\">\n<th class=\"woocommerce-product-attributes-item__label\">MODELO<\/th>\n<td class=\"woocommerce-product-attributes-item__value\">A24322<\/td>\n<\/tr>\n<tr class=\"woocommerce-product-attributes-item woocommerce-product-attributes-item--attribute_pa_bracelet-material\">\n<th class=\"woocommerce-product-attributes-item__label\">MATERIAL DE LA PULSERA<\/th>\n<td class=\"woocommerce-product-attributes-item__value\">Acero inoxidable de grado 316 (Navitimer)<\/td>\n<\/tr>\n<tr class=\"woocommerce-product-attributes-item woocommerce-product-attributes-item--attribute_pa_brand\">\n<th class=\"woocommerce-product-attributes-item__label\">MARCA<\/th>\n<td class=\"woocommerce-product-attributes-item__value\">Breitling<\/td>\n<\/tr>\n<tr class=\"woocommerce-product-attributes-item woocommerce-product-attributes-item--attribute_pa_case-material\">\n<th class=\"woocommerce-product-attributes-item__label\">MATERIAL DE LA CAJA<\/th>\n<td class=\"woocommerce-product-attributes-item__value\">Acero inoxidable de grado 316<\/td>\n<\/tr>\n<tr class=\"woocommerce-product-attributes-item woocommerce-product-attributes-item--attribute_pa_case-size\">\n<th class=\"woocommerce-product-attributes-item__label\">TAMA\u00d1O DE LA CAJA<\/th>\n<td class=\"woocommerce-product-attributes-item__value\">46 MM<\/td>\n<\/tr>\n<tr class=\"woocommerce-product-attributes-item woocommerce-product-attributes-item--attribute_pa_dial-type\">\n<th class=\"woocommerce-product-attributes-item__label\">TIPO DE DIAL<\/th>\n<td class=\"woocommerce-product-attributes-item__value\">Negro<\/td>\n<\/tr>\n<tr class=\"woocommerce-product-attributes-item woocommerce-product-attributes-item--attribute_pa_gender\">\n<th class=\"woocommerce-product-attributes-item__label\">G\u00c9NERO<\/th>\n<td class=\"woocommerce-product-attributes-item__value\">Hombres<\/td>\n<\/tr>\n<tr class=\"woocommerce-product-attributes-item woocommerce-product-attributes-item--attribute_pa_model\">\n<th class=\"woocommerce-product-attributes-item__label\">MODELO<\/th>\n<td class=\"woocommerce-product-attributes-item__value\">A24322<\/td>\n<\/tr>\n<tr class=\"woocommerce-product-attributes-item woocommerce-product-attributes-item--attribute_pa_movement\">\n<th class=\"woocommerce-product-attributes-item__label\">MOVIMIENTO<\/th>\n<td class=\"woocommerce-product-attributes-item__value\">Cuarzo<\/td>\n<\/tr>\n<tr class=\"woocommerce-product-attributes-item woocommerce-product-attributes-item--attribute_pa_range\">\n<th class=\"woocommerce-product-attributes-item__label\">GAMA<\/th>\n<td class=\"woocommerce-product-attributes-item__value\">Mundo Navitimer<\/td>\n<\/tr>\n<tr class=\"woocommerce-product-attributes-item woocommerce-product-attributes-item--attribute_pa_water-resistant\">\n<th class=\"woocommerce-product-attributes-item__label\">RESISTENTE AL AGUA<\/th>\n<td class=\"woocommerce-product-attributes-item__value\">Resistencia al agua<\/td>\n<\/tr>\n<tr class=\"woocommerce-product-attributes-item woocommerce-product-attributes-item--attribute_pa_watch-bracelet-material\">\n<th class=\"woocommerce-product-attributes-item__label\">MATERIAL DE LA PULSERA<\/th>\n<td class=\"woocommerce-product-attributes-item__value\">Acero<\/td>\n<\/tr>\n<\/tbody>\n<\/table>\n<h3><\/h3>\n<h3>GARANT\u00cdA<\/h3>\n<p>100% de satisfacci\u00f3n garantizada Si no est\u00e1s satisfecho al 100% con tu primer Reloj Hype de Lujo, nos comprometemos a arreglarlo todo.<\/p>\n<h3>ENTREGA<\/h3>\n<p>Env\u00edo DHL a todo el mundo &#8211; De 3 a 10 d\u00edas de plazo estimado de llegada (cargo adicional).<\/p>\n<p>Env\u00edo gratuito a todo el mundo &#8211; Estimaci\u00f3n de llegada en 10-19 d\u00edas.<\/p>\n<p>Una vez realizado el pedido, el env\u00edo del producto tardar\u00e1 de 2 a 3 d\u00edas. Recibir\u00e1s tu n\u00famero de seguimiento inmediatamente despu\u00e9s de que enviemos tu producto.<\/p>\n","protected":false},"excerpt":{"rendered":"<p>&nbsp; GAMA DE PRODUCTOS Mundo Navitimer MODELO A24322 MATERIAL DE LA PULSERA Acero inoxidable de grado 316 (Navitimer) MARCA Breitling MATERIAL DE LA CAJA Acero inoxidable de grado 316 TAMA\u00d1O DE LA CAJA 46 MM TIPO DE DIAL Negro G\u00c9NERO Hombres MODELO A24322 MOVIMIENTO Cuarzo GAMA Mundo Navitimer RESISTENTE AL AGUA Resistencia al agua MATERIAL<\/p>\n","protected":false},"featured_media":6939,"comment_status":"open","ping_status":"closed","template":"","meta":{"_uag_custom_page_level_css":"","site-sidebar-layout":"default","site-content-layout":"","ast-site-content-layout":"default","site-content-style":"default","site-sidebar-style":"default","ast-global-header-display":"","ast-banner-title-visibility":"","ast-main-header-display":"","ast-hfb-above-header-display":"","ast-hfb-below-header-display":"","ast-hfb-mobile-header-display":"","site-post-title":"","ast-breadcrumbs-content":"","ast-featured-img":"","footer-sml-layout":"","theme-transparent-header-meta":"","adv-header-id-meta":"","stick-header-meta":"","header-above-stick-meta":"","header-main-stick-meta":"","header-below-stick-meta":"","astra-migrate-meta-layouts":"set","ast-page-background-enabled":"default","ast-page-background-meta":{"desktop":{"background-color":"var(--ast-global-color-4)","background-image":"","background-repeat":"repeat","background-position":"center center","background-size":"auto","background-attachment":"scroll","background-type":"","background-media":"","overlay-type":"","overlay-color":"","overlay-opacity":"","overlay-gradient":""},"tablet":{"background-color":"","background-image":"","background-repeat":"repeat","background-position":"center center","background-size":"auto","background-attachment":"scroll","background-type":"","background-media":"","overlay-type":"","overlay-color":"","overlay-opacity":"","overlay-gradient":""},"mobile":{"background-color":"","background-image":"","background-repeat":"repeat","background-position":"center center","background-size":"auto","background-attachment":"scroll","background-type":"","background-media":"","overlay-type":"","overlay-color":"","overlay-opacity":"","overlay-gradient":""}},"ast-content-background-meta":{"desktop":{"background-color":"var(--ast-global-color-5)","background-image":"","background-repeat":"repeat","background-position":"center center","background-size":"auto","background-attachment":"scroll","background-type":"","background-media":"","overlay-type":"","overlay-color":"","overlay-opacity":"","overlay-gradient":""},"tablet":{"background-color":"var(--ast-global-color-5)","background-image":"","background-repeat":"repeat","background-position":"center center","background-size":"auto","background-attachment":"scroll","background-type":"","background-media":"","overlay-type":"","overlay-color":"","overlay-opacity":"","overlay-gradient":""},"mobile":{"background-color":"var(--ast-global-color-5)","background-image":"","background-repeat":"repeat","background-position":"center center","background-size":"auto","background-attachment":"scroll","background-type":"","background-media":"","overlay-type":"","overlay-color":"","overlay-opacity":"","overlay-gradient":""}}},"product_brand":[],"product_cat":[168,154],"product_tag":[3272,3271,3275,3273,3255,3215,444,2039,1471,1209,3813,440,3259,3263,3274,3257,1869,3213,452],"class_list":{"0":"post-11431","1":"product","2":"type-product","3":"status-publish","4":"has-post-thumbnail","6":"product_cat-productos-mas-nuevos","7":"product_cat-replicas-de-relojes-mas-vendidas","8":"product_tag-a24322-1-watch","9":"product_tag-aviation-watch","10":"product_tag-breitling-a24322","11":"product_tag-breitling-chronograph","12":"product_tag-breitling-navitimer","13":"product_tag-breitling-replica","14":"product_tag-designer-watch","15":"product_tag-exclusive-watch","16":"product_tag-fashion-watch","17":"product_tag-high-end-watch","18":"product_tag-luxury-replica-watch-es","19":"product_tag-luxury-watch","20":"product_tag-navitimer-a24322-1","21":"product_tag-navitimer-replica","22":"product_tag-navitimer-watch","23":"product_tag-navitimer-world","24":"product_tag-premium-watch","25":"product_tag-replica-breitling","26":"product_tag-swiss-replica","27":"desktop-align-left","28":"tablet-align-left","29":"mobile-align-left","30":"ast-product-gallery-layout-vertical-slider","31":"ast-product-single-variable","33":"first","34":"instock","35":"shipping-taxable","36":"purchasable","37":"product-type-variable"},"uagb_featured_image_src":{"full":["https:\/\/myreplicawatches.io\/wp-content\/uploads\/2023\/10\/replica-breitling-navitimer-world-a243221.png",1080,1083,false],"thumbnail":["https:\/\/myreplicawatches.io\/wp-content\/uploads\/2023\/10\/replica-breitling-navitimer-world-a243221-150x150.png",150,150,true],"medium":["https:\/\/myreplicawatches.io\/wp-content\/uploads\/2023\/10\/replica-breitling-navitimer-world-a243221-300x300.png",300,300,true],"medium_large":["https:\/\/myreplicawatches.io\/wp-content\/uploads\/2023\/10\/replica-breitling-navitimer-world-a243221-768x770.png",768,770,true],"large":["https:\/\/myreplicawatches.io\/wp-content\/uploads\/2023\/10\/replica-breitling-navitimer-world-a243221-1021x1024.png",1021,1024,true],"1536x1536":["https:\/\/myreplicawatches.io\/wp-content\/uploads\/2023\/10\/replica-breitling-navitimer-world-a243221.png",1080,1083,false],"2048x2048":["https:\/\/myreplicawatches.io\/wp-content\/uploads\/2023\/10\/replica-breitling-navitimer-world-a243221.png",1080,1083,false],"woocommerce_thumbnail":["https:\/\/myreplicawatches.io\/wp-content\/uploads\/2023\/10\/replica-breitling-navitimer-world-a243221-300x300.png",300,300,true],"woocommerce_single":["https:\/\/myreplicawatches.io\/wp-content\/uploads\/2023\/10\/replica-breitling-navitimer-world-a243221-600x602.png",600,602,true],"woocommerce_gallery_thumbnail":["https:\/\/myreplicawatches.io\/wp-content\/uploads\/2023\/10\/replica-breitling-navitimer-world-a243221-100x100.png",100,100,true],"variation_swatches_image_size":["https:\/\/myreplicawatches.io\/wp-content\/uploads\/2023\/10\/replica-breitling-navitimer-world-a243221.png",50,50,false],"variation_swatches_tooltip_size":["https:\/\/myreplicawatches.io\/wp-content\/uploads\/2023\/10\/replica-breitling-navitimer-world-a243221.png",100,100,false],"dgwt-wcas-product-suggestion":["https:\/\/myreplicawatches.io\/wp-content\/uploads\/2023\/10\/replica-breitling-navitimer-world-a243221-64x64.png",64,64,true]},"uagb_author_info":{"display_name":"admin","author_link":"https:\/\/myreplicawatches.io\/es\/author\/"},"uagb_comment_info":0,"uagb_excerpt":"&nbsp; GAMA DE PRODUCTOS Mundo Navitimer MODELO A24322 MATERIAL DE LA PULSERA Acero inoxidable de grado 316 (Navitimer) MARCA Breitling MATERIAL DE LA CAJA Acero inoxidable de grado 316 TAMA\u00d1O DE LA CAJA 46 MM TIPO DE DIAL Negro G\u00c9NERO Hombres MODELO A24322 MOVIMIENTO Cuarzo GAMA Mundo Navitimer RESISTENTE AL AGUA Resistencia al agua MATERIAL","jetpack_sharing_enabled":true,"_links":{"self":[{"href":"https:\/\/myreplicawatches.io\/es\/wp-json\/wp\/v2\/product\/11431","targetHints":{"allow":["GET"]}}],"collection":[{"href":"https:\/\/myreplicawatches.io\/es\/wp-json\/wp\/v2\/product"}],"about":[{"href":"https:\/\/myreplicawatches.io\/es\/wp-json\/wp\/v2\/types\/product"}],"replies":[{"embeddable":true,"href":"https:\/\/myreplicawatches.io\/es\/wp-json\/wp\/v2\/comments?post=11431"}],"wp:featuredmedia":[{"embeddable":true,"href":"https:\/\/myreplicawatches.io\/es\/wp-json\/wp\/v2\/media\/6939"}],"wp:attachment":[{"href":"https:\/\/myreplicawatches.io\/es\/wp-json\/wp\/v2\/media?parent=11431"}],"wp:term":[{"taxonomy":"product_brand","embeddable":true,"href":"https:\/\/myreplicawatches.io\/es\/wp-json\/wp\/v2\/product_brand?post=11431"},{"taxonomy":"product_cat","embeddable":true,"href":"https:\/\/myreplicawatches.io\/es\/wp-json\/wp\/v2\/product_cat?post=11431"},{"taxonomy":"product_tag","embeddable":true,"href":"https:\/\/myreplicawatches.io\/es\/wp-json\/wp\/v2\/product_tag?post=11431"}],"curies":[{"name":"wp","href":"https:\/\/api.w.org\/{rel}","templated":true}]}}