{"id":11429,"date":"2023-10-03T21:37:57","date_gmt":"2023-10-03T21:37:57","guid":{"rendered":"https:\/\/myreplicawatches.io\/product\/replica-ap-royal-oak-diamante-completo\/"},"modified":"2025-11-16T12:41:49","modified_gmt":"2025-11-16T12:41:49","slug":"replica-ap-royal-oak-diamante-completo","status":"publish","type":"product","link":"https:\/\/myreplicawatches.io\/es\/product\/replica-ap-royal-oak-diamante-completo\/","title":{"rendered":"R\u00e9plica AP Royal Oak Diamante Completo"},"content":{"rendered":"<h2>R\u00e9plica AP Royal Oak Full Diamond &#8211; La mejor versi\u00f3n clonada suiza<\/h2>\n<p>&nbsp;<\/p>\n<div class=\"product-info__text\">\n<div class=\"prose\">\n<h4>Ventajas de poseer la R\u00e9plica AP Royal Oak Full Diamond:<\/h4>\n<ul>\n<li>Una r\u00e9plica puede comprarse a un precio mucho m\u00e1s barato que uno aut\u00e9ntico, sin embargo, un reloj r\u00e9plica parecer\u00e1 y se sentir\u00e1 igual que el original.<\/li>\n<li>Lo \u00faltimo que alguien quiere es gastarse una fortuna para conseguir un reloj de lujo que tiene peque\u00f1as diferencias con nuestras r\u00e9plicas de relojes.<\/li>\n<li>Muchos entusiastas de los relojes no quieren gastarse miles de d\u00f3lares en relojes y quieren tener esa gran sensaci\u00f3n de poseer un gran reloj de una marca de lujo. Es entonces cuando entran en juego los relojes IP y proporcionan esa sensaci\u00f3n a sus clientes.<\/li>\n<li>\u00bf Tienes ya un aut\u00e9ntico reloj de alta gama que no quieres llevar por motivos de seguridad o por razones de devaluaci\u00f3n en algunas ocasiones ? Lleva tu R\u00e9plica de reloj AP Royal Oak Full Diamond de alta calidad y si\u00e9ntete m\u00e1s seguro, ten la misma confianza, protege tus objetos de valor<\/li>\n<\/ul>\n<\/div>\n<\/div>\n<div class=\"product-info__description\">\n<div class=\"prose\"><\/div>\n<\/div>\n<p>&nbsp;<\/p>\n<p><img decoding=\"async\" style=\"display: block; margin-left: auto; margin-right: auto;\" src=\"https:\/\/cdn.shopify.com\/s\/files\/1\/0074\/6776\/1723\/files\/checkout_icon_large_9198cbd9-28e4-47f8-a1b4-510bb115bdc6_large.png?v=1539348458\" alt=\"\" title=\"\"><\/p>\n<p>&nbsp;<\/p>\n<p><strong>RELOJES DE FABRICACI\u00f3N SUIZA Clon 1:1<\/strong> Se ve y se siente exactamente igual.<br \/>\n\u2714 No se nota la diferencia con el aut\u00e9ntico \u2714 Resistente al agua 300 m \u2714 Cristal de zafiro resistente al rayado con revestimiento AR \u2714 Relojes de acero 904L y oro aut\u00e9ntico.<br \/>\n\u2714 Mismo peso que el original.<br \/>\n\u2714 Mismo Mecanismo que el Real \u2714 ( MISMO Movimiento SUIZO, Exactamente igual que el real ) Movimiento Autom\u00e1tico \u2714 ( El segundero no hace tictac, se mueve suavemente como el original )<\/p>\n<h4>Descripci\u00f3n de la r\u00e9plica AP Royal Oak Full Diamond<\/h4>\n<p>Tama\u00f1o: 41 mm Movimiento: SWISS Audemars Piguet 3120 Movimiento Autom\u00e1tico 28800bph Como Aut\u00e9ntico Funciones: Horas, minutos, segundos y fecha Caja: Acero inoxidable 316L y diamantes Esfera: Esfera de diamantes Bisel: Bisel de diamantes Cristal: Cristal de zafiro a prueba de ara\u00f1azos con revestimiento AR Correa: Acero inoxidable 316L y diamantes Cierre de pulsera: Cierre desplegable Estanco<\/p>\n<h2>Garant\u00eda<\/h2>\n<p>100% de satisfacci\u00f3n garantizada Si no est\u00e1s satisfecho al 100% con tu primer Reloj de lujo con bombo y platillo, nos comprometemos a arreglarlo todo.<\/p>\n<h2>Entrega<\/h2>\n<p>Env\u00edo DHL a todo el mundo &#8211; Estimaci\u00f3n de llegada en 3-10 d\u00edas Despu\u00e9s de realizar tu pedido, por favor, deja pasar 2-3 d\u00edas para el env\u00edo de tu producto. Recibir\u00e1s tu n\u00famero de seguimiento inmediatamente despu\u00e9s de que enviemos tu producto. <img decoding=\"async\" style=\"display: block; margin-left: auto; margin-right: auto;\" src=\"https:\/\/cdn.shopify.com\/s\/files\/1\/0074\/6776\/1723\/files\/product_desc_below_large_large_a32e7262-b9bf-4a85-ac82-2638c1f67ae1_large_1_large.png?v=1539348476\" alt=\"\" title=\"\"><\/p>\n<p>&nbsp;<\/p>\n","protected":false},"excerpt":{"rendered":"<p>R\u00e9plica AP Royal Oak Full Diamond &#8211; La mejor versi\u00f3n clonada suiza &nbsp; Ventajas de poseer la R\u00e9plica AP Royal Oak Full Diamond: Una r\u00e9plica puede comprarse a un precio mucho m\u00e1s barato que uno aut\u00e9ntico, sin embargo, un reloj r\u00e9plica parecer\u00e1 y se sentir\u00e1 igual que el original. Lo \u00faltimo que alguien quiere es<\/p>\n","protected":false},"featured_media":6915,"comment_status":"open","ping_status":"closed","template":"","meta":{"_uag_custom_page_level_css":"","site-sidebar-layout":"default","site-content-layout":"","ast-site-content-layout":"default","site-content-style":"default","site-sidebar-style":"default","ast-global-header-display":"","ast-banner-title-visibility":"","ast-main-header-display":"","ast-hfb-above-header-display":"","ast-hfb-below-header-display":"","ast-hfb-mobile-header-display":"","site-post-title":"","ast-breadcrumbs-content":"","ast-featured-img":"","footer-sml-layout":"","theme-transparent-header-meta":"default","adv-header-id-meta":"","stick-header-meta":"default","header-above-stick-meta":"","header-main-stick-meta":"","header-below-stick-meta":"","astra-migrate-meta-layouts":"set","ast-page-background-enabled":"default","ast-page-background-meta":{"desktop":{"background-color":"var(--ast-global-color-4)","background-image":"","background-repeat":"repeat","background-position":"center center","background-size":"auto","background-attachment":"scroll","background-type":"","background-media":"","overlay-type":"","overlay-color":"","overlay-opacity":"","overlay-gradient":""},"tablet":{"background-color":"","background-image":"","background-repeat":"repeat","background-position":"center center","background-size":"auto","background-attachment":"scroll","background-type":"","background-media":"","overlay-type":"","overlay-color":"","overlay-opacity":"","overlay-gradient":""},"mobile":{"background-color":"","background-image":"","background-repeat":"repeat","background-position":"center center","background-size":"auto","background-attachment":"scroll","background-type":"","background-media":"","overlay-type":"","overlay-color":"","overlay-opacity":"","overlay-gradient":""}},"ast-content-background-meta":{"desktop":{"background-color":"var(--ast-global-color-5)","background-image":"","background-repeat":"repeat","background-position":"center center","background-size":"auto","background-attachment":"scroll","background-type":"","background-media":"","overlay-type":"","overlay-color":"","overlay-opacity":"","overlay-gradient":""},"tablet":{"background-color":"var(--ast-global-color-5)","background-image":"","background-repeat":"repeat","background-position":"center center","background-size":"auto","background-attachment":"scroll","background-type":"","background-media":"","overlay-type":"","overlay-color":"","overlay-opacity":"","overlay-gradient":""},"mobile":{"background-color":"var(--ast-global-color-5)","background-image":"","background-repeat":"repeat","background-position":"center center","background-size":"auto","background-attachment":"scroll","background-type":"","background-media":"","overlay-type":"","overlay-color":"","overlay-opacity":"","overlay-gradient":""}}},"product_brand":[],"product_cat":[168,149,236,154,160],"product_tag":[3378,3388,3312,3354,444,3387,4704,3384,446,2039,1471,3385,3390,1209,475,440,1869,3377,602,3383,3355,452],"class_list":{"0":"post-11429","1":"product","2":"type-product","3":"status-publish","4":"has-post-thumbnail","6":"product_cat-productos-mas-nuevos","7":"product_cat-relojes-replica-audemars-piguet","8":"product_cat-replicas-de-relojes-con-diamantes","9":"product_cat-replicas-de-relojes-mas-vendidas","10":"product_cat-super-clon-audemars-piguet","11":"product_tag-ap-royal-oak-es","12":"product_tag-audemars-piguet-diamond","13":"product_tag-audemars-piguet-replica","14":"product_tag-audemars-piguet-royal-oak-es","15":"product_tag-designer-watch","16":"product_tag-diamond-timepiece","17":"product_tag-diamond-watch-es","18":"product_tag-diamond-watch-replica","19":"product_tag-elegant-watch","20":"product_tag-exclusive-watch","21":"product_tag-fashion-watch","22":"product_tag-full-diamond-watch","23":"product_tag-full-diamond-watch-replica","24":"product_tag-high-end-watch","25":"product_tag-luxury-replica","26":"product_tag-luxury-watch","27":"product_tag-premium-watch","28":"product_tag-replica-ap-es","29":"product_tag-royal-oak-es","30":"product_tag-royal-oak-full-diamond","31":"product_tag-royal-oak-replica-es","32":"product_tag-swiss-replica","33":"desktop-align-left","34":"tablet-align-left","35":"mobile-align-left","36":"ast-product-gallery-layout-vertical-slider","38":"first","39":"instock","40":"sale","41":"shipping-taxable","42":"purchasable","43":"product-type-simple"},"uagb_featured_image_src":{"full":["https:\/\/myreplicawatches.io\/wp-content\/uploads\/2023\/10\/replica-audemars-piguet-royal-oak-15400-stainless-steel-diamond-silver-dial-swiss-3120.jpg",1000,1000,false],"thumbnail":["https:\/\/myreplicawatches.io\/wp-content\/uploads\/2023\/10\/replica-audemars-piguet-royal-oak-15400-stainless-steel-diamond-silver-dial-swiss-3120-150x150.jpg",150,150,true],"medium":["https:\/\/myreplicawatches.io\/wp-content\/uploads\/2023\/10\/replica-audemars-piguet-royal-oak-15400-stainless-steel-diamond-silver-dial-swiss-3120-300x300.jpg",300,300,true],"medium_large":["https:\/\/myreplicawatches.io\/wp-content\/uploads\/2023\/10\/replica-audemars-piguet-royal-oak-15400-stainless-steel-diamond-silver-dial-swiss-3120-768x768.jpg",768,768,true],"large":["https:\/\/myreplicawatches.io\/wp-content\/uploads\/2023\/10\/replica-audemars-piguet-royal-oak-15400-stainless-steel-diamond-silver-dial-swiss-3120.jpg",1000,1000,false],"1536x1536":["https:\/\/myreplicawatches.io\/wp-content\/uploads\/2023\/10\/replica-audemars-piguet-royal-oak-15400-stainless-steel-diamond-silver-dial-swiss-3120.jpg",1000,1000,false],"2048x2048":["https:\/\/myreplicawatches.io\/wp-content\/uploads\/2023\/10\/replica-audemars-piguet-royal-oak-15400-stainless-steel-diamond-silver-dial-swiss-3120.jpg",1000,1000,false],"woocommerce_thumbnail":["https:\/\/myreplicawatches.io\/wp-content\/uploads\/2023\/10\/replica-audemars-piguet-royal-oak-15400-stainless-steel-diamond-silver-dial-swiss-3120-300x300.jpg",300,300,true],"woocommerce_single":["https:\/\/myreplicawatches.io\/wp-content\/uploads\/2023\/10\/replica-audemars-piguet-royal-oak-15400-stainless-steel-diamond-silver-dial-swiss-3120-600x600.jpg",600,600,true],"woocommerce_gallery_thumbnail":["https:\/\/myreplicawatches.io\/wp-content\/uploads\/2023\/10\/replica-audemars-piguet-royal-oak-15400-stainless-steel-diamond-silver-dial-swiss-3120-100x100.jpg",100,100,true],"variation_swatches_image_size":["https:\/\/myreplicawatches.io\/wp-content\/uploads\/2023\/10\/replica-audemars-piguet-royal-oak-15400-stainless-steel-diamond-silver-dial-swiss-3120.jpg",50,50,false],"variation_swatches_tooltip_size":["https:\/\/myreplicawatches.io\/wp-content\/uploads\/2023\/10\/replica-audemars-piguet-royal-oak-15400-stainless-steel-diamond-silver-dial-swiss-3120.jpg",100,100,false],"dgwt-wcas-product-suggestion":["https:\/\/myreplicawatches.io\/wp-content\/uploads\/2023\/10\/replica-audemars-piguet-royal-oak-15400-stainless-steel-diamond-silver-dial-swiss-3120-64x64.jpg",64,64,true]},"uagb_author_info":{"display_name":"admin","author_link":"https:\/\/myreplicawatches.io\/es\/author\/"},"uagb_comment_info":0,"uagb_excerpt":"R\u00e9plica AP Royal Oak Full Diamond &#8211; La mejor versi\u00f3n clonada suiza &nbsp; Ventajas de poseer la R\u00e9plica AP Royal Oak Full Diamond: Una r\u00e9plica puede comprarse a un precio mucho m\u00e1s barato que uno aut\u00e9ntico, sin embargo, un reloj r\u00e9plica parecer\u00e1 y se sentir\u00e1 igual que el original. Lo \u00faltimo que alguien quiere es","jetpack_sharing_enabled":true,"_links":{"self":[{"href":"https:\/\/myreplicawatches.io\/es\/wp-json\/wp\/v2\/product\/11429","targetHints":{"allow":["GET"]}}],"collection":[{"href":"https:\/\/myreplicawatches.io\/es\/wp-json\/wp\/v2\/product"}],"about":[{"href":"https:\/\/myreplicawatches.io\/es\/wp-json\/wp\/v2\/types\/product"}],"replies":[{"embeddable":true,"href":"https:\/\/myreplicawatches.io\/es\/wp-json\/wp\/v2\/comments?post=11429"}],"wp:featuredmedia":[{"embeddable":true,"href":"https:\/\/myreplicawatches.io\/es\/wp-json\/wp\/v2\/media\/6915"}],"wp:attachment":[{"href":"https:\/\/myreplicawatches.io\/es\/wp-json\/wp\/v2\/media?parent=11429"}],"wp:term":[{"taxonomy":"product_brand","embeddable":true,"href":"https:\/\/myreplicawatches.io\/es\/wp-json\/wp\/v2\/product_brand?post=11429"},{"taxonomy":"product_cat","embeddable":true,"href":"https:\/\/myreplicawatches.io\/es\/wp-json\/wp\/v2\/product_cat?post=11429"},{"taxonomy":"product_tag","embeddable":true,"href":"https:\/\/myreplicawatches.io\/es\/wp-json\/wp\/v2\/product_tag?post=11429"}],"curies":[{"name":"wp","href":"https:\/\/api.w.org\/{rel}","templated":true}]}}