{"id":11427,"date":"2023-10-03T21:37:56","date_gmt":"2023-10-03T21:37:56","guid":{"rendered":"https:\/\/myreplicawatches.io\/product\/replica-aaaa-rolex-datejust-41-acero-esfera-blanca-bisel-liso-reloj-oyster-126300\/"},"modified":"2026-01-11T00:30:59","modified_gmt":"2026-01-11T00:30:59","slug":"replica-aaaa-rolex-datejust-41-acero-esfera-blanca-bisel-liso-reloj-oyster-126300","status":"publish","type":"product","link":"https:\/\/myreplicawatches.io\/es\/product\/replica-aaaa-rolex-datejust-41-acero-esfera-blanca-bisel-liso-reloj-oyster-126300\/","title":{"rendered":"R\u00e9plica AAAA+ Rolex Datejust 41 Acero Esfera Blanca Bisel Liso Reloj Oyster 126300"},"content":{"rendered":"<p><strong data-mce-fragment=\"1\">Marca:<\/strong><span data-mce-fragment=\"1\"> Rolex<\/span><br data-mce-fragment=\"1\"><strong data-mce-fragment=\"1\">Colecci\u00f3n:<\/strong><span data-mce-fragment=\"1\"> Datejust<\/span><br data-mce-fragment=\"1\"><strong data-mce-fragment=\"1\">Modelo:<\/strong><span data-mce-fragment=\"1\"> 126300-0005, 126300WSO<\/span><br data-mce-fragment=\"1\"><strong data-mce-fragment=\"1\">Material de la caja:<\/strong><span data-mce-fragment=\"1\"> Acero inoxidable<\/span><br data-mce-fragment=\"1\"><strong data-mce-fragment=\"1\">Di\u00e1metro de la caja:<\/strong><span data-mce-fragment=\"1\"> 41,0 mm<\/span><br data-mce-fragment=\"1\"><strong data-mce-fragment=\"1\">Esfera:<\/strong><span data-mce-fragment=\"1\"> Blanca con \u00edndices<\/span><br data-mce-fragment=\"1\"><strong data-mce-fragment=\"1\">Brazalete:<\/strong><span data-mce-fragment=\"1\"> Oyster, Acero inoxidable<\/span><br data-mce-fragment=\"1\"><strong data-mce-fragment=\"1\">Cierre:<\/strong><span data-mce-fragment=\"1\"> Plegable con seguridad<\/span><br data-mce-fragment=\"1\"><strong data-mce-fragment=\"1\">Movimiento:<\/strong><span data-mce-fragment=\"1\"> Mec\u00e1nico autom\u00e1tico, Calibre 3235<\/span><br data-mce-fragment=\"1\"><strong data-mce-fragment=\"1\">Funciones:<\/strong><span data-mce-fragment=\"1\"> Horas, Minutos, Segundos, Fecha<\/span><br data-mce-fragment=\"1\"><strong data-mce-fragment=\"1\">Bisel:<\/strong><span data-mce-fragment=\"1\"> Liso, acero inoxidable<\/span><br data-mce-fragment=\"1\"><strong data-mce-fragment=\"1\">Cristal:<\/strong><span data-mce-fragment=\"1\"> Zafiro resistente a los ara\u00f1azos<\/span><br data-mce-fragment=\"1\"><strong data-mce-fragment=\"1\">Fondo de la caja:<\/strong><span data-mce-fragment=\"1\"> S\u00f3lido<\/span><br data-mce-fragment=\"1\"><strong data-mce-fragment=\"1\">Resistente al agua:<\/strong><span data-mce-fragment=\"1\"> S\u00ed<\/span><\/p>\n","protected":false},"excerpt":{"rendered":"<p>Marca: RolexColecci\u00f3n: DatejustModelo: 126300-0005, 126300WSOMaterial de la caja: Acero inoxidableDi\u00e1metro de la caja: 41,0 mmEsfera: Blanca con \u00edndicesBrazalete: Oyster, Acero inoxidableCierre: Plegable con seguridadMovimiento: Mec\u00e1nico autom\u00e1tico, Calibre 3235Funciones: Horas, Minutos, Segundos, FechaBisel: Liso, acero inoxidableCristal: Zafiro resistente a los ara\u00f1azosFondo de la caja: S\u00f3lidoResistente al agua: S\u00ed<\/p>\n","protected":false},"featured_media":24805,"comment_status":"open","ping_status":"closed","template":"","meta":{"_uag_custom_page_level_css":"","site-sidebar-layout":"default","site-content-layout":"","ast-site-content-layout":"default","site-content-style":"default","site-sidebar-style":"default","ast-global-header-display":"","ast-banner-title-visibility":"","ast-main-header-display":"","ast-hfb-above-header-display":"","ast-hfb-below-header-display":"","ast-hfb-mobile-header-display":"","site-post-title":"","ast-breadcrumbs-content":"","ast-featured-img":"","footer-sml-layout":"","theme-transparent-header-meta":"default","adv-header-id-meta":"","stick-header-meta":"default","header-above-stick-meta":"","header-main-stick-meta":"","header-below-stick-meta":"","astra-migrate-meta-layouts":"default","ast-page-background-enabled":"default","ast-page-background-meta":{"desktop":{"background-color":"var(--ast-global-color-4)","background-image":"","background-repeat":"repeat","background-position":"center center","background-size":"auto","background-attachment":"scroll","background-type":"","background-media":"","overlay-type":"","overlay-color":"","overlay-opacity":"","overlay-gradient":""},"tablet":{"background-color":"","background-image":"","background-repeat":"repeat","background-position":"center center","background-size":"auto","background-attachment":"scroll","background-type":"","background-media":"","overlay-type":"","overlay-color":"","overlay-opacity":"","overlay-gradient":""},"mobile":{"background-color":"","background-image":"","background-repeat":"repeat","background-position":"center center","background-size":"auto","background-attachment":"scroll","background-type":"","background-media":"","overlay-type":"","overlay-color":"","overlay-opacity":"","overlay-gradient":""}},"ast-content-background-meta":{"desktop":{"background-color":"var(--ast-global-color-5)","background-image":"","background-repeat":"repeat","background-position":"center center","background-size":"auto","background-attachment":"scroll","background-type":"","background-media":"","overlay-type":"","overlay-color":"","overlay-opacity":"","overlay-gradient":""},"tablet":{"background-color":"var(--ast-global-color-5)","background-image":"","background-repeat":"repeat","background-position":"center center","background-size":"auto","background-attachment":"scroll","background-type":"","background-media":"","overlay-type":"","overlay-color":"","overlay-opacity":"","overlay-gradient":""},"mobile":{"background-color":"var(--ast-global-color-5)","background-image":"","background-repeat":"repeat","background-position":"center center","background-size":"auto","background-attachment":"scroll","background-type":"","background-media":"","overlay-type":"","overlay-color":"","overlay-opacity":"","overlay-gradient":""}}},"product_brand":[],"product_cat":[181,168,161,162,154],"product_tag":[3402,3406,444,446,2039,1471,1209,1616,440,3467,453,3405,3407,3401,3408,3403,3465,3404,4981,452,836],"class_list":{"0":"post-11427","1":"product","2":"type-product","3":"status-publish","4":"has-post-thumbnail","6":"product_cat-day-date-replica-relojo-rolex","7":"product_cat-productos-mas-nuevos","8":"product_cat-replica-date-just","9":"product_cat-replica-super-clon-rolex-aaa","10":"product_cat-replicas-de-relojes-mas-vendidas","11":"product_tag-datejust-41","12":"product_tag-datejust-replica","13":"product_tag-designer-watch","14":"product_tag-elegant-watch","15":"product_tag-exclusive-watch","16":"product_tag-fashion-watch","17":"product_tag-high-end-watch","18":"product_tag-luxury-timepiece","19":"product_tag-luxury-watch","20":"product_tag-premium-replica-es","21":"product_tag-replica-rolex","22":"product_tag-rolex-126300","23":"product_tag-rolex-41mm","24":"product_tag-rolex-datejust","25":"product_tag-rolex-datejust-126300","26":"product_tag-rolex-oyster","27":"product_tag-rolex-replica-es","28":"product_tag-smooth-bezel","29":"product_tag-stainless-steel-watch-es","30":"product_tag-swiss-replica","31":"product_tag-white-dial-es","32":"desktop-align-left","33":"tablet-align-left","34":"mobile-align-left","35":"ast-product-gallery-layout-vertical-slider","36":"ast-product-single-variable","38":"first","39":"instock","40":"shipping-taxable","41":"purchasable","42":"product-type-variable"},"uagb_featured_image_src":{"full":["https:\/\/myreplicawatches.io\/wp-content\/uploads\/2023\/10\/Screenshot-2025-07-13-at-12.38.31\u202fAM.png",700,968,false],"thumbnail":["https:\/\/myreplicawatches.io\/wp-content\/uploads\/2023\/10\/Screenshot-2025-07-13-at-12.38.31\u202fAM-150x150.png",150,150,true],"medium":["https:\/\/myreplicawatches.io\/wp-content\/uploads\/2023\/10\/Screenshot-2025-07-13-at-12.38.31\u202fAM-217x300.png",217,300,true],"medium_large":["https:\/\/myreplicawatches.io\/wp-content\/uploads\/2023\/10\/Screenshot-2025-07-13-at-12.38.31\u202fAM.png",700,968,false],"large":["https:\/\/myreplicawatches.io\/wp-content\/uploads\/2023\/10\/Screenshot-2025-07-13-at-12.38.31\u202fAM.png",700,968,false],"1536x1536":["https:\/\/myreplicawatches.io\/wp-content\/uploads\/2023\/10\/Screenshot-2025-07-13-at-12.38.31\u202fAM.png",700,968,false],"2048x2048":["https:\/\/myreplicawatches.io\/wp-content\/uploads\/2023\/10\/Screenshot-2025-07-13-at-12.38.31\u202fAM.png",700,968,false],"woocommerce_thumbnail":["https:\/\/myreplicawatches.io\/wp-content\/uploads\/2023\/10\/Screenshot-2025-07-13-at-12.38.31\u202fAM-300x300.png",300,300,true],"woocommerce_single":["https:\/\/myreplicawatches.io\/wp-content\/uploads\/2023\/10\/Screenshot-2025-07-13-at-12.38.31\u202fAM-600x830.png",600,830,true],"woocommerce_gallery_thumbnail":["https:\/\/myreplicawatches.io\/wp-content\/uploads\/2023\/10\/Screenshot-2025-07-13-at-12.38.31\u202fAM-100x100.png",100,100,true],"variation_swatches_image_size":["https:\/\/myreplicawatches.io\/wp-content\/uploads\/2023\/10\/Screenshot-2025-07-13-at-12.38.31\u202fAM-50x50.png",50,50,true],"variation_swatches_tooltip_size":["https:\/\/myreplicawatches.io\/wp-content\/uploads\/2023\/10\/Screenshot-2025-07-13-at-12.38.31\u202fAM-100x100.png",100,100,true],"dgwt-wcas-product-suggestion":["https:\/\/myreplicawatches.io\/wp-content\/uploads\/2023\/10\/Screenshot-2025-07-13-at-12.38.31\u202fAM-64x89.png",64,89,true]},"uagb_author_info":{"display_name":"admin","author_link":"https:\/\/myreplicawatches.io\/es\/author\/"},"uagb_comment_info":1,"uagb_excerpt":"Marca: RolexColecci\u00f3n: DatejustModelo: 126300-0005, 126300WSOMaterial de la caja: Acero inoxidableDi\u00e1metro de la caja: 41,0 mmEsfera: Blanca con \u00edndicesBrazalete: Oyster, Acero inoxidableCierre: Plegable con seguridadMovimiento: Mec\u00e1nico autom\u00e1tico, Calibre 3235Funciones: Horas, Minutos, Segundos, FechaBisel: Liso, acero inoxidableCristal: Zafiro resistente a los ara\u00f1azosFondo de la caja: S\u00f3lidoResistente al agua: S\u00ed","jetpack_sharing_enabled":true,"_links":{"self":[{"href":"https:\/\/myreplicawatches.io\/es\/wp-json\/wp\/v2\/product\/11427","targetHints":{"allow":["GET"]}}],"collection":[{"href":"https:\/\/myreplicawatches.io\/es\/wp-json\/wp\/v2\/product"}],"about":[{"href":"https:\/\/myreplicawatches.io\/es\/wp-json\/wp\/v2\/types\/product"}],"replies":[{"embeddable":true,"href":"https:\/\/myreplicawatches.io\/es\/wp-json\/wp\/v2\/comments?post=11427"}],"wp:featuredmedia":[{"embeddable":true,"href":"https:\/\/myreplicawatches.io\/es\/wp-json\/wp\/v2\/media\/24805"}],"wp:attachment":[{"href":"https:\/\/myreplicawatches.io\/es\/wp-json\/wp\/v2\/media?parent=11427"}],"wp:term":[{"taxonomy":"product_brand","embeddable":true,"href":"https:\/\/myreplicawatches.io\/es\/wp-json\/wp\/v2\/product_brand?post=11427"},{"taxonomy":"product_cat","embeddable":true,"href":"https:\/\/myreplicawatches.io\/es\/wp-json\/wp\/v2\/product_cat?post=11427"},{"taxonomy":"product_tag","embeddable":true,"href":"https:\/\/myreplicawatches.io\/es\/wp-json\/wp\/v2\/product_tag?post=11427"}],"curies":[{"name":"wp","href":"https:\/\/api.w.org\/{rel}","templated":true}]}}