{"id":11424,"date":"2023-10-03T21:38:01","date_gmt":"2023-10-03T21:38:01","guid":{"rendered":"https:\/\/myreplicawatches.io\/product\/replica-reloj-audemars-piguet-skeleton-top-clon-suizo\/"},"modified":"2025-09-20T14:39:26","modified_gmt":"2025-09-20T14:39:26","slug":"replica-reloj-audemars-piguet-skeleton-top-clon-suizo","status":"publish","type":"product","link":"https:\/\/myreplicawatches.io\/es\/product\/replica-reloj-audemars-piguet-skeleton-top-clon-suizo\/","title":{"rendered":"R\u00e9plica RELOJ AUDEMARS PIGUET SKELETON TOP Clon Suizo"},"content":{"rendered":"<h3>R\u00e9plica RELOJ AUDEMARS PIGUET SKELETON TOP Clon Suizo<\/h3>\n<p>&nbsp;<\/p>\n<div class=\"product-info__text\">\n<div class=\"prose\">\n<h5>Ventajas de poseer el Reloj R\u00e9plica AUDEMARS PIGUET SKELETON TOP Swiss Clone:<\/h5>\n<ul>\n<li>Una r\u00e9plica puede comprarse a un precio mucho m\u00e1s barato que uno aut\u00e9ntico, sin embargo, un reloj r\u00e9plica parecer\u00e1 y se sentir\u00e1 igual que el original.<\/li>\n<li>Lo \u00faltimo que alguien quiere es gastarse una fortuna para conseguir un reloj de lujo que tiene peque\u00f1as diferencias con nuestras r\u00e9plicas de relojes.<\/li>\n<li>Muchos entusiastas de los relojes no quieren gastarse miles de d\u00f3lares en relojes y quieren tener esa gran sensaci\u00f3n de poseer un gran reloj de una marca de lujo. Es entonces cuando entran en juego los relojes IP y proporcionan esa sensaci\u00f3n a sus clientes.<\/li>\n<li>\u00bf Tienes ya un aut\u00e9ntico reloj de alta gama que no quieres llevar por motivos de seguridad o por razones de devaluaci\u00f3n en algunas ocasiones ? Lleva tu R\u00e9plica de Reloj de Alta Calidad AUDEMARS PIGUET SKELETON TOP Swiss Clone Watch y si\u00e9ntete m\u00e1s seguro, ten la misma confianza, protege tus objetos de valor<\/li>\n<\/ul>\n<\/div>\n<\/div>\n<div class=\"product-info__description\">\n<div class=\"prose\"><\/div>\n<\/div>\n<ul class=\"tbl_txt\">\n<li><span class=\"odd\">Marca: R\u00e9plica RELOJ AUDEMARS P <\/span>IGUET <span class=\"odd\">SKELETON TOP Swiss Clone <\/span>Audemars Piguet Copy<\/li>\n<li><span class=\"odd\">SerieRoyal<\/span>Oak Esqueleto<\/li>\n<li><span class=\"odd\">ItemNumber15407ST.OO.1220ST.0<\/span><\/li>\n<li><span class=\"odd\">Material de la<\/span>cajaAcero inoxidable<\/li>\n<li><span class=\"odd\">MecanismoAutoenrollamiento<\/span><\/li>\n<li><span class=\"odd\">FuncionesHoras<\/span>\/ Minutos \/ Segundos<\/li>\n<li><span class=\"odd\">G\u00e9neroReloj para hombre<\/span><\/li>\n<li><span class=\"odd\">Tama\u00f1o de la caja 40<\/span> x 9,38 mm<\/li>\n<li><span class=\"odd\">Caracter\u00edsticas de impermeabilidad50<\/span>m<\/li>\n<li><span class=\"odd\">La forma del caso <\/span>Pol\u00edgono<\/li>\n<li><span class=\"odd\">CalibreAP<\/span>3129<\/li>\n<li><span class=\"odd\">Reserva de marcha60<\/span>horas<\/li>\n<li><span class=\"odd\">PulseraAcero<\/span>inoxidable<\/li>\n<li><span class=\"odd\">Caracter\u00edsticasEsqueleto<\/span><\/li>\n<\/ul>\n<p><strong>RELOJES DE FABRICACI\u00f3N SUIZA Clon 1:1<\/strong> Se ve y se siente exactamente igual.<br \/>\n\u2714 No se nota la diferencia con el aut\u00e9ntico \u2714 Resistente al agua 300 m \u2714 Cristal de zafiro resistente al rayado con revestimiento AR \u2714 Relojes de acero 904L y oro aut\u00e9ntico.<br \/>\n\u2714 Mismo peso que el original.<br \/>\n\u2714 Mismo Mecanismo que el Real \u2714 ( MISMO Movimiento SUIZO, Exactamente igual que el real ) Movimiento Autom\u00e1tico \u2714 ( El segundero no hace tictac, se mueve suavemente como el original )<\/p>\n","protected":false},"excerpt":{"rendered":"<p>R\u00e9plica RELOJ AUDEMARS PIGUET SKELETON TOP Clon Suizo &nbsp; Ventajas de poseer el Reloj R\u00e9plica AUDEMARS PIGUET SKELETON TOP Swiss Clone: Una r\u00e9plica puede comprarse a un precio mucho m\u00e1s barato que uno aut\u00e9ntico, sin embargo, un reloj r\u00e9plica parecer\u00e1 y se sentir\u00e1 igual que el original. Lo \u00faltimo que alguien quiere es gastarse una<\/p>\n","protected":false},"featured_media":8618,"comment_status":"open","ping_status":"closed","template":"","meta":{"_uag_custom_page_level_css":"","site-sidebar-layout":"default","site-content-layout":"","ast-site-content-layout":"default","site-content-style":"default","site-sidebar-style":"default","ast-global-header-display":"","ast-banner-title-visibility":"","ast-main-header-display":"","ast-hfb-above-header-display":"","ast-hfb-below-header-display":"","ast-hfb-mobile-header-display":"","site-post-title":"","ast-breadcrumbs-content":"","ast-featured-img":"","footer-sml-layout":"","theme-transparent-header-meta":"default","adv-header-id-meta":"","stick-header-meta":"default","header-above-stick-meta":"","header-main-stick-meta":"","header-below-stick-meta":"","astra-migrate-meta-layouts":"set","ast-page-background-enabled":"default","ast-page-background-meta":{"desktop":{"background-color":"var(--ast-global-color-4)","background-image":"","background-repeat":"repeat","background-position":"center center","background-size":"auto","background-attachment":"scroll","background-type":"","background-media":"","overlay-type":"","overlay-color":"","overlay-opacity":"","overlay-gradient":""},"tablet":{"background-color":"","background-image":"","background-repeat":"repeat","background-position":"center center","background-size":"auto","background-attachment":"scroll","background-type":"","background-media":"","overlay-type":"","overlay-color":"","overlay-opacity":"","overlay-gradient":""},"mobile":{"background-color":"","background-image":"","background-repeat":"repeat","background-position":"center center","background-size":"auto","background-attachment":"scroll","background-type":"","background-media":"","overlay-type":"","overlay-color":"","overlay-opacity":"","overlay-gradient":""}},"ast-content-background-meta":{"desktop":{"background-color":"var(--ast-global-color-5)","background-image":"","background-repeat":"repeat","background-position":"center center","background-size":"auto","background-attachment":"scroll","background-type":"","background-media":"","overlay-type":"","overlay-color":"","overlay-opacity":"","overlay-gradient":""},"tablet":{"background-color":"var(--ast-global-color-5)","background-image":"","background-repeat":"repeat","background-position":"center center","background-size":"auto","background-attachment":"scroll","background-type":"","background-media":"","overlay-type":"","overlay-color":"","overlay-opacity":"","overlay-gradient":""},"mobile":{"background-color":"var(--ast-global-color-5)","background-image":"","background-repeat":"repeat","background-position":"center center","background-size":"auto","background-attachment":"scroll","background-type":"","background-media":"","overlay-type":"","overlay-color":"","overlay-opacity":"","overlay-gradient":""}}},"product_brand":[],"product_cat":[168,149,154,160,158],"product_tag":[],"class_list":{"0":"post-11424","1":"product","2":"type-product","3":"status-publish","4":"has-post-thumbnail","6":"product_cat-productos-mas-nuevos","7":"product_cat-relojes-replica-audemars-piguet","8":"product_cat-replicas-de-relojes-mas-vendidas","9":"product_cat-super-clon-audemars-piguet","10":"product_cat-superclones","11":"desktop-align-left","12":"tablet-align-left","13":"mobile-align-left","14":"ast-product-gallery-layout-vertical-slider","16":"first","17":"instock","18":"shipping-taxable","19":"purchasable","20":"product-type-simple"},"uagb_featured_image_src":{"full":["https:\/\/myreplicawatches.io\/wp-content\/uploads\/2023\/10\/Replica-rolex-Sky-dweller-rose-gold-39-1.jpg",1080,1080,false],"thumbnail":["https:\/\/myreplicawatches.io\/wp-content\/uploads\/2023\/10\/Replica-rolex-Sky-dweller-rose-gold-39-1-150x150.jpg",150,150,true],"medium":["https:\/\/myreplicawatches.io\/wp-content\/uploads\/2023\/10\/Replica-rolex-Sky-dweller-rose-gold-39-1-300x300.jpg",300,300,true],"medium_large":["https:\/\/myreplicawatches.io\/wp-content\/uploads\/2023\/10\/Replica-rolex-Sky-dweller-rose-gold-39-1-768x768.jpg",768,768,true],"large":["https:\/\/myreplicawatches.io\/wp-content\/uploads\/2023\/10\/Replica-rolex-Sky-dweller-rose-gold-39-1-1024x1024.jpg",1024,1024,true],"1536x1536":["https:\/\/myreplicawatches.io\/wp-content\/uploads\/2023\/10\/Replica-rolex-Sky-dweller-rose-gold-39-1.jpg",1080,1080,false],"2048x2048":["https:\/\/myreplicawatches.io\/wp-content\/uploads\/2023\/10\/Replica-rolex-Sky-dweller-rose-gold-39-1.jpg",1080,1080,false],"woocommerce_thumbnail":["https:\/\/myreplicawatches.io\/wp-content\/uploads\/2023\/10\/Replica-rolex-Sky-dweller-rose-gold-39-1-300x300.jpg",300,300,true],"woocommerce_single":["https:\/\/myreplicawatches.io\/wp-content\/uploads\/2023\/10\/Replica-rolex-Sky-dweller-rose-gold-39-1-600x600.jpg",600,600,true],"woocommerce_gallery_thumbnail":["https:\/\/myreplicawatches.io\/wp-content\/uploads\/2023\/10\/Replica-rolex-Sky-dweller-rose-gold-39-1-100x100.jpg",100,100,true],"variation_swatches_image_size":["https:\/\/myreplicawatches.io\/wp-content\/uploads\/2023\/10\/Replica-rolex-Sky-dweller-rose-gold-39-1-50x50.jpg",50,50,true],"variation_swatches_tooltip_size":["https:\/\/myreplicawatches.io\/wp-content\/uploads\/2023\/10\/Replica-rolex-Sky-dweller-rose-gold-39-1-100x100.jpg",100,100,true],"dgwt-wcas-product-suggestion":["https:\/\/myreplicawatches.io\/wp-content\/uploads\/2023\/10\/Replica-rolex-Sky-dweller-rose-gold-39-1-64x64.jpg",64,64,true]},"uagb_author_info":{"display_name":"admin","author_link":"https:\/\/myreplicawatches.io\/es\/author\/"},"uagb_comment_info":0,"uagb_excerpt":"R\u00e9plica RELOJ AUDEMARS PIGUET SKELETON TOP Clon Suizo &nbsp; Ventajas de poseer el Reloj R\u00e9plica AUDEMARS PIGUET SKELETON TOP Swiss Clone: Una r\u00e9plica puede comprarse a un precio mucho m\u00e1s barato que uno aut\u00e9ntico, sin embargo, un reloj r\u00e9plica parecer\u00e1 y se sentir\u00e1 igual que el original. Lo \u00faltimo que alguien quiere es gastarse una","jetpack_sharing_enabled":true,"_links":{"self":[{"href":"https:\/\/myreplicawatches.io\/es\/wp-json\/wp\/v2\/product\/11424","targetHints":{"allow":["GET"]}}],"collection":[{"href":"https:\/\/myreplicawatches.io\/es\/wp-json\/wp\/v2\/product"}],"about":[{"href":"https:\/\/myreplicawatches.io\/es\/wp-json\/wp\/v2\/types\/product"}],"replies":[{"embeddable":true,"href":"https:\/\/myreplicawatches.io\/es\/wp-json\/wp\/v2\/comments?post=11424"}],"wp:featuredmedia":[{"embeddable":true,"href":"https:\/\/myreplicawatches.io\/es\/wp-json\/wp\/v2\/media\/8618"}],"wp:attachment":[{"href":"https:\/\/myreplicawatches.io\/es\/wp-json\/wp\/v2\/media?parent=11424"}],"wp:term":[{"taxonomy":"product_brand","embeddable":true,"href":"https:\/\/myreplicawatches.io\/es\/wp-json\/wp\/v2\/product_brand?post=11424"},{"taxonomy":"product_cat","embeddable":true,"href":"https:\/\/myreplicawatches.io\/es\/wp-json\/wp\/v2\/product_cat?post=11424"},{"taxonomy":"product_tag","embeddable":true,"href":"https:\/\/myreplicawatches.io\/es\/wp-json\/wp\/v2\/product_tag?post=11424"}],"curies":[{"name":"wp","href":"https:\/\/api.w.org\/{rel}","templated":true}]}}