{"id":11423,"date":"2023-10-03T21:37:51","date_gmt":"2023-10-03T21:37:51","guid":{"rendered":"https:\/\/myreplicawatches.io\/product\/replica-patek-philippe-aquanaut-negro\/"},"modified":"2025-07-30T23:15:31","modified_gmt":"2025-07-30T23:15:31","slug":"replica-patek-philippe-aquanaut-negro","status":"publish","type":"product","link":"https:\/\/myreplicawatches.io\/es\/product\/replica-patek-philippe-aquanaut-negro\/","title":{"rendered":"R\u00e9plica Patek Philippe Aquanaut Negro"},"content":{"rendered":"<h3>R\u00e9plica Patek Philippe Aquanaut Negro &#8211; Mejor calidad AAA+ Aquanaut<\/h3>\n<p>&nbsp;<\/p>\n<h5>VENTAJAS DE TENER LA R\u00c9PLICA Patek Philippe Aquanaut Negra:<\/h5>\n<ul>\n<li>Una r\u00e9plica puede comprarse a un precio mucho m\u00e1s barato que uno aut\u00e9ntico, sin embargo, un reloj r\u00e9plica parecer\u00e1 y se sentir\u00e1 igual que el original.<\/li>\n<li>Lo \u00faltimo que alguien quiere es gastarse una fortuna para conseguir un reloj de lujo que tiene peque\u00f1as diferencias con nuestras r\u00e9plicas de relojes.<\/li>\n<li>Muchos entusiastas de los relojes no quieren gastarse miles de d\u00f3lares en relojes y quieren tener esa gran sensaci\u00f3n de poseer un gran reloj de una marca de lujo. Es entonces cuando los relojes MYREPLICAWATCHES.IO entran en escena y proporcionan esa sensaci\u00f3n a sus clientes.<\/li>\n<li>\u00bf Tienes ya un aut\u00e9ntico reloj de alta gama que no quieres llevar por motivos de seguridad o por razones de devaluaci\u00f3n en algunas ocasiones ? Lleva tu R\u00e9plica de Reloj Patek Philippe Aquanaut Negro de alta calidad y si\u00e9ntete m\u00e1s seguro, ten la misma confianza, protege tus objetos de valor<\/li>\n<\/ul>\n<p><img decoding=\"async\" style=\"display: block; margin-left: auto; margin-right: auto;\" src=\"https:\/\/cdn.shopify.com\/s\/files\/1\/0273\/4840\/2250\/files\/product_desc_below_large_large_large_1080x_0a8cc31c-058a-492d-92bf-c6126a0768e4_480x480.png?v=1574892362\" alt=\"\" width=\"300\" height=\"111\" title=\"\"><\/p>\n<table class=\"compact margin-top-half\">\n<tbody>\n<tr>\n<td><strong class=\"text-uppercase\">REFERENCIA<\/strong><\/td>\n<td>5167A-001<\/td>\n<\/tr>\n<tr>\n<td><strong class=\"text-uppercase\">MIRAR POR<\/strong><\/td>\n<td>Hombres<\/td>\n<\/tr>\n<tr>\n<td><strong class=\"text-uppercase\">MOVIMIENTO<\/strong><\/td>\n<td>Autom\u00e1tico<\/td>\n<\/tr>\n<tr>\n<td><strong class=\"text-uppercase\">TAMA\u00d1O (CAJA)<\/strong><\/td>\n<td>40 mm<\/td>\n<\/tr>\n<tr>\n<td><strong class=\"text-uppercase\">MATERIAL (CAJA)<\/strong><\/td>\n<td>Acero inoxidable<\/td>\n<\/tr>\n<tr>\n<td><strong class=\"text-uppercase\">PULSERA<\/strong><\/td>\n<td>Goma<\/td>\n<\/tr>\n<tr>\n<td><strong class=\"text-uppercase\">CRISTAL<\/strong><\/td>\n<td>Zafiro<\/td>\n<\/tr>\n<\/tbody>\n<\/table>\n<p>&nbsp;<\/p>\n<p>&nbsp;<\/p>\n","protected":false},"excerpt":{"rendered":"<p>R\u00e9plica Patek Philippe Aquanaut Negro &#8211; Mejor calidad AAA+ Aquanaut &nbsp; VENTAJAS DE TENER LA R\u00c9PLICA Patek Philippe Aquanaut Negra: Una r\u00e9plica puede comprarse a un precio mucho m\u00e1s barato que uno aut\u00e9ntico, sin embargo, un reloj r\u00e9plica parecer\u00e1 y se sentir\u00e1 igual que el original. Lo \u00faltimo que alguien quiere es gastarse una fortuna<\/p>\n","protected":false},"featured_media":6908,"comment_status":"open","ping_status":"closed","template":"","meta":{"_uag_custom_page_level_css":"","site-sidebar-layout":"default","site-content-layout":"","ast-site-content-layout":"default","site-content-style":"default","site-sidebar-style":"default","ast-global-header-display":"","ast-banner-title-visibility":"","ast-main-header-display":"","ast-hfb-above-header-display":"","ast-hfb-below-header-display":"","ast-hfb-mobile-header-display":"","site-post-title":"","ast-breadcrumbs-content":"","ast-featured-img":"","footer-sml-layout":"","theme-transparent-header-meta":"default","adv-header-id-meta":"","stick-header-meta":"default","header-above-stick-meta":"","header-main-stick-meta":"","header-below-stick-meta":"","astra-migrate-meta-layouts":"set","ast-page-background-enabled":"default","ast-page-background-meta":{"desktop":{"background-color":"var(--ast-global-color-4)","background-image":"","background-repeat":"repeat","background-position":"center center","background-size":"auto","background-attachment":"scroll","background-type":"","background-media":"","overlay-type":"","overlay-color":"","overlay-opacity":"","overlay-gradient":""},"tablet":{"background-color":"","background-image":"","background-repeat":"repeat","background-position":"center center","background-size":"auto","background-attachment":"scroll","background-type":"","background-media":"","overlay-type":"","overlay-color":"","overlay-opacity":"","overlay-gradient":""},"mobile":{"background-color":"","background-image":"","background-repeat":"repeat","background-position":"center center","background-size":"auto","background-attachment":"scroll","background-type":"","background-media":"","overlay-type":"","overlay-color":"","overlay-opacity":"","overlay-gradient":""}},"ast-content-background-meta":{"desktop":{"background-color":"var(--ast-global-color-5)","background-image":"","background-repeat":"repeat","background-position":"center center","background-size":"auto","background-attachment":"scroll","background-type":"","background-media":"","overlay-type":"","overlay-color":"","overlay-opacity":"","overlay-gradient":""},"tablet":{"background-color":"var(--ast-global-color-5)","background-image":"","background-repeat":"repeat","background-position":"center center","background-size":"auto","background-attachment":"scroll","background-type":"","background-media":"","overlay-type":"","overlay-color":"","overlay-opacity":"","overlay-gradient":""},"mobile":{"background-color":"var(--ast-global-color-5)","background-image":"","background-repeat":"repeat","background-position":"center center","background-size":"auto","background-attachment":"scroll","background-type":"","background-media":"","overlay-type":"","overlay-color":"","overlay-opacity":"","overlay-gradient":""}}},"product_brand":[],"product_cat":[168,153,154],"product_tag":[2941,444,446,1209,475,440,2306,2146,437,1364,499,462],"class_list":{"0":"post-11423","1":"product","2":"type-product","3":"status-publish","4":"has-post-thumbnail","6":"product_cat-productos-mas-nuevos","7":"product_cat-replica-patek-philippe","8":"product_cat-replicas-de-relojes-mas-vendidas","9":"product_tag-aquanaut-replica-es","10":"product_tag-designer-watch","11":"product_tag-elegant-watch","12":"product_tag-high-end-watch","13":"product_tag-luxury-replica","14":"product_tag-luxury-watch","15":"product_tag-patek-philippe-aquanaut-es","16":"product_tag-patek-philippe-replica-es","17":"product_tag-replica-patek-philippe","18":"product_tag-replica-watch","19":"product_tag-sports-watch","20":"product_tag-stylish-watch","21":"desktop-align-left","22":"tablet-align-left","23":"mobile-align-left","24":"ast-product-gallery-layout-vertical-slider","26":"first","27":"instock","28":"sale","29":"shipping-taxable","30":"purchasable","31":"product-type-simple"},"uagb_featured_image_src":{"full":["https:\/\/myreplicawatches.io\/wp-content\/uploads\/2023\/10\/replica-aaa-patek-philippe-aquanaut.jpg",891,1153,false],"thumbnail":["https:\/\/myreplicawatches.io\/wp-content\/uploads\/2023\/10\/replica-aaa-patek-philippe-aquanaut-150x150.jpg",150,150,true],"medium":["https:\/\/myreplicawatches.io\/wp-content\/uploads\/2023\/10\/replica-aaa-patek-philippe-aquanaut-232x300.jpg",232,300,true],"medium_large":["https:\/\/myreplicawatches.io\/wp-content\/uploads\/2023\/10\/replica-aaa-patek-philippe-aquanaut-768x994.jpg",768,994,true],"large":["https:\/\/myreplicawatches.io\/wp-content\/uploads\/2023\/10\/replica-aaa-patek-philippe-aquanaut-791x1024.jpg",791,1024,true],"1536x1536":["https:\/\/myreplicawatches.io\/wp-content\/uploads\/2023\/10\/replica-aaa-patek-philippe-aquanaut.jpg",891,1153,false],"2048x2048":["https:\/\/myreplicawatches.io\/wp-content\/uploads\/2023\/10\/replica-aaa-patek-philippe-aquanaut.jpg",891,1153,false],"woocommerce_thumbnail":["https:\/\/myreplicawatches.io\/wp-content\/uploads\/2023\/10\/replica-aaa-patek-philippe-aquanaut-300x300.jpg",300,300,true],"woocommerce_single":["https:\/\/myreplicawatches.io\/wp-content\/uploads\/2023\/10\/replica-aaa-patek-philippe-aquanaut-600x776.jpg",600,776,true],"woocommerce_gallery_thumbnail":["https:\/\/myreplicawatches.io\/wp-content\/uploads\/2023\/10\/replica-aaa-patek-philippe-aquanaut-100x100.jpg",100,100,true],"variation_swatches_image_size":["https:\/\/myreplicawatches.io\/wp-content\/uploads\/2023\/10\/replica-aaa-patek-philippe-aquanaut.jpg",39,50,false],"variation_swatches_tooltip_size":["https:\/\/myreplicawatches.io\/wp-content\/uploads\/2023\/10\/replica-aaa-patek-philippe-aquanaut.jpg",77,100,false],"dgwt-wcas-product-suggestion":["https:\/\/myreplicawatches.io\/wp-content\/uploads\/2023\/10\/replica-aaa-patek-philippe-aquanaut-64x83.jpg",64,83,true]},"uagb_author_info":{"display_name":"admin","author_link":"https:\/\/myreplicawatches.io\/es\/author\/"},"uagb_comment_info":0,"uagb_excerpt":"R\u00e9plica Patek Philippe Aquanaut Negro &#8211; Mejor calidad AAA+ Aquanaut &nbsp; VENTAJAS DE TENER LA R\u00c9PLICA Patek Philippe Aquanaut Negra: Una r\u00e9plica puede comprarse a un precio mucho m\u00e1s barato que uno aut\u00e9ntico, sin embargo, un reloj r\u00e9plica parecer\u00e1 y se sentir\u00e1 igual que el original. Lo \u00faltimo que alguien quiere es gastarse una fortuna","jetpack_sharing_enabled":true,"_links":{"self":[{"href":"https:\/\/myreplicawatches.io\/es\/wp-json\/wp\/v2\/product\/11423","targetHints":{"allow":["GET"]}}],"collection":[{"href":"https:\/\/myreplicawatches.io\/es\/wp-json\/wp\/v2\/product"}],"about":[{"href":"https:\/\/myreplicawatches.io\/es\/wp-json\/wp\/v2\/types\/product"}],"replies":[{"embeddable":true,"href":"https:\/\/myreplicawatches.io\/es\/wp-json\/wp\/v2\/comments?post=11423"}],"wp:featuredmedia":[{"embeddable":true,"href":"https:\/\/myreplicawatches.io\/es\/wp-json\/wp\/v2\/media\/6908"}],"wp:attachment":[{"href":"https:\/\/myreplicawatches.io\/es\/wp-json\/wp\/v2\/media?parent=11423"}],"wp:term":[{"taxonomy":"product_brand","embeddable":true,"href":"https:\/\/myreplicawatches.io\/es\/wp-json\/wp\/v2\/product_brand?post=11423"},{"taxonomy":"product_cat","embeddable":true,"href":"https:\/\/myreplicawatches.io\/es\/wp-json\/wp\/v2\/product_cat?post=11423"},{"taxonomy":"product_tag","embeddable":true,"href":"https:\/\/myreplicawatches.io\/es\/wp-json\/wp\/v2\/product_tag?post=11423"}],"curies":[{"name":"wp","href":"https:\/\/api.w.org\/{rel}","templated":true}]}}