{"id":11391,"date":"2023-10-03T21:37:39","date_gmt":"2023-10-03T21:37:39","guid":{"rendered":"https:\/\/myreplicawatches.io\/product\/replica-omega-seamaster-planet-ocean-chrono\/"},"modified":"2025-07-27T12:04:33","modified_gmt":"2025-07-27T12:04:33","slug":"replica-omega-seamaster-planet-ocean-chrono","status":"publish","type":"product","link":"https:\/\/myreplicawatches.io\/es\/product\/replica-omega-seamaster-planet-ocean-chrono\/","title":{"rendered":"R\u00e9plica OMEGA SEAMASTER PLANET OCEAN CHRONO"},"content":{"rendered":"<h2>R\u00e9plica OMEGA SEAMASTER PLANET OCEAN CHRONO &#8211; R\u00e9plica de reloj de la mejor calidad AAAA<\/h2>\n<p>&nbsp;<\/p>\n<h3>Ventajas de poseer la R\u00e9plica OMEGA SEAMASTER PLANET OCEAN CHRONO:<\/h3>\n<ul>\n<li>Una r\u00e9plica puede comprarse a un precio mucho m\u00e1s barato que uno aut\u00e9ntico, sin embargo, un reloj r\u00e9plica parecer\u00e1 y se sentir\u00e1 igual que el original.<\/li>\n<li>Lo \u00faltimo que alguien quiere es gastarse una fortuna para conseguir un reloj de lujo que tiene peque\u00f1as diferencias con nuestras r\u00e9plicas de relojes.<\/li>\n<li>Muchos entusiastas de los relojes no quieren gastarse miles de d\u00f3lares en relojes y quieren tener esa gran sensaci\u00f3n de poseer un gran reloj de una marca de lujo. Aqu\u00ed es cuando entran en juego los relojes myreplicawatches.io y proporcionan esa sensaci\u00f3n a sus clientes.<\/li>\n<li>\u00bf Tienes ya un aut\u00e9ntico reloj de alta gama que no quieres llevar por motivos de seguridad o por razones de devaluaci\u00f3n en algunas ocasiones ? Lleva tu R\u00e9plica de Reloj OMEGA SEAMASTER PLANET OCEAN CHRONO de alta calidad y si\u00e9ntete m\u00e1s seguro, ten la misma confianza, protege tus objetos de valor<\/li>\n<\/ul>\n<table class=\"woocommerce-product-attributes shop_attributes\">\n<tbody>\n<tr class=\"woocommerce-product-attributes-item woocommerce-product-attributes-item--attribute_product-range\">\n<th class=\"woocommerce-product-attributes-item__label\">GAMA DE PRODUCTOS<\/th>\n<td class=\"woocommerce-product-attributes-item__value\">Seamaster Planeta Oc\u00e9ano<\/td>\n<\/tr>\n<tr class=\"woocommerce-product-attributes-item woocommerce-product-attributes-item--attribute_model\">\n<th class=\"woocommerce-product-attributes-item__label\">MODELO<\/th>\n<td class=\"woocommerce-product-attributes-item__value\">232.30.46.51.01.001<\/td>\n<\/tr>\n<tr class=\"woocommerce-product-attributes-item woocommerce-product-attributes-item--attribute_pa_bracelet-material\">\n<th class=\"woocommerce-product-attributes-item__label\">MATERIAL DE LA PULSERA<\/th>\n<td class=\"woocommerce-product-attributes-item__value\">Acero inoxidable de grado 316<\/td>\n<\/tr>\n<tr class=\"woocommerce-product-attributes-item woocommerce-product-attributes-item--attribute_pa_brand\">\n<th class=\"woocommerce-product-attributes-item__label\">MARCA<\/th>\n<td class=\"woocommerce-product-attributes-item__value\">Omega<\/td>\n<\/tr>\n<tr class=\"woocommerce-product-attributes-item woocommerce-product-attributes-item--attribute_pa_case-material\">\n<th class=\"woocommerce-product-attributes-item__label\">MATERIAL DE LA CAJA<\/th>\n<td class=\"woocommerce-product-attributes-item__value\">Acero inoxidable de grado 316<\/td>\n<\/tr>\n<tr class=\"woocommerce-product-attributes-item woocommerce-product-attributes-item--attribute_pa_case-size\">\n<th class=\"woocommerce-product-attributes-item__label\">TAMA\u00d1O DEL ESTUCHE<\/th>\n<td class=\"woocommerce-product-attributes-item__value\">45,5 MM<\/td>\n<\/tr>\n<tr class=\"woocommerce-product-attributes-item woocommerce-product-attributes-item--attribute_pa_dial-type\">\n<th class=\"woocommerce-product-attributes-item__label\">TIPO DE DIAL<\/th>\n<td class=\"woocommerce-product-attributes-item__value\">Negro<\/td>\n<\/tr>\n<tr class=\"woocommerce-product-attributes-item woocommerce-product-attributes-item--attribute_pa_gender\">\n<th class=\"woocommerce-product-attributes-item__label\">G\u00c9NERO<\/th>\n<td class=\"woocommerce-product-attributes-item__value\">Hombres<\/td>\n<\/tr>\n<tr class=\"woocommerce-product-attributes-item woocommerce-product-attributes-item--attribute_pa_model\">\n<th class=\"woocommerce-product-attributes-item__label\">MODELO<\/th>\n<td class=\"woocommerce-product-attributes-item__value\">232.30.46.51.01.001<\/td>\n<\/tr>\n<tr class=\"woocommerce-product-attributes-item woocommerce-product-attributes-item--attribute_pa_movement\">\n<th class=\"woocommerce-product-attributes-item__label\">MOVIMIENTO<\/th>\n<td class=\"woocommerce-product-attributes-item__value\">Autom\u00e1tico<\/td>\n<\/tr>\n<tr class=\"woocommerce-product-attributes-item woocommerce-product-attributes-item--attribute_pa_range\">\n<th class=\"woocommerce-product-attributes-item__label\">GAMA<\/th>\n<td class=\"woocommerce-product-attributes-item__value\">Seamaster Planeta Oc\u00e9ano<\/td>\n<\/tr>\n<tr class=\"woocommerce-product-attributes-item woocommerce-product-attributes-item--attribute_pa_water-resistant\">\n<th class=\"woocommerce-product-attributes-item__label\">RESISTENTE AL AGUA<\/th>\n<td class=\"woocommerce-product-attributes-item__value\">Resistencia al agua<\/td>\n<\/tr>\n<tr class=\"woocommerce-product-attributes-item woocommerce-product-attributes-item--attribute_pa_watch-bracelet-material\">\n<th class=\"woocommerce-product-attributes-item__label\">MATERIAL DE LA PULSERA<\/th>\n<td class=\"woocommerce-product-attributes-item__value\">Acero<\/td>\n<\/tr>\n<\/tbody>\n<\/table>\n","protected":false},"excerpt":{"rendered":"<p>R\u00e9plica OMEGA SEAMASTER PLANET OCEAN CHRONO &#8211; R\u00e9plica de reloj de la mejor calidad AAAA &nbsp; Ventajas de poseer la R\u00e9plica OMEGA SEAMASTER PLANET OCEAN CHRONO: Una r\u00e9plica puede comprarse a un precio mucho m\u00e1s barato que uno aut\u00e9ntico, sin embargo, un reloj r\u00e9plica parecer\u00e1 y se sentir\u00e1 igual que el original. Lo \u00faltimo que<\/p>\n","protected":false},"featured_media":6898,"comment_status":"open","ping_status":"closed","template":"","meta":{"_uag_custom_page_level_css":"","site-sidebar-layout":"default","site-content-layout":"","ast-site-content-layout":"default","site-content-style":"default","site-sidebar-style":"default","ast-global-header-display":"","ast-banner-title-visibility":"","ast-main-header-display":"","ast-hfb-above-header-display":"","ast-hfb-below-header-display":"","ast-hfb-mobile-header-display":"","site-post-title":"","ast-breadcrumbs-content":"","ast-featured-img":"","footer-sml-layout":"","theme-transparent-header-meta":"default","adv-header-id-meta":"","stick-header-meta":"default","header-above-stick-meta":"","header-main-stick-meta":"","header-below-stick-meta":"","astra-migrate-meta-layouts":"set","ast-page-background-enabled":"default","ast-page-background-meta":{"desktop":{"background-color":"var(--ast-global-color-4)","background-image":"","background-repeat":"repeat","background-position":"center center","background-size":"auto","background-attachment":"scroll","background-type":"","background-media":"","overlay-type":"","overlay-color":"","overlay-opacity":"","overlay-gradient":""},"tablet":{"background-color":"","background-image":"","background-repeat":"repeat","background-position":"center center","background-size":"auto","background-attachment":"scroll","background-type":"","background-media":"","overlay-type":"","overlay-color":"","overlay-opacity":"","overlay-gradient":""},"mobile":{"background-color":"","background-image":"","background-repeat":"repeat","background-position":"center center","background-size":"auto","background-attachment":"scroll","background-type":"","background-media":"","overlay-type":"","overlay-color":"","overlay-opacity":"","overlay-gradient":""}},"ast-content-background-meta":{"desktop":{"background-color":"var(--ast-global-color-5)","background-image":"","background-repeat":"repeat","background-position":"center center","background-size":"auto","background-attachment":"scroll","background-type":"","background-media":"","overlay-type":"","overlay-color":"","overlay-opacity":"","overlay-gradient":""},"tablet":{"background-color":"var(--ast-global-color-5)","background-image":"","background-repeat":"repeat","background-position":"center center","background-size":"auto","background-attachment":"scroll","background-type":"","background-media":"","overlay-type":"","overlay-color":"","overlay-opacity":"","overlay-gradient":""},"mobile":{"background-color":"var(--ast-global-color-5)","background-image":"","background-repeat":"repeat","background-position":"center center","background-size":"auto","background-attachment":"scroll","background-type":"","background-media":"","overlay-type":"","overlay-color":"","overlay-opacity":"","overlay-gradient":""}}},"product_brand":[],"product_cat":[168,150,226,154],"product_tag":[256,444,1209,3813,440,255,3021,3027,3023,1955,3024,1080,3022,3103,2486,3026,3020],"class_list":{"0":"post-11391","1":"product","2":"type-product","3":"status-publish","4":"has-post-thumbnail","6":"product_cat-productos-mas-nuevos","7":"product_cat-relojes-replica-omega-de-la-mej","8":"product_cat-replica-omega-seamaster","9":"product_cat-replicas-de-relojes-mas-vendidas","10":"product_tag-capitan-de-navio","11":"product_tag-designer-watch","12":"product_tag-high-end-watch","13":"product_tag-luxury-replica-watch-es","14":"product_tag-luxury-watch","15":"product_tag-omega-es","16":"product_tag-omega-chrono-es","17":"product_tag-omega-planet-ocean-es","18":"product_tag-omega-replica-es","19":"product_tag-omega-seamaster-es","20":"product_tag-omega-seamaster-replica-es","21":"product_tag-omega-watch","22":"product_tag-planet-ocean-chrono-es","23":"product_tag-planet-ocean-replica-es","24":"product_tag-replica-omega","25":"product_tag-seamaster-chrono-es","26":"product_tag-seamaster-planet-ocean-es","27":"desktop-align-left","28":"tablet-align-left","29":"mobile-align-left","30":"ast-product-gallery-layout-vertical-slider","32":"first","33":"instock","34":"sale","35":"shipping-taxable","36":"purchasable","37":"product-type-simple"},"uagb_featured_image_src":{"full":["https:\/\/myreplicawatches.io\/wp-content\/uploads\/2023\/10\/replica-aaa-omega-seamaster-planet-ocean-chrono-auto-watch.jpg",1000,1280,false],"thumbnail":["https:\/\/myreplicawatches.io\/wp-content\/uploads\/2023\/10\/replica-aaa-omega-seamaster-planet-ocean-chrono-auto-watch-150x150.jpg",150,150,true],"medium":["https:\/\/myreplicawatches.io\/wp-content\/uploads\/2023\/10\/replica-aaa-omega-seamaster-planet-ocean-chrono-auto-watch-234x300.jpg",234,300,true],"medium_large":["https:\/\/myreplicawatches.io\/wp-content\/uploads\/2023\/10\/replica-aaa-omega-seamaster-planet-ocean-chrono-auto-watch-768x983.jpg",768,983,true],"large":["https:\/\/myreplicawatches.io\/wp-content\/uploads\/2023\/10\/replica-aaa-omega-seamaster-planet-ocean-chrono-auto-watch-800x1024.jpg",800,1024,true],"1536x1536":["https:\/\/myreplicawatches.io\/wp-content\/uploads\/2023\/10\/replica-aaa-omega-seamaster-planet-ocean-chrono-auto-watch.jpg",1000,1280,false],"2048x2048":["https:\/\/myreplicawatches.io\/wp-content\/uploads\/2023\/10\/replica-aaa-omega-seamaster-planet-ocean-chrono-auto-watch.jpg",1000,1280,false],"woocommerce_thumbnail":["https:\/\/myreplicawatches.io\/wp-content\/uploads\/2023\/10\/replica-aaa-omega-seamaster-planet-ocean-chrono-auto-watch-300x300.jpg",300,300,true],"woocommerce_single":["https:\/\/myreplicawatches.io\/wp-content\/uploads\/2023\/10\/replica-aaa-omega-seamaster-planet-ocean-chrono-auto-watch-600x768.jpg",600,768,true],"woocommerce_gallery_thumbnail":["https:\/\/myreplicawatches.io\/wp-content\/uploads\/2023\/10\/replica-aaa-omega-seamaster-planet-ocean-chrono-auto-watch-100x100.jpg",100,100,true],"variation_swatches_image_size":["https:\/\/myreplicawatches.io\/wp-content\/uploads\/2023\/10\/replica-aaa-omega-seamaster-planet-ocean-chrono-auto-watch.jpg",39,50,false],"variation_swatches_tooltip_size":["https:\/\/myreplicawatches.io\/wp-content\/uploads\/2023\/10\/replica-aaa-omega-seamaster-planet-ocean-chrono-auto-watch.jpg",78,100,false],"dgwt-wcas-product-suggestion":["https:\/\/myreplicawatches.io\/wp-content\/uploads\/2023\/10\/replica-aaa-omega-seamaster-planet-ocean-chrono-auto-watch-64x82.jpg",64,82,true]},"uagb_author_info":{"display_name":"admin","author_link":"https:\/\/myreplicawatches.io\/es\/author\/"},"uagb_comment_info":0,"uagb_excerpt":"R\u00e9plica OMEGA SEAMASTER PLANET OCEAN CHRONO &#8211; R\u00e9plica de reloj de la mejor calidad AAAA &nbsp; Ventajas de poseer la R\u00e9plica OMEGA SEAMASTER PLANET OCEAN CHRONO: Una r\u00e9plica puede comprarse a un precio mucho m\u00e1s barato que uno aut\u00e9ntico, sin embargo, un reloj r\u00e9plica parecer\u00e1 y se sentir\u00e1 igual que el original. Lo \u00faltimo que","jetpack_sharing_enabled":true,"_links":{"self":[{"href":"https:\/\/myreplicawatches.io\/es\/wp-json\/wp\/v2\/product\/11391","targetHints":{"allow":["GET"]}}],"collection":[{"href":"https:\/\/myreplicawatches.io\/es\/wp-json\/wp\/v2\/product"}],"about":[{"href":"https:\/\/myreplicawatches.io\/es\/wp-json\/wp\/v2\/types\/product"}],"replies":[{"embeddable":true,"href":"https:\/\/myreplicawatches.io\/es\/wp-json\/wp\/v2\/comments?post=11391"}],"wp:featuredmedia":[{"embeddable":true,"href":"https:\/\/myreplicawatches.io\/es\/wp-json\/wp\/v2\/media\/6898"}],"wp:attachment":[{"href":"https:\/\/myreplicawatches.io\/es\/wp-json\/wp\/v2\/media?parent=11391"}],"wp:term":[{"taxonomy":"product_brand","embeddable":true,"href":"https:\/\/myreplicawatches.io\/es\/wp-json\/wp\/v2\/product_brand?post=11391"},{"taxonomy":"product_cat","embeddable":true,"href":"https:\/\/myreplicawatches.io\/es\/wp-json\/wp\/v2\/product_cat?post=11391"},{"taxonomy":"product_tag","embeddable":true,"href":"https:\/\/myreplicawatches.io\/es\/wp-json\/wp\/v2\/product_tag?post=11391"}],"curies":[{"name":"wp","href":"https:\/\/api.w.org\/{rel}","templated":true}]}}