{"id":11329,"date":"2023-10-03T21:36:04","date_gmt":"2023-10-03T21:36:04","guid":{"rendered":"https:\/\/myreplicawatches.io\/product\/replica-11-clon-louis-vuitton-keepall-bandouliere-monogram-50-rosa\/"},"modified":"2025-11-16T12:40:22","modified_gmt":"2025-11-16T12:40:22","slug":"replica-11-clon-louis-vuitton-keepall-bandouliere-monogram-50-rosa","status":"publish","type":"product","link":"https:\/\/myreplicawatches.io\/es\/product\/replica-11-clon-louis-vuitton-keepall-bandouliere-monogram-50-rosa\/","title":{"rendered":"R\u00e9plica 1:1 Clon Louis Vuitton Keepall Bandouliere Monogram 50 Rosa"},"content":{"rendered":"<p>&nbsp;<\/p>\n<div><\/div>\n<div><img decoding=\"async\" style=\"display: block; margin-left: auto; margin-right: auto;\" src=\"https:\/\/cdn.shopify.com\/s\/files\/1\/0273\/4840\/2250\/files\/product_desc_below_large_large_large_1080x_0a8cc31c-058a-492d-92bf-c6126a0768e4_480x480.png?v=1574892362\" alt=\"\" width=\"352\" height=\"130\" title=\"\"><\/div>\n<ul>\n<li><strong>Tipo:<\/strong><span class=\"des-wrap\"><b>Bolsas de viaje<\/b> <\/span><\/li>\n<li><strong>Sexo:<\/strong><span class=\"des-wrap\"><b>Hombres<\/b> <b>Mujeres<\/b> <\/span><\/li>\n<li><strong>Estilo:<\/strong><span class=\"des-wrap\"><b>Moda<\/b> <\/span><\/li>\n<li><strong>Material:<\/strong><span class=\"des-wrap\"><b>PVC<\/b> <\/span><\/li>\n<li><strong>Patr\u00f3n:<\/strong><span class=\"des-wrap\"><b>Liso<\/b> <\/span><\/li>\n<li><strong>Capacidad:<\/strong><span class=\"des-wrap\"><b>36-55L<\/b> <\/span><\/li>\n<li><strong>Tener barras de tracci\u00f3n:<\/strong><span class=\"des-wrap\"><b>No<\/b> <\/span><\/li>\n<li><strong>Peso del art\u00edculo:<\/strong><span class=\"des-wrap\"><b>2KG<\/b> <\/span><\/li>\n<li><strong>Anchura del art\u00edculo:<\/strong><span class=\"des-wrap\"><b>22cm<\/b> <\/span><\/li>\n<li><strong>Decoraci\u00f3n:<\/strong><span class=\"des-wrap\"><b>Cadenas<\/b> <b>Cerradura<\/b> <\/span><\/li>\n<li><strong>Dureza:<\/strong><span class=\"des-wrap\"><b>Blanda<\/b> <\/span><\/li>\n<li><strong>Altura del art\u00edculo:<\/strong><span class=\"des-wrap\"><b>29cm<\/b> <\/span><\/li>\n<li><strong>Longitud del art\u00edculo:<\/strong><span class=\"des-wrap\"><b>50 cm<\/b> <\/span><\/li>\n<li><strong>Tipo de cierre:<\/strong><span class=\"des-wrap\"><b>Cremallera<\/b> <\/span><\/li>\n<\/ul>\n<div>\n<h3>GARANT\u00cdA<\/h3>\n<p>100% de satisfacci\u00f3n garantizada Si no est\u00e1s satisfecho al 100% con tu primer Limitless , prometemos arreglarlo todo.<\/p>\n<\/div>\n<div><\/div>\n<div><\/div>\n<div><strong>ENV\u00cdO<\/strong><\/div>\n<div><\/div>\n<div>Env\u00edo Seguro Gratuito ( 15-20 d\u00edas estimaci\u00f3n llegada )<\/div>\n<div>Env\u00edo asegurado DHL ( 5-10 d\u00edas estimaci\u00f3n llegada ) &#8211; Coste extra en la caja<\/div>\n","protected":false},"excerpt":{"rendered":"<p>&nbsp; Tipo:Bolsas de viaje Sexo:Hombres Mujeres Estilo:Moda Material:PVC Patr\u00f3n:Liso Capacidad:36-55L Tener barras de tracci\u00f3n:No Peso del art\u00edculo:2KG Anchura del art\u00edculo:22cm Decoraci\u00f3n:Cadenas Cerradura Dureza:Blanda Altura del art\u00edculo:29cm Longitud del art\u00edculo:50 cm Tipo de cierre:Cremallera GARANT\u00cdA 100% de satisfacci\u00f3n garantizada Si no est\u00e1s satisfecho al 100% con tu primer Limitless , prometemos arreglarlo todo. ENV\u00cdO Env\u00edo Seguro<\/p>\n","protected":false},"featured_media":6828,"comment_status":"open","ping_status":"closed","template":"","meta":{"_uag_custom_page_level_css":"","site-sidebar-layout":"default","site-content-layout":"","ast-site-content-layout":"default","site-content-style":"default","site-sidebar-style":"default","ast-global-header-display":"","ast-banner-title-visibility":"","ast-main-header-display":"","ast-hfb-above-header-display":"","ast-hfb-below-header-display":"","ast-hfb-mobile-header-display":"","site-post-title":"","ast-breadcrumbs-content":"","ast-featured-img":"","footer-sml-layout":"","theme-transparent-header-meta":"default","adv-header-id-meta":"","stick-header-meta":"default","header-above-stick-meta":"","header-main-stick-meta":"","header-below-stick-meta":"","astra-migrate-meta-layouts":"set","ast-page-background-enabled":"default","ast-page-background-meta":{"desktop":{"background-color":"var(--ast-global-color-4)","background-image":"","background-repeat":"repeat","background-position":"center center","background-size":"auto","background-attachment":"scroll","background-type":"","background-media":"","overlay-type":"","overlay-color":"","overlay-opacity":"","overlay-gradient":""},"tablet":{"background-color":"","background-image":"","background-repeat":"repeat","background-position":"center center","background-size":"auto","background-attachment":"scroll","background-type":"","background-media":"","overlay-type":"","overlay-color":"","overlay-opacity":"","overlay-gradient":""},"mobile":{"background-color":"","background-image":"","background-repeat":"repeat","background-position":"center center","background-size":"auto","background-attachment":"scroll","background-type":"","background-media":"","overlay-type":"","overlay-color":"","overlay-opacity":"","overlay-gradient":""}},"ast-content-background-meta":{"desktop":{"background-color":"var(--ast-global-color-5)","background-image":"","background-repeat":"repeat","background-position":"center center","background-size":"auto","background-attachment":"scroll","background-type":"","background-media":"","overlay-type":"","overlay-color":"","overlay-opacity":"","overlay-gradient":""},"tablet":{"background-color":"var(--ast-global-color-5)","background-image":"","background-repeat":"repeat","background-position":"center center","background-size":"auto","background-attachment":"scroll","background-type":"","background-media":"","overlay-type":"","overlay-color":"","overlay-opacity":"","overlay-gradient":""},"mobile":{"background-color":"var(--ast-global-color-5)","background-image":"","background-repeat":"repeat","background-position":"center center","background-size":"auto","background-attachment":"scroll","background-type":"","background-media":"","overlay-type":"","overlay-color":"","overlay-opacity":"","overlay-gradient":""}}},"product_brand":[],"product_cat":[168,154],"product_tag":[2811,2815,2889,2795,2803,2812,2796,2851,2840,2813,2852,2886,2888,2808,2816],"class_list":{"0":"post-11329","1":"product","2":"type-product","3":"status-publish","4":"has-post-thumbnail","6":"product_cat-productos-mas-nuevos","7":"product_cat-replicas-de-relojes-mas-vendidas","8":"product_tag-designer-travel-bag","9":"product_tag-high-end-luggage","10":"product_tag-keepall-50-pink","11":"product_tag-keepall-bandouliere","12":"product_tag-louis-vuitton-bandouliere","13":"product_tag-louis-vuitton-clone","14":"product_tag-louis-vuitton-keepall","15":"product_tag-luxury-weekender-bag","16":"product_tag-monogram-50-es","17":"product_tag-monogram-bag","18":"product_tag-monogram-keepall","19":"product_tag-pink-keepall","20":"product_tag-pink-luggage","21":"product_tag-replica-louis-vuitton-es","22":"product_tag-replica-luxury-bag","23":"desktop-align-left","24":"tablet-align-left","25":"mobile-align-left","26":"ast-product-gallery-layout-vertical-slider","28":"first","29":"instock","30":"shipping-taxable","31":"purchasable","32":"product-type-simple"},"uagb_featured_image_src":{"full":["https:\/\/myreplicawatches.io\/wp-content\/uploads\/2023\/10\/replica-11-clone-louis-vuitton-keepall-bandouliere-monogram-50-pink-9.png",912,780,false],"thumbnail":["https:\/\/myreplicawatches.io\/wp-content\/uploads\/2023\/10\/replica-11-clone-louis-vuitton-keepall-bandouliere-monogram-50-pink-9-150x150.png",150,150,true],"medium":["https:\/\/myreplicawatches.io\/wp-content\/uploads\/2023\/10\/replica-11-clone-louis-vuitton-keepall-bandouliere-monogram-50-pink-9-300x257.png",300,257,true],"medium_large":["https:\/\/myreplicawatches.io\/wp-content\/uploads\/2023\/10\/replica-11-clone-louis-vuitton-keepall-bandouliere-monogram-50-pink-9-768x657.png",768,657,true],"large":["https:\/\/myreplicawatches.io\/wp-content\/uploads\/2023\/10\/replica-11-clone-louis-vuitton-keepall-bandouliere-monogram-50-pink-9.png",912,780,false],"1536x1536":["https:\/\/myreplicawatches.io\/wp-content\/uploads\/2023\/10\/replica-11-clone-louis-vuitton-keepall-bandouliere-monogram-50-pink-9.png",912,780,false],"2048x2048":["https:\/\/myreplicawatches.io\/wp-content\/uploads\/2023\/10\/replica-11-clone-louis-vuitton-keepall-bandouliere-monogram-50-pink-9.png",912,780,false],"woocommerce_thumbnail":["https:\/\/myreplicawatches.io\/wp-content\/uploads\/2023\/10\/replica-11-clone-louis-vuitton-keepall-bandouliere-monogram-50-pink-9-300x300.png",300,300,true],"woocommerce_single":["https:\/\/myreplicawatches.io\/wp-content\/uploads\/2023\/10\/replica-11-clone-louis-vuitton-keepall-bandouliere-monogram-50-pink-9-600x513.png",600,513,true],"woocommerce_gallery_thumbnail":["https:\/\/myreplicawatches.io\/wp-content\/uploads\/2023\/10\/replica-11-clone-louis-vuitton-keepall-bandouliere-monogram-50-pink-9-100x100.png",100,100,true],"variation_swatches_image_size":["https:\/\/myreplicawatches.io\/wp-content\/uploads\/2023\/10\/replica-11-clone-louis-vuitton-keepall-bandouliere-monogram-50-pink-9.png",50,43,false],"variation_swatches_tooltip_size":["https:\/\/myreplicawatches.io\/wp-content\/uploads\/2023\/10\/replica-11-clone-louis-vuitton-keepall-bandouliere-monogram-50-pink-9.png",100,86,false],"dgwt-wcas-product-suggestion":["https:\/\/myreplicawatches.io\/wp-content\/uploads\/2023\/10\/replica-11-clone-louis-vuitton-keepall-bandouliere-monogram-50-pink-9-64x55.png",64,55,true]},"uagb_author_info":{"display_name":"admin","author_link":"https:\/\/myreplicawatches.io\/es\/author\/"},"uagb_comment_info":0,"uagb_excerpt":"&nbsp; Tipo:Bolsas de viaje Sexo:Hombres Mujeres Estilo:Moda Material:PVC Patr\u00f3n:Liso Capacidad:36-55L Tener barras de tracci\u00f3n:No Peso del art\u00edculo:2KG Anchura del art\u00edculo:22cm Decoraci\u00f3n:Cadenas Cerradura Dureza:Blanda Altura del art\u00edculo:29cm Longitud del art\u00edculo:50 cm Tipo de cierre:Cremallera GARANT\u00cdA 100% de satisfacci\u00f3n garantizada Si no est\u00e1s satisfecho al 100% con tu primer Limitless , prometemos arreglarlo todo. ENV\u00cdO Env\u00edo Seguro","jetpack_sharing_enabled":true,"_links":{"self":[{"href":"https:\/\/myreplicawatches.io\/es\/wp-json\/wp\/v2\/product\/11329","targetHints":{"allow":["GET"]}}],"collection":[{"href":"https:\/\/myreplicawatches.io\/es\/wp-json\/wp\/v2\/product"}],"about":[{"href":"https:\/\/myreplicawatches.io\/es\/wp-json\/wp\/v2\/types\/product"}],"replies":[{"embeddable":true,"href":"https:\/\/myreplicawatches.io\/es\/wp-json\/wp\/v2\/comments?post=11329"}],"wp:featuredmedia":[{"embeddable":true,"href":"https:\/\/myreplicawatches.io\/es\/wp-json\/wp\/v2\/media\/6828"}],"wp:attachment":[{"href":"https:\/\/myreplicawatches.io\/es\/wp-json\/wp\/v2\/media?parent=11329"}],"wp:term":[{"taxonomy":"product_brand","embeddable":true,"href":"https:\/\/myreplicawatches.io\/es\/wp-json\/wp\/v2\/product_brand?post=11329"},{"taxonomy":"product_cat","embeddable":true,"href":"https:\/\/myreplicawatches.io\/es\/wp-json\/wp\/v2\/product_cat?post=11329"},{"taxonomy":"product_tag","embeddable":true,"href":"https:\/\/myreplicawatches.io\/es\/wp-json\/wp\/v2\/product_tag?post=11329"}],"curies":[{"name":"wp","href":"https:\/\/api.w.org\/{rel}","templated":true}]}}