{"id":11325,"date":"2023-10-03T21:36:01","date_gmt":"2023-10-03T21:36:01","guid":{"rendered":"https:\/\/myreplicawatches.io\/product\/replica-11-clon-louis-vuitton-keepall-bandouliere-monograma-50-azul\/"},"modified":"2025-11-16T12:40:40","modified_gmt":"2025-11-16T12:40:40","slug":"replica-11-clon-louis-vuitton-keepall-bandouliere-monograma-50-azul","status":"publish","type":"product","link":"https:\/\/myreplicawatches.io\/es\/product\/replica-11-clon-louis-vuitton-keepall-bandouliere-monograma-50-azul\/","title":{"rendered":"R\u00e9plica 1:1 Clon Louis Vuitton Keepall Bandouliere Monograma 50 Azul"},"content":{"rendered":"<p>&nbsp;<\/p>\n<p><img fetchpriority=\"high\" decoding=\"async\" style=\"display: block; margin-left: auto; margin-right: auto;\" src=\"https:\/\/cdn.shopify.com\/s\/files\/1\/0273\/4840\/2250\/files\/promofindsbadges_large_large_large_large_41f1be36-7eef-4d24-9daa-6fd74ee0ade3_480x480.png?v=1571136293\" alt=\"\" width=\"383\" height=\"135\" title=\"\">  La Bandolera Keepall RGB presenta un cuerpo de PVC con monograma, un detalle de cadena y etiqueta de equipaje, asas enrolladas de PVC y un cierre superior de cremallera.<br \/>\nEXCELENTE &#8211; El art\u00edculo es totalmente nuevo.   &nbsp;<\/p>\n<ul>\n<li><strong>Tipo:<\/strong><span class=\"des-wrap\"><b>Bolsas de viaje<\/b>  <\/span> <\/li>\n<li><strong>Sexo:<\/strong><span class=\"des-wrap\"><b>Hombres<\/b>  <b>Mujeres<\/b>  <\/span> <\/li>\n<li><strong>Estilo:<\/strong><span class=\"des-wrap\"><b>Moda<\/b>  <\/span> <\/li>\n<li><strong>Material:<\/strong><span class=\"des-wrap\"><b>PVC<\/b>  <\/span> <\/li>\n<li><strong>Patr\u00f3n:<\/strong><span class=\"des-wrap\"><b>Liso<\/b>  <\/span> <\/li>\n<li><strong>Capacidad:<\/strong><span class=\"des-wrap\"><b>36-55L<\/b>  <\/span> <\/li>\n<li><strong>Tener barras de tracci\u00f3n:<\/strong><span class=\"des-wrap\"><b>No<\/b>  <\/span> <\/li>\n<li><strong>Peso del art\u00edculo:<\/strong><span class=\"des-wrap\"><b>2KG<\/b>  <\/span> <\/li>\n<li><strong>Anchura del art\u00edculo:<\/strong><span class=\"des-wrap\"><b>22cm<\/b>  <\/span> <\/li>\n<li><strong>Decoraci\u00f3n:<\/strong><span class=\"des-wrap\"><b>Cadenas<\/b>  <b>Cerradura<\/b>  <\/span> <\/li>\n<li><strong>Dureza:<\/strong><span class=\"des-wrap\"><b>Blanda<\/b>  <\/span> <\/li>\n<li><strong>Altura del art\u00edculo:<\/strong><span class=\"des-wrap\"><b>29cm<\/b>  <\/span> <\/li>\n<li><strong>Longitud del art\u00edculo:<\/strong><span class=\"des-wrap\"><b>50 cm<\/b>  <\/span> <\/li>\n<li><strong>Tipo de cierre:<\/strong><span class=\"des-wrap\"><b>Cremallera<\/b>  <\/span> <\/li>\n<\/ul>\n<p>&nbsp;<\/p>\n<div>\n<h3>Garant\u00eda<\/h3>\n<p>  100% de satisfacci\u00f3n garantizada Si no quedas satisfecho al 100% con tu primera myreplicawatches.io , nos comprometemos a arreglarlo todo.  <\/p><\/div>\n<div><\/div>\n<div><\/div>\n<div><strong>ENV\u00cdO<\/strong><\/div>\n<div><\/div>\n<div>DHL Env\u00edo Seguro ( 5-10 d\u00edas estimaci\u00f3n llegada )<\/div>\n<p>&nbsp;<\/p>\n","protected":false},"excerpt":{"rendered":"<p>&nbsp; La Bandolera Keepall RGB presenta un cuerpo de PVC con monograma, un detalle de cadena y etiqueta de equipaje, asas enrolladas de PVC y un cierre superior de cremallera. EXCELENTE &#8211; El art\u00edculo es totalmente nuevo. &nbsp; Tipo:Bolsas de viaje Sexo:Hombres Mujeres Estilo:Moda Material:PVC Patr\u00f3n:Liso Capacidad:36-55L Tener barras de tracci\u00f3n:No Peso del art\u00edculo:2KG Anchura<\/p>\n","protected":false},"featured_media":8669,"comment_status":"open","ping_status":"closed","template":"","meta":{"_uag_custom_page_level_css":"","site-sidebar-layout":"default","site-content-layout":"","ast-site-content-layout":"default","site-content-style":"default","site-sidebar-style":"default","ast-global-header-display":"","ast-banner-title-visibility":"","ast-main-header-display":"","ast-hfb-above-header-display":"","ast-hfb-below-header-display":"","ast-hfb-mobile-header-display":"","site-post-title":"","ast-breadcrumbs-content":"","ast-featured-img":"","footer-sml-layout":"","theme-transparent-header-meta":"default","adv-header-id-meta":"","stick-header-meta":"default","header-above-stick-meta":"","header-main-stick-meta":"","header-below-stick-meta":"","astra-migrate-meta-layouts":"default","ast-page-background-enabled":"default","ast-page-background-meta":{"desktop":{"background-color":"var(--ast-global-color-4)","background-image":"","background-repeat":"repeat","background-position":"center center","background-size":"auto","background-attachment":"scroll","background-type":"","background-media":"","overlay-type":"","overlay-color":"","overlay-opacity":"","overlay-gradient":""},"tablet":{"background-color":"","background-image":"","background-repeat":"repeat","background-position":"center center","background-size":"auto","background-attachment":"scroll","background-type":"","background-media":"","overlay-type":"","overlay-color":"","overlay-opacity":"","overlay-gradient":""},"mobile":{"background-color":"","background-image":"","background-repeat":"repeat","background-position":"center center","background-size":"auto","background-attachment":"scroll","background-type":"","background-media":"","overlay-type":"","overlay-color":"","overlay-opacity":"","overlay-gradient":""}},"ast-content-background-meta":{"desktop":{"background-color":"var(--ast-global-color-5)","background-image":"","background-repeat":"repeat","background-position":"center center","background-size":"auto","background-attachment":"scroll","background-type":"","background-media":"","overlay-type":"","overlay-color":"","overlay-opacity":"","overlay-gradient":""},"tablet":{"background-color":"var(--ast-global-color-5)","background-image":"","background-repeat":"repeat","background-position":"center center","background-size":"auto","background-attachment":"scroll","background-type":"","background-media":"","overlay-type":"","overlay-color":"","overlay-opacity":"","overlay-gradient":""},"mobile":{"background-color":"var(--ast-global-color-5)","background-image":"","background-repeat":"repeat","background-position":"center center","background-size":"auto","background-attachment":"scroll","background-type":"","background-media":"","overlay-type":"","overlay-color":"","overlay-opacity":"","overlay-gradient":""}}},"product_brand":[],"product_cat":[168,154],"product_tag":[2349,760,1948,1761,2351,2352,1814,442,555,238,2348,1811,2350,2383,1965,2347,567,1818,1409],"class_list":{"0":"post-11325","1":"product","2":"type-product","3":"status-publish","4":"has-post-thumbnail","6":"product_cat-productos-mas-nuevos","7":"product_cat-replicas-de-relojes-mas-vendidas","8":"product_tag-2349","9":"product_tag-authentic-look","10":"product_tag-classic-design-es","11":"product_tag-designer-bag","12":"product_tag-durable-material","13":"product_tag-exclusive-bag","14":"product_tag-fashion-accessories","15":"product_tag-high-quality-replica","16":"product_tag-limited-edition","17":"product_tag-louis-vuitton-es","18":"product_tag-louis-vuitton-keepall-bandouliere","19":"product_tag-luxury-bag","20":"product_tag-luxury-handbag","21":"product_tag-monogram-es","22":"product_tag-premium-quality","23":"product_tag-replica-11-clone","24":"product_tag-stylish-es","25":"product_tag-travel-bag","26":"product_tag-unisex-es","27":"desktop-align-left","28":"tablet-align-left","29":"mobile-align-left","30":"ast-product-gallery-layout-vertical-slider","32":"first","33":"instock","34":"shipping-taxable","35":"purchasable","36":"product-type-simple"},"uagb_featured_image_src":{"full":["https:\/\/myreplicawatches.io\/wp-content\/uploads\/2023\/10\/Replica-rolex-Sky-dweller-rose-gold-90-1.jpg",1080,1080,false],"thumbnail":["https:\/\/myreplicawatches.io\/wp-content\/uploads\/2023\/10\/Replica-rolex-Sky-dweller-rose-gold-90-1-150x150.jpg",150,150,true],"medium":["https:\/\/myreplicawatches.io\/wp-content\/uploads\/2023\/10\/Replica-rolex-Sky-dweller-rose-gold-90-1-300x300.jpg",300,300,true],"medium_large":["https:\/\/myreplicawatches.io\/wp-content\/uploads\/2023\/10\/Replica-rolex-Sky-dweller-rose-gold-90-1-768x768.jpg",768,768,true],"large":["https:\/\/myreplicawatches.io\/wp-content\/uploads\/2023\/10\/Replica-rolex-Sky-dweller-rose-gold-90-1-1024x1024.jpg",1024,1024,true],"1536x1536":["https:\/\/myreplicawatches.io\/wp-content\/uploads\/2023\/10\/Replica-rolex-Sky-dweller-rose-gold-90-1.jpg",1080,1080,false],"2048x2048":["https:\/\/myreplicawatches.io\/wp-content\/uploads\/2023\/10\/Replica-rolex-Sky-dweller-rose-gold-90-1.jpg",1080,1080,false],"woocommerce_thumbnail":["https:\/\/myreplicawatches.io\/wp-content\/uploads\/2023\/10\/Replica-rolex-Sky-dweller-rose-gold-90-1-300x300.jpg",300,300,true],"woocommerce_single":["https:\/\/myreplicawatches.io\/wp-content\/uploads\/2023\/10\/Replica-rolex-Sky-dweller-rose-gold-90-1-600x600.jpg",600,600,true],"woocommerce_gallery_thumbnail":["https:\/\/myreplicawatches.io\/wp-content\/uploads\/2023\/10\/Replica-rolex-Sky-dweller-rose-gold-90-1-100x100.jpg",100,100,true],"variation_swatches_image_size":["https:\/\/myreplicawatches.io\/wp-content\/uploads\/2023\/10\/Replica-rolex-Sky-dweller-rose-gold-90-1-50x50.jpg",50,50,true],"variation_swatches_tooltip_size":["https:\/\/myreplicawatches.io\/wp-content\/uploads\/2023\/10\/Replica-rolex-Sky-dweller-rose-gold-90-1-100x100.jpg",100,100,true],"dgwt-wcas-product-suggestion":["https:\/\/myreplicawatches.io\/wp-content\/uploads\/2023\/10\/Replica-rolex-Sky-dweller-rose-gold-90-1-64x64.jpg",64,64,true]},"uagb_author_info":{"display_name":"admin","author_link":"https:\/\/myreplicawatches.io\/es\/author\/"},"uagb_comment_info":0,"uagb_excerpt":"&nbsp; La Bandolera Keepall RGB presenta un cuerpo de PVC con monograma, un detalle de cadena y etiqueta de equipaje, asas enrolladas de PVC y un cierre superior de cremallera. EXCELENTE &#8211; El art\u00edculo es totalmente nuevo. &nbsp; Tipo:Bolsas de viaje Sexo:Hombres Mujeres Estilo:Moda Material:PVC Patr\u00f3n:Liso Capacidad:36-55L Tener barras de tracci\u00f3n:No Peso del art\u00edculo:2KG Anchura","jetpack_sharing_enabled":true,"_links":{"self":[{"href":"https:\/\/myreplicawatches.io\/es\/wp-json\/wp\/v2\/product\/11325","targetHints":{"allow":["GET"]}}],"collection":[{"href":"https:\/\/myreplicawatches.io\/es\/wp-json\/wp\/v2\/product"}],"about":[{"href":"https:\/\/myreplicawatches.io\/es\/wp-json\/wp\/v2\/types\/product"}],"replies":[{"embeddable":true,"href":"https:\/\/myreplicawatches.io\/es\/wp-json\/wp\/v2\/comments?post=11325"}],"wp:featuredmedia":[{"embeddable":true,"href":"https:\/\/myreplicawatches.io\/es\/wp-json\/wp\/v2\/media\/8669"}],"wp:attachment":[{"href":"https:\/\/myreplicawatches.io\/es\/wp-json\/wp\/v2\/media?parent=11325"}],"wp:term":[{"taxonomy":"product_brand","embeddable":true,"href":"https:\/\/myreplicawatches.io\/es\/wp-json\/wp\/v2\/product_brand?post=11325"},{"taxonomy":"product_cat","embeddable":true,"href":"https:\/\/myreplicawatches.io\/es\/wp-json\/wp\/v2\/product_cat?post=11325"},{"taxonomy":"product_tag","embeddable":true,"href":"https:\/\/myreplicawatches.io\/es\/wp-json\/wp\/v2\/product_tag?post=11325"}],"curies":[{"name":"wp","href":"https:\/\/api.w.org\/{rel}","templated":true}]}}