{"id":11305,"date":"2023-10-03T21:49:29","date_gmt":"2023-10-03T21:49:29","guid":{"rendered":"https:\/\/myreplicawatches.io\/product\/replica-patek-philippe-nautilus-de-oro-clon-aaaa\/"},"modified":"2025-07-30T23:15:08","modified_gmt":"2025-07-30T23:15:08","slug":"replica-patek-philippe-nautilus-de-oro-clon-aaaa","status":"publish","type":"product","link":"https:\/\/myreplicawatches.io\/es\/product\/replica-patek-philippe-nautilus-de-oro-clon-aaaa\/","title":{"rendered":"R\u00e9plica Patek Philippe Nautilus de oro &#8211; Clon AAAA+"},"content":{"rendered":"<h2>R\u00e9plica de reloj Patek Philippe Nautilus de oro &#8211; Clon de calidad AAAA+<\/h2>\n<h3>Ventajas de poseer la R\u00e9plica de reloj Patek Philippe de oro:<\/h3>\n<ul>\n<li>Una r\u00e9plica del Patek Nautilus de oro puede comprarse a un precio mucho m\u00e1s barato que uno aut\u00e9ntico, sin embargo, un reloj r\u00e9plica parecer\u00e1 y tendr\u00e1 el mismo tacto que el original.<\/li>\n<li>Lo \u00faltimo que alguien quiere es gastarse una fortuna para conseguir un reloj de lujo que tiene peque\u00f1as diferencias con nuestras r\u00e9plicas de relojes.<\/li>\n<li>Muchos entusiastas de los relojes no quieren gastarse miles de d\u00f3lares en relojes y quieren tener esa gran sensaci\u00f3n de poseer un gran reloj de una marca de lujo. Es entonces cuando My replica watches entra en escena y proporciona esa sensaci\u00f3n a sus clientes.<\/li>\n<li>\u00bf Tienes ya un aut\u00e9ntico reloj de alta gama que no quieres llevar por motivos de seguridad o por razones de devaluaci\u00f3n en algunas ocasiones ? Lleva tu R\u00e9plica de reloj Patek Philippe de oro de alta calidad y si\u00e9ntete m\u00e1s seguro, ten la misma confianza, protege tus objetos de valor<\/li>\n<\/ul>\n<div class=\"woocommerce-product-details__short-description\">\n<div class=\"summary entry-summary\">\n<h2 class=\"woocommerce-product-details__short-description\"><strong>Descripci\u00f3n<\/strong><\/h2>\n<div class=\"woocommerce-product-details__short-description\"><\/div>\n<div class=\"woocommerce-product-details__short-description\">\n<p><strong>Marca:<\/strong>Patek Philippe <strong>Movimiento:<\/strong>Autom\u00e1tico <strong>Caja:<\/strong>Oro<br \/>\n<strong>Reverso:<\/strong>Reverso a presi\u00f3n de acero inoxidable pulido con centro revelador de la mec\u00e1nica<br \/>\n<strong>Bisel:<\/strong>Bisel de acero inoxidable pulido<br \/>\n<strong>Corona:<\/strong>Corona tallada de acero inoxidable pulido con pared protectora y logotipo Patek Philippe grabado<br \/>\n<strong>Brazalete:<\/strong>Brazalete de eslabones de acero inoxidable pulido con cierre desplegable de acero inoxidable pulido con logotipo grabado<br \/>\n<strong>Tipo de correa:<\/strong><strong>OroCierre de<\/strong><strong>reloj<\/strong><strong>:<\/strong>Hebilla <strong>Cristal:<\/strong>Cristal de zafiro <strong>Color de la esfera: NegroG\u00e9nero<\/strong><strong>:<\/strong>Hombre<br \/>\n<strong>Di\u00e1metro:<\/strong>50 x 39 mm<br \/>\n<strong>Longitud de la pulsera:<\/strong>200 x 21 mm<br \/>\n<strong>Grosor de la caja:<\/strong>12 mm <strong>Tama\u00f1o del env\u00edo:<\/strong>Peque\u00f1o <b>Impermeable<\/b><\/p>\n<p>&nbsp;<\/p>\n<h2><strong>Garant\u00eda<\/strong><\/h2>\n<div><\/div>\n<div>100% de satisfacci\u00f3n garantizada Si no est\u00e1s satisfecho al 100% con tu primer Reloj Hype de Lujo, nos comprometemos a arreglarlo todo.<\/div>\n<div><\/div>\n<h2><strong>Entrega<\/strong><\/h2>\n<div>Env\u00edo FEDEX a todo el mundo &#8211; 3 &#8211; 10 D\u00edas estimaci\u00f3n llegada<\/div>\n<div>Una vez realizado el pedido, el env\u00edo del producto tardar\u00e1 de 2 a 3 d\u00edas. Recibir\u00e1s tu n\u00famero de seguimiento inmediatamente despu\u00e9s de que enviemos tu producto.<\/div>\n<\/div>\n<\/div>\n<div class=\"woocommerce-tabs wc-tabs-wrapper\"><\/div>\n<\/div>\n<form class=\"cart\" action=\"http:\/\/watchlegends.io\/shop\/patek-philippe-nautilus-3800-1\/\" enctype=\"multipart\/form-data\" method=\"post\">\n<div id=\"yith_wapo_groups_container\" class=\"yith_wapo_groups_container enable-collapse-feature\"><\/div>\n<div class=\"quantity\"><\/div>\n<\/form>\n","protected":false},"excerpt":{"rendered":"<p>R\u00e9plica de reloj Patek Philippe Nautilus de oro &#8211; Clon de calidad AAAA+ Ventajas de poseer la R\u00e9plica de reloj Patek Philippe de oro: Una r\u00e9plica del Patek Nautilus de oro puede comprarse a un precio mucho m\u00e1s barato que uno aut\u00e9ntico, sin embargo, un reloj r\u00e9plica parecer\u00e1 y tendr\u00e1 el mismo tacto que el<\/p>\n","protected":false},"featured_media":8483,"comment_status":"open","ping_status":"closed","template":"","meta":{"_uag_custom_page_level_css":"","site-sidebar-layout":"default","site-content-layout":"","ast-site-content-layout":"default","site-content-style":"default","site-sidebar-style":"default","ast-global-header-display":"","ast-banner-title-visibility":"","ast-main-header-display":"","ast-hfb-above-header-display":"","ast-hfb-below-header-display":"","ast-hfb-mobile-header-display":"","site-post-title":"","ast-breadcrumbs-content":"","ast-featured-img":"","footer-sml-layout":"","theme-transparent-header-meta":"default","adv-header-id-meta":"","stick-header-meta":"","header-above-stick-meta":"","header-main-stick-meta":"","header-below-stick-meta":"","astra-migrate-meta-layouts":"set","ast-page-background-enabled":"default","ast-page-background-meta":{"desktop":{"background-color":"var(--ast-global-color-4)","background-image":"","background-repeat":"repeat","background-position":"center center","background-size":"auto","background-attachment":"scroll","background-type":"","background-media":"","overlay-type":"","overlay-color":"","overlay-opacity":"","overlay-gradient":""},"tablet":{"background-color":"","background-image":"","background-repeat":"repeat","background-position":"center center","background-size":"auto","background-attachment":"scroll","background-type":"","background-media":"","overlay-type":"","overlay-color":"","overlay-opacity":"","overlay-gradient":""},"mobile":{"background-color":"","background-image":"","background-repeat":"repeat","background-position":"center center","background-size":"auto","background-attachment":"scroll","background-type":"","background-media":"","overlay-type":"","overlay-color":"","overlay-opacity":"","overlay-gradient":""}},"ast-content-background-meta":{"desktop":{"background-color":"var(--ast-global-color-5)","background-image":"","background-repeat":"repeat","background-position":"center center","background-size":"auto","background-attachment":"scroll","background-type":"","background-media":"","overlay-type":"","overlay-color":"","overlay-opacity":"","overlay-gradient":""},"tablet":{"background-color":"var(--ast-global-color-5)","background-image":"","background-repeat":"repeat","background-position":"center center","background-size":"auto","background-attachment":"scroll","background-type":"","background-media":"","overlay-type":"","overlay-color":"","overlay-opacity":"","overlay-gradient":""},"mobile":{"background-color":"var(--ast-global-color-5)","background-image":"","background-repeat":"repeat","background-position":"center center","background-size":"auto","background-attachment":"scroll","background-type":"","background-media":"","overlay-type":"","overlay-color":"","overlay-opacity":"","overlay-gradient":""}}},"product_brand":[],"product_cat":[168,153,154],"product_tag":[4585,942,444,1934,3464,470,3813,440,474,467,477,252,2146,465,441,933],"class_list":{"0":"post-11305","1":"product","2":"type-product","3":"status-publish","4":"has-post-thumbnail","6":"product_cat-productos-mas-nuevos","7":"product_cat-replica-patek-philippe","8":"product_cat-replicas-de-relojes-mas-vendidas","9":"product_tag-aaaa-es","10":"product_tag-clone","11":"product_tag-designer-watch","12":"product_tag-gold-es","13":"product_tag-gold-watch-es","14":"product_tag-high-end-replica","15":"product_tag-luxury-replica-watch-es","16":"product_tag-luxury-watch","17":"product_tag-mens-watch","18":"product_tag-nautilus","19":"product_tag-nautilus-replica","20":"product_tag-patek-philippe-es","21":"product_tag-patek-philippe-replica-es","22":"product_tag-replica","23":"product_tag-swiss-movement","24":"product_tag-watch-es","25":"desktop-align-left","26":"tablet-align-left","27":"mobile-align-left","28":"ast-product-gallery-layout-vertical-slider","30":"first","31":"instock","32":"sale","33":"shipping-taxable","34":"purchasable","35":"product-type-simple"},"uagb_featured_image_src":{"full":["https:\/\/myreplicawatches.io\/wp-content\/uploads\/2023\/10\/Replica-rolex-Sky-dweller-rose-gold-13.jpg",540,540,false],"thumbnail":["https:\/\/myreplicawatches.io\/wp-content\/uploads\/2023\/10\/Replica-rolex-Sky-dweller-rose-gold-13-150x150.jpg",150,150,true],"medium":["https:\/\/myreplicawatches.io\/wp-content\/uploads\/2023\/10\/Replica-rolex-Sky-dweller-rose-gold-13-300x300.jpg",300,300,true],"medium_large":["https:\/\/myreplicawatches.io\/wp-content\/uploads\/2023\/10\/Replica-rolex-Sky-dweller-rose-gold-13.jpg",540,540,false],"large":["https:\/\/myreplicawatches.io\/wp-content\/uploads\/2023\/10\/Replica-rolex-Sky-dweller-rose-gold-13.jpg",540,540,false],"1536x1536":["https:\/\/myreplicawatches.io\/wp-content\/uploads\/2023\/10\/Replica-rolex-Sky-dweller-rose-gold-13.jpg",540,540,false],"2048x2048":["https:\/\/myreplicawatches.io\/wp-content\/uploads\/2023\/10\/Replica-rolex-Sky-dweller-rose-gold-13.jpg",540,540,false],"woocommerce_thumbnail":["https:\/\/myreplicawatches.io\/wp-content\/uploads\/2023\/10\/Replica-rolex-Sky-dweller-rose-gold-13-300x300.jpg",300,300,true],"woocommerce_single":["https:\/\/myreplicawatches.io\/wp-content\/uploads\/2023\/10\/Replica-rolex-Sky-dweller-rose-gold-13.jpg",540,540,false],"woocommerce_gallery_thumbnail":["https:\/\/myreplicawatches.io\/wp-content\/uploads\/2023\/10\/Replica-rolex-Sky-dweller-rose-gold-13-100x100.jpg",100,100,true],"variation_swatches_image_size":["https:\/\/myreplicawatches.io\/wp-content\/uploads\/2023\/10\/Replica-rolex-Sky-dweller-rose-gold-13-50x50.jpg",50,50,true],"variation_swatches_tooltip_size":["https:\/\/myreplicawatches.io\/wp-content\/uploads\/2023\/10\/Replica-rolex-Sky-dweller-rose-gold-13-100x100.jpg",100,100,true],"dgwt-wcas-product-suggestion":["https:\/\/myreplicawatches.io\/wp-content\/uploads\/2023\/10\/Replica-rolex-Sky-dweller-rose-gold-13-64x64.jpg",64,64,true]},"uagb_author_info":{"display_name":"admin","author_link":"https:\/\/myreplicawatches.io\/es\/author\/"},"uagb_comment_info":0,"uagb_excerpt":"R\u00e9plica de reloj Patek Philippe Nautilus de oro &#8211; Clon de calidad AAAA+ Ventajas de poseer la R\u00e9plica de reloj Patek Philippe de oro: Una r\u00e9plica del Patek Nautilus de oro puede comprarse a un precio mucho m\u00e1s barato que uno aut\u00e9ntico, sin embargo, un reloj r\u00e9plica parecer\u00e1 y tendr\u00e1 el mismo tacto que el","jetpack_sharing_enabled":true,"_links":{"self":[{"href":"https:\/\/myreplicawatches.io\/es\/wp-json\/wp\/v2\/product\/11305","targetHints":{"allow":["GET"]}}],"collection":[{"href":"https:\/\/myreplicawatches.io\/es\/wp-json\/wp\/v2\/product"}],"about":[{"href":"https:\/\/myreplicawatches.io\/es\/wp-json\/wp\/v2\/types\/product"}],"replies":[{"embeddable":true,"href":"https:\/\/myreplicawatches.io\/es\/wp-json\/wp\/v2\/comments?post=11305"}],"wp:featuredmedia":[{"embeddable":true,"href":"https:\/\/myreplicawatches.io\/es\/wp-json\/wp\/v2\/media\/8483"}],"wp:attachment":[{"href":"https:\/\/myreplicawatches.io\/es\/wp-json\/wp\/v2\/media?parent=11305"}],"wp:term":[{"taxonomy":"product_brand","embeddable":true,"href":"https:\/\/myreplicawatches.io\/es\/wp-json\/wp\/v2\/product_brand?post=11305"},{"taxonomy":"product_cat","embeddable":true,"href":"https:\/\/myreplicawatches.io\/es\/wp-json\/wp\/v2\/product_cat?post=11305"},{"taxonomy":"product_tag","embeddable":true,"href":"https:\/\/myreplicawatches.io\/es\/wp-json\/wp\/v2\/product_tag?post=11305"}],"curies":[{"name":"wp","href":"https:\/\/api.w.org\/{rel}","templated":true}]}}