{"id":11300,"date":"2023-10-03T21:49:58","date_gmt":"2023-10-03T21:49:58","guid":{"rendered":"https:\/\/myreplicawatches.io\/product\/replica-patek-philippe-5980-nautilus-oro-rosa\/"},"modified":"2025-09-20T14:39:04","modified_gmt":"2025-09-20T14:39:04","slug":"replica-patek-philippe-5980-nautilus-oro-rosa","status":"publish","type":"product","link":"https:\/\/myreplicawatches.io\/es\/product\/replica-patek-philippe-5980-nautilus-oro-rosa\/","title":{"rendered":"R\u00e9plica Patek Philippe 5980 &#8211; Nautilus Oro Rosa"},"content":{"rendered":"<h2>R\u00e9plica Patek 5980 &#8211; R\u00e9plica de calidad AAAA+<\/h2>\n<p>&nbsp;<\/p>\n<h3>Ventajas de poseer la R\u00e9plica Patek 5980 &#8211; Nautilus R\u00e9plica Oro Rosa<\/h3>\n<ul>\n<li>Una r\u00e9plica de patek 5980 puede comprarse a un precio mucho m\u00e1s barato que uno aut\u00e9ntico, sin embargo, un reloj r\u00e9plica parecer\u00e1 y se sentir\u00e1 igual que el original.<\/li>\n<li>Lo \u00faltimo que alguien quiere es gastarse una fortuna para conseguir un reloj de lujo que tiene peque\u00f1as diferencias con nuestras r\u00e9plicas de relojes.<\/li>\n<li>Muchos entusiastas de los relojes no quieren gastarse miles de d\u00f3lares en relojes y quieren tener esa gran sensaci\u00f3n de poseer un gran reloj de una marca de lujo. Es entonces cuando My replica watches entra en escena y proporciona esa sensaci\u00f3n a sus clientes.<\/li>\n<li>\u00bf Tienes ya un aut\u00e9ntico reloj de alta gama que no quieres llevar por motivos de seguridad o por razones de devaluaci\u00f3n en algunas ocasiones ? Lleva tu R\u00e9plica Nautilus 5980 de alta calidad y si\u00e9ntete m\u00e1s seguro, ten la misma confianza, protege tus objetos de valor<\/li>\n<\/ul>\n<p>Gama del producto &#8211; Nautilus Material del brazalete &#8211; Oro rosa Resistente al agua &#8211; S\u00ed Marca &#8211; R\u00e9plica Patek Philippe Material de la caja &#8211; Oro rosa Tama\u00f1o de la caja &#8211; 40,5 MM Tipo de esfera &#8211; Esfera negra Sexo &#8211; Masculino Modelo &#8211; 5980\/1R Movimiento &#8211; Autom\u00e1tico Material del brazalete &#8211; Acero \u00a0 PLAZO DE ENV\u00cdO La fecha estimada de llegada es de 4-12 d\u00edas despu\u00e9s del env\u00edo, recibir\u00e1s tu n\u00famero de seguimiento en 2-3 d\u00edas despu\u00e9s del pedido.<\/p>\n","protected":false},"excerpt":{"rendered":"<p>R\u00e9plica Patek 5980 &#8211; R\u00e9plica de calidad AAAA+ &nbsp; Ventajas de poseer la R\u00e9plica Patek 5980 &#8211; Nautilus R\u00e9plica Oro Rosa Una r\u00e9plica de patek 5980 puede comprarse a un precio mucho m\u00e1s barato que uno aut\u00e9ntico, sin embargo, un reloj r\u00e9plica parecer\u00e1 y se sentir\u00e1 igual que el original. Lo \u00faltimo que alguien quiere<\/p>\n","protected":false},"featured_media":8481,"comment_status":"open","ping_status":"closed","template":"","meta":{"_uag_custom_page_level_css":"","site-sidebar-layout":"default","site-content-layout":"","ast-site-content-layout":"default","site-content-style":"default","site-sidebar-style":"default","ast-global-header-display":"","ast-banner-title-visibility":"","ast-main-header-display":"","ast-hfb-above-header-display":"","ast-hfb-below-header-display":"","ast-hfb-mobile-header-display":"","site-post-title":"","ast-breadcrumbs-content":"","ast-featured-img":"","footer-sml-layout":"","theme-transparent-header-meta":"default","adv-header-id-meta":"","stick-header-meta":"default","header-above-stick-meta":"","header-main-stick-meta":"","header-below-stick-meta":"","astra-migrate-meta-layouts":"set","ast-page-background-enabled":"default","ast-page-background-meta":{"desktop":{"background-color":"var(--ast-global-color-4)","background-image":"","background-repeat":"repeat","background-position":"center center","background-size":"auto","background-attachment":"scroll","background-type":"","background-media":"","overlay-type":"","overlay-color":"","overlay-opacity":"","overlay-gradient":""},"tablet":{"background-color":"","background-image":"","background-repeat":"repeat","background-position":"center center","background-size":"auto","background-attachment":"scroll","background-type":"","background-media":"","overlay-type":"","overlay-color":"","overlay-opacity":"","overlay-gradient":""},"mobile":{"background-color":"","background-image":"","background-repeat":"repeat","background-position":"center center","background-size":"auto","background-attachment":"scroll","background-type":"","background-media":"","overlay-type":"","overlay-color":"","overlay-opacity":"","overlay-gradient":""}},"ast-content-background-meta":{"desktop":{"background-color":"var(--ast-global-color-5)","background-image":"","background-repeat":"repeat","background-position":"center center","background-size":"auto","background-attachment":"scroll","background-type":"","background-media":"","overlay-type":"","overlay-color":"","overlay-opacity":"","overlay-gradient":""},"tablet":{"background-color":"var(--ast-global-color-5)","background-image":"","background-repeat":"repeat","background-position":"center center","background-size":"auto","background-attachment":"scroll","background-type":"","background-media":"","overlay-type":"","overlay-color":"","overlay-opacity":"","overlay-gradient":""},"mobile":{"background-color":"var(--ast-global-color-5)","background-image":"","background-repeat":"repeat","background-position":"center center","background-size":"auto","background-attachment":"scroll","background-type":"","background-media":"","overlay-type":"","overlay-color":"","overlay-opacity":"","overlay-gradient":""}}},"product_brand":[],"product_cat":[168,153,154],"product_tag":[4724,3466,473,4705,4708,470,4706,601,477,1965,4576,2275],"class_list":{"0":"post-11300","1":"product","2":"type-product","3":"status-publish","4":"has-post-thumbnail","6":"product_cat-productos-mas-nuevos","7":"product_cat-replica-patek-philippe","8":"product_cat-replicas-de-relojes-mas-vendidas","9":"product_tag-5980-nautilus-es","10":"product_tag-classic-timepiece-es","11":"product_tag-elegant-design","12":"product_tag-exclusive-replica-es","13":"product_tag-fashion-watches-es","14":"product_tag-high-end-replica","15":"product_tag-luxury-accessories-es","16":"product_tag-mens-fashion","17":"product_tag-nautilus-replica","18":"product_tag-premium-quality","19":"product_tag-rose-gold-watch-es","20":"product_tag-swiss-craftsmanship","21":"desktop-align-left","22":"tablet-align-left","23":"mobile-align-left","24":"ast-product-gallery-layout-vertical-slider","26":"first","27":"instock","28":"sale","29":"shipping-taxable","30":"purchasable","31":"product-type-simple"},"uagb_featured_image_src":{"full":["https:\/\/myreplicawatches.io\/wp-content\/uploads\/2023\/10\/Screenshot-2023-12-05-at-11.39.57-AM.jpg",914,1170,false],"thumbnail":["https:\/\/myreplicawatches.io\/wp-content\/uploads\/2023\/10\/Screenshot-2023-12-05-at-11.39.57-AM-150x150.png",150,150,true],"medium":["https:\/\/myreplicawatches.io\/wp-content\/uploads\/2023\/10\/Screenshot-2023-12-05-at-11.39.57-AM-234x300.png",234,300,true],"medium_large":["https:\/\/myreplicawatches.io\/wp-content\/uploads\/2023\/10\/Screenshot-2023-12-05-at-11.39.57-AM-768x983.png",768,983,true],"large":["https:\/\/myreplicawatches.io\/wp-content\/uploads\/2023\/10\/Screenshot-2023-12-05-at-11.39.57-AM-800x1024.png",800,1024,true],"1536x1536":["https:\/\/myreplicawatches.io\/wp-content\/uploads\/2023\/10\/Screenshot-2023-12-05-at-11.39.57-AM.jpg",914,1170,false],"2048x2048":["https:\/\/myreplicawatches.io\/wp-content\/uploads\/2023\/10\/Screenshot-2023-12-05-at-11.39.57-AM.jpg",914,1170,false],"woocommerce_thumbnail":["https:\/\/myreplicawatches.io\/wp-content\/uploads\/2023\/10\/Screenshot-2023-12-05-at-11.39.57-AM-300x300.jpg",300,300,true],"woocommerce_single":["https:\/\/myreplicawatches.io\/wp-content\/uploads\/2023\/10\/Screenshot-2023-12-05-at-11.39.57-AM-600x768.jpg",600,768,true],"woocommerce_gallery_thumbnail":["https:\/\/myreplicawatches.io\/wp-content\/uploads\/2023\/10\/Screenshot-2023-12-05-at-11.39.57-AM-100x100.jpg",100,100,true],"variation_swatches_image_size":["https:\/\/myreplicawatches.io\/wp-content\/uploads\/2023\/10\/Screenshot-2023-12-05-at-11.39.57-AM-50x50.png",50,50,true],"variation_swatches_tooltip_size":["https:\/\/myreplicawatches.io\/wp-content\/uploads\/2023\/10\/Screenshot-2023-12-05-at-11.39.57-AM-100x100.png",100,100,true],"dgwt-wcas-product-suggestion":["https:\/\/myreplicawatches.io\/wp-content\/uploads\/2023\/10\/Screenshot-2023-12-05-at-11.39.57-AM-64x82.jpg",64,82,true]},"uagb_author_info":{"display_name":"admin","author_link":"https:\/\/myreplicawatches.io\/es\/author\/"},"uagb_comment_info":0,"uagb_excerpt":"R\u00e9plica Patek 5980 &#8211; R\u00e9plica de calidad AAAA+ &nbsp; Ventajas de poseer la R\u00e9plica Patek 5980 &#8211; Nautilus R\u00e9plica Oro Rosa Una r\u00e9plica de patek 5980 puede comprarse a un precio mucho m\u00e1s barato que uno aut\u00e9ntico, sin embargo, un reloj r\u00e9plica parecer\u00e1 y se sentir\u00e1 igual que el original. Lo \u00faltimo que alguien quiere","jetpack_sharing_enabled":true,"_links":{"self":[{"href":"https:\/\/myreplicawatches.io\/es\/wp-json\/wp\/v2\/product\/11300","targetHints":{"allow":["GET"]}}],"collection":[{"href":"https:\/\/myreplicawatches.io\/es\/wp-json\/wp\/v2\/product"}],"about":[{"href":"https:\/\/myreplicawatches.io\/es\/wp-json\/wp\/v2\/types\/product"}],"replies":[{"embeddable":true,"href":"https:\/\/myreplicawatches.io\/es\/wp-json\/wp\/v2\/comments?post=11300"}],"wp:featuredmedia":[{"embeddable":true,"href":"https:\/\/myreplicawatches.io\/es\/wp-json\/wp\/v2\/media\/8481"}],"wp:attachment":[{"href":"https:\/\/myreplicawatches.io\/es\/wp-json\/wp\/v2\/media?parent=11300"}],"wp:term":[{"taxonomy":"product_brand","embeddable":true,"href":"https:\/\/myreplicawatches.io\/es\/wp-json\/wp\/v2\/product_brand?post=11300"},{"taxonomy":"product_cat","embeddable":true,"href":"https:\/\/myreplicawatches.io\/es\/wp-json\/wp\/v2\/product_cat?post=11300"},{"taxonomy":"product_tag","embeddable":true,"href":"https:\/\/myreplicawatches.io\/es\/wp-json\/wp\/v2\/product_tag?post=11300"}],"curies":[{"name":"wp","href":"https:\/\/api.w.org\/{rel}","templated":true}]}}