{"id":11299,"date":"2023-10-03T21:49:12","date_gmt":"2023-10-03T21:49:12","guid":{"rendered":"https:\/\/myreplicawatches.io\/product\/replica-patek-philippe-nautilus-oro-rosa\/"},"modified":"2025-07-30T23:15:14","modified_gmt":"2025-07-30T23:15:14","slug":"replica-patek-philippe-nautilus-oro-rosa","status":"publish","type":"product","link":"https:\/\/myreplicawatches.io\/es\/product\/replica-patek-philippe-nautilus-oro-rosa\/","title":{"rendered":"R\u00e9plica Patek Philippe Nautilus &#8211; Oro rosa"},"content":{"rendered":"<p><strong><img decoding=\"async\" style=\"display: block; margin-left: auto; margin-right: auto;\" src=\"\/\/cdn.shopify.com\/s\/files\/1\/0254\/2570\/7092\/files\/40F59A21-34FE-437D-8870-A41D2CD129DA_large.jpeg?v=1564723687\" alt=\"\" width=\"405\" height=\"98\" title=\"\"><\/strong><\/p>\n<p><strong>Descripci\u00f3n de la R\u00e9plica Patek Philippe Nautilus &#8211;<\/strong> Movimiento <strong>Oro Rosa<\/strong><\/p>\n<div class=\"attributes\">\n<ul>\n<li>Movimiento mec\u00e1nico autom\u00e1tico con fecha<\/li>\n<li>Fecha<\/li>\n<li>Barrido central Manecilla de los segundos<\/li>\n<li>Di\u00e1metro: 27 mm<\/li>\n<li>Altura: 3,3 mm<\/li>\n<li>Joyas: 29<\/li>\n<li>Puentes: 6<\/li>\n<li>Piezas: 213<\/li>\n<li>Equilibrio: Gyromax<\/li>\n<li>Vibraciones\/hora: 28 800 (4 Hz)<\/li>\n<li>Reserva de marcha: 45 h m\u00e1x.<\/li>\n<\/ul>\n<\/div>\n<p class=\"acctitle\">Datos t\u00e9cnicos<\/p>\n<ul>\n<li>Movimiento mec\u00e1nico autom\u00e1tico con fecha<\/li>\n<li>Segundero de barrido<\/li>\n<li>Esfera negro-azul, \u00edndices aplicados dorados con revestimiento luminiscente<\/li>\n<li>Corona atornillada<\/li>\n<li>Fondo de cristal de zafiro<\/li>\n<li>Resistente al agua hasta 120 m<\/li>\n<li>Acero inoxidable<\/li>\n<\/ul>\n<p>&nbsp;<\/p>\n<div class=\"product-single__description rte\">\n<div class=\"ec-tabbed-descriptions ec-tabs-processed\">\n<div class=\"ec-description-container tabs-are-shown\">\n<h2>Garant\u00eda<\/h2>\n<p>100% de satisfacci\u00f3n garantizada Si no est\u00e1s satisfecho al 100% con tu primer Reloj myreplicawatches.io, prometemos arreglarlo todo.<\/p>\n<h2>Entrega<\/h2>\n<p>Env\u00edo DHL a todo el mundo &#8211; De 3 a 10 d\u00edas estimado de llegada. Una vez realizado el pedido, el env\u00edo del producto tardar\u00e1 de 2 a 3 d\u00edas. Recibir\u00e1s tu n\u00famero de seguimiento inmediatamente despu\u00e9s de que enviemos tu producto.<\/p>\n<div class=\"ec-tab-container\">\n<div class=\"ec-tab-picker tab- ec-active-tab\">\n<h4><\/h4>\n<\/div>\n<div class=\"ec-tab-picker tab-\">\n<h4><\/h4>\n<\/div>\n<\/div>\n<div class=\"ec-tab-content tab-\"><\/div>\n<\/div>\n<\/div>\n<\/div>\n<div class=\"social-sharing clean\"><\/div>\n","protected":false},"excerpt":{"rendered":"<p>Descripci\u00f3n de la R\u00e9plica Patek Philippe Nautilus &#8211; Movimiento Oro Rosa Movimiento mec\u00e1nico autom\u00e1tico con fecha Fecha Barrido central Manecilla de los segundos Di\u00e1metro: 27 mm Altura: 3,3 mm Joyas: 29 Puentes: 6 Piezas: 213 Equilibrio: Gyromax Vibraciones\/hora: 28 800 (4 Hz) Reserva de marcha: 45 h m\u00e1x. Datos t\u00e9cnicos Movimiento mec\u00e1nico autom\u00e1tico con fecha<\/p>\n","protected":false},"featured_media":7256,"comment_status":"open","ping_status":"closed","template":"","meta":{"_uag_custom_page_level_css":"","site-sidebar-layout":"default","site-content-layout":"","ast-site-content-layout":"default","site-content-style":"default","site-sidebar-style":"default","ast-global-header-display":"","ast-banner-title-visibility":"","ast-main-header-display":"","ast-hfb-above-header-display":"","ast-hfb-below-header-display":"","ast-hfb-mobile-header-display":"","site-post-title":"","ast-breadcrumbs-content":"","ast-featured-img":"","footer-sml-layout":"","theme-transparent-header-meta":"default","adv-header-id-meta":"","stick-header-meta":"default","header-above-stick-meta":"","header-main-stick-meta":"","header-below-stick-meta":"","astra-migrate-meta-layouts":"set","ast-page-background-enabled":"default","ast-page-background-meta":{"desktop":{"background-color":"var(--ast-global-color-4)","background-image":"","background-repeat":"repeat","background-position":"center center","background-size":"auto","background-attachment":"scroll","background-type":"","background-media":"","overlay-type":"","overlay-color":"","overlay-opacity":"","overlay-gradient":""},"tablet":{"background-color":"","background-image":"","background-repeat":"repeat","background-position":"center center","background-size":"auto","background-attachment":"scroll","background-type":"","background-media":"","overlay-type":"","overlay-color":"","overlay-opacity":"","overlay-gradient":""},"mobile":{"background-color":"","background-image":"","background-repeat":"repeat","background-position":"center center","background-size":"auto","background-attachment":"scroll","background-type":"","background-media":"","overlay-type":"","overlay-color":"","overlay-opacity":"","overlay-gradient":""}},"ast-content-background-meta":{"desktop":{"background-color":"var(--ast-global-color-5)","background-image":"","background-repeat":"repeat","background-position":"center center","background-size":"auto","background-attachment":"scroll","background-type":"","background-media":"","overlay-type":"","overlay-color":"","overlay-opacity":"","overlay-gradient":""},"tablet":{"background-color":"var(--ast-global-color-5)","background-image":"","background-repeat":"repeat","background-position":"center center","background-size":"auto","background-attachment":"scroll","background-type":"","background-media":"","overlay-type":"","overlay-color":"","overlay-opacity":"","overlay-gradient":""},"mobile":{"background-color":"var(--ast-global-color-5)","background-image":"","background-repeat":"repeat","background-position":"center center","background-size":"auto","background-attachment":"scroll","background-type":"","background-media":"","overlay-type":"","overlay-color":"","overlay-opacity":"","overlay-gradient":""}}},"product_brand":[],"product_cat":[168,153,154],"product_tag":[444,470,3813,440,474,467,477,252,2146,465,668,4576,441,933],"class_list":{"0":"post-11299","1":"product","2":"type-product","3":"status-publish","4":"has-post-thumbnail","6":"product_cat-productos-mas-nuevos","7":"product_cat-replica-patek-philippe","8":"product_cat-replicas-de-relojes-mas-vendidas","9":"product_tag-designer-watch","10":"product_tag-high-end-replica","11":"product_tag-luxury-replica-watch-es","12":"product_tag-luxury-watch","13":"product_tag-mens-watch","14":"product_tag-nautilus","15":"product_tag-nautilus-replica","16":"product_tag-patek-philippe-es","17":"product_tag-patek-philippe-replica-es","18":"product_tag-replica","19":"product_tag-rose-gold-es","20":"product_tag-rose-gold-watch-es","21":"product_tag-swiss-movement","22":"product_tag-watch-es","23":"desktop-align-left","24":"tablet-align-left","25":"mobile-align-left","26":"ast-product-gallery-layout-vertical-slider","28":"first","29":"instock","30":"sale","31":"shipping-taxable","32":"purchasable","33":"product-type-simple"},"uagb_featured_image_src":{"full":["https:\/\/myreplicawatches.io\/wp-content\/uploads\/2023\/10\/replica-patek-philippe-nautilus-rose-gold.jpg",800,800,false],"thumbnail":["https:\/\/myreplicawatches.io\/wp-content\/uploads\/2023\/10\/replica-patek-philippe-nautilus-rose-gold-150x150.jpg",150,150,true],"medium":["https:\/\/myreplicawatches.io\/wp-content\/uploads\/2023\/10\/replica-patek-philippe-nautilus-rose-gold-300x300.jpg",300,300,true],"medium_large":["https:\/\/myreplicawatches.io\/wp-content\/uploads\/2023\/10\/replica-patek-philippe-nautilus-rose-gold-768x768.jpg",768,768,true],"large":["https:\/\/myreplicawatches.io\/wp-content\/uploads\/2023\/10\/replica-patek-philippe-nautilus-rose-gold.jpg",800,800,false],"1536x1536":["https:\/\/myreplicawatches.io\/wp-content\/uploads\/2023\/10\/replica-patek-philippe-nautilus-rose-gold.jpg",800,800,false],"2048x2048":["https:\/\/myreplicawatches.io\/wp-content\/uploads\/2023\/10\/replica-patek-philippe-nautilus-rose-gold.jpg",800,800,false],"woocommerce_thumbnail":["https:\/\/myreplicawatches.io\/wp-content\/uploads\/2023\/10\/replica-patek-philippe-nautilus-rose-gold-300x300.jpg",300,300,true],"woocommerce_single":["https:\/\/myreplicawatches.io\/wp-content\/uploads\/2023\/10\/replica-patek-philippe-nautilus-rose-gold-600x600.jpg",600,600,true],"woocommerce_gallery_thumbnail":["https:\/\/myreplicawatches.io\/wp-content\/uploads\/2023\/10\/replica-patek-philippe-nautilus-rose-gold-100x100.jpg",100,100,true],"variation_swatches_image_size":["https:\/\/myreplicawatches.io\/wp-content\/uploads\/2023\/10\/replica-patek-philippe-nautilus-rose-gold.jpg",50,50,false],"variation_swatches_tooltip_size":["https:\/\/myreplicawatches.io\/wp-content\/uploads\/2023\/10\/replica-patek-philippe-nautilus-rose-gold.jpg",100,100,false],"dgwt-wcas-product-suggestion":["https:\/\/myreplicawatches.io\/wp-content\/uploads\/2023\/10\/replica-patek-philippe-nautilus-rose-gold-64x64.jpg",64,64,true]},"uagb_author_info":{"display_name":"admin","author_link":"https:\/\/myreplicawatches.io\/es\/author\/"},"uagb_comment_info":0,"uagb_excerpt":"Descripci\u00f3n de la R\u00e9plica Patek Philippe Nautilus &#8211; Movimiento Oro Rosa Movimiento mec\u00e1nico autom\u00e1tico con fecha Fecha Barrido central Manecilla de los segundos Di\u00e1metro: 27 mm Altura: 3,3 mm Joyas: 29 Puentes: 6 Piezas: 213 Equilibrio: Gyromax Vibraciones\/hora: 28 800 (4 Hz) Reserva de marcha: 45 h m\u00e1x. Datos t\u00e9cnicos Movimiento mec\u00e1nico autom\u00e1tico con fecha","jetpack_sharing_enabled":true,"_links":{"self":[{"href":"https:\/\/myreplicawatches.io\/es\/wp-json\/wp\/v2\/product\/11299","targetHints":{"allow":["GET"]}}],"collection":[{"href":"https:\/\/myreplicawatches.io\/es\/wp-json\/wp\/v2\/product"}],"about":[{"href":"https:\/\/myreplicawatches.io\/es\/wp-json\/wp\/v2\/types\/product"}],"replies":[{"embeddable":true,"href":"https:\/\/myreplicawatches.io\/es\/wp-json\/wp\/v2\/comments?post=11299"}],"wp:featuredmedia":[{"embeddable":true,"href":"https:\/\/myreplicawatches.io\/es\/wp-json\/wp\/v2\/media\/7256"}],"wp:attachment":[{"href":"https:\/\/myreplicawatches.io\/es\/wp-json\/wp\/v2\/media?parent=11299"}],"wp:term":[{"taxonomy":"product_brand","embeddable":true,"href":"https:\/\/myreplicawatches.io\/es\/wp-json\/wp\/v2\/product_brand?post=11299"},{"taxonomy":"product_cat","embeddable":true,"href":"https:\/\/myreplicawatches.io\/es\/wp-json\/wp\/v2\/product_cat?post=11299"},{"taxonomy":"product_tag","embeddable":true,"href":"https:\/\/myreplicawatches.io\/es\/wp-json\/wp\/v2\/product_tag?post=11299"}],"curies":[{"name":"wp","href":"https:\/\/api.w.org\/{rel}","templated":true}]}}