{"id":11298,"date":"2023-10-03T21:49:53","date_gmt":"2023-10-03T21:49:53","guid":{"rendered":"https:\/\/myreplicawatches.io\/product\/replica-reloj-patek-philippe-nautilus-5719-1g-diamante\/"},"modified":"2025-07-30T23:15:00","modified_gmt":"2025-07-30T23:15:00","slug":"replica-reloj-patek-philippe-nautilus-5719-1g-diamante","status":"publish","type":"product","link":"https:\/\/myreplicawatches.io\/es\/product\/replica-reloj-patek-philippe-nautilus-5719-1g-diamante\/","title":{"rendered":"R\u00e9plica RELOJ Patek PHILIPPE NAUTILUS 5719\/1G DIAMANTE"},"content":{"rendered":"<p>&nbsp;<\/p>\n<div class=\"summary entry-summary\">\n<div class=\"woocommerce-product-details__short-description\">\n<p style=\"text-align: center;\"><img decoding=\"async\" src=\"https:\/\/cdn.shopify.com\/s\/files\/1\/0074\/6776\/1723\/files\/checkout_icon_large_9198cbd9-28e4-47f8-a1b4-510bb115bdc6_large.png?v=1539348458\" alt=\"\" title=\"\"><\/p>\n<p style=\"text-align: left;\">Marca:Patek Philippe<\/p>\n<p>Gama:Nautilus Modelo:7021\/1R 001 G\u00e9nero:Hombre Movimiento:Autom\u00e1tico Tama\u00f1o de la caja:40 MM Material de la caja:Oro rosa Material de la pulsera:Oro rosa Tipo de esfera:Diamante Resistencia al agua:Resistente al agua<\/p>\n<\/div>\n<form class=\"cart\" action=\"http:\/\/watchlegends.io\/shop\/patek-philippe-nautilus-5719-1g-diamond-watch\/\" enctype=\"multipart\/form-data\" method=\"post\">\n<div id=\"yith_wapo_groups_container\" class=\"yith_wapo_groups_container enable-collapse-feature\">\n<h2>Garant\u00eda<\/h2>\n<p>100% de satisfacci\u00f3n garantizada Si no quedas satisfecho al 100% con tu primera myreplicawatches.io , nos comprometemos a arreglarlo todo.<\/p>\n<h2>Entrega<\/h2>\n<p>Env\u00edo DHL a todo el mundo &#8211; 7-12 d\u00edas estimaci\u00f3n de llegada Despu\u00e9s de realizar tu pedido, por favor, deja pasar 2-3 d\u00edas para el env\u00edo de tu producto. Recibir\u00e1s tu n\u00famero de seguimiento inmediatamente despu\u00e9s de que enviemos tu producto. <img fetchpriority=\"high\" decoding=\"async\" class=\"\" src=\"https:\/\/cdn.shopify.com\/s\/files\/1\/0074\/6776\/1723\/files\/product_desc_below_large_large_a32e7262-b9bf-4a85-ac82-2638c1f67ae1_large_1_large.png?v=1539348476\" alt=\"\" width=\"392\" height=\"145\" title=\"\"><\/p>\n<\/div>\n<div class=\"quantity\"><\/div>\n<\/form>\n<\/div>\n","protected":false},"excerpt":{"rendered":"<p>&nbsp; Marca:Patek Philippe Gama:Nautilus Modelo:7021\/1R 001 G\u00e9nero:Hombre Movimiento:Autom\u00e1tico Tama\u00f1o de la caja:40 MM Material de la caja:Oro rosa Material de la pulsera:Oro rosa Tipo de esfera:Diamante Resistencia al agua:Resistente al agua Garant\u00eda 100% de satisfacci\u00f3n garantizada Si no quedas satisfecho al 100% con tu primera myreplicawatches.io , nos comprometemos a arreglarlo todo. Entrega Env\u00edo DHL<\/p>\n","protected":false},"featured_media":7287,"comment_status":"open","ping_status":"closed","template":"","meta":{"_uag_custom_page_level_css":"","site-sidebar-layout":"default","site-content-layout":"","ast-site-content-layout":"default","site-content-style":"default","site-sidebar-style":"default","ast-global-header-display":"","ast-banner-title-visibility":"","ast-main-header-display":"","ast-hfb-above-header-display":"","ast-hfb-below-header-display":"","ast-hfb-mobile-header-display":"","site-post-title":"","ast-breadcrumbs-content":"","ast-featured-img":"","footer-sml-layout":"","theme-transparent-header-meta":"default","adv-header-id-meta":"","stick-header-meta":"default","header-above-stick-meta":"","header-main-stick-meta":"","header-below-stick-meta":"","astra-migrate-meta-layouts":"set","ast-page-background-enabled":"default","ast-page-background-meta":{"desktop":{"background-color":"var(--ast-global-color-4)","background-image":"","background-repeat":"repeat","background-position":"center center","background-size":"auto","background-attachment":"scroll","background-type":"","background-media":"","overlay-type":"","overlay-color":"","overlay-opacity":"","overlay-gradient":""},"tablet":{"background-color":"","background-image":"","background-repeat":"repeat","background-position":"center center","background-size":"auto","background-attachment":"scroll","background-type":"","background-media":"","overlay-type":"","overlay-color":"","overlay-opacity":"","overlay-gradient":""},"mobile":{"background-color":"","background-image":"","background-repeat":"repeat","background-position":"center center","background-size":"auto","background-attachment":"scroll","background-type":"","background-media":"","overlay-type":"","overlay-color":"","overlay-opacity":"","overlay-gradient":""}},"ast-content-background-meta":{"desktop":{"background-color":"var(--ast-global-color-5)","background-image":"","background-repeat":"repeat","background-position":"center center","background-size":"auto","background-attachment":"scroll","background-type":"","background-media":"","overlay-type":"","overlay-color":"","overlay-opacity":"","overlay-gradient":""},"tablet":{"background-color":"var(--ast-global-color-5)","background-image":"","background-repeat":"repeat","background-position":"center center","background-size":"auto","background-attachment":"scroll","background-type":"","background-media":"","overlay-type":"","overlay-color":"","overlay-opacity":"","overlay-gradient":""},"mobile":{"background-color":"var(--ast-global-color-5)","background-image":"","background-repeat":"repeat","background-position":"center center","background-size":"auto","background-attachment":"scroll","background-type":"","background-media":"","overlay-type":"","overlay-color":"","overlay-opacity":"","overlay-gradient":""}}},"product_brand":[],"product_cat":[168,153,236,154],"product_tag":[3466,461,4704,4707,473,1964,4705,4708,470,4706,440,601,4734,252,1965,437,2275,452],"class_list":{"0":"post-11298","1":"product","2":"type-product","3":"status-publish","4":"has-post-thumbnail","6":"product_cat-productos-mas-nuevos","7":"product_cat-replica-patek-philippe","8":"product_cat-replicas-de-relojes-con-diamantes","9":"product_cat-replicas-de-relojes-mas-vendidas","10":"product_tag-classic-timepiece-es","11":"product_tag-collectors-item","12":"product_tag-diamond-watch-es","13":"product_tag-diamond-encrusted-es","14":"product_tag-elegant-design","15":"product_tag-elegant-timepiece","16":"product_tag-exclusive-replica-es","17":"product_tag-fashion-watches-es","18":"product_tag-high-end-replica","19":"product_tag-luxury-accessories-es","20":"product_tag-luxury-watch","21":"product_tag-mens-fashion","22":"product_tag-nautilus-5719-1g-es","23":"product_tag-patek-philippe-es","24":"product_tag-premium-quality","25":"product_tag-replica-patek-philippe","26":"product_tag-swiss-craftsmanship","27":"product_tag-swiss-replica","28":"desktop-align-left","29":"tablet-align-left","30":"mobile-align-left","31":"ast-product-gallery-layout-vertical-slider","32":"ast-product-single-variable","34":"first","35":"instock","36":"shipping-taxable","37":"purchasable","38":"product-type-variable"},"uagb_featured_image_src":{"full":["https:\/\/myreplicawatches.io\/wp-content\/uploads\/2023\/10\/replica-patek-philippe-nautilus-57191g-diamond-watch.jpg",1200,1200,false],"thumbnail":["https:\/\/myreplicawatches.io\/wp-content\/uploads\/2023\/10\/replica-patek-philippe-nautilus-57191g-diamond-watch-150x150.jpg",150,150,true],"medium":["https:\/\/myreplicawatches.io\/wp-content\/uploads\/2023\/10\/replica-patek-philippe-nautilus-57191g-diamond-watch-300x300.jpg",300,300,true],"medium_large":["https:\/\/myreplicawatches.io\/wp-content\/uploads\/2023\/10\/replica-patek-philippe-nautilus-57191g-diamond-watch-768x768.jpg",768,768,true],"large":["https:\/\/myreplicawatches.io\/wp-content\/uploads\/2023\/10\/replica-patek-philippe-nautilus-57191g-diamond-watch-1024x1024.jpg",1024,1024,true],"1536x1536":["https:\/\/myreplicawatches.io\/wp-content\/uploads\/2023\/10\/replica-patek-philippe-nautilus-57191g-diamond-watch.jpg",1200,1200,false],"2048x2048":["https:\/\/myreplicawatches.io\/wp-content\/uploads\/2023\/10\/replica-patek-philippe-nautilus-57191g-diamond-watch.jpg",1200,1200,false],"woocommerce_thumbnail":["https:\/\/myreplicawatches.io\/wp-content\/uploads\/2023\/10\/replica-patek-philippe-nautilus-57191g-diamond-watch-300x300.jpg",300,300,true],"woocommerce_single":["https:\/\/myreplicawatches.io\/wp-content\/uploads\/2023\/10\/replica-patek-philippe-nautilus-57191g-diamond-watch-600x600.jpg",600,600,true],"woocommerce_gallery_thumbnail":["https:\/\/myreplicawatches.io\/wp-content\/uploads\/2023\/10\/replica-patek-philippe-nautilus-57191g-diamond-watch-100x100.jpg",100,100,true],"variation_swatches_image_size":["https:\/\/myreplicawatches.io\/wp-content\/uploads\/2023\/10\/replica-patek-philippe-nautilus-57191g-diamond-watch.jpg",50,50,false],"variation_swatches_tooltip_size":["https:\/\/myreplicawatches.io\/wp-content\/uploads\/2023\/10\/replica-patek-philippe-nautilus-57191g-diamond-watch.jpg",100,100,false],"dgwt-wcas-product-suggestion":["https:\/\/myreplicawatches.io\/wp-content\/uploads\/2023\/10\/replica-patek-philippe-nautilus-57191g-diamond-watch-64x64.jpg",64,64,true]},"uagb_author_info":{"display_name":"admin","author_link":"https:\/\/myreplicawatches.io\/es\/author\/"},"uagb_comment_info":0,"uagb_excerpt":"&nbsp; Marca:Patek Philippe Gama:Nautilus Modelo:7021\/1R 001 G\u00e9nero:Hombre Movimiento:Autom\u00e1tico Tama\u00f1o de la caja:40 MM Material de la caja:Oro rosa Material de la pulsera:Oro rosa Tipo de esfera:Diamante Resistencia al agua:Resistente al agua Garant\u00eda 100% de satisfacci\u00f3n garantizada Si no quedas satisfecho al 100% con tu primera myreplicawatches.io , nos comprometemos a arreglarlo todo. Entrega Env\u00edo DHL","jetpack_sharing_enabled":true,"_links":{"self":[{"href":"https:\/\/myreplicawatches.io\/es\/wp-json\/wp\/v2\/product\/11298","targetHints":{"allow":["GET"]}}],"collection":[{"href":"https:\/\/myreplicawatches.io\/es\/wp-json\/wp\/v2\/product"}],"about":[{"href":"https:\/\/myreplicawatches.io\/es\/wp-json\/wp\/v2\/types\/product"}],"replies":[{"embeddable":true,"href":"https:\/\/myreplicawatches.io\/es\/wp-json\/wp\/v2\/comments?post=11298"}],"wp:featuredmedia":[{"embeddable":true,"href":"https:\/\/myreplicawatches.io\/es\/wp-json\/wp\/v2\/media\/7287"}],"wp:attachment":[{"href":"https:\/\/myreplicawatches.io\/es\/wp-json\/wp\/v2\/media?parent=11298"}],"wp:term":[{"taxonomy":"product_brand","embeddable":true,"href":"https:\/\/myreplicawatches.io\/es\/wp-json\/wp\/v2\/product_brand?post=11298"},{"taxonomy":"product_cat","embeddable":true,"href":"https:\/\/myreplicawatches.io\/es\/wp-json\/wp\/v2\/product_cat?post=11298"},{"taxonomy":"product_tag","embeddable":true,"href":"https:\/\/myreplicawatches.io\/es\/wp-json\/wp\/v2\/product_tag?post=11298"}],"curies":[{"name":"wp","href":"https:\/\/api.w.org\/{rel}","templated":true}]}}