{"id":11296,"date":"2023-10-03T21:49:06","date_gmt":"2023-10-03T21:49:06","guid":{"rendered":"https:\/\/myreplicawatches.io\/product\/replica-aquanaut-esfera-verde-patek-philippe-aquanaut-5168g\/"},"modified":"2025-11-16T12:42:01","modified_gmt":"2025-11-16T12:42:01","slug":"replica-aquanaut-esfera-verde-patek-philippe-aquanaut-5168g","status":"publish","type":"product","link":"https:\/\/myreplicawatches.io\/es\/product\/replica-aquanaut-esfera-verde-patek-philippe-aquanaut-5168g\/","title":{"rendered":"R\u00e9plica Aquanaut Esfera Verde Patek Philippe Aquanaut 5168G"},"content":{"rendered":"<h3>Replica Aquanaut Esfera Verde &#8211; AAAA+ Calidad Clon Reloj Replica<\/h3>\n<p>&nbsp;<\/p>\n<h3>Ventajas de poseer r\u00e9plicas de relojes:<\/h3>\n<ul>\n<li>Una r\u00e9plica del Aquanaut Green puede comprarse a un precio mucho m\u00e1s barato que uno aut\u00e9ntico, pero un reloj r\u00e9plica parecer\u00e1 y tendr\u00e1 el mismo tacto que el original.<\/li>\n<li>Lo \u00faltimo que alguien quiere es gastarse una fortuna para conseguir un reloj de lujo que tiene peque\u00f1as diferencias con nuestras r\u00e9plicas de relojes.<\/li>\n<li>Muchos entusiastas de los relojes no quieren gastarse miles de d\u00f3lares en relojes y quieren tener esa gran sensaci\u00f3n de poseer un gran reloj de una marca de lujo. Es entonces cuando mis r\u00e9plicas de relojes entran en escena y proporcionan esa sensaci\u00f3n a sus clientes.<\/li>\n<li>\u00bf Tienes ya un aut\u00e9ntico reloj de alta gama que no quieres llevar por motivos de seguridad o por razones de devaluaci\u00f3n en algunas ocasiones ? Lleva tu R\u00e9plica de Reloj Aquanaut Verde de alta calidad y si\u00e9ntete m\u00e1s seguro, ten la misma confianza, protege tus objetos de valor<\/li>\n<\/ul>\n<ul>\n<li><strong>Marca<\/strong> Patek Philippe<\/li>\n<li><strong>Gama<\/strong> Aquanaut<\/li>\n<li><strong>Modelo<\/strong> 5168G<\/li>\n<li><strong>Sexo<\/strong> Hombre<\/li>\n<li><strong>Movimiento<\/strong> Movimiento autom\u00e1tico Patek Philippe 324SC<\/li>\n<li><strong>Tama\u00f1o de la caja<\/strong> 42,2 x 8,6 mm<\/li>\n<\/ul>\n<p>ENV\u00cdO &#8211; La llegada estimada es de 4-12 d\u00edas despu\u00e9s del env\u00edo, recibir\u00e1s tu n\u00famero de seguimiento en 2-3 d\u00edas despu\u00e9s de tu pedido.<\/p>\n","protected":false},"excerpt":{"rendered":"<p>Replica Aquanaut Esfera Verde &#8211; AAAA+ Calidad Clon Reloj Replica &nbsp; Ventajas de poseer r\u00e9plicas de relojes: Una r\u00e9plica del Aquanaut Green puede comprarse a un precio mucho m\u00e1s barato que uno aut\u00e9ntico, pero un reloj r\u00e9plica parecer\u00e1 y tendr\u00e1 el mismo tacto que el original. Lo \u00faltimo que alguien quiere es gastarse una fortuna<\/p>\n","protected":false},"featured_media":33985,"comment_status":"open","ping_status":"closed","template":"","meta":{"_uag_custom_page_level_css":"","site-sidebar-layout":"default","site-content-layout":"","ast-site-content-layout":"default","site-content-style":"default","site-sidebar-style":"default","ast-global-header-display":"","ast-banner-title-visibility":"","ast-main-header-display":"","ast-hfb-above-header-display":"","ast-hfb-below-header-display":"","ast-hfb-mobile-header-display":"","site-post-title":"","ast-breadcrumbs-content":"","ast-featured-img":"","footer-sml-layout":"","theme-transparent-header-meta":"default","adv-header-id-meta":"","stick-header-meta":"","header-above-stick-meta":"","header-main-stick-meta":"","header-below-stick-meta":"","astra-migrate-meta-layouts":"set","ast-page-background-enabled":"default","ast-page-background-meta":{"desktop":{"background-color":"var(--ast-global-color-4)","background-image":"","background-repeat":"repeat","background-position":"center center","background-size":"auto","background-attachment":"scroll","background-type":"","background-media":"","overlay-type":"","overlay-color":"","overlay-opacity":"","overlay-gradient":""},"tablet":{"background-color":"","background-image":"","background-repeat":"repeat","background-position":"center center","background-size":"auto","background-attachment":"scroll","background-type":"","background-media":"","overlay-type":"","overlay-color":"","overlay-opacity":"","overlay-gradient":""},"mobile":{"background-color":"","background-image":"","background-repeat":"repeat","background-position":"center center","background-size":"auto","background-attachment":"scroll","background-type":"","background-media":"","overlay-type":"","overlay-color":"","overlay-opacity":"","overlay-gradient":""}},"ast-content-background-meta":{"desktop":{"background-color":"var(--ast-global-color-5)","background-image":"","background-repeat":"repeat","background-position":"center center","background-size":"auto","background-attachment":"scroll","background-type":"","background-media":"","overlay-type":"","overlay-color":"","overlay-opacity":"","overlay-gradient":""},"tablet":{"background-color":"var(--ast-global-color-5)","background-image":"","background-repeat":"repeat","background-position":"center center","background-size":"auto","background-attachment":"scroll","background-type":"","background-media":"","overlay-type":"","overlay-color":"","overlay-opacity":"","overlay-gradient":""},"mobile":{"background-color":"var(--ast-global-color-5)","background-image":"","background-repeat":"repeat","background-position":"center center","background-size":"auto","background-attachment":"scroll","background-type":"","background-media":"","overlay-type":"","overlay-color":"","overlay-opacity":"","overlay-gradient":""}}},"product_brand":[],"product_cat":[168,153,154,190,158],"product_tag":[881,4600,932,4601,470,3813,440,474,477,252,2146,465,499,441,933],"class_list":{"0":"post-11296","1":"product","2":"type-product","3":"status-publish","4":"has-post-thumbnail","6":"product_cat-productos-mas-nuevos","7":"product_cat-replica-patek-philippe","8":"product_cat-replicas-de-relojes-mas-vendidas","9":"product_cat-super-clon-patek-philippe","10":"product_cat-superclones","11":"product_tag-aquanaut","12":"product_tag-aquanaut-5168g-es","13":"product_tag-green-dial-es","14":"product_tag-green-watch-es","15":"product_tag-high-end-replica","16":"product_tag-luxury-replica-watch-es","17":"product_tag-luxury-watch","18":"product_tag-mens-watch","19":"product_tag-nautilus-replica","20":"product_tag-patek-philippe-es","21":"product_tag-patek-philippe-replica-es","22":"product_tag-replica","23":"product_tag-sports-watch","24":"product_tag-swiss-movement","25":"product_tag-watch-es","26":"desktop-align-left","27":"tablet-align-left","28":"mobile-align-left","29":"ast-product-gallery-layout-vertical-slider","30":"ast-product-single-variable","32":"first","33":"instock","34":"shipping-taxable","35":"purchasable","36":"product-type-variable"},"uagb_featured_image_src":{"full":["https:\/\/myreplicawatches.io\/wp-content\/uploads\/2023\/10\/img_2306-scaled.png",2560,2560,false],"thumbnail":["https:\/\/myreplicawatches.io\/wp-content\/uploads\/2023\/10\/img_2306-150x150.png",150,150,true],"medium":["https:\/\/myreplicawatches.io\/wp-content\/uploads\/2023\/10\/img_2306-300x300.png",300,300,true],"medium_large":["https:\/\/myreplicawatches.io\/wp-content\/uploads\/2023\/10\/img_2306-768x768.png",768,768,true],"large":["https:\/\/myreplicawatches.io\/wp-content\/uploads\/2023\/10\/img_2306-1024x1024.png",1024,1024,true],"1536x1536":["https:\/\/myreplicawatches.io\/wp-content\/uploads\/2023\/10\/img_2306-1536x1536.png",1536,1536,true],"2048x2048":["https:\/\/myreplicawatches.io\/wp-content\/uploads\/2023\/10\/img_2306-2048x2048.png",2048,2048,true],"woocommerce_thumbnail":["https:\/\/myreplicawatches.io\/wp-content\/uploads\/2023\/10\/img_2306-scaled-300x300.png",300,300,true],"woocommerce_single":["https:\/\/myreplicawatches.io\/wp-content\/uploads\/2023\/10\/img_2306-scaled-600x600.png",600,600,true],"woocommerce_gallery_thumbnail":["https:\/\/myreplicawatches.io\/wp-content\/uploads\/2023\/10\/img_2306-scaled-100x100.png",100,100,true],"variation_swatches_image_size":["https:\/\/myreplicawatches.io\/wp-content\/uploads\/2023\/10\/img_2306-50x50.png",50,50,true],"variation_swatches_tooltip_size":["https:\/\/myreplicawatches.io\/wp-content\/uploads\/2023\/10\/img_2306-100x100.png",100,100,true],"dgwt-wcas-product-suggestion":["https:\/\/myreplicawatches.io\/wp-content\/uploads\/2023\/10\/img_2306-scaled-64x64.png",64,64,true]},"uagb_author_info":{"display_name":"admin","author_link":"https:\/\/myreplicawatches.io\/es\/author\/"},"uagb_comment_info":0,"uagb_excerpt":"Replica Aquanaut Esfera Verde &#8211; AAAA+ Calidad Clon Reloj Replica &nbsp; Ventajas de poseer r\u00e9plicas de relojes: Una r\u00e9plica del Aquanaut Green puede comprarse a un precio mucho m\u00e1s barato que uno aut\u00e9ntico, pero un reloj r\u00e9plica parecer\u00e1 y tendr\u00e1 el mismo tacto que el original. Lo \u00faltimo que alguien quiere es gastarse una fortuna","jetpack_sharing_enabled":true,"_links":{"self":[{"href":"https:\/\/myreplicawatches.io\/es\/wp-json\/wp\/v2\/product\/11296","targetHints":{"allow":["GET"]}}],"collection":[{"href":"https:\/\/myreplicawatches.io\/es\/wp-json\/wp\/v2\/product"}],"about":[{"href":"https:\/\/myreplicawatches.io\/es\/wp-json\/wp\/v2\/types\/product"}],"replies":[{"embeddable":true,"href":"https:\/\/myreplicawatches.io\/es\/wp-json\/wp\/v2\/comments?post=11296"}],"wp:featuredmedia":[{"embeddable":true,"href":"https:\/\/myreplicawatches.io\/es\/wp-json\/wp\/v2\/media\/33985"}],"wp:attachment":[{"href":"https:\/\/myreplicawatches.io\/es\/wp-json\/wp\/v2\/media?parent=11296"}],"wp:term":[{"taxonomy":"product_brand","embeddable":true,"href":"https:\/\/myreplicawatches.io\/es\/wp-json\/wp\/v2\/product_brand?post=11296"},{"taxonomy":"product_cat","embeddable":true,"href":"https:\/\/myreplicawatches.io\/es\/wp-json\/wp\/v2\/product_cat?post=11296"},{"taxonomy":"product_tag","embeddable":true,"href":"https:\/\/myreplicawatches.io\/es\/wp-json\/wp\/v2\/product_tag?post=11296"}],"curies":[{"name":"wp","href":"https:\/\/api.w.org\/{rel}","templated":true}]}}