{"id":11295,"date":"2023-10-03T21:44:11","date_gmt":"2023-10-03T21:44:11","guid":{"rendered":"https:\/\/myreplicawatches.io\/product\/replica-omega-seamaster-aqua-terra-oro-piel\/"},"modified":"2025-07-27T12:04:06","modified_gmt":"2025-07-27T12:04:06","slug":"replica-omega-seamaster-aqua-terra-oro-piel","status":"publish","type":"product","link":"https:\/\/myreplicawatches.io\/es\/product\/replica-omega-seamaster-aqua-terra-oro-piel\/","title":{"rendered":"R\u00e9plica Omega Seamaster Aqua Terra Oro Piel"},"content":{"rendered":"<h5>R\u00e9plica Omega Seamaster Aqua Terra Oro Piel &#8211; Best Replica AAAA+<\/h5>\n<p>&nbsp;<\/p>\n<h5>Ventajas de poseer la R\u00e9plica Omega Seamaster Aqua Terra Oro Piel:<\/h5>\n<ul>\n<li>Una r\u00e9plica puede comprarse a un precio mucho m\u00e1s barato que uno aut\u00e9ntico, sin embargo, un reloj r\u00e9plica parecer\u00e1 y se sentir\u00e1 igual que el original.<\/li>\n<li>Lo \u00faltimo que alguien quiere es gastarse una fortuna para conseguir un reloj de lujo que tiene peque\u00f1as diferencias con nuestras r\u00e9plicas de relojes.<\/li>\n<li>Muchos entusiastas de los relojes no quieren gastarse miles de d\u00f3lares en relojes y quieren tener esa gran sensaci\u00f3n de poseer un gran reloj de una marca de lujo. Aqu\u00ed es cuando entran en juego los relojes myreplicawatches.io y proporcionan esa sensaci\u00f3n a sus clientes.<\/li>\n<li>\u00bf Tienes ya un aut\u00e9ntico reloj de alta gama que no quieres llevar por motivos de seguridad o por razones de devaluaci\u00f3n en algunas ocasiones ? Lleva tu R\u00e9plica de reloj Omega Seamaster Aqua Terra de piel dorada de alta calidad y si\u00e9ntete m\u00e1s seguro, ten la misma confianza, protege tus objetos de valor<\/li>\n<\/ul>\n<p>Informaci\u00f3n adicional de la R\u00e9plica Omega Seamaster Aqua Terra Piel Dorada Gama de productos &#8211; R\u00e9plica Seamaster Aqua Terra 150m modelo &#8211; 2604.50.37 Material de la pulsera &#8211; Piel negra Marca &#8211; R\u00e9plica Omega Material de la caja &#8211; Acero inoxidable de grado 316 Tama\u00f1o de la caja &#8211; 35 mm Tipo de esfera &#8211; Negra Sexo &#8211; Unisex Modelo &#8211; 2604.50.37 Movimiento &#8211; Autom\u00e1tico Resistente al agua &#8211; S\u00ed Material de la pulsera &#8211; Piel<\/p>\n","protected":false},"excerpt":{"rendered":"<p>R\u00e9plica Omega Seamaster Aqua Terra Oro Piel &#8211; Best Replica AAAA+ &nbsp; Ventajas de poseer la R\u00e9plica Omega Seamaster Aqua Terra Oro Piel: Una r\u00e9plica puede comprarse a un precio mucho m\u00e1s barato que uno aut\u00e9ntico, sin embargo, un reloj r\u00e9plica parecer\u00e1 y se sentir\u00e1 igual que el original. Lo \u00faltimo que alguien quiere es<\/p>\n","protected":false},"featured_media":7147,"comment_status":"open","ping_status":"closed","template":"","meta":{"_uag_custom_page_level_css":"","site-sidebar-layout":"default","site-content-layout":"","ast-site-content-layout":"default","site-content-style":"default","site-sidebar-style":"default","ast-global-header-display":"","ast-banner-title-visibility":"","ast-main-header-display":"","ast-hfb-above-header-display":"","ast-hfb-below-header-display":"","ast-hfb-mobile-header-display":"","site-post-title":"","ast-breadcrumbs-content":"","ast-featured-img":"","footer-sml-layout":"","theme-transparent-header-meta":"default","adv-header-id-meta":"","stick-header-meta":"default","header-above-stick-meta":"","header-main-stick-meta":"","header-below-stick-meta":"","astra-migrate-meta-layouts":"set","ast-page-background-enabled":"default","ast-page-background-meta":{"desktop":{"background-color":"var(--ast-global-color-4)","background-image":"","background-repeat":"repeat","background-position":"center center","background-size":"auto","background-attachment":"scroll","background-type":"","background-media":"","overlay-type":"","overlay-color":"","overlay-opacity":"","overlay-gradient":""},"tablet":{"background-color":"","background-image":"","background-repeat":"repeat","background-position":"center center","background-size":"auto","background-attachment":"scroll","background-type":"","background-media":"","overlay-type":"","overlay-color":"","overlay-opacity":"","overlay-gradient":""},"mobile":{"background-color":"","background-image":"","background-repeat":"repeat","background-position":"center center","background-size":"auto","background-attachment":"scroll","background-type":"","background-media":"","overlay-type":"","overlay-color":"","overlay-opacity":"","overlay-gradient":""}},"ast-content-background-meta":{"desktop":{"background-color":"var(--ast-global-color-5)","background-image":"","background-repeat":"repeat","background-position":"center center","background-size":"auto","background-attachment":"scroll","background-type":"","background-media":"","overlay-type":"","overlay-color":"","overlay-opacity":"","overlay-gradient":""},"tablet":{"background-color":"var(--ast-global-color-5)","background-image":"","background-repeat":"repeat","background-position":"center center","background-size":"auto","background-attachment":"scroll","background-type":"","background-media":"","overlay-type":"","overlay-color":"","overlay-opacity":"","overlay-gradient":""},"mobile":{"background-color":"var(--ast-global-color-5)","background-image":"","background-repeat":"repeat","background-position":"center center","background-size":"auto","background-attachment":"scroll","background-type":"","background-media":"","overlay-type":"","overlay-color":"","overlay-opacity":"","overlay-gradient":""}}},"product_brand":[],"product_cat":[168,150,226,154],"product_tag":[4091,4079,4087,4078,4084,4081,4086,4088,4093,4082,4083,4090,4085,4080,4089,2033],"class_list":{"0":"post-11295","1":"product","2":"type-product","3":"status-publish","4":"has-post-thumbnail","6":"product_cat-productos-mas-nuevos","7":"product_cat-relojes-replica-omega-de-la-mej","8":"product_cat-replica-omega-seamaster","9":"product_cat-replicas-de-relojes-mas-vendidas","10":"product_tag-omega-aqua-terra-oro","11":"product_tag-omega-aqua-terra-replica","12":"product_tag-omega-oro-piel","13":"product_tag-omega-seamaster-aqua-terra","14":"product_tag-omega-seamaster-de-lujo","15":"product_tag-omega-seamaster-oro","16":"product_tag-reloj-aqua-terra-de-lujo","17":"product_tag-reloj-de-alta-gama-omega","18":"product_tag-reloj-de-lujo-con-piel","19":"product_tag-reloj-de-lujo-omega","20":"product_tag-reloj-de-piel-omega","21":"product_tag-reloj-de-precision-omega","22":"product_tag-reloj-omega-con-piel","23":"product_tag-reloj-omega-oro-piel","24":"product_tag-reloj-omega-seamaster-replica","25":"product_tag-replica-omega-seamaster-es","26":"desktop-align-left","27":"tablet-align-left","28":"mobile-align-left","29":"ast-product-gallery-layout-vertical-slider","30":"ast-product-gallery-with-no-image","32":"first","33":"instock","34":"sale","35":"shipping-taxable","36":"purchasable","37":"product-type-simple"},"uagb_featured_image_src":{"full":["https:\/\/myreplicawatches.io\/wp-content\/uploads\/2023\/10\/replica-omega-seamaster-aqua-terra-150m-26045037.jpg",600,600,false],"thumbnail":["https:\/\/myreplicawatches.io\/wp-content\/uploads\/2023\/10\/replica-omega-seamaster-aqua-terra-150m-26045037-150x150.jpg",150,150,true],"medium":["https:\/\/myreplicawatches.io\/wp-content\/uploads\/2023\/10\/replica-omega-seamaster-aqua-terra-150m-26045037-300x300.jpg",300,300,true],"medium_large":["https:\/\/myreplicawatches.io\/wp-content\/uploads\/2023\/10\/replica-omega-seamaster-aqua-terra-150m-26045037.jpg",600,600,false],"large":["https:\/\/myreplicawatches.io\/wp-content\/uploads\/2023\/10\/replica-omega-seamaster-aqua-terra-150m-26045037.jpg",600,600,false],"1536x1536":["https:\/\/myreplicawatches.io\/wp-content\/uploads\/2023\/10\/replica-omega-seamaster-aqua-terra-150m-26045037.jpg",600,600,false],"2048x2048":["https:\/\/myreplicawatches.io\/wp-content\/uploads\/2023\/10\/replica-omega-seamaster-aqua-terra-150m-26045037.jpg",600,600,false],"woocommerce_thumbnail":["https:\/\/myreplicawatches.io\/wp-content\/uploads\/2023\/10\/replica-omega-seamaster-aqua-terra-150m-26045037-300x300.jpg",300,300,true],"woocommerce_single":["https:\/\/myreplicawatches.io\/wp-content\/uploads\/2023\/10\/replica-omega-seamaster-aqua-terra-150m-26045037.jpg",600,600,false],"woocommerce_gallery_thumbnail":["https:\/\/myreplicawatches.io\/wp-content\/uploads\/2023\/10\/replica-omega-seamaster-aqua-terra-150m-26045037-100x100.jpg",100,100,true],"variation_swatches_image_size":["https:\/\/myreplicawatches.io\/wp-content\/uploads\/2023\/10\/replica-omega-seamaster-aqua-terra-150m-26045037.jpg",50,50,false],"variation_swatches_tooltip_size":["https:\/\/myreplicawatches.io\/wp-content\/uploads\/2023\/10\/replica-omega-seamaster-aqua-terra-150m-26045037.jpg",100,100,false],"dgwt-wcas-product-suggestion":["https:\/\/myreplicawatches.io\/wp-content\/uploads\/2023\/10\/replica-omega-seamaster-aqua-terra-150m-26045037-64x64.jpg",64,64,true]},"uagb_author_info":{"display_name":"admin","author_link":"https:\/\/myreplicawatches.io\/es\/author\/"},"uagb_comment_info":0,"uagb_excerpt":"R\u00e9plica Omega Seamaster Aqua Terra Oro Piel &#8211; Best Replica AAAA+ &nbsp; Ventajas de poseer la R\u00e9plica Omega Seamaster Aqua Terra Oro Piel: Una r\u00e9plica puede comprarse a un precio mucho m\u00e1s barato que uno aut\u00e9ntico, sin embargo, un reloj r\u00e9plica parecer\u00e1 y se sentir\u00e1 igual que el original. Lo \u00faltimo que alguien quiere es","jetpack_sharing_enabled":true,"_links":{"self":[{"href":"https:\/\/myreplicawatches.io\/es\/wp-json\/wp\/v2\/product\/11295","targetHints":{"allow":["GET"]}}],"collection":[{"href":"https:\/\/myreplicawatches.io\/es\/wp-json\/wp\/v2\/product"}],"about":[{"href":"https:\/\/myreplicawatches.io\/es\/wp-json\/wp\/v2\/types\/product"}],"replies":[{"embeddable":true,"href":"https:\/\/myreplicawatches.io\/es\/wp-json\/wp\/v2\/comments?post=11295"}],"wp:featuredmedia":[{"embeddable":true,"href":"https:\/\/myreplicawatches.io\/es\/wp-json\/wp\/v2\/media\/7147"}],"wp:attachment":[{"href":"https:\/\/myreplicawatches.io\/es\/wp-json\/wp\/v2\/media?parent=11295"}],"wp:term":[{"taxonomy":"product_brand","embeddable":true,"href":"https:\/\/myreplicawatches.io\/es\/wp-json\/wp\/v2\/product_brand?post=11295"},{"taxonomy":"product_cat","embeddable":true,"href":"https:\/\/myreplicawatches.io\/es\/wp-json\/wp\/v2\/product_cat?post=11295"},{"taxonomy":"product_tag","embeddable":true,"href":"https:\/\/myreplicawatches.io\/es\/wp-json\/wp\/v2\/product_tag?post=11295"}],"curies":[{"name":"wp","href":"https:\/\/api.w.org\/{rel}","templated":true}]}}