{"id":11291,"date":"2023-10-03T21:41:46","date_gmt":"2023-10-03T21:41:46","guid":{"rendered":"https:\/\/myreplicawatches.io\/product\/replica-omega-seamaster-300m-esfera-azul\/"},"modified":"2025-07-27T12:04:12","modified_gmt":"2025-07-27T12:04:12","slug":"replica-omega-seamaster-300m-esfera-azul","status":"publish","type":"product","link":"https:\/\/myreplicawatches.io\/es\/product\/replica-omega-seamaster-300m-esfera-azul\/","title":{"rendered":"R\u00e9plica Omega Seamaster 300m Esfera Azul"},"content":{"rendered":"<h2>Omega Seamaster 300m Esfera Azul R\u00e9plica AAAA+ Calidad Versi\u00f3n copia reloj omega<\/h2>\n<p>&nbsp;<\/p>\n<h5>Ventajas de poseer la R\u00e9plica Omega Seamaster 300m Esfera Azul:<\/h5>\n<ul>\n<li>Una r\u00e9plica puede comprarse a un precio mucho m\u00e1s barato que uno aut\u00e9ntico, sin embargo, un reloj r\u00e9plica parecer\u00e1 y se sentir\u00e1 igual que el original.<\/li>\n<li>Lo \u00faltimo que alguien quiere es gastarse una fortuna para conseguir un reloj de lujo que tiene peque\u00f1as diferencias con nuestras r\u00e9plicas de relojes.<\/li>\n<li>Muchos entusiastas de los relojes no quieren gastarse miles de d\u00f3lares en relojes y quieren tener esa gran sensaci\u00f3n de poseer un gran reloj de una marca de lujo. Aqu\u00ed es cuando entran en juego los relojes myreplicawatches.io y proporcionan esa sensaci\u00f3n a sus clientes.<\/li>\n<li>\u00bf Tienes ya un aut\u00e9ntico reloj de alta gama que no quieres llevar por motivos de seguridad o por razones de devaluaci\u00f3n en algunas ocasiones ? Lleva tu Reloj Replica Omega Seamaster 300m Esfera Azul de Alta Calidad y si\u00e9ntete m\u00e1s seguro, ten la misma confianza, protege tus objetos de valor<\/li>\n<\/ul>\n<p>Informaci\u00f3n adicional de la R\u00e9plica Omega Seamaster 300m Esfera Azul Gama de productos &#8211; R\u00e9plica Seamaster modelo &#8211; 2221.80.00 Material de la pulsera &#8211; Acero inoxidable de grado 316 Marca &#8211; R\u00e9plica Omega Material de la caja &#8211; Acero inoxidable de grado 316 Tama\u00f1o de la caja &#8211; 41 MM Tipo de esfera &#8211; Azul Sexo &#8211; Hombre Movimiento &#8211; Autom\u00e1tico Gama &#8211; R\u00e9plica Seamaster Resistente al agua &#8211; S\u00ed Material de la pulsera &#8211; Acero<\/p>\n","protected":false},"excerpt":{"rendered":"<p>Omega Seamaster 300m Esfera Azul R\u00e9plica AAAA+ Calidad Versi\u00f3n copia reloj omega &nbsp; Ventajas de poseer la R\u00e9plica Omega Seamaster 300m Esfera Azul: Una r\u00e9plica puede comprarse a un precio mucho m\u00e1s barato que uno aut\u00e9ntico, sin embargo, un reloj r\u00e9plica parecer\u00e1 y se sentir\u00e1 igual que el original. Lo \u00faltimo que alguien quiere es<\/p>\n","protected":false},"featured_media":7104,"comment_status":"open","ping_status":"closed","template":"","meta":{"_uag_custom_page_level_css":"","site-sidebar-layout":"default","site-content-layout":"","ast-site-content-layout":"default","site-content-style":"default","site-sidebar-style":"default","ast-global-header-display":"","ast-banner-title-visibility":"","ast-main-header-display":"","ast-hfb-above-header-display":"","ast-hfb-below-header-display":"","ast-hfb-mobile-header-display":"","site-post-title":"","ast-breadcrumbs-content":"","ast-featured-img":"","footer-sml-layout":"","theme-transparent-header-meta":"default","adv-header-id-meta":"","stick-header-meta":"default","header-above-stick-meta":"","header-main-stick-meta":"","header-below-stick-meta":"","astra-migrate-meta-layouts":"set","ast-page-background-enabled":"default","ast-page-background-meta":{"desktop":{"background-color":"var(--ast-global-color-4)","background-image":"","background-repeat":"repeat","background-position":"center center","background-size":"auto","background-attachment":"scroll","background-type":"","background-media":"","overlay-type":"","overlay-color":"","overlay-opacity":"","overlay-gradient":""},"tablet":{"background-color":"","background-image":"","background-repeat":"repeat","background-position":"center center","background-size":"auto","background-attachment":"scroll","background-type":"","background-media":"","overlay-type":"","overlay-color":"","overlay-opacity":"","overlay-gradient":""},"mobile":{"background-color":"","background-image":"","background-repeat":"repeat","background-position":"center center","background-size":"auto","background-attachment":"scroll","background-type":"","background-media":"","overlay-type":"","overlay-color":"","overlay-opacity":"","overlay-gradient":""}},"ast-content-background-meta":{"desktop":{"background-color":"var(--ast-global-color-5)","background-image":"","background-repeat":"repeat","background-position":"center center","background-size":"auto","background-attachment":"scroll","background-type":"","background-media":"","overlay-type":"","overlay-color":"","overlay-opacity":"","overlay-gradient":""},"tablet":{"background-color":"var(--ast-global-color-5)","background-image":"","background-repeat":"repeat","background-position":"center center","background-size":"auto","background-attachment":"scroll","background-type":"","background-media":"","overlay-type":"","overlay-color":"","overlay-opacity":"","overlay-gradient":""},"mobile":{"background-color":"var(--ast-global-color-5)","background-image":"","background-repeat":"repeat","background-position":"center center","background-size":"auto","background-attachment":"scroll","background-type":"","background-media":"","overlay-type":"","overlay-color":"","overlay-opacity":"","overlay-gradient":""}}},"product_brand":[],"product_cat":[168,150,226,154],"product_tag":[4177,4120,4166,4153,4175,3083,4170,4151,3051,4163,4176,4116,4126,3024,4168,4164,4173],"class_list":{"0":"post-11291","1":"product","2":"type-product","3":"status-publish","4":"has-post-thumbnail","6":"product_cat-productos-mas-nuevos","7":"product_cat-relojes-replica-omega-de-la-mej","8":"product_cat-replica-omega-seamaster","9":"product_cat-replicas-de-relojes-mas-vendidas","10":"product_tag-blue-dial-omega-watch","11":"product_tag-high-quality-omega-replica","12":"product_tag-luxury-omega-replica","13":"product_tag-omega-300m-replica-es","14":"product_tag-omega-300m-watch","15":"product_tag-omega-blue-dial","16":"product_tag-omega-blue-watch","17":"product_tag-omega-seamaster-300m-es","18":"product_tag-omega-seamaster-blue","19":"product_tag-omega-seamaster-blue-dial","20":"product_tag-omega-seamaster-diving-watch","21":"product_tag-omega-seamaster-luxury","22":"product_tag-omega-seamaster-precision","23":"product_tag-omega-seamaster-replica-es","24":"product_tag-omega-sports-watch","25":"product_tag-seamaster-300m-replica","26":"product_tag-seamaster-luxury-replica","27":"desktop-align-left","28":"tablet-align-left","29":"mobile-align-left","30":"ast-product-gallery-layout-vertical-slider","32":"first","33":"instock","34":"sale","35":"shipping-taxable","36":"purchasable","37":"product-type-simple"},"uagb_featured_image_src":{"full":["https:\/\/myreplicawatches.io\/wp-content\/uploads\/2023\/10\/replica-omega-seamaster-300m-22218000.jpg",842,1014,false],"thumbnail":["https:\/\/myreplicawatches.io\/wp-content\/uploads\/2023\/10\/replica-omega-seamaster-300m-22218000-150x150.png",150,150,true],"medium":["https:\/\/myreplicawatches.io\/wp-content\/uploads\/2023\/10\/replica-omega-seamaster-300m-22218000-249x300.png",249,300,true],"medium_large":["https:\/\/myreplicawatches.io\/wp-content\/uploads\/2023\/10\/replica-omega-seamaster-300m-22218000-768x925.png",768,925,true],"large":["https:\/\/myreplicawatches.io\/wp-content\/uploads\/2023\/10\/replica-omega-seamaster-300m-22218000.jpg",842,1014,false],"1536x1536":["https:\/\/myreplicawatches.io\/wp-content\/uploads\/2023\/10\/replica-omega-seamaster-300m-22218000.jpg",842,1014,false],"2048x2048":["https:\/\/myreplicawatches.io\/wp-content\/uploads\/2023\/10\/replica-omega-seamaster-300m-22218000.jpg",842,1014,false],"woocommerce_thumbnail":["https:\/\/myreplicawatches.io\/wp-content\/uploads\/2023\/10\/replica-omega-seamaster-300m-22218000-300x300.jpg",300,300,true],"woocommerce_single":["https:\/\/myreplicawatches.io\/wp-content\/uploads\/2023\/10\/replica-omega-seamaster-300m-22218000-600x723.jpg",600,723,true],"woocommerce_gallery_thumbnail":["https:\/\/myreplicawatches.io\/wp-content\/uploads\/2023\/10\/replica-omega-seamaster-300m-22218000-100x100.jpg",100,100,true],"variation_swatches_image_size":["https:\/\/myreplicawatches.io\/wp-content\/uploads\/2023\/10\/replica-omega-seamaster-300m-22218000.jpg",42,50,false],"variation_swatches_tooltip_size":["https:\/\/myreplicawatches.io\/wp-content\/uploads\/2023\/10\/replica-omega-seamaster-300m-22218000.jpg",83,100,false],"dgwt-wcas-product-suggestion":["https:\/\/myreplicawatches.io\/wp-content\/uploads\/2023\/10\/replica-omega-seamaster-300m-22218000-64x77.jpg",64,77,true]},"uagb_author_info":{"display_name":"admin","author_link":"https:\/\/myreplicawatches.io\/es\/author\/"},"uagb_comment_info":0,"uagb_excerpt":"Omega Seamaster 300m Esfera Azul R\u00e9plica AAAA+ Calidad Versi\u00f3n copia reloj omega &nbsp; Ventajas de poseer la R\u00e9plica Omega Seamaster 300m Esfera Azul: Una r\u00e9plica puede comprarse a un precio mucho m\u00e1s barato que uno aut\u00e9ntico, sin embargo, un reloj r\u00e9plica parecer\u00e1 y se sentir\u00e1 igual que el original. Lo \u00faltimo que alguien quiere es","jetpack_sharing_enabled":true,"_links":{"self":[{"href":"https:\/\/myreplicawatches.io\/es\/wp-json\/wp\/v2\/product\/11291","targetHints":{"allow":["GET"]}}],"collection":[{"href":"https:\/\/myreplicawatches.io\/es\/wp-json\/wp\/v2\/product"}],"about":[{"href":"https:\/\/myreplicawatches.io\/es\/wp-json\/wp\/v2\/types\/product"}],"replies":[{"embeddable":true,"href":"https:\/\/myreplicawatches.io\/es\/wp-json\/wp\/v2\/comments?post=11291"}],"wp:featuredmedia":[{"embeddable":true,"href":"https:\/\/myreplicawatches.io\/es\/wp-json\/wp\/v2\/media\/7104"}],"wp:attachment":[{"href":"https:\/\/myreplicawatches.io\/es\/wp-json\/wp\/v2\/media?parent=11291"}],"wp:term":[{"taxonomy":"product_brand","embeddable":true,"href":"https:\/\/myreplicawatches.io\/es\/wp-json\/wp\/v2\/product_brand?post=11291"},{"taxonomy":"product_cat","embeddable":true,"href":"https:\/\/myreplicawatches.io\/es\/wp-json\/wp\/v2\/product_cat?post=11291"},{"taxonomy":"product_tag","embeddable":true,"href":"https:\/\/myreplicawatches.io\/es\/wp-json\/wp\/v2\/product_tag?post=11291"}],"curies":[{"name":"wp","href":"https:\/\/api.w.org\/{rel}","templated":true}]}}