{"id":11260,"date":"2023-10-03T21:40:12","date_gmt":"2023-10-03T21:40:12","guid":{"rendered":"https:\/\/myreplicawatches.io\/product\/replica-nike-x-off-blanco-negro-vapormax\/"},"modified":"2025-02-21T06:08:17","modified_gmt":"2025-02-21T06:08:17","slug":"replica-nike-x-off-blanco-negro-vapormax","status":"publish","type":"product","link":"https:\/\/myreplicawatches.io\/es\/product\/replica-nike-x-off-blanco-negro-vapormax\/","title":{"rendered":"R\u00e9plica NIke X OFF Blanco Negro Vapormax"},"content":{"rendered":"<p>&nbsp;<\/p>\n<div style=\"text-align: center;\"><strong>Calidad superior <\/strong><\/div>\n<ul>\n<li><strong>Estilo<span class=\"des-wrap\">:Con cordones <\/span> <\/strong><\/li>\n<li><strong>Sexo<span class=\"des-wrap\">:Hombre\/Mujer<\/span><\/strong><\/li>\n<li><strong>Material<span class=\"des-wrap\">:Piel <\/span> <\/strong><\/li>\n<li><strong>Material superior<span class=\"des-wrap\">:Piel aut\u00e9ntica <\/span> <\/strong><\/li>\n<li><strong>Material de la plantilla<span class=\"des-wrap\">:Goma <\/span> <\/strong><\/li>\n<li><strong>Material del forro<span class=\"des-wrap\">:Tejido de algod\u00f3n <\/span> <\/strong><\/li>\n<li><strong>Material de la suela<span class=\"des-wrap\">:Goma <\/span> <\/strong><\/li>\n<li><strong>Lugar de aplicaci\u00f3n<span class=\"des-wrap\">:Pista dura <\/span> <\/strong><\/li>\n<li><strong>Estilo de puntera<span class=\"des-wrap\">:Puntera cerrada <\/span> <\/strong><\/li>\n<li><strong>Forma de la punta<span class=\"des-wrap\">:Punta redonda <\/span> <\/strong><\/li>\n<li><strong>Tipo de cierre<span class=\"des-wrap\">:Cord\u00f3n <\/span> <\/strong><\/li>\n<li><strong>Ancho del zapato<span class=\"des-wrap\">:Ancho(C,D,W) <\/span> <\/strong><\/li>\n<li><strong>Funci\u00f3n<span class=\"des-wrap\">:Masaje <\/span> <\/strong><\/li>\n<li><strong>Tipo de motivo<span class=\"des-wrap\">: S\u00f3lido <\/span> <\/strong><\/li>\n<\/ul>\n<p>&nbsp;<\/p>\n<p style=\"text-align: center;\"><strong><span class=\"des-wrap\"><img fetchpriority=\"high\" decoding=\"async\" src=\"\/\/cdn2.shopify.com\/s\/files\/1\/0254\/2570\/7092\/files\/Screenshot_2019-07-16_at_6.23.43_PM_large.png?v=1563290667\" alt=\"\" width=\"443\" height=\"354\" title=\"\"><\/span><\/strong><\/p>\n<p>&nbsp;<\/p>\n<div style=\"text-align: center;\"><strong>ENV\u00cdO<\/strong><\/div>\n<div style=\"text-align: center;\"><\/div>\n<div style=\"text-align: center;\"><\/div>\n<div style=\"text-align: center;\"><\/div>\n<div style=\"text-align: center;\">Env\u00edo Seguro Gratuito ( 15-20 d\u00edas estimaci\u00f3n llegada )<\/div>\n<div style=\"text-align: center;\">Env\u00edo asegurado DHL ( 5-10 d\u00edas estimaci\u00f3n llegada ) -Coste extra en la caja<\/div>\n<div style=\"text-align: center;\"><\/div>\n<div style=\"text-align: center;\"><\/div>\n<div><img decoding=\"async\" style=\"display: block; margin-left: auto; margin-right: auto;\" src=\"https:\/\/cdn.shopify.com\/s\/files\/1\/0254\/2570\/7092\/files\/c8604b60-d2ad-4fde-a64a-3a8ea01524a9_large_d0659cbd-b3a0-4f46-a115-c237cd523a77_large.png?v=1559846647\" alt=\"\" width=\"397\" height=\"86\" title=\"\"><\/div>\n","protected":false},"excerpt":{"rendered":"<p>&nbsp; Calidad superior Estilo:Con cordones Sexo:Hombre\/Mujer Material:Piel Material superior:Piel aut\u00e9ntica Material de la plantilla:Goma Material del forro:Tejido de algod\u00f3n Material de la suela:Goma Lugar de aplicaci\u00f3n:Pista dura Estilo de puntera:Puntera cerrada Forma de la punta:Punta redonda Tipo de cierre:Cord\u00f3n Ancho del zapato:Ancho(C,D,W) Funci\u00f3n:Masaje Tipo de motivo: S\u00f3lido &nbsp; &nbsp; ENV\u00cdO Env\u00edo Seguro Gratuito ( 15-20<\/p>\n","protected":false},"featured_media":7072,"comment_status":"open","ping_status":"closed","template":"","meta":{"_uag_custom_page_level_css":"","site-sidebar-layout":"default","site-content-layout":"","ast-site-content-layout":"default","site-content-style":"default","site-sidebar-style":"default","ast-global-header-display":"","ast-banner-title-visibility":"","ast-main-header-display":"","ast-hfb-above-header-display":"","ast-hfb-below-header-display":"","ast-hfb-mobile-header-display":"","site-post-title":"","ast-breadcrumbs-content":"","ast-featured-img":"","footer-sml-layout":"","theme-transparent-header-meta":"default","adv-header-id-meta":"","stick-header-meta":"default","header-above-stick-meta":"","header-main-stick-meta":"","header-below-stick-meta":"","astra-migrate-meta-layouts":"set","ast-page-background-enabled":"default","ast-page-background-meta":{"desktop":{"background-color":"var(--ast-global-color-4)","background-image":"","background-repeat":"repeat","background-position":"center center","background-size":"auto","background-attachment":"scroll","background-type":"","background-media":"","overlay-type":"","overlay-color":"","overlay-opacity":"","overlay-gradient":""},"tablet":{"background-color":"","background-image":"","background-repeat":"repeat","background-position":"center center","background-size":"auto","background-attachment":"scroll","background-type":"","background-media":"","overlay-type":"","overlay-color":"","overlay-opacity":"","overlay-gradient":""},"mobile":{"background-color":"","background-image":"","background-repeat":"repeat","background-position":"center center","background-size":"auto","background-attachment":"scroll","background-type":"","background-media":"","overlay-type":"","overlay-color":"","overlay-opacity":"","overlay-gradient":""}},"ast-content-background-meta":{"desktop":{"background-color":"var(--ast-global-color-5)","background-image":"","background-repeat":"repeat","background-position":"center center","background-size":"auto","background-attachment":"scroll","background-type":"","background-media":"","overlay-type":"","overlay-color":"","overlay-opacity":"","overlay-gradient":""},"tablet":{"background-color":"var(--ast-global-color-5)","background-image":"","background-repeat":"repeat","background-position":"center center","background-size":"auto","background-attachment":"scroll","background-type":"","background-media":"","overlay-type":"","overlay-color":"","overlay-opacity":"","overlay-gradient":""},"mobile":{"background-color":"var(--ast-global-color-5)","background-image":"","background-repeat":"repeat","background-position":"center center","background-size":"auto","background-attachment":"scroll","background-type":"","background-media":"","overlay-type":"","overlay-color":"","overlay-opacity":"","overlay-gradient":""}}},"product_brand":[],"product_cat":[168,154],"product_tag":[4402,4390,4388,4381,4398,4379,4387,557,4400,4383],"class_list":{"0":"post-11260","1":"product","2":"type-product","3":"status-publish","4":"has-post-thumbnail","6":"product_cat-productos-mas-nuevos","7":"product_cat-replicas-de-relojes-mas-vendidas","8":"product_tag-comfortable-sneakers-es","9":"product_tag-fashion-sneakers-es","10":"product_tag-high-end-sneakers-es","11":"product_tag-nike-off-white-es","12":"product_tag-off-white-style-es","13":"product_tag-replica-nike-es","14":"product_tag-sportswear-es","15":"product_tag-streetwear","16":"product_tag-trendy-footwear-es","17":"product_tag-vapormax-es","18":"desktop-align-left","19":"tablet-align-left","20":"mobile-align-left","21":"ast-product-gallery-layout-vertical-slider","22":"ast-product-single-variable","24":"first","25":"instock","26":"shipping-taxable","27":"purchasable","28":"product-type-variable"},"uagb_featured_image_src":{"full":["https:\/\/myreplicawatches.io\/wp-content\/uploads\/2023\/10\/replica-nike-x-off-white-black-vapormax.jpg",750,501,false],"thumbnail":["https:\/\/myreplicawatches.io\/wp-content\/uploads\/2023\/10\/replica-nike-x-off-white-black-vapormax-150x150.jpg",150,150,true],"medium":["https:\/\/myreplicawatches.io\/wp-content\/uploads\/2023\/10\/replica-nike-x-off-white-black-vapormax-300x200.jpg",300,200,true],"medium_large":["https:\/\/myreplicawatches.io\/wp-content\/uploads\/2023\/10\/replica-nike-x-off-white-black-vapormax.jpg",750,501,false],"large":["https:\/\/myreplicawatches.io\/wp-content\/uploads\/2023\/10\/replica-nike-x-off-white-black-vapormax.jpg",750,501,false],"1536x1536":["https:\/\/myreplicawatches.io\/wp-content\/uploads\/2023\/10\/replica-nike-x-off-white-black-vapormax.jpg",750,501,false],"2048x2048":["https:\/\/myreplicawatches.io\/wp-content\/uploads\/2023\/10\/replica-nike-x-off-white-black-vapormax.jpg",750,501,false],"woocommerce_thumbnail":["https:\/\/myreplicawatches.io\/wp-content\/uploads\/2023\/10\/replica-nike-x-off-white-black-vapormax-300x300.jpg",300,300,true],"woocommerce_single":["https:\/\/myreplicawatches.io\/wp-content\/uploads\/2023\/10\/replica-nike-x-off-white-black-vapormax-600x401.jpg",600,401,true],"woocommerce_gallery_thumbnail":["https:\/\/myreplicawatches.io\/wp-content\/uploads\/2023\/10\/replica-nike-x-off-white-black-vapormax-100x100.jpg",100,100,true],"variation_swatches_image_size":["https:\/\/myreplicawatches.io\/wp-content\/uploads\/2023\/10\/replica-nike-x-off-white-black-vapormax.jpg",50,33,false],"variation_swatches_tooltip_size":["https:\/\/myreplicawatches.io\/wp-content\/uploads\/2023\/10\/replica-nike-x-off-white-black-vapormax.jpg",100,67,false],"dgwt-wcas-product-suggestion":["https:\/\/myreplicawatches.io\/wp-content\/uploads\/2023\/10\/replica-nike-x-off-white-black-vapormax-64x43.jpg",64,43,true]},"uagb_author_info":{"display_name":"admin","author_link":"https:\/\/myreplicawatches.io\/es\/author\/"},"uagb_comment_info":0,"uagb_excerpt":"&nbsp; Calidad superior Estilo:Con cordones Sexo:Hombre\/Mujer Material:Piel Material superior:Piel aut\u00e9ntica Material de la plantilla:Goma Material del forro:Tejido de algod\u00f3n Material de la suela:Goma Lugar de aplicaci\u00f3n:Pista dura Estilo de puntera:Puntera cerrada Forma de la punta:Punta redonda Tipo de cierre:Cord\u00f3n Ancho del zapato:Ancho(C,D,W) Funci\u00f3n:Masaje Tipo de motivo: S\u00f3lido &nbsp; &nbsp; ENV\u00cdO Env\u00edo Seguro Gratuito ( 15-20","jetpack_sharing_enabled":true,"_links":{"self":[{"href":"https:\/\/myreplicawatches.io\/es\/wp-json\/wp\/v2\/product\/11260","targetHints":{"allow":["GET"]}}],"collection":[{"href":"https:\/\/myreplicawatches.io\/es\/wp-json\/wp\/v2\/product"}],"about":[{"href":"https:\/\/myreplicawatches.io\/es\/wp-json\/wp\/v2\/types\/product"}],"replies":[{"embeddable":true,"href":"https:\/\/myreplicawatches.io\/es\/wp-json\/wp\/v2\/comments?post=11260"}],"wp:featuredmedia":[{"embeddable":true,"href":"https:\/\/myreplicawatches.io\/es\/wp-json\/wp\/v2\/media\/7072"}],"wp:attachment":[{"href":"https:\/\/myreplicawatches.io\/es\/wp-json\/wp\/v2\/media?parent=11260"}],"wp:term":[{"taxonomy":"product_brand","embeddable":true,"href":"https:\/\/myreplicawatches.io\/es\/wp-json\/wp\/v2\/product_brand?post=11260"},{"taxonomy":"product_cat","embeddable":true,"href":"https:\/\/myreplicawatches.io\/es\/wp-json\/wp\/v2\/product_cat?post=11260"},{"taxonomy":"product_tag","embeddable":true,"href":"https:\/\/myreplicawatches.io\/es\/wp-json\/wp\/v2\/product_tag?post=11260"}],"curies":[{"name":"wp","href":"https:\/\/api.w.org\/{rel}","templated":true}]}}