{"id":11254,"date":"2023-10-03T21:39:02","date_gmt":"2023-10-03T21:39:02","guid":{"rendered":"https:\/\/myreplicawatches.io\/product\/replica-hublot-big-bang-1909-negro-plata-edicion-limitada\/"},"modified":"2025-07-30T14:31:32","modified_gmt":"2025-07-30T14:31:32","slug":"replica-hublot-big-bang-1909-negro-plata-edicion-limitada","status":"publish","type":"product","link":"https:\/\/myreplicawatches.io\/es\/product\/replica-hublot-big-bang-1909-negro-plata-edicion-limitada\/","title":{"rendered":"R\u00e9plica Hublot &#8211; Big Bang 1909 Negro\/Plata Edici\u00f3n Limitada"},"content":{"rendered":"<h5>Ventajas de poseer la R\u00e9plica Hublot &#8211; Big Bang 1909 Negro\/Plata Edici\u00f3n Limitada<\/h5>\n<ul>\n<li>Una r\u00e9plica puede comprarse a un precio mucho m\u00e1s barato que uno aut\u00e9ntico, sin embargo, un reloj r\u00e9plica parecer\u00e1 y se sentir\u00e1 igual que el original.<\/li>\n<li>Lo \u00faltimo que alguien quiere es gastarse una fortuna para conseguir un reloj de lujo que tiene peque\u00f1as diferencias con nuestras r\u00e9plicas de relojes.<\/li>\n<li>Muchos entusiastas de los relojes no quieren gastarse miles de d\u00f3lares en relojes y quieren tener esa gran sensaci\u00f3n de poseer un gran reloj de una marca de lujo. Aqu\u00ed es cuando entran en juego los relojes myreplicawatches.io y proporcionan esa sensaci\u00f3n a sus clientes.<\/li>\n<li>\u00bf Tienes ya un aut\u00e9ntico reloj de alta gama que no quieres llevar por motivos de seguridad o por razones de devaluaci\u00f3n en algunas ocasiones ? Lleva tu Reloj Replica Hublot &#8211; Negro\/Plata Big Bang 1909 Edici\u00f3n Limitada de alta calidad y si\u00e9ntete m\u00e1s seguro, ten la misma confianza, protege tus objetos de valor<\/li>\n<\/ul>\n<p><strong><img decoding=\"async\" class=\"aligncenter\" src=\"\/\/cdn.shopify.com\/s\/files\/1\/0027\/0748\/8883\/files\/checkout_icon_02b92492-cff8-4474-b98b-81bbaa03a415_large.png?v=1529695134\" alt=\"\" title=\"\"> <\/strong><\/p>\n<p>&nbsp;<\/p>\n<h5><strong>Descripci\u00f3n de la R\u00e9plica Hublot &#8211; Big Bang 1909 Negro\/Plata Edici\u00f3n Limitada<\/strong><\/h5>\n<p>&nbsp;<\/p>\n<p><strong>Movimiento <\/strong>Autom\u00e1tico <strong>Fondo <\/strong>Fondo atornillado de acero inoxidable con inscripciones<br \/>\n<strong>Bisel <\/strong>Bisel atornillado de acero inoxidable chapado en iones<br \/>\n<strong>Pulsera <\/strong>Caucho negro texturizado con cierre de gancho con pulsador y grabados en oro rosa<br \/>\n<strong>Tipo de correa <\/strong>Caucho<br \/>\n<strong>Cierre de reloj <\/strong>Cierre basculante<br \/>\n<strong>Caja <\/strong>S\u00ed<br \/>\n<strong>Cron\u00f3grafo <\/strong>S\u00ed <strong>Cristal <\/strong>de zafiro <strong>Color <\/strong>Negro\/Plata<br \/>\n<strong>Color de la esfera <\/strong>Plata <strong>Sexo <\/strong>Hombres <strong>Di\u00e1metro<\/strong> 57 x 46 mm <strong>Longitud de la pulsera <\/strong>180 x 25 mm <strong>Grosor de la caja <\/strong>17 mm <strong>Tama\u00f1o del env\u00edo <\/strong>Peque\u00f1o <strong>Impermeable<\/strong><\/p>\n<h3>Garant\u00eda<\/h3>\n<p>100% de satisfacci\u00f3n garantizada Si no quedas satisfecho al 100% con tu primera myreplicawatches.io, nos comprometemos a arreglarlo todo.<\/p>\n<h3>Entrega<\/h3>\n<p>Env\u00edo DHL a todo el mundo &#8211; De 3 a 10 d\u00edas estimaci\u00f3n de llegada Despu\u00e9s de hacer tu pedido, por favor, deja pasar 2-3 d\u00edas para el env\u00edo de tu producto. Recibir\u00e1s tu n\u00famero de seguimiento inmediatamente despu\u00e9s de que enviemos tu producto.<\/p>\n<p class=\"product-short-description\"><img decoding=\"async\" class=\"aligncenter\" src=\"\/\/cdn.shopify.com\/s\/files\/1\/0027\/0748\/8883\/files\/product_desc_below_large_large_a32e7262-b9bf-4a85-ac82-2638c1f67ae1_large.png?v=1529766426\" alt=\"\" width=\"360\" height=\"133\" title=\"\"><\/p>\n","protected":false},"excerpt":{"rendered":"<p>Ventajas de poseer la R\u00e9plica Hublot &#8211; Big Bang 1909 Negro\/Plata Edici\u00f3n Limitada Una r\u00e9plica puede comprarse a un precio mucho m\u00e1s barato que uno aut\u00e9ntico, sin embargo, un reloj r\u00e9plica parecer\u00e1 y se sentir\u00e1 igual que el original. Lo \u00faltimo que alguien quiere es gastarse una fortuna para conseguir un reloj de lujo que<\/p>\n","protected":false},"featured_media":8638,"comment_status":"open","ping_status":"closed","template":"","meta":{"_uag_custom_page_level_css":"","site-sidebar-layout":"default","site-content-layout":"","ast-site-content-layout":"default","site-content-style":"default","site-sidebar-style":"default","ast-global-header-display":"","ast-banner-title-visibility":"","ast-main-header-display":"","ast-hfb-above-header-display":"","ast-hfb-below-header-display":"","ast-hfb-mobile-header-display":"","site-post-title":"","ast-breadcrumbs-content":"","ast-featured-img":"","footer-sml-layout":"","theme-transparent-header-meta":"default","adv-header-id-meta":"","stick-header-meta":"default","header-above-stick-meta":"","header-main-stick-meta":"","header-below-stick-meta":"","astra-migrate-meta-layouts":"set","ast-page-background-enabled":"default","ast-page-background-meta":{"desktop":{"background-color":"var(--ast-global-color-4)","background-image":"","background-repeat":"repeat","background-position":"center center","background-size":"auto","background-attachment":"scroll","background-type":"","background-media":"","overlay-type":"","overlay-color":"","overlay-opacity":"","overlay-gradient":""},"tablet":{"background-color":"","background-image":"","background-repeat":"repeat","background-position":"center center","background-size":"auto","background-attachment":"scroll","background-type":"","background-media":"","overlay-type":"","overlay-color":"","overlay-opacity":"","overlay-gradient":""},"mobile":{"background-color":"","background-image":"","background-repeat":"repeat","background-position":"center center","background-size":"auto","background-attachment":"scroll","background-type":"","background-media":"","overlay-type":"","overlay-color":"","overlay-opacity":"","overlay-gradient":""}},"ast-content-background-meta":{"desktop":{"background-color":"var(--ast-global-color-5)","background-image":"","background-repeat":"repeat","background-position":"center center","background-size":"auto","background-attachment":"scroll","background-type":"","background-media":"","overlay-type":"","overlay-color":"","overlay-opacity":"","overlay-gradient":""},"tablet":{"background-color":"var(--ast-global-color-5)","background-image":"","background-repeat":"repeat","background-position":"center center","background-size":"auto","background-attachment":"scroll","background-type":"","background-media":"","overlay-type":"","overlay-color":"","overlay-opacity":"","overlay-gradient":""},"mobile":{"background-color":"var(--ast-global-color-5)","background-image":"","background-repeat":"repeat","background-position":"center center","background-size":"auto","background-attachment":"scroll","background-type":"","background-media":"","overlay-type":"","overlay-color":"","overlay-opacity":"","overlay-gradient":""}}},"product_brand":[],"product_cat":[168,247,154],"product_tag":[3548,3547,1948,444,1964,2039,1471,470,3544,555,463,1616,440,474,3530,3455,3467,3543,462,3453,452],"class_list":{"0":"post-11254","1":"product","2":"type-product","3":"status-publish","4":"has-post-thumbnail","6":"product_cat-productos-mas-nuevos","7":"product_cat-replica-hublot","8":"product_cat-replicas-de-relojes-mas-vendidas","9":"product_tag-big-bang-1909","10":"product_tag-black-silver","11":"product_tag-classic-design-es","12":"product_tag-designer-watch","13":"product_tag-elegant-timepiece","14":"product_tag-exclusive-watch","15":"product_tag-fashion-watch","16":"product_tag-high-end-replica","17":"product_tag-hublot-big-bang-es","18":"product_tag-limited-edition","19":"product_tag-limited-edition-watch","20":"product_tag-luxury-timepiece","21":"product_tag-luxury-watch","22":"product_tag-mens-watch","23":"product_tag-modern-watch","24":"product_tag-precision-replica-es","25":"product_tag-premium-replica-es","26":"product_tag-replica-hublot-es","27":"product_tag-stylish-watch","28":"product_tag-swiss-design-es","29":"product_tag-swiss-replica","30":"desktop-align-left","31":"tablet-align-left","32":"mobile-align-left","33":"ast-product-gallery-layout-vertical-slider","35":"first","36":"instock","37":"sale","38":"shipping-taxable","39":"purchasable","40":"product-type-simple"},"uagb_featured_image_src":{"full":["https:\/\/myreplicawatches.io\/wp-content\/uploads\/2023\/10\/Replica-rolex-Sky-dweller-rose-gold-58-3.jpg",1080,1080,false],"thumbnail":["https:\/\/myreplicawatches.io\/wp-content\/uploads\/2023\/10\/Replica-rolex-Sky-dweller-rose-gold-58-3-150x150.jpg",150,150,true],"medium":["https:\/\/myreplicawatches.io\/wp-content\/uploads\/2023\/10\/Replica-rolex-Sky-dweller-rose-gold-58-3-300x300.jpg",300,300,true],"medium_large":["https:\/\/myreplicawatches.io\/wp-content\/uploads\/2023\/10\/Replica-rolex-Sky-dweller-rose-gold-58-3-768x768.jpg",768,768,true],"large":["https:\/\/myreplicawatches.io\/wp-content\/uploads\/2023\/10\/Replica-rolex-Sky-dweller-rose-gold-58-3-1024x1024.jpg",1024,1024,true],"1536x1536":["https:\/\/myreplicawatches.io\/wp-content\/uploads\/2023\/10\/Replica-rolex-Sky-dweller-rose-gold-58-3.jpg",1080,1080,false],"2048x2048":["https:\/\/myreplicawatches.io\/wp-content\/uploads\/2023\/10\/Replica-rolex-Sky-dweller-rose-gold-58-3.jpg",1080,1080,false],"woocommerce_thumbnail":["https:\/\/myreplicawatches.io\/wp-content\/uploads\/2023\/10\/Replica-rolex-Sky-dweller-rose-gold-58-3-300x300.jpg",300,300,true],"woocommerce_single":["https:\/\/myreplicawatches.io\/wp-content\/uploads\/2023\/10\/Replica-rolex-Sky-dweller-rose-gold-58-3-600x600.jpg",600,600,true],"woocommerce_gallery_thumbnail":["https:\/\/myreplicawatches.io\/wp-content\/uploads\/2023\/10\/Replica-rolex-Sky-dweller-rose-gold-58-3-100x100.jpg",100,100,true],"variation_swatches_image_size":["https:\/\/myreplicawatches.io\/wp-content\/uploads\/2023\/10\/Replica-rolex-Sky-dweller-rose-gold-58-3-50x50.jpg",50,50,true],"variation_swatches_tooltip_size":["https:\/\/myreplicawatches.io\/wp-content\/uploads\/2023\/10\/Replica-rolex-Sky-dweller-rose-gold-58-3-100x100.jpg",100,100,true],"dgwt-wcas-product-suggestion":["https:\/\/myreplicawatches.io\/wp-content\/uploads\/2023\/10\/Replica-rolex-Sky-dweller-rose-gold-58-3-64x64.jpg",64,64,true]},"uagb_author_info":{"display_name":"admin","author_link":"https:\/\/myreplicawatches.io\/es\/author\/"},"uagb_comment_info":0,"uagb_excerpt":"Ventajas de poseer la R\u00e9plica Hublot &#8211; Big Bang 1909 Negro\/Plata Edici\u00f3n Limitada Una r\u00e9plica puede comprarse a un precio mucho m\u00e1s barato que uno aut\u00e9ntico, sin embargo, un reloj r\u00e9plica parecer\u00e1 y se sentir\u00e1 igual que el original. Lo \u00faltimo que alguien quiere es gastarse una fortuna para conseguir un reloj de lujo que","jetpack_sharing_enabled":true,"_links":{"self":[{"href":"https:\/\/myreplicawatches.io\/es\/wp-json\/wp\/v2\/product\/11254","targetHints":{"allow":["GET"]}}],"collection":[{"href":"https:\/\/myreplicawatches.io\/es\/wp-json\/wp\/v2\/product"}],"about":[{"href":"https:\/\/myreplicawatches.io\/es\/wp-json\/wp\/v2\/types\/product"}],"replies":[{"embeddable":true,"href":"https:\/\/myreplicawatches.io\/es\/wp-json\/wp\/v2\/comments?post=11254"}],"wp:featuredmedia":[{"embeddable":true,"href":"https:\/\/myreplicawatches.io\/es\/wp-json\/wp\/v2\/media\/8638"}],"wp:attachment":[{"href":"https:\/\/myreplicawatches.io\/es\/wp-json\/wp\/v2\/media?parent=11254"}],"wp:term":[{"taxonomy":"product_brand","embeddable":true,"href":"https:\/\/myreplicawatches.io\/es\/wp-json\/wp\/v2\/product_brand?post=11254"},{"taxonomy":"product_cat","embeddable":true,"href":"https:\/\/myreplicawatches.io\/es\/wp-json\/wp\/v2\/product_cat?post=11254"},{"taxonomy":"product_tag","embeddable":true,"href":"https:\/\/myreplicawatches.io\/es\/wp-json\/wp\/v2\/product_tag?post=11254"}],"curies":[{"name":"wp","href":"https:\/\/api.w.org\/{rel}","templated":true}]}}