{"id":11252,"date":"2023-10-03T21:39:01","date_gmt":"2023-10-03T21:39:01","guid":{"rendered":"https:\/\/myreplicawatches.io\/product\/replica-hublot-big-bang-king-oro-rosa-negro\/"},"modified":"2026-01-11T00:25:29","modified_gmt":"2026-01-11T00:25:29","slug":"replica-hublot-big-bang-king-oro-rosa-negro","status":"publish","type":"product","link":"https:\/\/myreplicawatches.io\/es\/product\/replica-hublot-big-bang-king-oro-rosa-negro\/","title":{"rendered":"R\u00e9plica Hublot &#8211; Big Bang King Oro Rosa Negro"},"content":{"rendered":"<h3>Ventajas de poseer la R\u00e9plica Hublot &#8211; Oro rosa negro Big Bang King:<\/h3>\n<ul>\n<li>Una r\u00e9plica puede comprarse a un precio mucho m\u00e1s barato que uno aut\u00e9ntico, sin embargo, un reloj r\u00e9plica parecer\u00e1 y se sentir\u00e1 igual que el original.<\/li>\n<li>Lo \u00faltimo que alguien quiere es gastarse una fortuna para conseguir un reloj de lujo que tiene peque\u00f1as diferencias con nuestras r\u00e9plicas de relojes.<\/li>\n<li>Muchos entusiastas de los relojes no quieren gastarse miles de d\u00f3lares en relojes y quieren tener esa gran sensaci\u00f3n de poseer un gran reloj de una marca de lujo. Aqu\u00ed es cuando entran en juego los relojes myreplicawatches.io y proporcionan esa sensaci\u00f3n a sus clientes.<\/li>\n<li>\u00bf Tienes ya un aut\u00e9ntico reloj de alta gama que no quieres llevar por motivos de seguridad o por razones de devaluaci\u00f3n en algunas ocasiones ? Lleva tu R\u00e9plica de alta calidad Hublot &#8211; Reloj Big Bang King de oro rosa negro y si\u00e9ntete m\u00e1s seguro, ten la misma confianza, protege tus objetos de valor<\/li>\n<\/ul>\n<p>&nbsp;<\/p>\n<p><strong><img decoding=\"async\" class=\"aligncenter\" src=\"\/\/cdn.shopify.com\/s\/files\/1\/0027\/0748\/8883\/files\/checkout_icon_02b92492-cff8-4474-b98b-81bbaa03a415_large.png?v=1529695134\" alt=\"\" title=\"\"><\/strong><\/p>\n<p>&nbsp;<\/p>\n<h5><strong>Descripci\u00f3n de la R\u00e9plica Hublot &#8211; Big Bang King Negro Oro Rosa<\/strong><\/h5>\n<p><strong>Movimiento Cuarzo<\/strong><\/p>\n<div class=\"specifications\">\n<p><strong>Fondo <\/strong>Fondo atornillado de acero inoxidable con inscripciones<br \/>\n<strong>Bisel <\/strong>Bisel atornillado de acero inoxidable chapado en iones<br \/>\n<strong>Pulsera <\/strong>Caucho negro texturizado con cierre de gancho con pulsador y grabados en oro rosa<br \/>\n<strong>Tipo de correa <\/strong>Caucho<br \/>\n<strong>Cierre de reloj <\/strong>Cierre basculante<br \/>\n<strong>Caja <\/strong>S\u00ed<br \/>\n<strong>Cron\u00f3grafo <\/strong>S\u00ed <strong>Cristal <\/strong>de zafiro <strong>Color <\/strong>Negro <strong>Color de la esfera <\/strong>Negro <strong>Sexo <\/strong>Hombres <strong>Di\u00e1metro<\/strong> 57 x 46 mm<br \/>\n<strong>Longitud de la pulsera <\/strong>180 x 25 mm<br \/>\n<strong>Grosor de la caja <\/strong>17 mm <strong>Tama\u00f1o de env\u00edo <\/strong>Peque\u00f1o <strong>Impermeable<\/strong><\/p>\n<p class=\"product-short-description\">\n<\/div>\n<div class=\"specifications\">\n<h3><\/h3>\n<h3>Garant\u00eda<\/h3>\n<p>100% de satisfacci\u00f3n garantizada Si no est\u00e1s satisfecho al 100% con tu primer Reloj myreplicawatches.io, prometemos arreglarlo todo.<\/p>\n<h3>Entrega<\/h3>\n<p>Env\u00edo DHL a todo el mundo &#8211; De 3 a 10 d\u00edas estimaci\u00f3n de llegada Despu\u00e9s de hacer tu pedido, por favor, deja pasar 2-3 d\u00edas para el env\u00edo de tu producto. Recibir\u00e1s tu n\u00famero de seguimiento inmediatamente despu\u00e9s de que enviemos tu producto.<\/p>\n<p class=\"product-short-description\"><img fetchpriority=\"high\" decoding=\"async\" class=\"aligncenter\" src=\"\/\/cdn.shopify.com\/s\/files\/1\/0027\/0748\/8883\/files\/product_desc_below_large_large_a32e7262-b9bf-4a85-ac82-2638c1f67ae1_large.png?v=1529766426\" alt=\"\" width=\"387\" height=\"143\" title=\"\"><\/p>\n<\/div>\n","protected":false},"excerpt":{"rendered":"<p>Ventajas de poseer la R\u00e9plica Hublot &#8211; Oro rosa negro Big Bang King: Una r\u00e9plica puede comprarse a un precio mucho m\u00e1s barato que uno aut\u00e9ntico, sin embargo, un reloj r\u00e9plica parecer\u00e1 y se sentir\u00e1 igual que el original. Lo \u00faltimo que alguien quiere es gastarse una fortuna para conseguir un reloj de lujo que<\/p>\n","protected":false},"featured_media":6999,"comment_status":"open","ping_status":"closed","template":"","meta":{"_uag_custom_page_level_css":"","site-sidebar-layout":"default","site-content-layout":"","ast-site-content-layout":"default","site-content-style":"default","site-sidebar-style":"default","ast-global-header-display":"","ast-banner-title-visibility":"","ast-main-header-display":"","ast-hfb-above-header-display":"","ast-hfb-below-header-display":"","ast-hfb-mobile-header-display":"","site-post-title":"","ast-breadcrumbs-content":"","ast-featured-img":"","footer-sml-layout":"","theme-transparent-header-meta":"default","adv-header-id-meta":"","stick-header-meta":"default","header-above-stick-meta":"","header-main-stick-meta":"","header-below-stick-meta":"","astra-migrate-meta-layouts":"set","ast-page-background-enabled":"default","ast-page-background-meta":{"desktop":{"background-color":"var(--ast-global-color-4)","background-image":"","background-repeat":"repeat","background-position":"center center","background-size":"auto","background-attachment":"scroll","background-type":"","background-media":"","overlay-type":"","overlay-color":"","overlay-opacity":"","overlay-gradient":""},"tablet":{"background-color":"","background-image":"","background-repeat":"repeat","background-position":"center center","background-size":"auto","background-attachment":"scroll","background-type":"","background-media":"","overlay-type":"","overlay-color":"","overlay-opacity":"","overlay-gradient":""},"mobile":{"background-color":"","background-image":"","background-repeat":"repeat","background-position":"center center","background-size":"auto","background-attachment":"scroll","background-type":"","background-media":"","overlay-type":"","overlay-color":"","overlay-opacity":"","overlay-gradient":""}},"ast-content-background-meta":{"desktop":{"background-color":"var(--ast-global-color-5)","background-image":"","background-repeat":"repeat","background-position":"center center","background-size":"auto","background-attachment":"scroll","background-type":"","background-media":"","overlay-type":"","overlay-color":"","overlay-opacity":"","overlay-gradient":""},"tablet":{"background-color":"var(--ast-global-color-5)","background-image":"","background-repeat":"repeat","background-position":"center center","background-size":"auto","background-attachment":"scroll","background-type":"","background-media":"","overlay-type":"","overlay-color":"","overlay-opacity":"","overlay-gradient":""},"mobile":{"background-color":"var(--ast-global-color-5)","background-image":"","background-repeat":"repeat","background-position":"center center","background-size":"auto","background-attachment":"scroll","background-type":"","background-media":"","overlay-type":"","overlay-color":"","overlay-opacity":"","overlay-gradient":""}}},"product_brand":[],"product_cat":[168,247,154],"product_tag":[3553,447,444,1964,2039,1471,470,3546,440,474,3530,3455,3467,3543,4982,2110,462,3453,452],"class_list":{"0":"post-11252","1":"product","2":"type-product","3":"status-publish","4":"has-post-thumbnail","6":"product_cat-productos-mas-nuevos","7":"product_cat-replica-hublot","8":"product_cat-replicas-de-relojes-mas-vendidas","9":"product_tag-big-bang-king-es","10":"product_tag-classic-watch","11":"product_tag-designer-watch","12":"product_tag-elegant-timepiece","13":"product_tag-exclusive-watch","14":"product_tag-fashion-watch","15":"product_tag-high-end-replica","16":"product_tag-hublot-replica-es","17":"product_tag-luxury-watch","18":"product_tag-mens-watch","19":"product_tag-modern-watch","20":"product_tag-precision-replica-es","21":"product_tag-premium-replica-es","22":"product_tag-replica-hublot-es","23":"product_tag-sophisticated-watch-es","24":"product_tag-sporty-watch","25":"product_tag-stylish-watch","26":"product_tag-swiss-design-es","27":"product_tag-swiss-replica","28":"desktop-align-left","29":"tablet-align-left","30":"mobile-align-left","31":"ast-product-gallery-layout-vertical-slider","32":"ast-product-single-variable","34":"first","35":"instock","36":"shipping-taxable","37":"purchasable","38":"product-type-variable"},"uagb_featured_image_src":{"full":["https:\/\/myreplicawatches.io\/wp-content\/uploads\/2023\/10\/replica-hublot-blackgold-big-bang-king.png",830,956,false],"thumbnail":["https:\/\/myreplicawatches.io\/wp-content\/uploads\/2023\/10\/replica-hublot-blackgold-big-bang-king-150x150.png",150,150,true],"medium":["https:\/\/myreplicawatches.io\/wp-content\/uploads\/2023\/10\/replica-hublot-blackgold-big-bang-king-260x300.png",260,300,true],"medium_large":["https:\/\/myreplicawatches.io\/wp-content\/uploads\/2023\/10\/replica-hublot-blackgold-big-bang-king-768x885.png",768,885,true],"large":["https:\/\/myreplicawatches.io\/wp-content\/uploads\/2023\/10\/replica-hublot-blackgold-big-bang-king.png",830,956,false],"1536x1536":["https:\/\/myreplicawatches.io\/wp-content\/uploads\/2023\/10\/replica-hublot-blackgold-big-bang-king.png",830,956,false],"2048x2048":["https:\/\/myreplicawatches.io\/wp-content\/uploads\/2023\/10\/replica-hublot-blackgold-big-bang-king.png",830,956,false],"woocommerce_thumbnail":["https:\/\/myreplicawatches.io\/wp-content\/uploads\/2023\/10\/replica-hublot-blackgold-big-bang-king-300x300.png",300,300,true],"woocommerce_single":["https:\/\/myreplicawatches.io\/wp-content\/uploads\/2023\/10\/replica-hublot-blackgold-big-bang-king-600x691.png",600,691,true],"woocommerce_gallery_thumbnail":["https:\/\/myreplicawatches.io\/wp-content\/uploads\/2023\/10\/replica-hublot-blackgold-big-bang-king-100x100.png",100,100,true],"variation_swatches_image_size":["https:\/\/myreplicawatches.io\/wp-content\/uploads\/2023\/10\/replica-hublot-blackgold-big-bang-king.png",43,50,false],"variation_swatches_tooltip_size":["https:\/\/myreplicawatches.io\/wp-content\/uploads\/2023\/10\/replica-hublot-blackgold-big-bang-king.png",87,100,false],"dgwt-wcas-product-suggestion":["https:\/\/myreplicawatches.io\/wp-content\/uploads\/2023\/10\/replica-hublot-blackgold-big-bang-king-64x74.png",64,74,true]},"uagb_author_info":{"display_name":"admin","author_link":"https:\/\/myreplicawatches.io\/es\/author\/"},"uagb_comment_info":0,"uagb_excerpt":"Ventajas de poseer la R\u00e9plica Hublot &#8211; Oro rosa negro Big Bang King: Una r\u00e9plica puede comprarse a un precio mucho m\u00e1s barato que uno aut\u00e9ntico, sin embargo, un reloj r\u00e9plica parecer\u00e1 y se sentir\u00e1 igual que el original. Lo \u00faltimo que alguien quiere es gastarse una fortuna para conseguir un reloj de lujo que","jetpack_sharing_enabled":true,"_links":{"self":[{"href":"https:\/\/myreplicawatches.io\/es\/wp-json\/wp\/v2\/product\/11252","targetHints":{"allow":["GET"]}}],"collection":[{"href":"https:\/\/myreplicawatches.io\/es\/wp-json\/wp\/v2\/product"}],"about":[{"href":"https:\/\/myreplicawatches.io\/es\/wp-json\/wp\/v2\/types\/product"}],"replies":[{"embeddable":true,"href":"https:\/\/myreplicawatches.io\/es\/wp-json\/wp\/v2\/comments?post=11252"}],"wp:featuredmedia":[{"embeddable":true,"href":"https:\/\/myreplicawatches.io\/es\/wp-json\/wp\/v2\/media\/6999"}],"wp:attachment":[{"href":"https:\/\/myreplicawatches.io\/es\/wp-json\/wp\/v2\/media?parent=11252"}],"wp:term":[{"taxonomy":"product_brand","embeddable":true,"href":"https:\/\/myreplicawatches.io\/es\/wp-json\/wp\/v2\/product_brand?post=11252"},{"taxonomy":"product_cat","embeddable":true,"href":"https:\/\/myreplicawatches.io\/es\/wp-json\/wp\/v2\/product_cat?post=11252"},{"taxonomy":"product_tag","embeddable":true,"href":"https:\/\/myreplicawatches.io\/es\/wp-json\/wp\/v2\/product_tag?post=11252"}],"curies":[{"name":"wp","href":"https:\/\/api.w.org\/{rel}","templated":true}]}}