{"id":11249,"date":"2023-10-03T21:38:53","date_gmt":"2023-10-03T21:38:53","guid":{"rendered":"https:\/\/myreplicawatches.io\/product\/replica-franck-muller-casablanca-8880-c-dt-hombre-automatico\/"},"modified":"2025-02-21T05:16:02","modified_gmt":"2025-02-21T05:16:02","slug":"replica-franck-muller-casablanca-8880-c-dt-hombre-automatico","status":"publish","type":"product","link":"https:\/\/myreplicawatches.io\/es\/product\/replica-franck-muller-casablanca-8880-c-dt-hombre-automatico\/","title":{"rendered":"R\u00e9plica Franck Muller Casablanca 8880 C DT Hombre Autom\u00e1tico"},"content":{"rendered":"<p>&nbsp;<\/p>\n<ul>\n<li><strong>Marca<\/strong> Franck Muller<\/li>\n<li><strong>Gama<\/strong> Casablanca<\/li>\n<li><strong>Modelo<\/strong> 8880 C DT<\/li>\n<li><strong>Sexo<\/strong> Hombre<\/li>\n<li><strong>Movimiento<\/strong> Autom\u00e1tico<\/li>\n<li><strong>Tama\u00f1o de la caja<\/strong> 39 MM<\/li>\n<li><strong>Material de la caja<\/strong> Acero<\/li>\n<li><strong>Material de la pulsera<\/strong> Cuero &#8211; Negro<\/li>\n<li><strong>Tipo de esfera<\/strong> Negra ar\u00e1biga<\/li>\n<li><strong>Resistencia al agua<\/strong> Water Resistant<\/li>\n<\/ul>\n","protected":false},"excerpt":{"rendered":"<p>&nbsp; Marca Franck Muller Gama Casablanca Modelo 8880 C DT Sexo Hombre Movimiento Autom\u00e1tico Tama\u00f1o de la caja 39 MM Material de la caja Acero Material de la pulsera Cuero &#8211; Negro Tipo de esfera Negra ar\u00e1biga Resistencia al agua Water Resistant<\/p>\n","protected":false},"featured_media":6988,"comment_status":"open","ping_status":"closed","template":"","meta":{"_uag_custom_page_level_css":"","site-sidebar-layout":"default","site-content-layout":"","ast-site-content-layout":"default","site-content-style":"default","site-sidebar-style":"default","ast-global-header-display":"","ast-banner-title-visibility":"","ast-main-header-display":"","ast-hfb-above-header-display":"","ast-hfb-below-header-display":"","ast-hfb-mobile-header-display":"","site-post-title":"","ast-breadcrumbs-content":"","ast-featured-img":"","footer-sml-layout":"","theme-transparent-header-meta":"","adv-header-id-meta":"","stick-header-meta":"","header-above-stick-meta":"","header-main-stick-meta":"","header-below-stick-meta":"","astra-migrate-meta-layouts":"set","ast-page-background-enabled":"default","ast-page-background-meta":{"desktop":{"background-color":"var(--ast-global-color-4)","background-image":"","background-repeat":"repeat","background-position":"center center","background-size":"auto","background-attachment":"scroll","background-type":"","background-media":"","overlay-type":"","overlay-color":"","overlay-opacity":"","overlay-gradient":""},"tablet":{"background-color":"","background-image":"","background-repeat":"repeat","background-position":"center center","background-size":"auto","background-attachment":"scroll","background-type":"","background-media":"","overlay-type":"","overlay-color":"","overlay-opacity":"","overlay-gradient":""},"mobile":{"background-color":"","background-image":"","background-repeat":"repeat","background-position":"center center","background-size":"auto","background-attachment":"scroll","background-type":"","background-media":"","overlay-type":"","overlay-color":"","overlay-opacity":"","overlay-gradient":""}},"ast-content-background-meta":{"desktop":{"background-color":"var(--ast-global-color-5)","background-image":"","background-repeat":"repeat","background-position":"center center","background-size":"auto","background-attachment":"scroll","background-type":"","background-media":"","overlay-type":"","overlay-color":"","overlay-opacity":"","overlay-gradient":""},"tablet":{"background-color":"var(--ast-global-color-5)","background-image":"","background-repeat":"repeat","background-position":"center center","background-size":"auto","background-attachment":"scroll","background-type":"","background-media":"","overlay-type":"","overlay-color":"","overlay-opacity":"","overlay-gradient":""},"mobile":{"background-color":"var(--ast-global-color-5)","background-image":"","background-repeat":"repeat","background-position":"center center","background-size":"auto","background-attachment":"scroll","background-type":"","background-media":"","overlay-type":"","overlay-color":"","overlay-opacity":"","overlay-gradient":""}}},"product_brand":[],"product_cat":[244,168,154],"product_tag":[3560,1873,647,447,444,1964,2039,1471,3559,470,440,3562,474,3455,3467,3558,3585,462,3453,452,3584],"class_list":{"0":"post-11249","1":"product","2":"type-product","3":"status-publish","4":"has-post-thumbnail","6":"product_cat-franck-muller-es","7":"product_cat-productos-mas-nuevos","8":"product_cat-replicas-de-relojes-mas-vendidas","9":"product_tag-8880-c-dt","10":"product_tag-automatic-movement","11":"product_tag-automatic-watch-es","12":"product_tag-classic-watch","13":"product_tag-designer-watch","14":"product_tag-elegant-timepiece","15":"product_tag-exclusive-watch","16":"product_tag-fashion-watch","17":"product_tag-franck-muller-casablanca","18":"product_tag-high-end-replica","19":"product_tag-luxury-watch","20":"product_tag-mens-luxury-watch","21":"product_tag-mens-watch","22":"product_tag-precision-replica-es","23":"product_tag-premium-replica-es","24":"product_tag-replica-franck-muller","25":"product_tag-sophisticated-timepiece","26":"product_tag-stylish-watch","27":"product_tag-swiss-design-es","28":"product_tag-swiss-replica","29":"product_tag-timeless-watch","30":"desktop-align-left","31":"tablet-align-left","32":"mobile-align-left","33":"ast-product-gallery-layout-vertical-slider","35":"first","36":"instock","37":"shipping-taxable","38":"purchasable","39":"product-type-simple"},"uagb_featured_image_src":{"full":["https:\/\/myreplicawatches.io\/wp-content\/uploads\/2023\/10\/Screenshot2022-08-28at12.09.07PM.png",1064,1334,false],"thumbnail":["https:\/\/myreplicawatches.io\/wp-content\/uploads\/2023\/10\/Screenshot2022-08-28at12.09.07PM-150x150.png",150,150,true],"medium":["https:\/\/myreplicawatches.io\/wp-content\/uploads\/2023\/10\/Screenshot2022-08-28at12.09.07PM-239x300.png",239,300,true],"medium_large":["https:\/\/myreplicawatches.io\/wp-content\/uploads\/2023\/10\/Screenshot2022-08-28at12.09.07PM-768x963.png",768,963,true],"large":["https:\/\/myreplicawatches.io\/wp-content\/uploads\/2023\/10\/Screenshot2022-08-28at12.09.07PM-817x1024.png",817,1024,true],"1536x1536":["https:\/\/myreplicawatches.io\/wp-content\/uploads\/2023\/10\/Screenshot2022-08-28at12.09.07PM.png",1064,1334,false],"2048x2048":["https:\/\/myreplicawatches.io\/wp-content\/uploads\/2023\/10\/Screenshot2022-08-28at12.09.07PM.png",1064,1334,false],"woocommerce_thumbnail":["https:\/\/myreplicawatches.io\/wp-content\/uploads\/2023\/10\/Screenshot2022-08-28at12.09.07PM-300x300.png",300,300,true],"woocommerce_single":["https:\/\/myreplicawatches.io\/wp-content\/uploads\/2023\/10\/Screenshot2022-08-28at12.09.07PM-600x752.png",600,752,true],"woocommerce_gallery_thumbnail":["https:\/\/myreplicawatches.io\/wp-content\/uploads\/2023\/10\/Screenshot2022-08-28at12.09.07PM-100x100.png",100,100,true],"variation_swatches_image_size":["https:\/\/myreplicawatches.io\/wp-content\/uploads\/2023\/10\/Screenshot2022-08-28at12.09.07PM.png",40,50,false],"variation_swatches_tooltip_size":["https:\/\/myreplicawatches.io\/wp-content\/uploads\/2023\/10\/Screenshot2022-08-28at12.09.07PM.png",80,100,false],"dgwt-wcas-product-suggestion":["https:\/\/myreplicawatches.io\/wp-content\/uploads\/2023\/10\/Screenshot2022-08-28at12.09.07PM-64x80.png",64,80,true]},"uagb_author_info":{"display_name":"admin","author_link":"https:\/\/myreplicawatches.io\/es\/author\/"},"uagb_comment_info":0,"uagb_excerpt":"&nbsp; Marca Franck Muller Gama Casablanca Modelo 8880 C DT Sexo Hombre Movimiento Autom\u00e1tico Tama\u00f1o de la caja 39 MM Material de la caja Acero Material de la pulsera Cuero &#8211; Negro Tipo de esfera Negra ar\u00e1biga Resistencia al agua Water Resistant","jetpack_sharing_enabled":true,"_links":{"self":[{"href":"https:\/\/myreplicawatches.io\/es\/wp-json\/wp\/v2\/product\/11249","targetHints":{"allow":["GET"]}}],"collection":[{"href":"https:\/\/myreplicawatches.io\/es\/wp-json\/wp\/v2\/product"}],"about":[{"href":"https:\/\/myreplicawatches.io\/es\/wp-json\/wp\/v2\/types\/product"}],"replies":[{"embeddable":true,"href":"https:\/\/myreplicawatches.io\/es\/wp-json\/wp\/v2\/comments?post=11249"}],"wp:featuredmedia":[{"embeddable":true,"href":"https:\/\/myreplicawatches.io\/es\/wp-json\/wp\/v2\/media\/6988"}],"wp:attachment":[{"href":"https:\/\/myreplicawatches.io\/es\/wp-json\/wp\/v2\/media?parent=11249"}],"wp:term":[{"taxonomy":"product_brand","embeddable":true,"href":"https:\/\/myreplicawatches.io\/es\/wp-json\/wp\/v2\/product_brand?post=11249"},{"taxonomy":"product_cat","embeddable":true,"href":"https:\/\/myreplicawatches.io\/es\/wp-json\/wp\/v2\/product_cat?post=11249"},{"taxonomy":"product_tag","embeddable":true,"href":"https:\/\/myreplicawatches.io\/es\/wp-json\/wp\/v2\/product_tag?post=11249"}],"curies":[{"name":"wp","href":"https:\/\/api.w.org\/{rel}","templated":true}]}}