{"id":11238,"date":"2023-10-03T21:38:51","date_gmt":"2023-10-03T21:38:51","guid":{"rendered":"https:\/\/myreplicawatches.io\/product\/tag-heuer-aquaracer-calibre-5-replica-reloj-para-hombre-43mm-bisel-ceramico\/"},"modified":"2025-09-20T14:47:15","modified_gmt":"2025-09-20T14:47:15","slug":"tag-heuer-aquaracer-calibre-5-replica-reloj-para-hombre-43mm-bisel-ceramico","status":"publish","type":"product","link":"https:\/\/myreplicawatches.io\/es\/product\/tag-heuer-aquaracer-calibre-5-replica-reloj-para-hombre-43mm-bisel-ceramico\/","title":{"rendered":"Tag Heuer Aquaracer CALIBRE 5 R\u00c9PLICA RELOJ PARA HOMBRE 43MM BISEL CER\u00c1MICO"},"content":{"rendered":"<h4>Tag Heuer Aquaracer CALIBRE 5 R\u00e9plica &#8211; R\u00e9plica clon de la mejor calidad<\/h4>\n<p>&nbsp;<\/p>\n<h2><img decoding=\"async\" style=\"display: block; margin-left: auto; margin-right: auto;\" src=\"https:\/\/cdn.shopify.com\/s\/files\/1\/0273\/4840\/2250\/files\/promofindsbadges_large_large_large_large_41f1be36-7eef-4d24-9daa-6fd74ee0ade3_480x480.png?v=1571136293\" alt=\"\" width=\"347\" height=\"122\" title=\"\"><\/h2>\n<h3>Ventajas de poseer la r\u00e9plica Tag Heuer Aquaracer CALIBRE 5:<\/h3>\n<ul>\n<li>Una r\u00e9plica puede comprarse a un precio mucho m\u00e1s barato que uno aut\u00e9ntico, sin embargo, un reloj r\u00e9plica parecer\u00e1 y se sentir\u00e1 igual que el original.<\/li>\n<li>Lo \u00faltimo que alguien quiere es gastarse una fortuna para conseguir un reloj de lujo que tiene peque\u00f1as diferencias con nuestras r\u00e9plicas de relojes.<\/li>\n<li>Muchos entusiastas de los relojes no quieren gastarse miles de d\u00f3lares en relojes y quieren tener esa gran sensaci\u00f3n de poseer un gran reloj de una marca de lujo. Es entonces cuando myreplicawatches.io entra en escena y proporciona esa sensaci\u00f3n a sus clientes.<\/li>\n<li>\u00bf Tienes ya un aut\u00e9ntico reloj de alta gama que no quieres llevar por motivos de seguridad o por razones de devaluaci\u00f3n en algunas ocasiones ? Lleva tu r\u00e9plica de reloj Tag Heuer Aquaracer CALIBRE 5 de alta calidad y si\u00e9ntete m\u00e1s seguro, ten la misma confianza, protege tus objetos de valor<\/li>\n<\/ul>\n<h2>Descripci\u00f3n del producto<\/h2>\n<ul class=\"productSpecs\">\n<li tabindex=\"0\"><span class=\"specLabel\">Material de la correa &#8211; <\/span><span class=\"specValue\">Acero inoxidable<\/span><\/li>\n<li tabindex=\"0\"><span class=\"specLabel\">Resistente al agua &#8211; <\/span><span class=\"specValue\">300 metros<\/span><\/li>\n<li tabindex=\"0\"><span class=\"specLabel\">Colecciones de marcas &#8211; <\/span><span class=\"specValue\">Aquaracer<\/span><\/li>\n<li tabindex=\"0\"><span class=\"specLabel\">Material de la caja &#8211; <\/span><span class=\"specValue\">Acero inoxidable<\/span><\/li>\n<li tabindex=\"0\"><span class=\"specLabel\">Marcadores de guardia &#8211; <\/span><span class=\"specValue\">Bastones<\/span><\/li>\n<li tabindex=\"0\"><span class=\"specLabel\">Movimiento &#8211; <\/span><span class=\"specValue\">Autom\u00e1tico<\/span><\/li>\n<li tabindex=\"0\"><span class=\"specLabel\">Categor\u00eda &#8211; Relojes <\/span><span class=\"specValue\">Relojes<\/span><\/li>\n<li tabindex=\"0\"><span class=\"specLabel\">Color de la esfera &#8211; <\/span><span class=\"specValue\">Negro<\/span><\/li>\n<li tabindex=\"0\"><span class=\"specLabel\">Marca &#8211; <\/span><span class=\"specValue\">TAG Heuer<\/span><\/li>\n<li tabindex=\"0\"><span class=\"specLabel\">Destinatario &#8211; <\/span><span class=\"specValue\">Para \u00c9l<\/span><\/li>\n<li tabindex=\"0\"><span class=\"specLabel\">Di\u00e1metro &#8211; <\/span><span class=\"specValue\">43,4 mm<\/span><\/li>\n<\/ul>\n<div style=\"text-align: center;\">Garant\u00eda<\/div>\n<p>100% de satisfacci\u00f3n garantizada Si no est\u00e1s satisfecho al 100% con tu primer reloj myreplicawatch.io , nos comprometemos a arreglarlo todo.<\/p>\n<h2>Entrega<\/h2>\n<p>Env\u00edo DHL a todo el mundo &#8211; De 3 a 10 d\u00edas estimaci\u00f3n de llegada Despu\u00e9s de hacer tu pedido, por favor, deja pasar 2-3 d\u00edas para el env\u00edo de tu producto. Recibir\u00e1s tu n\u00famero de seguimiento inmediatamente despu\u00e9s de que enviemos tu producto.<\/p>\n","protected":false},"excerpt":{"rendered":"<p>Tag Heuer Aquaracer CALIBRE 5 R\u00e9plica &#8211; R\u00e9plica clon de la mejor calidad &nbsp; Ventajas de poseer la r\u00e9plica Tag Heuer Aquaracer CALIBRE 5: Una r\u00e9plica puede comprarse a un precio mucho m\u00e1s barato que uno aut\u00e9ntico, sin embargo, un reloj r\u00e9plica parecer\u00e1 y se sentir\u00e1 igual que el original. Lo \u00faltimo que alguien quiere<\/p>\n","protected":false},"featured_media":6983,"comment_status":"open","ping_status":"closed","template":"","meta":{"_uag_custom_page_level_css":"","site-sidebar-layout":"default","site-content-layout":"","ast-site-content-layout":"default","site-content-style":"default","site-sidebar-style":"default","ast-global-header-display":"","ast-banner-title-visibility":"","ast-main-header-display":"","ast-hfb-above-header-display":"","ast-hfb-below-header-display":"","ast-hfb-mobile-header-display":"","site-post-title":"","ast-breadcrumbs-content":"","ast-featured-img":"","footer-sml-layout":"","theme-transparent-header-meta":"default","adv-header-id-meta":"","stick-header-meta":"default","header-above-stick-meta":"","header-main-stick-meta":"","header-below-stick-meta":"","astra-migrate-meta-layouts":"set","ast-page-background-enabled":"default","ast-page-background-meta":{"desktop":{"background-color":"var(--ast-global-color-4)","background-image":"","background-repeat":"repeat","background-position":"center center","background-size":"auto","background-attachment":"scroll","background-type":"","background-media":"","overlay-type":"","overlay-color":"","overlay-opacity":"","overlay-gradient":""},"tablet":{"background-color":"","background-image":"","background-repeat":"repeat","background-position":"center center","background-size":"auto","background-attachment":"scroll","background-type":"","background-media":"","overlay-type":"","overlay-color":"","overlay-opacity":"","overlay-gradient":""},"mobile":{"background-color":"","background-image":"","background-repeat":"repeat","background-position":"center center","background-size":"auto","background-attachment":"scroll","background-type":"","background-media":"","overlay-type":"","overlay-color":"","overlay-opacity":"","overlay-gradient":""}},"ast-content-background-meta":{"desktop":{"background-color":"var(--ast-global-color-5)","background-image":"","background-repeat":"repeat","background-position":"center center","background-size":"auto","background-attachment":"scroll","background-type":"","background-media":"","overlay-type":"","overlay-color":"","overlay-opacity":"","overlay-gradient":""},"tablet":{"background-color":"var(--ast-global-color-5)","background-image":"","background-repeat":"repeat","background-position":"center center","background-size":"auto","background-attachment":"scroll","background-type":"","background-media":"","overlay-type":"","overlay-color":"","overlay-opacity":"","overlay-gradient":""},"mobile":{"background-color":"var(--ast-global-color-5)","background-image":"","background-repeat":"repeat","background-position":"center center","background-size":"auto","background-attachment":"scroll","background-type":"","background-media":"","overlay-type":"","overlay-color":"","overlay-opacity":"","overlay-gradient":""}}},"product_brand":[],"product_cat":[168,239,154],"product_tag":[3594,647,3593,3604,447,487,1964,1471,470,440,474,3530,3455,3467,1364,499,462,3453,452,243,3592,3456],"class_list":{"0":"post-11238","1":"product","2":"type-product","3":"status-publish","4":"has-post-thumbnail","6":"product_cat-productos-mas-nuevos","7":"product_cat-replica-tag-heuer","8":"product_cat-replicas-de-relojes-mas-vendidas","9":"product_tag-43mm-es","10":"product_tag-automatic-watch-es","11":"product_tag-calibre-5-es","12":"product_tag-ceramic-bezel","13":"product_tag-classic-watch","14":"product_tag-diving-watch","15":"product_tag-elegant-timepiece","16":"product_tag-fashion-watch","17":"product_tag-high-end-replica","18":"product_tag-luxury-watch","19":"product_tag-mens-watch","20":"product_tag-modern-watch","21":"product_tag-precision-replica-es","22":"product_tag-premium-replica-es","23":"product_tag-replica-watch","24":"product_tag-sports-watch","25":"product_tag-stylish-watch","26":"product_tag-swiss-design-es","27":"product_tag-swiss-replica","28":"product_tag-tag-heuer-es","29":"product_tag-tag-heuer-aquaracer-es","30":"product_tag-waterproof-watch-es","31":"desktop-align-left","32":"tablet-align-left","33":"mobile-align-left","34":"ast-product-gallery-layout-vertical-slider","35":"ast-product-single-variable","37":"first","38":"instock","39":"sale","40":"shipping-taxable","41":"purchasable","42":"product-type-variable"},"uagb_featured_image_src":{"full":["https:\/\/myreplicawatches.io\/wp-content\/uploads\/2023\/10\/replica-fake-tag-heuer-aquaracer-300m-calibre-5-43mm-ceramic-bezel-mens-watch-2.png",698,1056,false],"thumbnail":["https:\/\/myreplicawatches.io\/wp-content\/uploads\/2023\/10\/replica-fake-tag-heuer-aquaracer-300m-calibre-5-43mm-ceramic-bezel-mens-watch-2-150x150.png",150,150,true],"medium":["https:\/\/myreplicawatches.io\/wp-content\/uploads\/2023\/10\/replica-fake-tag-heuer-aquaracer-300m-calibre-5-43mm-ceramic-bezel-mens-watch-2-198x300.png",198,300,true],"medium_large":["https:\/\/myreplicawatches.io\/wp-content\/uploads\/2023\/10\/replica-fake-tag-heuer-aquaracer-300m-calibre-5-43mm-ceramic-bezel-mens-watch-2.png",698,1056,false],"large":["https:\/\/myreplicawatches.io\/wp-content\/uploads\/2023\/10\/replica-fake-tag-heuer-aquaracer-300m-calibre-5-43mm-ceramic-bezel-mens-watch-2-677x1024.png",677,1024,true],"1536x1536":["https:\/\/myreplicawatches.io\/wp-content\/uploads\/2023\/10\/replica-fake-tag-heuer-aquaracer-300m-calibre-5-43mm-ceramic-bezel-mens-watch-2.png",698,1056,false],"2048x2048":["https:\/\/myreplicawatches.io\/wp-content\/uploads\/2023\/10\/replica-fake-tag-heuer-aquaracer-300m-calibre-5-43mm-ceramic-bezel-mens-watch-2.png",698,1056,false],"woocommerce_thumbnail":["https:\/\/myreplicawatches.io\/wp-content\/uploads\/2023\/10\/replica-fake-tag-heuer-aquaracer-300m-calibre-5-43mm-ceramic-bezel-mens-watch-2-300x300.png",300,300,true],"woocommerce_single":["https:\/\/myreplicawatches.io\/wp-content\/uploads\/2023\/10\/replica-fake-tag-heuer-aquaracer-300m-calibre-5-43mm-ceramic-bezel-mens-watch-2-600x908.png",600,908,true],"woocommerce_gallery_thumbnail":["https:\/\/myreplicawatches.io\/wp-content\/uploads\/2023\/10\/replica-fake-tag-heuer-aquaracer-300m-calibre-5-43mm-ceramic-bezel-mens-watch-2-100x100.png",100,100,true],"variation_swatches_image_size":["https:\/\/myreplicawatches.io\/wp-content\/uploads\/2023\/10\/replica-fake-tag-heuer-aquaracer-300m-calibre-5-43mm-ceramic-bezel-mens-watch-2.png",33,50,false],"variation_swatches_tooltip_size":["https:\/\/myreplicawatches.io\/wp-content\/uploads\/2023\/10\/replica-fake-tag-heuer-aquaracer-300m-calibre-5-43mm-ceramic-bezel-mens-watch-2.png",66,100,false],"dgwt-wcas-product-suggestion":["https:\/\/myreplicawatches.io\/wp-content\/uploads\/2023\/10\/replica-fake-tag-heuer-aquaracer-300m-calibre-5-43mm-ceramic-bezel-mens-watch-2-64x97.png",64,97,true]},"uagb_author_info":{"display_name":"admin","author_link":"https:\/\/myreplicawatches.io\/es\/author\/"},"uagb_comment_info":0,"uagb_excerpt":"Tag Heuer Aquaracer CALIBRE 5 R\u00e9plica &#8211; R\u00e9plica clon de la mejor calidad &nbsp; Ventajas de poseer la r\u00e9plica Tag Heuer Aquaracer CALIBRE 5: Una r\u00e9plica puede comprarse a un precio mucho m\u00e1s barato que uno aut\u00e9ntico, sin embargo, un reloj r\u00e9plica parecer\u00e1 y se sentir\u00e1 igual que el original. Lo \u00faltimo que alguien quiere","jetpack_sharing_enabled":true,"_links":{"self":[{"href":"https:\/\/myreplicawatches.io\/es\/wp-json\/wp\/v2\/product\/11238","targetHints":{"allow":["GET"]}}],"collection":[{"href":"https:\/\/myreplicawatches.io\/es\/wp-json\/wp\/v2\/product"}],"about":[{"href":"https:\/\/myreplicawatches.io\/es\/wp-json\/wp\/v2\/types\/product"}],"replies":[{"embeddable":true,"href":"https:\/\/myreplicawatches.io\/es\/wp-json\/wp\/v2\/comments?post=11238"}],"wp:featuredmedia":[{"embeddable":true,"href":"https:\/\/myreplicawatches.io\/es\/wp-json\/wp\/v2\/media\/6983"}],"wp:attachment":[{"href":"https:\/\/myreplicawatches.io\/es\/wp-json\/wp\/v2\/media?parent=11238"}],"wp:term":[{"taxonomy":"product_brand","embeddable":true,"href":"https:\/\/myreplicawatches.io\/es\/wp-json\/wp\/v2\/product_brand?post=11238"},{"taxonomy":"product_cat","embeddable":true,"href":"https:\/\/myreplicawatches.io\/es\/wp-json\/wp\/v2\/product_cat?post=11238"},{"taxonomy":"product_tag","embeddable":true,"href":"https:\/\/myreplicawatches.io\/es\/wp-json\/wp\/v2\/product_tag?post=11238"}],"curies":[{"name":"wp","href":"https:\/\/api.w.org\/{rel}","templated":true}]}}