{"id":11237,"date":"2023-10-03T21:38:49","date_gmt":"2023-10-03T21:38:49","guid":{"rendered":"https:\/\/myreplicawatches.io\/product\/replica-clon-rolex-yacht-master-40-esfera-chocolate-126621\/"},"modified":"2025-02-21T05:20:01","modified_gmt":"2025-02-21T05:20:01","slug":"replica-clon-rolex-yacht-master-40-esfera-chocolate-126621","status":"publish","type":"product","link":"https:\/\/myreplicawatches.io\/es\/product\/replica-clon-rolex-yacht-master-40-esfera-chocolate-126621\/","title":{"rendered":"R\u00e9plica Clon Rolex Yacht-Master 40 Esfera Chocolate 126621"},"content":{"rendered":"<h3>Replica Clon Rolex Yacht-Master 40 Esfera Chocolate 126621 &#8211; Clon de calidad AAAA+<\/h3>\n<p>&nbsp;<\/p>\n<h3>VENTAJAS DE SER PROPIETARIO DE UN RELOJ R\u00e9plica Clon Rolex Yacht-Master 40 Esfera Chocolate 126621:<\/h3>\n<ul>\n<li>Una R\u00e9plica Clon Rolex Yacht-Master 40 Esfera Chocolate 126621 &#8211; Calidad AAAA+ Clon puede comprarse a un precio mucho m\u00e1s barato que uno aut\u00e9ntico, sin embargo, una r\u00e9plica de reloj tendr\u00e1 la misma apariencia y tacto que el original.<\/li>\n<li>Lo \u00faltimo que alguien quiere es gastarse una fortuna para conseguir un reloj de lujo que tiene peque\u00f1as diferencias con nuestras r\u00e9plicas de relojes.<\/li>\n<li>Muchos entusiastas de los relojes no quieren gastarse miles de d\u00f3lares en relojes y quieren tener esa gran sensaci\u00f3n de poseer un gran reloj de una marca de lujo. Es entonces cuando myreplicawatches.io entra en escena y proporciona esa sensaci\u00f3n a sus clientes.<\/li>\n<\/ul>\n<p>Referencia:126621 Modelo de caja:Oyster, 40 mm, acero Oystersteel y oro Everose Brazalete:Oyster, eslabones planos de tres piezas Esfera:Chocolate Bisel:Oro Everose de 18 ct giratorio bidireccional graduado de 60 minutos con n\u00fameros en relieve<\/p>\n<h2>Garant\u00eda<\/h2>\n<p>100% de satisfacci\u00f3n garantizada Si no quedas satisfecho al 100% con tu primera myreplicawatch.io , nos comprometemos a arreglarlo todo.<\/p>\n<h2>Entrega<\/h2>\n<p>Env\u00edo DHL a todo el mundo &#8211; Estimaci\u00f3n de llegada en 3-10 d\u00edas Despu\u00e9s de realizar tu pedido, por favor, deja pasar 2-3 d\u00edas para el env\u00edo de tu producto. Recibir\u00e1s tu n\u00famero de seguimiento inmediatamente despu\u00e9s de que enviemos tu producto.<\/p>\n","protected":false},"excerpt":{"rendered":"<p>Replica Clon Rolex Yacht-Master 40 Esfera Chocolate 126621 &#8211; Clon de calidad AAAA+ &nbsp; VENTAJAS DE SER PROPIETARIO DE UN RELOJ R\u00e9plica Clon Rolex Yacht-Master 40 Esfera Chocolate 126621: Una R\u00e9plica Clon Rolex Yacht-Master 40 Esfera Chocolate 126621 &#8211; Calidad AAAA+ Clon puede comprarse a un precio mucho m\u00e1s barato que uno aut\u00e9ntico, sin embargo,<\/p>\n","protected":false},"featured_media":8499,"comment_status":"open","ping_status":"closed","template":"","meta":{"_uag_custom_page_level_css":"","site-sidebar-layout":"default","site-content-layout":"","ast-site-content-layout":"default","site-content-style":"default","site-sidebar-style":"default","ast-global-header-display":"","ast-banner-title-visibility":"","ast-main-header-display":"","ast-hfb-above-header-display":"","ast-hfb-below-header-display":"","ast-hfb-mobile-header-display":"","site-post-title":"","ast-breadcrumbs-content":"","ast-featured-img":"","footer-sml-layout":"","theme-transparent-header-meta":"default","adv-header-id-meta":"","stick-header-meta":"default","header-above-stick-meta":"","header-main-stick-meta":"","header-below-stick-meta":"","astra-migrate-meta-layouts":"set","ast-page-background-enabled":"default","ast-page-background-meta":{"desktop":{"background-color":"var(--ast-global-color-4)","background-image":"","background-repeat":"repeat","background-position":"center center","background-size":"auto","background-attachment":"scroll","background-type":"","background-media":"","overlay-type":"","overlay-color":"","overlay-opacity":"","overlay-gradient":""},"tablet":{"background-color":"","background-image":"","background-repeat":"repeat","background-position":"center center","background-size":"auto","background-attachment":"scroll","background-type":"","background-media":"","overlay-type":"","overlay-color":"","overlay-opacity":"","overlay-gradient":""},"mobile":{"background-color":"","background-image":"","background-repeat":"repeat","background-position":"center center","background-size":"auto","background-attachment":"scroll","background-type":"","background-media":"","overlay-type":"","overlay-color":"","overlay-opacity":"","overlay-gradient":""}},"ast-content-background-meta":{"desktop":{"background-color":"var(--ast-global-color-5)","background-image":"","background-repeat":"repeat","background-position":"center center","background-size":"auto","background-attachment":"scroll","background-type":"","background-media":"","overlay-type":"","overlay-color":"","overlay-opacity":"","overlay-gradient":""},"tablet":{"background-color":"var(--ast-global-color-5)","background-image":"","background-repeat":"repeat","background-position":"center center","background-size":"auto","background-attachment":"scroll","background-type":"","background-media":"","overlay-type":"","overlay-color":"","overlay-opacity":"","overlay-gradient":""},"mobile":{"background-color":"var(--ast-global-color-5)","background-image":"","background-repeat":"repeat","background-position":"center center","background-size":"auto","background-attachment":"scroll","background-type":"","background-media":"","overlay-type":"","overlay-color":"","overlay-opacity":"","overlay-gradient":""}}},"product_brand":[],"product_cat":[168,162,154,171],"product_tag":[3609,647,816,447,3488,3471,444,1964,2039,1471,470,1616,440,474,172,3455,453,499,462,3453,452,3584,3608],"class_list":{"0":"post-11237","1":"product","2":"type-product","3":"status-publish","4":"has-post-thumbnail","6":"product_cat-productos-mas-nuevos","7":"product_cat-replica-super-clon-rolex-aaa","8":"product_cat-replicas-de-relojes-mas-vendidas","9":"product_cat-patron-de-yate-1","10":"product_tag-126621-es","11":"product_tag-automatic-watch-es","12":"product_tag-chocolate-dial","13":"product_tag-classic-watch","14":"product_tag-clone-rolex","15":"product_tag-designer-replica","16":"product_tag-designer-watch","17":"product_tag-elegant-timepiece","18":"product_tag-exclusive-watch","19":"product_tag-fashion-watch","20":"product_tag-high-end-replica","21":"product_tag-luxury-timepiece","22":"product_tag-luxury-watch","23":"product_tag-mens-watch","24":"product_tag-patron-de-yate-1","25":"product_tag-precision-replica-es","26":"product_tag-replica-rolex","27":"product_tag-sports-watch","28":"product_tag-stylish-watch","29":"product_tag-swiss-design-es","30":"product_tag-swiss-replica","31":"product_tag-timeless-watch","32":"product_tag-yacht-master-40-es","33":"desktop-align-left","34":"tablet-align-left","35":"mobile-align-left","36":"ast-product-gallery-layout-vertical-slider","38":"first","39":"instock","40":"sale","41":"shipping-taxable","42":"purchasable","43":"product-type-simple"},"uagb_featured_image_src":{"full":["https:\/\/myreplicawatches.io\/wp-content\/uploads\/2023\/10\/Replica-rolex-Sky-dweller-rose-gold-27.jpg",1080,1080,false],"thumbnail":["https:\/\/myreplicawatches.io\/wp-content\/uploads\/2023\/10\/Replica-rolex-Sky-dweller-rose-gold-27-150x150.jpg",150,150,true],"medium":["https:\/\/myreplicawatches.io\/wp-content\/uploads\/2023\/10\/Replica-rolex-Sky-dweller-rose-gold-27-300x300.jpg",300,300,true],"medium_large":["https:\/\/myreplicawatches.io\/wp-content\/uploads\/2023\/10\/Replica-rolex-Sky-dweller-rose-gold-27-768x768.jpg",768,768,true],"large":["https:\/\/myreplicawatches.io\/wp-content\/uploads\/2023\/10\/Replica-rolex-Sky-dweller-rose-gold-27-1024x1024.jpg",1024,1024,true],"1536x1536":["https:\/\/myreplicawatches.io\/wp-content\/uploads\/2023\/10\/Replica-rolex-Sky-dweller-rose-gold-27.jpg",1080,1080,false],"2048x2048":["https:\/\/myreplicawatches.io\/wp-content\/uploads\/2023\/10\/Replica-rolex-Sky-dweller-rose-gold-27.jpg",1080,1080,false],"woocommerce_thumbnail":["https:\/\/myreplicawatches.io\/wp-content\/uploads\/2023\/10\/Replica-rolex-Sky-dweller-rose-gold-27-300x300.jpg",300,300,true],"woocommerce_single":["https:\/\/myreplicawatches.io\/wp-content\/uploads\/2023\/10\/Replica-rolex-Sky-dweller-rose-gold-27-600x600.jpg",600,600,true],"woocommerce_gallery_thumbnail":["https:\/\/myreplicawatches.io\/wp-content\/uploads\/2023\/10\/Replica-rolex-Sky-dweller-rose-gold-27-100x100.jpg",100,100,true],"variation_swatches_image_size":["https:\/\/myreplicawatches.io\/wp-content\/uploads\/2023\/10\/Replica-rolex-Sky-dweller-rose-gold-27-50x50.jpg",50,50,true],"variation_swatches_tooltip_size":["https:\/\/myreplicawatches.io\/wp-content\/uploads\/2023\/10\/Replica-rolex-Sky-dweller-rose-gold-27-100x100.jpg",100,100,true],"dgwt-wcas-product-suggestion":["https:\/\/myreplicawatches.io\/wp-content\/uploads\/2023\/10\/Replica-rolex-Sky-dweller-rose-gold-27-64x64.jpg",64,64,true]},"uagb_author_info":{"display_name":"admin","author_link":"https:\/\/myreplicawatches.io\/es\/author\/"},"uagb_comment_info":0,"uagb_excerpt":"Replica Clon Rolex Yacht-Master 40 Esfera Chocolate 126621 &#8211; Clon de calidad AAAA+ &nbsp; VENTAJAS DE SER PROPIETARIO DE UN RELOJ R\u00e9plica Clon Rolex Yacht-Master 40 Esfera Chocolate 126621: Una R\u00e9plica Clon Rolex Yacht-Master 40 Esfera Chocolate 126621 &#8211; Calidad AAAA+ Clon puede comprarse a un precio mucho m\u00e1s barato que uno aut\u00e9ntico, sin embargo,","jetpack_sharing_enabled":true,"_links":{"self":[{"href":"https:\/\/myreplicawatches.io\/es\/wp-json\/wp\/v2\/product\/11237","targetHints":{"allow":["GET"]}}],"collection":[{"href":"https:\/\/myreplicawatches.io\/es\/wp-json\/wp\/v2\/product"}],"about":[{"href":"https:\/\/myreplicawatches.io\/es\/wp-json\/wp\/v2\/types\/product"}],"replies":[{"embeddable":true,"href":"https:\/\/myreplicawatches.io\/es\/wp-json\/wp\/v2\/comments?post=11237"}],"wp:featuredmedia":[{"embeddable":true,"href":"https:\/\/myreplicawatches.io\/es\/wp-json\/wp\/v2\/media\/8499"}],"wp:attachment":[{"href":"https:\/\/myreplicawatches.io\/es\/wp-json\/wp\/v2\/media?parent=11237"}],"wp:term":[{"taxonomy":"product_brand","embeddable":true,"href":"https:\/\/myreplicawatches.io\/es\/wp-json\/wp\/v2\/product_brand?post=11237"},{"taxonomy":"product_cat","embeddable":true,"href":"https:\/\/myreplicawatches.io\/es\/wp-json\/wp\/v2\/product_cat?post=11237"},{"taxonomy":"product_tag","embeddable":true,"href":"https:\/\/myreplicawatches.io\/es\/wp-json\/wp\/v2\/product_tag?post=11237"}],"curies":[{"name":"wp","href":"https:\/\/api.w.org\/{rel}","templated":true}]}}