{"id":11228,"date":"2023-10-03T21:38:28","date_gmt":"2023-10-03T21:38:28","guid":{"rendered":"https:\/\/myreplicawatches.io\/product\/replica-de-reloj-rolex-day-date-plateado-con-esfera-negra-modelo-2022\/"},"modified":"2025-11-08T09:12:09","modified_gmt":"2025-11-08T09:12:09","slug":"replica-de-reloj-rolex-day-date-plateado-con-esfera-negra-modelo-2022","status":"publish","type":"product","link":"https:\/\/myreplicawatches.io\/es\/product\/replica-de-reloj-rolex-day-date-plateado-con-esfera-negra-modelo-2022\/","title":{"rendered":"R\u00e9plica de reloj Rolex Day Date plateado con esfera negra modelo 2022"},"content":{"rendered":"<h2>R\u00e9plica de reloj Rolex Day Date plateado con esfera negra &#8211; Calidad AAAA+ R\u00e9plica de reloj clon<\/h2>\n<p>&nbsp;<\/p>\n<h3>Ventajas de poseer r\u00e9plicas de relojes:<\/h3>\n<ul>\n<li>Una r\u00e9plica puede comprarse a un precio mucho m\u00e1s barato que uno aut\u00e9ntico, sin embargo, un reloj r\u00e9plica parecer\u00e1 y se sentir\u00e1 igual que el original.<\/li>\n<li>Lo \u00faltimo que alguien quiere es gastarse una fortuna para conseguir un reloj de lujo que tiene peque\u00f1as diferencias con nuestras r\u00e9plicas de relojes.<\/li>\n<li>Muchos entusiastas de los relojes no quieren gastarse miles de d\u00f3lares en relojes y quieren tener esa gran sensaci\u00f3n de poseer un gran reloj de una marca de lujo. Es entonces cuando myreplicawatches.io entra en escena y proporciona esa sensaci\u00f3n a sus clientes.<\/li>\n<li>\u00bf Tienes ya un aut\u00e9ntico reloj de alta gama que no quieres llevar por motivos de seguridad o por razones de devaluaci\u00f3n en algunas ocasiones ? Lleva tu r\u00e9plica de reloj Rolex Day Date plateado de alta calidad con esfera negra y si\u00e9ntete m\u00e1s seguro, ten la misma confianza, protege tus objetos de valor<\/li>\n<\/ul>\n<p>Rolex Day Date Plata con Esfera Negra R\u00e9plica Clon Informaci\u00f3n<\/p>\n<h2>Descripci\u00f3n<\/h2>\n<p>Color: Plata con esfera negra Caracter\u00edstica:<br \/>\n<span class=\"des-wrap\">D\u00eda\/Fecha <\/span> Movimiento:<span class=\"des-wrap\">Mec\u00e1nico Autom\u00e1tico<\/span> Forma de la esfera:<br \/>\n<span class=\"des-wrap\">Redonda <\/span> Longitud de la correa:<br \/>\n<span class=\"des-wrap\">26 <\/span> Visualizaci\u00f3n de la esfera:<br \/>\n<span class=\"des-wrap\">Anal\u00f3gica <\/span> Di\u00e1metro de la esfera:40 Ancho de la correa:<br \/>\n<span class=\"des-wrap\">20 -29 mil\u00edmetros(mm) <\/span> Tipo de material de la ventana de la esfera:<span class=\"des-wrap\">Cristal de zafiro <\/span> Cajas y estuches Material:<span class=\"des-wrap\">papel <\/span> Tipo de cierre:<span class=\"des-wrap\">Hebilla plegable <\/span> Situaci\u00f3n antigua y nueva:<span class=\"des-wrap\">Nuevo con etiquetas <\/span><\/p>\n<h2>Garant\u00eda<\/h2>\n<p>100% de satisfacci\u00f3n garantizada Si no est\u00e1s satisfecho al 100% con tu reloj Myreplicawatches.io, nos comprometemos a arreglarlo todo.<\/p>\n","protected":false},"excerpt":{"rendered":"<p>R\u00e9plica de reloj Rolex Day Date plateado con esfera negra &#8211; Calidad AAAA+ R\u00e9plica de reloj clon &nbsp; Ventajas de poseer r\u00e9plicas de relojes: Una r\u00e9plica puede comprarse a un precio mucho m\u00e1s barato que uno aut\u00e9ntico, sin embargo, un reloj r\u00e9plica parecer\u00e1 y se sentir\u00e1 igual que el original. Lo \u00faltimo que alguien quiere<\/p>\n","protected":false},"featured_media":8510,"comment_status":"open","ping_status":"closed","template":"","meta":{"_uag_custom_page_level_css":"","site-sidebar-layout":"default","site-content-layout":"","ast-site-content-layout":"default","site-content-style":"default","site-sidebar-style":"default","ast-global-header-display":"","ast-banner-title-visibility":"","ast-main-header-display":"","ast-hfb-above-header-display":"","ast-hfb-below-header-display":"","ast-hfb-mobile-header-display":"","site-post-title":"","ast-breadcrumbs-content":"","ast-featured-img":"","footer-sml-layout":"","theme-transparent-header-meta":"default","adv-header-id-meta":"","stick-header-meta":"default","header-above-stick-meta":"","header-main-stick-meta":"","header-below-stick-meta":"","astra-migrate-meta-layouts":"set","ast-page-background-enabled":"default","ast-page-background-meta":{"desktop":{"background-color":"var(--ast-global-color-4)","background-image":"","background-repeat":"repeat","background-position":"center center","background-size":"auto","background-attachment":"scroll","background-type":"","background-media":"","overlay-type":"","overlay-color":"","overlay-opacity":"","overlay-gradient":""},"tablet":{"background-color":"","background-image":"","background-repeat":"repeat","background-position":"center center","background-size":"auto","background-attachment":"scroll","background-type":"","background-media":"","overlay-type":"","overlay-color":"","overlay-opacity":"","overlay-gradient":""},"mobile":{"background-color":"","background-image":"","background-repeat":"repeat","background-position":"center center","background-size":"auto","background-attachment":"scroll","background-type":"","background-media":"","overlay-type":"","overlay-color":"","overlay-opacity":"","overlay-gradient":""}},"ast-content-background-meta":{"desktop":{"background-color":"var(--ast-global-color-5)","background-image":"","background-repeat":"repeat","background-position":"center center","background-size":"auto","background-attachment":"scroll","background-type":"","background-media":"","overlay-type":"","overlay-color":"","overlay-opacity":"","overlay-gradient":""},"tablet":{"background-color":"var(--ast-global-color-5)","background-image":"","background-repeat":"repeat","background-position":"center center","background-size":"auto","background-attachment":"scroll","background-type":"","background-media":"","overlay-type":"","overlay-color":"","overlay-opacity":"","overlay-gradient":""},"mobile":{"background-color":"var(--ast-global-color-5)","background-image":"","background-repeat":"repeat","background-position":"center center","background-size":"auto","background-attachment":"scroll","background-type":"","background-media":"","overlay-type":"","overlay-color":"","overlay-opacity":"","overlay-gradient":""}}},"product_brand":[],"product_cat":[181,152,168,162,154],"product_tag":[786,447,3488,3471,1964,1471,470,1616,440,3489,3455,3467,453,3468,3465,462,3453,452],"class_list":{"0":"post-11228","1":"product","2":"type-product","3":"status-publish","4":"has-post-thumbnail","6":"product_cat-day-date-replica-relojo-rolex","7":"product_cat-nueva-coleccion-2024","8":"product_cat-productos-mas-nuevos","9":"product_cat-replica-super-clon-rolex-aaa","10":"product_cat-replicas-de-relojes-mas-vendidas","11":"product_tag-black-dial-es","12":"product_tag-classic-watch","13":"product_tag-clone-rolex","14":"product_tag-designer-replica","15":"product_tag-elegant-timepiece","16":"product_tag-fashion-watch","17":"product_tag-high-end-replica","18":"product_tag-luxury-timepiece","19":"product_tag-luxury-watch","20":"product_tag-model-2022","21":"product_tag-precision-replica-es","22":"product_tag-premium-replica-es","23":"product_tag-replica-rolex","24":"product_tag-rolex-day-date-es","25":"product_tag-rolex-replica-es","26":"product_tag-stylish-watch","27":"product_tag-swiss-design-es","28":"product_tag-swiss-replica","29":"desktop-align-left","30":"tablet-align-left","31":"mobile-align-left","32":"ast-product-gallery-layout-vertical-slider","34":"first","35":"instock","36":"sale","37":"shipping-taxable","38":"purchasable","39":"product-type-simple"},"uagb_featured_image_src":{"full":["https:\/\/myreplicawatches.io\/wp-content\/uploads\/2023\/10\/Rolex-Day-Date-Silver-with-Black-Dial-Replica-Clone.jpg",1080,1080,false],"thumbnail":["https:\/\/myreplicawatches.io\/wp-content\/uploads\/2023\/10\/Rolex-Day-Date-Silver-with-Black-Dial-Replica-Clone-150x150.jpg",150,150,true],"medium":["https:\/\/myreplicawatches.io\/wp-content\/uploads\/2023\/10\/Rolex-Day-Date-Silver-with-Black-Dial-Replica-Clone-300x300.jpg",300,300,true],"medium_large":["https:\/\/myreplicawatches.io\/wp-content\/uploads\/2023\/10\/Rolex-Day-Date-Silver-with-Black-Dial-Replica-Clone-768x768.jpg",768,768,true],"large":["https:\/\/myreplicawatches.io\/wp-content\/uploads\/2023\/10\/Rolex-Day-Date-Silver-with-Black-Dial-Replica-Clone-1024x1024.jpg",1024,1024,true],"1536x1536":["https:\/\/myreplicawatches.io\/wp-content\/uploads\/2023\/10\/Rolex-Day-Date-Silver-with-Black-Dial-Replica-Clone.jpg",1080,1080,false],"2048x2048":["https:\/\/myreplicawatches.io\/wp-content\/uploads\/2023\/10\/Rolex-Day-Date-Silver-with-Black-Dial-Replica-Clone.jpg",1080,1080,false],"woocommerce_thumbnail":["https:\/\/myreplicawatches.io\/wp-content\/uploads\/2023\/10\/Rolex-Day-Date-Silver-with-Black-Dial-Replica-Clone-300x300.jpg",300,300,true],"woocommerce_single":["https:\/\/myreplicawatches.io\/wp-content\/uploads\/2023\/10\/Rolex-Day-Date-Silver-with-Black-Dial-Replica-Clone-600x600.jpg",600,600,true],"woocommerce_gallery_thumbnail":["https:\/\/myreplicawatches.io\/wp-content\/uploads\/2023\/10\/Rolex-Day-Date-Silver-with-Black-Dial-Replica-Clone-100x100.jpg",100,100,true],"variation_swatches_image_size":["https:\/\/myreplicawatches.io\/wp-content\/uploads\/2023\/10\/Rolex-Day-Date-Silver-with-Black-Dial-Replica-Clone-50x50.jpg",50,50,true],"variation_swatches_tooltip_size":["https:\/\/myreplicawatches.io\/wp-content\/uploads\/2023\/10\/Rolex-Day-Date-Silver-with-Black-Dial-Replica-Clone-100x100.jpg",100,100,true],"dgwt-wcas-product-suggestion":["https:\/\/myreplicawatches.io\/wp-content\/uploads\/2023\/10\/Rolex-Day-Date-Silver-with-Black-Dial-Replica-Clone-64x64.jpg",64,64,true]},"uagb_author_info":{"display_name":"admin","author_link":"https:\/\/myreplicawatches.io\/es\/author\/"},"uagb_comment_info":0,"uagb_excerpt":"R\u00e9plica de reloj Rolex Day Date plateado con esfera negra &#8211; Calidad AAAA+ R\u00e9plica de reloj clon &nbsp; Ventajas de poseer r\u00e9plicas de relojes: Una r\u00e9plica puede comprarse a un precio mucho m\u00e1s barato que uno aut\u00e9ntico, sin embargo, un reloj r\u00e9plica parecer\u00e1 y se sentir\u00e1 igual que el original. Lo \u00faltimo que alguien quiere","jetpack_sharing_enabled":true,"_links":{"self":[{"href":"https:\/\/myreplicawatches.io\/es\/wp-json\/wp\/v2\/product\/11228","targetHints":{"allow":["GET"]}}],"collection":[{"href":"https:\/\/myreplicawatches.io\/es\/wp-json\/wp\/v2\/product"}],"about":[{"href":"https:\/\/myreplicawatches.io\/es\/wp-json\/wp\/v2\/types\/product"}],"replies":[{"embeddable":true,"href":"https:\/\/myreplicawatches.io\/es\/wp-json\/wp\/v2\/comments?post=11228"}],"wp:featuredmedia":[{"embeddable":true,"href":"https:\/\/myreplicawatches.io\/es\/wp-json\/wp\/v2\/media\/8510"}],"wp:attachment":[{"href":"https:\/\/myreplicawatches.io\/es\/wp-json\/wp\/v2\/media?parent=11228"}],"wp:term":[{"taxonomy":"product_brand","embeddable":true,"href":"https:\/\/myreplicawatches.io\/es\/wp-json\/wp\/v2\/product_brand?post=11228"},{"taxonomy":"product_cat","embeddable":true,"href":"https:\/\/myreplicawatches.io\/es\/wp-json\/wp\/v2\/product_cat?post=11228"},{"taxonomy":"product_tag","embeddable":true,"href":"https:\/\/myreplicawatches.io\/es\/wp-json\/wp\/v2\/product_tag?post=11228"}],"curies":[{"name":"wp","href":"https:\/\/api.w.org\/{rel}","templated":true}]}}