{"id":11220,"date":"2023-10-03T21:47:35","date_gmt":"2023-10-03T21:47:35","guid":{"rendered":"https:\/\/myreplicawatches.io\/product\/panerai-replica-copa-america-negro-luminor-marina\/"},"modified":"2026-01-11T00:22:54","modified_gmt":"2026-01-11T00:22:54","slug":"panerai-replica-copa-america-negro-luminor-marina","status":"publish","type":"product","link":"https:\/\/myreplicawatches.io\/es\/product\/panerai-replica-copa-america-negro-luminor-marina\/","title":{"rendered":"Panerai R\u00e9plica Copa Am\u00e9rica Negro Luminor Marina"},"content":{"rendered":"<h4>R\u00e9plica Panerai Black America&#8217;s Cup &#8211; Clon de la mejor calidad<\/h4>\n<h3>Ventajas de poseer la R\u00e9plica Panerai Black America&#8217;s Cup<\/h3>\n<ul>\n<li>Una r\u00e9plica puede comprarse a un precio mucho m\u00e1s barato que uno aut\u00e9ntico, sin embargo, un reloj r\u00e9plica parecer\u00e1 y se sentir\u00e1 igual que el original.<\/li>\n<li>Lo \u00faltimo que alguien quiere es gastarse una fortuna para conseguir un reloj de lujo que tiene peque\u00f1as diferencias con nuestras r\u00e9plicas de relojes.<\/li>\n<li>Muchos entusiastas de los relojes no quieren gastarse miles de d\u00f3lares en relojes y quieren tener esa gran sensaci\u00f3n de poseer un gran reloj de una marca de lujo. Es entonces cuando myreplicawatches.io entra en escena y proporciona esa sensaci\u00f3n a sus clientes.<\/li>\n<li>\u00bf Tienes ya un aut\u00e9ntico reloj de alta gama que no quieres llevar por motivos de seguridad o por razones de devaluaci\u00f3n en algunas ocasiones ? Lleva tu Reloj Panerai R\u00e9plica Copa Am\u00e9rica Negro de alta calidad y si\u00e9ntete m\u00e1s seguro, ten la misma confianza, protege tus objetos de valor<\/li>\n<\/ul>\n<p>&nbsp;<\/p>\n<h4>R\u00e9plica Panerai Negra Copa Am\u00e9rica<\/h4>\n<table class=\"table-responsive\" style=\"width: 547px;\">\n<tbody>\n<tr class=\"table-bordered\">\n<td class=\"table-bordered\" style=\"width: 152px;\">Movimiento<\/td>\n<td class=\"table-bordered\" style=\"width: 375px;\">Autom\u00e1tico<\/td>\n<\/tr>\n<tr class=\"table-bordered\">\n<td class=\"table-bordered\" style=\"width: 152px;\">Esfera<\/td>\n<td class=\"table-bordered\" style=\"width: 375px;\">Esfera negra<\/td>\n<\/tr>\n<tr class=\"table-bordered\">\n<td class=\"table-bordered\" style=\"width: 152px;\">Pulsera \/ Correa<\/td>\n<td class=\"table-bordered\" style=\"width: 375px;\">Correa de cuero aut\u00e9ntico con pespuntes rojos<\/td>\n<\/tr>\n<tr class=\"table-bordered\">\n<td class=\"table-bordered\" style=\"width: 152px;\">Caja<\/td>\n<td class=\"table-bordered\" style=\"width: 375px;\">Acero inoxidable negro<\/td>\n<\/tr>\n<tr class=\"table-bordered\">\n<td class=\"table-bordered\" style=\"width: 152px;\">Fondo de la caja<\/td>\n<td class=\"table-bordered\" style=\"width: 375px;\">Acero inoxidable de alta calidad<\/td>\n<\/tr>\n<tr class=\"table-bordered\">\n<td class=\"table-bordered\" style=\"width: 152px;\">Cristal<\/td>\n<td class=\"table-bordered\" style=\"width: 375px;\">Cristal de zafiro<\/td>\n<\/tr>\n<tr class=\"table-bordered\">\n<td class=\"table-bordered\" style=\"width: 152px;\">Tama\u00f1o<\/td>\n<td class=\"table-bordered\" style=\"width: 375px;\">Di\u00e1metro 44 mm<\/td>\n<\/tr>\n<tr class=\"table-bordered\">\n<td class=\"table-bordered\" style=\"width: 152px;\">Color<\/td>\n<td class=\"table-bordered\" style=\"width: 375px;\">Negro<\/td>\n<\/tr>\n<tr class=\"table-bordered\">\n<td class=\"table-bordered\" style=\"width: 152px;\">Forma<\/td>\n<td class=\"table-bordered\" style=\"width: 375px;\">Redonda<\/td>\n<\/tr>\n<tr class=\"table-bordered\">\n<td class=\"table-bordered\" style=\"width: 152px;\">Resistencia al agua<\/td>\n<td class=\"table-bordered\" style=\"width: 375px;\">30 metros<\/td>\n<\/tr>\n<tr class=\"table-bordered\">\n<td class=\"table-bordered\" style=\"width: 152px;\">Garant\u00eda<\/td>\n<td class=\"table-bordered\" style=\"width: 375px;\">6 meses de garant\u00eda<\/td>\n<\/tr>\n<\/tbody>\n<\/table>\n<h2>Garant\u00eda<\/h2>\n<p>100% de satisfacci\u00f3n garantizada Si no est\u00e1s satisfecho al 100% con tu primer Reloj Hype de Lujo, prometemos arreglarlo todo.<\/p>\n<h2>Entrega<\/h2>\n<p>Env\u00edo Fedex a todo el mundo &#8211; De 3 a 10 d\u00edas estimaci\u00f3n de llegada Despu\u00e9s de realizar el pedido, espera de 2 a 3 d\u00edas para que te enviemos el producto. Recibir\u00e1s tu n\u00famero de seguimiento inmediatamente despu\u00e9s de que enviemos tu producto.<\/p>\n","protected":false},"excerpt":{"rendered":"<p>R\u00e9plica Panerai Black America&#8217;s Cup &#8211; Clon de la mejor calidad Ventajas de poseer la R\u00e9plica Panerai Black America&#8217;s Cup Una r\u00e9plica puede comprarse a un precio mucho m\u00e1s barato que uno aut\u00e9ntico, sin embargo, un reloj r\u00e9plica parecer\u00e1 y se sentir\u00e1 igual que el original. Lo \u00faltimo que alguien quiere es gastarse una fortuna<\/p>\n","protected":false},"featured_media":7217,"comment_status":"open","ping_status":"closed","template":"","meta":{"_uag_custom_page_level_css":"","site-sidebar-layout":"default","site-content-layout":"","ast-site-content-layout":"default","site-content-style":"default","site-sidebar-style":"default","ast-global-header-display":"","ast-banner-title-visibility":"","ast-main-header-display":"","ast-hfb-above-header-display":"","ast-hfb-below-header-display":"","ast-hfb-mobile-header-display":"","site-post-title":"","ast-breadcrumbs-content":"","ast-featured-img":"","footer-sml-layout":"","theme-transparent-header-meta":"default","adv-header-id-meta":"","stick-header-meta":"default","header-above-stick-meta":"","header-main-stick-meta":"","header-below-stick-meta":"","astra-migrate-meta-layouts":"set","ast-page-background-enabled":"default","ast-page-background-meta":{"desktop":{"background-color":"var(--ast-global-color-4)","background-image":"","background-repeat":"repeat","background-position":"center center","background-size":"auto","background-attachment":"scroll","background-type":"","background-media":"","overlay-type":"","overlay-color":"","overlay-opacity":"","overlay-gradient":""},"tablet":{"background-color":"","background-image":"","background-repeat":"repeat","background-position":"center center","background-size":"auto","background-attachment":"scroll","background-type":"","background-media":"","overlay-type":"","overlay-color":"","overlay-opacity":"","overlay-gradient":""},"mobile":{"background-color":"","background-image":"","background-repeat":"repeat","background-position":"center center","background-size":"auto","background-attachment":"scroll","background-type":"","background-media":"","overlay-type":"","overlay-color":"","overlay-opacity":"","overlay-gradient":""}},"ast-content-background-meta":{"desktop":{"background-color":"var(--ast-global-color-5)","background-image":"","background-repeat":"repeat","background-position":"center center","background-size":"auto","background-attachment":"scroll","background-type":"","background-media":"","overlay-type":"","overlay-color":"","overlay-opacity":"","overlay-gradient":""},"tablet":{"background-color":"var(--ast-global-color-5)","background-image":"","background-repeat":"repeat","background-position":"center center","background-size":"auto","background-attachment":"scroll","background-type":"","background-media":"","overlay-type":"","overlay-color":"","overlay-opacity":"","overlay-gradient":""},"mobile":{"background-color":"var(--ast-global-color-5)","background-image":"","background-repeat":"repeat","background-position":"center center","background-size":"auto","background-attachment":"scroll","background-type":"","background-media":"","overlay-type":"","overlay-color":"","overlay-opacity":"","overlay-gradient":""}}},"product_brand":[],"product_cat":[168,227,154],"product_tag":[1618,3458,470,555,2979,3813,440,474,246,2978,2980,465,499,441,933],"class_list":{"0":"post-11220","1":"product","2":"type-product","3":"status-publish","4":"has-post-thumbnail","6":"product_cat-productos-mas-nuevos","7":"product_cat-replica-panerai","8":"product_cat-replicas-de-relojes-mas-vendidas","9":"product_tag-americas-cup","10":"product_tag-black-watch-es","11":"product_tag-high-end-replica","12":"product_tag-limited-edition","13":"product_tag-luminor-marina-es","14":"product_tag-luxury-replica-watch-es","15":"product_tag-luxury-watch","16":"product_tag-mens-watch","17":"product_tag-panerai-es","18":"product_tag-panerai-luminor-es","19":"product_tag-panerai-replica-es","20":"product_tag-replica","21":"product_tag-sports-watch","22":"product_tag-swiss-movement","23":"product_tag-watch-es","24":"desktop-align-left","25":"tablet-align-left","26":"mobile-align-left","27":"ast-product-gallery-layout-vertical-slider","28":"ast-product-gallery-with-no-image","30":"first","31":"instock","32":"sale","33":"shipping-taxable","34":"purchasable","35":"product-type-simple"},"uagb_featured_image_src":{"full":["https:\/\/myreplicawatches.io\/wp-content\/uploads\/2023\/10\/replica-panerai-black-americas-cup-luminor-marina.png",1106,1306,false],"thumbnail":["https:\/\/myreplicawatches.io\/wp-content\/uploads\/2023\/10\/replica-panerai-black-americas-cup-luminor-marina-150x150.png",150,150,true],"medium":["https:\/\/myreplicawatches.io\/wp-content\/uploads\/2023\/10\/replica-panerai-black-americas-cup-luminor-marina-254x300.png",254,300,true],"medium_large":["https:\/\/myreplicawatches.io\/wp-content\/uploads\/2023\/10\/replica-panerai-black-americas-cup-luminor-marina-768x907.png",768,907,true],"large":["https:\/\/myreplicawatches.io\/wp-content\/uploads\/2023\/10\/replica-panerai-black-americas-cup-luminor-marina-867x1024.png",867,1024,true],"1536x1536":["https:\/\/myreplicawatches.io\/wp-content\/uploads\/2023\/10\/replica-panerai-black-americas-cup-luminor-marina.png",1106,1306,false],"2048x2048":["https:\/\/myreplicawatches.io\/wp-content\/uploads\/2023\/10\/replica-panerai-black-americas-cup-luminor-marina.png",1106,1306,false],"woocommerce_thumbnail":["https:\/\/myreplicawatches.io\/wp-content\/uploads\/2023\/10\/replica-panerai-black-americas-cup-luminor-marina-300x300.png",300,300,true],"woocommerce_single":["https:\/\/myreplicawatches.io\/wp-content\/uploads\/2023\/10\/replica-panerai-black-americas-cup-luminor-marina-600x708.png",600,708,true],"woocommerce_gallery_thumbnail":["https:\/\/myreplicawatches.io\/wp-content\/uploads\/2023\/10\/replica-panerai-black-americas-cup-luminor-marina-100x100.png",100,100,true],"variation_swatches_image_size":["https:\/\/myreplicawatches.io\/wp-content\/uploads\/2023\/10\/replica-panerai-black-americas-cup-luminor-marina.png",42,50,false],"variation_swatches_tooltip_size":["https:\/\/myreplicawatches.io\/wp-content\/uploads\/2023\/10\/replica-panerai-black-americas-cup-luminor-marina.png",85,100,false],"dgwt-wcas-product-suggestion":["https:\/\/myreplicawatches.io\/wp-content\/uploads\/2023\/10\/replica-panerai-black-americas-cup-luminor-marina-64x76.png",64,76,true]},"uagb_author_info":{"display_name":"admin","author_link":"https:\/\/myreplicawatches.io\/es\/author\/"},"uagb_comment_info":0,"uagb_excerpt":"R\u00e9plica Panerai Black America&#8217;s Cup &#8211; Clon de la mejor calidad Ventajas de poseer la R\u00e9plica Panerai Black America&#8217;s Cup Una r\u00e9plica puede comprarse a un precio mucho m\u00e1s barato que uno aut\u00e9ntico, sin embargo, un reloj r\u00e9plica parecer\u00e1 y se sentir\u00e1 igual que el original. Lo \u00faltimo que alguien quiere es gastarse una fortuna","jetpack_sharing_enabled":true,"_links":{"self":[{"href":"https:\/\/myreplicawatches.io\/es\/wp-json\/wp\/v2\/product\/11220","targetHints":{"allow":["GET"]}}],"collection":[{"href":"https:\/\/myreplicawatches.io\/es\/wp-json\/wp\/v2\/product"}],"about":[{"href":"https:\/\/myreplicawatches.io\/es\/wp-json\/wp\/v2\/types\/product"}],"replies":[{"embeddable":true,"href":"https:\/\/myreplicawatches.io\/es\/wp-json\/wp\/v2\/comments?post=11220"}],"wp:featuredmedia":[{"embeddable":true,"href":"https:\/\/myreplicawatches.io\/es\/wp-json\/wp\/v2\/media\/7217"}],"wp:attachment":[{"href":"https:\/\/myreplicawatches.io\/es\/wp-json\/wp\/v2\/media?parent=11220"}],"wp:term":[{"taxonomy":"product_brand","embeddable":true,"href":"https:\/\/myreplicawatches.io\/es\/wp-json\/wp\/v2\/product_brand?post=11220"},{"taxonomy":"product_cat","embeddable":true,"href":"https:\/\/myreplicawatches.io\/es\/wp-json\/wp\/v2\/product_cat?post=11220"},{"taxonomy":"product_tag","embeddable":true,"href":"https:\/\/myreplicawatches.io\/es\/wp-json\/wp\/v2\/product_tag?post=11220"}],"curies":[{"name":"wp","href":"https:\/\/api.w.org\/{rel}","templated":true}]}}