{"id":11206,"date":"2023-10-03T21:52:29","date_gmt":"2023-10-03T21:52:29","guid":{"rendered":"https:\/\/myreplicawatches.io\/product\/replica-rolex-cosmograph-daytona-reloj-automatico-oro-everose-esfera-marron-chocolate-hombre\/"},"modified":"2025-11-12T22:33:33","modified_gmt":"2025-11-12T22:33:33","slug":"replica-rolex-cosmograph-daytona-reloj-automatico-oro-everose-esfera-marron-chocolate-hombre","status":"publish","type":"product","link":"https:\/\/myreplicawatches.io\/es\/product\/replica-rolex-cosmograph-daytona-reloj-automatico-oro-everose-esfera-marron-chocolate-hombre\/","title":{"rendered":"R\u00e9plica Rolex Cosmograph Daytona Reloj Autom\u00e1tico Oro Everose Esfera Marr\u00f3n Chocolate Hombre"},"content":{"rendered":"<p>modelo:116515LN-0041<br \/>\nColor de la esfera:Marr\u00f3n<br \/>\nMaterial:Oro rosa<br \/>\nForma:Redonda<br \/>\nDi\u00e1metro:40 mm<br \/>\nMaterial de la correa: Caucho<\/p>\n<p>Calidad: AAAA+<\/p>\n<p>Movimiento: Autom\u00e1tico<\/p>\n<p>Parece y se siente igual que el original<\/p>\n","protected":false},"excerpt":{"rendered":"<p>modelo:116515LN-0041 Color de la esfera:Marr\u00f3n Material:Oro rosa Forma:Redonda Di\u00e1metro:40 mm Material de la correa: Caucho Calidad: AAAA+ Movimiento: Autom\u00e1tico Parece y se siente igual que el original<\/p>\n","protected":false},"featured_media":7415,"comment_status":"open","ping_status":"closed","template":"","meta":{"_uag_custom_page_level_css":"","site-sidebar-layout":"default","site-content-layout":"","ast-site-content-layout":"default","site-content-style":"default","site-sidebar-style":"default","ast-global-header-display":"","ast-banner-title-visibility":"","ast-main-header-display":"","ast-hfb-above-header-display":"","ast-hfb-below-header-display":"","ast-hfb-mobile-header-display":"","site-post-title":"","ast-breadcrumbs-content":"","ast-featured-img":"","footer-sml-layout":"","theme-transparent-header-meta":"","adv-header-id-meta":"","stick-header-meta":"","header-above-stick-meta":"","header-main-stick-meta":"","header-below-stick-meta":"","astra-migrate-meta-layouts":"set","ast-page-background-enabled":"default","ast-page-background-meta":{"desktop":{"background-color":"var(--ast-global-color-4)","background-image":"","background-repeat":"repeat","background-position":"center center","background-size":"auto","background-attachment":"scroll","background-type":"","background-media":"","overlay-type":"","overlay-color":"","overlay-opacity":"","overlay-gradient":""},"tablet":{"background-color":"","background-image":"","background-repeat":"repeat","background-position":"center center","background-size":"auto","background-attachment":"scroll","background-type":"","background-media":"","overlay-type":"","overlay-color":"","overlay-opacity":"","overlay-gradient":""},"mobile":{"background-color":"","background-image":"","background-repeat":"repeat","background-position":"center center","background-size":"auto","background-attachment":"scroll","background-type":"","background-media":"","overlay-type":"","overlay-color":"","overlay-opacity":"","overlay-gradient":""}},"ast-content-background-meta":{"desktop":{"background-color":"var(--ast-global-color-5)","background-image":"","background-repeat":"repeat","background-position":"center center","background-size":"auto","background-attachment":"scroll","background-type":"","background-media":"","overlay-type":"","overlay-color":"","overlay-opacity":"","overlay-gradient":""},"tablet":{"background-color":"var(--ast-global-color-5)","background-image":"","background-repeat":"repeat","background-position":"center center","background-size":"auto","background-attachment":"scroll","background-type":"","background-media":"","overlay-type":"","overlay-color":"","overlay-opacity":"","overlay-gradient":""},"mobile":{"background-color":"var(--ast-global-color-5)","background-image":"","background-repeat":"repeat","background-position":"center center","background-size":"auto","background-attachment":"scroll","background-type":"","background-media":"","overlay-type":"","overlay-color":"","overlay-opacity":"","overlay-gradient":""}}},"product_brand":[],"product_cat":[152,168,169,162,154],"product_tag":[],"class_list":{"0":"post-11206","1":"product","2":"type-product","3":"status-publish","4":"has-post-thumbnail","6":"product_cat-nueva-coleccion-2024","7":"product_cat-productos-mas-nuevos","8":"product_cat-replica-daytona-rolex-envio","9":"product_cat-replica-super-clon-rolex-aaa","10":"product_cat-replicas-de-relojes-mas-vendidas","11":"desktop-align-left","12":"tablet-align-left","13":"mobile-align-left","14":"ast-product-gallery-layout-vertical-slider","15":"ast-product-single-variable","17":"first","18":"instock","19":"shipping-taxable","20":"purchasable","21":"product-type-variable"},"uagb_featured_image_src":{"full":["https:\/\/myreplicawatches.io\/wp-content\/uploads\/2023\/10\/image_620e17bb-f887-4c5d-a3c2-55d0ab68da22.jpg",1085,1170,false],"thumbnail":["https:\/\/myreplicawatches.io\/wp-content\/uploads\/2023\/10\/image_620e17bb-f887-4c5d-a3c2-55d0ab68da22-150x150.jpg",150,150,true],"medium":["https:\/\/myreplicawatches.io\/wp-content\/uploads\/2023\/10\/image_620e17bb-f887-4c5d-a3c2-55d0ab68da22-278x300.jpg",278,300,true],"medium_large":["https:\/\/myreplicawatches.io\/wp-content\/uploads\/2023\/10\/image_620e17bb-f887-4c5d-a3c2-55d0ab68da22-768x828.jpg",768,828,true],"large":["https:\/\/myreplicawatches.io\/wp-content\/uploads\/2023\/10\/image_620e17bb-f887-4c5d-a3c2-55d0ab68da22-950x1024.jpg",950,1024,true],"1536x1536":["https:\/\/myreplicawatches.io\/wp-content\/uploads\/2023\/10\/image_620e17bb-f887-4c5d-a3c2-55d0ab68da22.jpg",1085,1170,false],"2048x2048":["https:\/\/myreplicawatches.io\/wp-content\/uploads\/2023\/10\/image_620e17bb-f887-4c5d-a3c2-55d0ab68da22.jpg",1085,1170,false],"woocommerce_thumbnail":["https:\/\/myreplicawatches.io\/wp-content\/uploads\/2023\/10\/image_620e17bb-f887-4c5d-a3c2-55d0ab68da22-300x300.jpg",300,300,true],"woocommerce_single":["https:\/\/myreplicawatches.io\/wp-content\/uploads\/2023\/10\/image_620e17bb-f887-4c5d-a3c2-55d0ab68da22-600x647.jpg",600,647,true],"woocommerce_gallery_thumbnail":["https:\/\/myreplicawatches.io\/wp-content\/uploads\/2023\/10\/image_620e17bb-f887-4c5d-a3c2-55d0ab68da22-100x100.jpg",100,100,true],"variation_swatches_image_size":["https:\/\/myreplicawatches.io\/wp-content\/uploads\/2023\/10\/image_620e17bb-f887-4c5d-a3c2-55d0ab68da22.jpg",46,50,false],"variation_swatches_tooltip_size":["https:\/\/myreplicawatches.io\/wp-content\/uploads\/2023\/10\/image_620e17bb-f887-4c5d-a3c2-55d0ab68da22.jpg",93,100,false],"dgwt-wcas-product-suggestion":["https:\/\/myreplicawatches.io\/wp-content\/uploads\/2023\/10\/image_620e17bb-f887-4c5d-a3c2-55d0ab68da22-64x69.jpg",64,69,true]},"uagb_author_info":{"display_name":"admin","author_link":"https:\/\/myreplicawatches.io\/es\/author\/"},"uagb_comment_info":0,"uagb_excerpt":"modelo:116515LN-0041 Color de la esfera:Marr\u00f3n Material:Oro rosa Forma:Redonda Di\u00e1metro:40 mm Material de la correa: Caucho Calidad: AAAA+ Movimiento: Autom\u00e1tico Parece y se siente igual que el original","jetpack_sharing_enabled":true,"_links":{"self":[{"href":"https:\/\/myreplicawatches.io\/es\/wp-json\/wp\/v2\/product\/11206","targetHints":{"allow":["GET"]}}],"collection":[{"href":"https:\/\/myreplicawatches.io\/es\/wp-json\/wp\/v2\/product"}],"about":[{"href":"https:\/\/myreplicawatches.io\/es\/wp-json\/wp\/v2\/types\/product"}],"replies":[{"embeddable":true,"href":"https:\/\/myreplicawatches.io\/es\/wp-json\/wp\/v2\/comments?post=11206"}],"wp:featuredmedia":[{"embeddable":true,"href":"https:\/\/myreplicawatches.io\/es\/wp-json\/wp\/v2\/media\/7415"}],"wp:attachment":[{"href":"https:\/\/myreplicawatches.io\/es\/wp-json\/wp\/v2\/media?parent=11206"}],"wp:term":[{"taxonomy":"product_brand","embeddable":true,"href":"https:\/\/myreplicawatches.io\/es\/wp-json\/wp\/v2\/product_brand?post=11206"},{"taxonomy":"product_cat","embeddable":true,"href":"https:\/\/myreplicawatches.io\/es\/wp-json\/wp\/v2\/product_cat?post=11206"},{"taxonomy":"product_tag","embeddable":true,"href":"https:\/\/myreplicawatches.io\/es\/wp-json\/wp\/v2\/product_tag?post=11206"}],"curies":[{"name":"wp","href":"https:\/\/api.w.org\/{rel}","templated":true}]}}