{"id":11203,"date":"2023-10-03T21:52:44","date_gmt":"2023-10-03T21:52:44","guid":{"rendered":"https:\/\/myreplicawatches.io\/product\/replica-rolex-datejust-plata-negro\/"},"modified":"2025-07-30T22:24:02","modified_gmt":"2025-07-30T22:24:02","slug":"replica-rolex-datejust-plata-negro","status":"publish","type":"product","link":"https:\/\/myreplicawatches.io\/es\/product\/replica-rolex-datejust-plata-negro\/","title":{"rendered":"R\u00e9plica Rolex Datejust &#8211; Plata\/Negro"},"content":{"rendered":"<p>&nbsp;<\/p>\n<h2 style=\"text-align: center;\">Descripci\u00f3n<\/h2>\n<div style=\"text-align: left;\"><strong>Movimiento <\/strong>Autom\u00e1tico<\/div>\n<div style=\"text-align: left;\"><\/div>\n<div style=\"text-align: left;\"><strong>Brazalete <\/strong>Brazalete de eslabones de acero inoxidable cepillado y pulido con cierre desplegable grabado<\/p>\n<\/div>\n<p><strong>Tipo de correa <\/strong>Acero inoxidable<\/p>\n<p><strong>Cierre <\/strong>de seguridad <strong>para reloj <\/strong><\/p>\n<p><strong>Brilla en <\/strong>la oscuridad S\u00ed<\/p>\n<p><strong>Cristal <\/strong>de zafiro<\/p>\n<p><strong>Color <\/strong>Plata<\/p>\n<p><strong>Color de la esfera <\/strong>Negro<\/p>\n<p><strong>Sexo <\/strong>Hombres<\/p>\n<p><strong>Di\u00e1metro <\/strong>47 x 40 mm<\/p>\n<p><strong>Longitud de la pulsera <\/strong>196 x 20 mm<\/p>\n<p><strong>Tama\u00f1o de env\u00edo <\/strong>Peque\u00f1o<\/p>\n<ul class=\"handbag-det\">\n<li>Todos nuestros relojes son resistentes al agua pero no sumergibles; no recomendamos nadar con ellos ni ducharse con ellos.<br \/>\nLlevar los relojes bajo el agua anular\u00e1 su garant\u00eda.<\/li>\n<\/ul>\n<h2 style=\"text-align: center;\">Garant\u00eda<\/h2>\n<p>100% de satisfacci\u00f3n garantizada Si no quedas satisfecho al 100% con tu primer Reloj Eleven Clocks, nos comprometemos a arreglarlo todo.<\/p>\n<h2 style=\"text-align: center;\">Entrega<\/h2>\n<p>Env\u00edo DHL a todo el mundo &#8211; De 10 a 15 d\u00edas de plazo estimado de llegada (cargo adicional).<\/p>\n<p>Env\u00edo gratuito a todo el mundo &#8211; 20-30 d\u00edas de plazo estimado de llegada.<\/p>\n<p>Una vez realizado el pedido, el env\u00edo del producto tardar\u00e1 de 2 a 3 d\u00edas. Recibir\u00e1s tu n\u00famero de seguimiento inmediatamente despu\u00e9s del env\u00edo<\/p>\n","protected":false},"excerpt":{"rendered":"<p>&nbsp; Descripci\u00f3n Movimiento Autom\u00e1tico Brazalete Brazalete de eslabones de acero inoxidable cepillado y pulido con cierre desplegable grabado Tipo de correa Acero inoxidable Cierre de seguridad para reloj Brilla en la oscuridad S\u00ed Cristal de zafiro Color Plata Color de la esfera Negro Sexo Hombres Di\u00e1metro 47 x 40 mm Longitud de la pulsera 196<\/p>\n","protected":false},"featured_media":7434,"comment_status":"open","ping_status":"closed","template":"","meta":{"_uag_custom_page_level_css":"","site-sidebar-layout":"default","site-content-layout":"","ast-site-content-layout":"default","site-content-style":"default","site-sidebar-style":"default","ast-global-header-display":"","ast-banner-title-visibility":"","ast-main-header-display":"","ast-hfb-above-header-display":"","ast-hfb-below-header-display":"","ast-hfb-mobile-header-display":"","site-post-title":"","ast-breadcrumbs-content":"","ast-featured-img":"","footer-sml-layout":"","theme-transparent-header-meta":"","adv-header-id-meta":"","stick-header-meta":"","header-above-stick-meta":"","header-main-stick-meta":"","header-below-stick-meta":"","astra-migrate-meta-layouts":"set","ast-page-background-enabled":"default","ast-page-background-meta":{"desktop":{"background-color":"var(--ast-global-color-4)","background-image":"","background-repeat":"repeat","background-position":"center center","background-size":"auto","background-attachment":"scroll","background-type":"","background-media":"","overlay-type":"","overlay-color":"","overlay-opacity":"","overlay-gradient":""},"tablet":{"background-color":"","background-image":"","background-repeat":"repeat","background-position":"center center","background-size":"auto","background-attachment":"scroll","background-type":"","background-media":"","overlay-type":"","overlay-color":"","overlay-opacity":"","overlay-gradient":""},"mobile":{"background-color":"","background-image":"","background-repeat":"repeat","background-position":"center center","background-size":"auto","background-attachment":"scroll","background-type":"","background-media":"","overlay-type":"","overlay-color":"","overlay-opacity":"","overlay-gradient":""}},"ast-content-background-meta":{"desktop":{"background-color":"var(--ast-global-color-5)","background-image":"","background-repeat":"repeat","background-position":"center center","background-size":"auto","background-attachment":"scroll","background-type":"","background-media":"","overlay-type":"","overlay-color":"","overlay-opacity":"","overlay-gradient":""},"tablet":{"background-color":"var(--ast-global-color-5)","background-image":"","background-repeat":"repeat","background-position":"center center","background-size":"auto","background-attachment":"scroll","background-type":"","background-media":"","overlay-type":"","overlay-color":"","overlay-opacity":"","overlay-gradient":""},"mobile":{"background-color":"var(--ast-global-color-5)","background-image":"","background-repeat":"repeat","background-position":"center center","background-size":"auto","background-attachment":"scroll","background-type":"","background-media":"","overlay-type":"","overlay-color":"","overlay-opacity":"","overlay-gradient":""}}},"product_brand":[],"product_cat":[181,168,161,154],"product_tag":[458,4827,447,3406,444,446,1471,475,474,453,3401,4828,4826,4981,462,452,472],"class_list":{"0":"post-11203","1":"product","2":"type-product","3":"status-publish","4":"has-post-thumbnail","6":"product_cat-day-date-replica-relojo-rolex","7":"product_cat-productos-mas-nuevos","8":"product_cat-replica-date-just","9":"product_cat-replicas-de-relojes-mas-vendidas","10":"product_tag-affordable-luxury","11":"product_tag-black-rolex","12":"product_tag-classic-watch","13":"product_tag-datejust-replica","14":"product_tag-designer-watch","15":"product_tag-elegant-watch","16":"product_tag-fashion-watch","17":"product_tag-luxury-replica","18":"product_tag-mens-watch","19":"product_tag-replica-rolex","20":"product_tag-rolex-datejust","21":"product_tag-rolex-lookalike","22":"product_tag-silver-rolex","23":"product_tag-stainless-steel-watch-es","24":"product_tag-stylish-watch","25":"product_tag-swiss-replica","26":"product_tag-timepiece","27":"desktop-align-left","28":"tablet-align-left","29":"mobile-align-left","30":"ast-product-gallery-layout-vertical-slider","32":"first","33":"instock","34":"shipping-taxable","35":"purchasable","36":"product-type-simple"},"uagb_featured_image_src":{"full":["https:\/\/myreplicawatches.io\/wp-content\/uploads\/2023\/10\/replica-rolex-datejust-silverblack.jpg",778,912,false],"thumbnail":["https:\/\/myreplicawatches.io\/wp-content\/uploads\/2023\/10\/replica-rolex-datejust-silverblack-150x150.png",150,150,true],"medium":["https:\/\/myreplicawatches.io\/wp-content\/uploads\/2023\/10\/replica-rolex-datejust-silverblack-256x300.png",256,300,true],"medium_large":["https:\/\/myreplicawatches.io\/wp-content\/uploads\/2023\/10\/replica-rolex-datejust-silverblack-768x900.png",768,900,true],"large":["https:\/\/myreplicawatches.io\/wp-content\/uploads\/2023\/10\/replica-rolex-datejust-silverblack.jpg",778,912,false],"1536x1536":["https:\/\/myreplicawatches.io\/wp-content\/uploads\/2023\/10\/replica-rolex-datejust-silverblack.jpg",778,912,false],"2048x2048":["https:\/\/myreplicawatches.io\/wp-content\/uploads\/2023\/10\/replica-rolex-datejust-silverblack.jpg",778,912,false],"woocommerce_thumbnail":["https:\/\/myreplicawatches.io\/wp-content\/uploads\/2023\/10\/replica-rolex-datejust-silverblack-300x300.jpg",300,300,true],"woocommerce_single":["https:\/\/myreplicawatches.io\/wp-content\/uploads\/2023\/10\/replica-rolex-datejust-silverblack-600x703.jpg",600,703,true],"woocommerce_gallery_thumbnail":["https:\/\/myreplicawatches.io\/wp-content\/uploads\/2023\/10\/replica-rolex-datejust-silverblack-100x100.jpg",100,100,true],"variation_swatches_image_size":["https:\/\/myreplicawatches.io\/wp-content\/uploads\/2023\/10\/replica-rolex-datejust-silverblack.jpg",43,50,false],"variation_swatches_tooltip_size":["https:\/\/myreplicawatches.io\/wp-content\/uploads\/2023\/10\/replica-rolex-datejust-silverblack.jpg",85,100,false],"dgwt-wcas-product-suggestion":["https:\/\/myreplicawatches.io\/wp-content\/uploads\/2023\/10\/replica-rolex-datejust-silverblack-64x75.jpg",64,75,true]},"uagb_author_info":{"display_name":"admin","author_link":"https:\/\/myreplicawatches.io\/es\/author\/"},"uagb_comment_info":0,"uagb_excerpt":"&nbsp; Descripci\u00f3n Movimiento Autom\u00e1tico Brazalete Brazalete de eslabones de acero inoxidable cepillado y pulido con cierre desplegable grabado Tipo de correa Acero inoxidable Cierre de seguridad para reloj Brilla en la oscuridad S\u00ed Cristal de zafiro Color Plata Color de la esfera Negro Sexo Hombres Di\u00e1metro 47 x 40 mm Longitud de la pulsera 196","jetpack_sharing_enabled":true,"_links":{"self":[{"href":"https:\/\/myreplicawatches.io\/es\/wp-json\/wp\/v2\/product\/11203","targetHints":{"allow":["GET"]}}],"collection":[{"href":"https:\/\/myreplicawatches.io\/es\/wp-json\/wp\/v2\/product"}],"about":[{"href":"https:\/\/myreplicawatches.io\/es\/wp-json\/wp\/v2\/types\/product"}],"replies":[{"embeddable":true,"href":"https:\/\/myreplicawatches.io\/es\/wp-json\/wp\/v2\/comments?post=11203"}],"wp:featuredmedia":[{"embeddable":true,"href":"https:\/\/myreplicawatches.io\/es\/wp-json\/wp\/v2\/media\/7434"}],"wp:attachment":[{"href":"https:\/\/myreplicawatches.io\/es\/wp-json\/wp\/v2\/media?parent=11203"}],"wp:term":[{"taxonomy":"product_brand","embeddable":true,"href":"https:\/\/myreplicawatches.io\/es\/wp-json\/wp\/v2\/product_brand?post=11203"},{"taxonomy":"product_cat","embeddable":true,"href":"https:\/\/myreplicawatches.io\/es\/wp-json\/wp\/v2\/product_cat?post=11203"},{"taxonomy":"product_tag","embeddable":true,"href":"https:\/\/myreplicawatches.io\/es\/wp-json\/wp\/v2\/product_tag?post=11203"}],"curies":[{"name":"wp","href":"https:\/\/api.w.org\/{rel}","templated":true}]}}