{"id":11202,"date":"2023-10-03T21:52:26","date_gmt":"2023-10-03T21:52:26","guid":{"rendered":"https:\/\/myreplicawatches.io\/product\/replica-rolex-daytona-bisel-diamante-oro-blanco-automatico-esfera-negra\/"},"modified":"2026-01-11T00:28:58","modified_gmt":"2026-01-11T00:28:58","slug":"replica-rolex-daytona-bisel-diamante-oro-blanco-automatico-esfera-negra","status":"publish","type":"product","link":"https:\/\/myreplicawatches.io\/es\/product\/replica-rolex-daytona-bisel-diamante-oro-blanco-automatico-esfera-negra\/","title":{"rendered":"R\u00e9plica Rolex Daytona Bisel Diamante Oro Blanco Autom\u00e1tico Esfera Negra"},"content":{"rendered":"<h2>R\u00e9plica Rolex Daytona Bisel Diamante Oro Blanco Autom\u00e1tico Esfera Negra &#8211; Mejor Calidad<\/h2>\n<p>&nbsp;<\/p>\n<h3>Replica Rolex Replica Rolex Daytona Diamond Bezel White Gold Automatic Black Dial Replica Watch<\/h3>\n<h3><\/h3>\n<h3>Ventajas de poseer r\u00e9plicas de relojes:<\/h3>\n<ul>\n<li>Una r\u00e9plica puede comprarse a un precio mucho m\u00e1s barato que una aut\u00e9ntica, sin embargo, un reloj Rolex Daytona Ice Blue r\u00e9plica \u00e1rabe parecer\u00e1 y se sentir\u00e1 igual que el original.<\/li>\n<li>Lo \u00faltimo que alguien quiere es gastarse una fortuna para conseguir un reloj de lujo que tiene peque\u00f1as diferencias con nuestras r\u00e9plicas de relojes.<\/li>\n<li>Muchos entusiastas de los relojes no quieren gastarse miles de d\u00f3lares en relojes y quieren tener esa gran sensaci\u00f3n de poseer un gran reloj de una marca de lujo. Es entonces cuando mis r\u00e9plicas de relojes entran en escena y proporcionan esa sensaci\u00f3n a sus clientes.<\/li>\n<li>\u00bf Tienes ya un aut\u00e9ntico reloj de alta gama que no quieres llevar por motivos de seguridad o por razones de devaluaci\u00f3n en algunas ocasiones ? Lleva tu Replica de alta calidad Rolex Daytona Diamond Bezel White Gold Automatic Black Dial Watch y si\u00e9ntete m\u00e1s seguro, ten la misma confianza, protege tus objetos de valor<\/li>\n<\/ul>\n<p>modelo:116519GLN Tipo de esfera:Esfera anal\u00f3gica Color:Negro Material:Cer\u00e1mica,Oro blanco Forma: Di\u00e1metro:40,00 mm Movimiento : Autom\u00e1tico Calidad: AAAA+<\/p>\n","protected":false},"excerpt":{"rendered":"<p>R\u00e9plica Rolex Daytona Bisel Diamante Oro Blanco Autom\u00e1tico Esfera Negra &#8211; Mejor Calidad &nbsp; Replica Rolex Replica Rolex Daytona Diamond Bezel White Gold Automatic Black Dial Replica Watch Ventajas de poseer r\u00e9plicas de relojes: Una r\u00e9plica puede comprarse a un precio mucho m\u00e1s barato que una aut\u00e9ntica, sin embargo, un reloj Rolex Daytona Ice Blue<\/p>\n","protected":false},"featured_media":7409,"comment_status":"open","ping_status":"closed","template":"","meta":{"_uag_custom_page_level_css":"","site-sidebar-layout":"default","site-content-layout":"","ast-site-content-layout":"default","site-content-style":"default","site-sidebar-style":"default","ast-global-header-display":"","ast-banner-title-visibility":"","ast-main-header-display":"","ast-hfb-above-header-display":"","ast-hfb-below-header-display":"","ast-hfb-mobile-header-display":"","site-post-title":"","ast-breadcrumbs-content":"","ast-featured-img":"","footer-sml-layout":"","theme-transparent-header-meta":"default","adv-header-id-meta":"","stick-header-meta":"default","header-above-stick-meta":"","header-main-stick-meta":"","header-below-stick-meta":"","astra-migrate-meta-layouts":"set","ast-page-background-enabled":"default","ast-page-background-meta":{"desktop":{"background-color":"var(--ast-global-color-4)","background-image":"","background-repeat":"repeat","background-position":"center center","background-size":"auto","background-attachment":"scroll","background-type":"","background-media":"","overlay-type":"","overlay-color":"","overlay-opacity":"","overlay-gradient":""},"tablet":{"background-color":"","background-image":"","background-repeat":"repeat","background-position":"center center","background-size":"auto","background-attachment":"scroll","background-type":"","background-media":"","overlay-type":"","overlay-color":"","overlay-opacity":"","overlay-gradient":""},"mobile":{"background-color":"","background-image":"","background-repeat":"repeat","background-position":"center center","background-size":"auto","background-attachment":"scroll","background-type":"","background-media":"","overlay-type":"","overlay-color":"","overlay-opacity":"","overlay-gradient":""}},"ast-content-background-meta":{"desktop":{"background-color":"var(--ast-global-color-5)","background-image":"","background-repeat":"repeat","background-position":"center center","background-size":"auto","background-attachment":"scroll","background-type":"","background-media":"","overlay-type":"","overlay-color":"","overlay-opacity":"","overlay-gradient":""},"tablet":{"background-color":"var(--ast-global-color-5)","background-image":"","background-repeat":"repeat","background-position":"center center","background-size":"auto","background-attachment":"scroll","background-type":"","background-media":"","overlay-type":"","overlay-color":"","overlay-opacity":"","overlay-gradient":""},"mobile":{"background-color":"var(--ast-global-color-5)","background-image":"","background-repeat":"repeat","background-position":"center center","background-size":"auto","background-attachment":"scroll","background-type":"","background-media":"","overlay-type":"","overlay-color":"","overlay-opacity":"","overlay-gradient":""}}},"product_brand":[],"product_cat":[152,168,169,162,154],"product_tag":[458,647,786,447,444,771,446,2039,1471,4852,475,453,4870,499,4981,452,472,3484],"class_list":{"0":"post-11202","1":"product","2":"type-product","3":"status-publish","4":"has-post-thumbnail","6":"product_cat-nueva-coleccion-2024","7":"product_cat-productos-mas-nuevos","8":"product_cat-replica-daytona-rolex-envio","9":"product_cat-replica-super-clon-rolex-aaa","10":"product_cat-replicas-de-relojes-mas-vendidas","11":"product_tag-affordable-luxury","12":"product_tag-automatic-watch-es","13":"product_tag-black-dial-es","14":"product_tag-classic-watch","15":"product_tag-designer-watch","16":"product_tag-diamond-bezel-es","17":"product_tag-elegant-watch","18":"product_tag-exclusive-watch","19":"product_tag-fashion-watch","20":"product_tag-luxury-imitation","21":"product_tag-luxury-replica","22":"product_tag-replica-rolex","23":"product_tag-rolex-daytona-es","24":"product_tag-sports-watch","25":"product_tag-stainless-steel-watch-es","26":"product_tag-swiss-replica","27":"product_tag-timepiece","28":"product_tag-white-gold-es","29":"desktop-align-left","30":"tablet-align-left","31":"mobile-align-left","32":"ast-product-gallery-layout-vertical-slider","34":"first","35":"instock","36":"sale","37":"shipping-taxable","38":"purchasable","39":"product-type-simple"},"uagb_featured_image_src":{"full":["https:\/\/myreplicawatches.io\/wp-content\/uploads\/2023\/10\/image_51fa132a-1b22-4aa5-a7a8-c1b12fcb2547.jpg",1111,1190,false],"thumbnail":["https:\/\/myreplicawatches.io\/wp-content\/uploads\/2023\/10\/image_51fa132a-1b22-4aa5-a7a8-c1b12fcb2547-150x150.jpg",150,150,true],"medium":["https:\/\/myreplicawatches.io\/wp-content\/uploads\/2023\/10\/image_51fa132a-1b22-4aa5-a7a8-c1b12fcb2547-280x300.jpg",280,300,true],"medium_large":["https:\/\/myreplicawatches.io\/wp-content\/uploads\/2023\/10\/image_51fa132a-1b22-4aa5-a7a8-c1b12fcb2547-768x823.jpg",768,823,true],"large":["https:\/\/myreplicawatches.io\/wp-content\/uploads\/2023\/10\/image_51fa132a-1b22-4aa5-a7a8-c1b12fcb2547-956x1024.jpg",956,1024,true],"1536x1536":["https:\/\/myreplicawatches.io\/wp-content\/uploads\/2023\/10\/image_51fa132a-1b22-4aa5-a7a8-c1b12fcb2547.jpg",1111,1190,false],"2048x2048":["https:\/\/myreplicawatches.io\/wp-content\/uploads\/2023\/10\/image_51fa132a-1b22-4aa5-a7a8-c1b12fcb2547.jpg",1111,1190,false],"woocommerce_thumbnail":["https:\/\/myreplicawatches.io\/wp-content\/uploads\/2023\/10\/image_51fa132a-1b22-4aa5-a7a8-c1b12fcb2547-300x300.jpg",300,300,true],"woocommerce_single":["https:\/\/myreplicawatches.io\/wp-content\/uploads\/2023\/10\/image_51fa132a-1b22-4aa5-a7a8-c1b12fcb2547-600x643.jpg",600,643,true],"woocommerce_gallery_thumbnail":["https:\/\/myreplicawatches.io\/wp-content\/uploads\/2023\/10\/image_51fa132a-1b22-4aa5-a7a8-c1b12fcb2547-100x100.jpg",100,100,true],"variation_swatches_image_size":["https:\/\/myreplicawatches.io\/wp-content\/uploads\/2023\/10\/image_51fa132a-1b22-4aa5-a7a8-c1b12fcb2547.jpg",47,50,false],"variation_swatches_tooltip_size":["https:\/\/myreplicawatches.io\/wp-content\/uploads\/2023\/10\/image_51fa132a-1b22-4aa5-a7a8-c1b12fcb2547.jpg",93,100,false],"dgwt-wcas-product-suggestion":["https:\/\/myreplicawatches.io\/wp-content\/uploads\/2023\/10\/image_51fa132a-1b22-4aa5-a7a8-c1b12fcb2547-64x69.jpg",64,69,true]},"uagb_author_info":{"display_name":"admin","author_link":"https:\/\/myreplicawatches.io\/es\/author\/"},"uagb_comment_info":0,"uagb_excerpt":"R\u00e9plica Rolex Daytona Bisel Diamante Oro Blanco Autom\u00e1tico Esfera Negra &#8211; Mejor Calidad &nbsp; Replica Rolex Replica Rolex Daytona Diamond Bezel White Gold Automatic Black Dial Replica Watch Ventajas de poseer r\u00e9plicas de relojes: Una r\u00e9plica puede comprarse a un precio mucho m\u00e1s barato que una aut\u00e9ntica, sin embargo, un reloj Rolex Daytona Ice Blue","jetpack_sharing_enabled":true,"_links":{"self":[{"href":"https:\/\/myreplicawatches.io\/es\/wp-json\/wp\/v2\/product\/11202","targetHints":{"allow":["GET"]}}],"collection":[{"href":"https:\/\/myreplicawatches.io\/es\/wp-json\/wp\/v2\/product"}],"about":[{"href":"https:\/\/myreplicawatches.io\/es\/wp-json\/wp\/v2\/types\/product"}],"replies":[{"embeddable":true,"href":"https:\/\/myreplicawatches.io\/es\/wp-json\/wp\/v2\/comments?post=11202"}],"wp:featuredmedia":[{"embeddable":true,"href":"https:\/\/myreplicawatches.io\/es\/wp-json\/wp\/v2\/media\/7409"}],"wp:attachment":[{"href":"https:\/\/myreplicawatches.io\/es\/wp-json\/wp\/v2\/media?parent=11202"}],"wp:term":[{"taxonomy":"product_brand","embeddable":true,"href":"https:\/\/myreplicawatches.io\/es\/wp-json\/wp\/v2\/product_brand?post=11202"},{"taxonomy":"product_cat","embeddable":true,"href":"https:\/\/myreplicawatches.io\/es\/wp-json\/wp\/v2\/product_cat?post=11202"},{"taxonomy":"product_tag","embeddable":true,"href":"https:\/\/myreplicawatches.io\/es\/wp-json\/wp\/v2\/product_tag?post=11202"}],"curies":[{"name":"wp","href":"https:\/\/api.w.org\/{rel}","templated":true}]}}