{"id":11201,"date":"2023-10-03T21:52:38","date_gmt":"2023-10-03T21:52:38","guid":{"rendered":"https:\/\/myreplicawatches.io\/product\/replica-rolex-datejust-oro-blanco\/"},"modified":"2025-10-12T15:29:49","modified_gmt":"2025-10-12T15:29:49","slug":"replica-rolex-datejust-oro-blanco","status":"publish","type":"product","link":"https:\/\/myreplicawatches.io\/es\/product\/replica-rolex-datejust-oro-blanco\/","title":{"rendered":"R\u00e9plica Rolex Datejust &#8211; Oro\/Blanco"},"content":{"rendered":"<p><strong><img decoding=\"async\" src=\"\/\/cdn.shopify.com\/s\/files\/1\/0027\/0748\/8883\/files\/checkout_icon_02b92492-cff8-4474-b98b-81bbaa03a415_large.png?v=1529695134\" alt=\"\" title=\"\"><\/strong><\/p>\n<p>&nbsp;<\/p>\n<h2 style=\"text-align: center;\"><\/h2>\n<h3><strong>Descripci\u00f3n<\/strong><\/h3>\n<p><strong>Bisel <\/strong>Bisel de acero inoxidable pulido con indicador de unidades por hora<\/p>\n<p><strong>Movimiento <\/strong>Autom\u00e1tico<\/p>\n<p><strong>Brazalete <\/strong>Brazalete de eslabones de acero inoxidable cepillado y pulido con cierre desplegable grabado<\/p>\n<p><strong>Tipo de correa <\/strong>Acero inoxidable<\/p>\n<p><strong>Cierre <\/strong>de seguridad <strong>para reloj <\/strong><\/p>\n<p><strong>Brilla en <\/strong>la oscuridad S\u00ed<\/p>\n<p><strong>Cristal <\/strong>de zafiro<\/p>\n<p><strong>Color <\/strong>Oro<\/p>\n<p><strong>Color de la esfera <\/strong>Blanco<\/p>\n<p><strong>Sexo <\/strong>Hombres<\/p>\n<p><strong>Di\u00e1metro <\/strong>47 x 40 mm<\/p>\n<p><strong>Longitud de la pulsera <\/strong>196 x 20 mm<\/p>\n<p><strong>Tama\u00f1o de env\u00edo <\/strong>Peque\u00f1o<\/p>\n<ul class=\"handbag-det\">\n<li>Todos nuestros relojes son resistentes al agua pero no sumergibles; no recomendamos nadar con ellos ni ducharse con ellos.<br \/>\nLlevar los relojes bajo el agua anular\u00e1 su garant\u00eda.<\/li>\n<\/ul>\n<h3>Garant\u00eda<\/h3>\n<p>100% de satisfacci\u00f3n garantizada Si no quedas satisfecho al 100% con tu primer Reloj Eleven Clocks, nos comprometemos a arreglarlo todo.<\/p>\n<h3>Entrega<\/h3>\n<p>Env\u00edo DHL a todo el mundo &#8211; De 10 a 15 d\u00edas de plazo estimado de llegada (cargo adicional).<\/p>\n<p>Env\u00edo gratuito a todo el mundo &#8211; 20-30 d\u00edas de plazo estimado de llegada.<\/p>\n<p>Una vez realizado el pedido, el env\u00edo del producto tardar\u00e1 de 2 a 3 d\u00edas. Recibir\u00e1s tu n\u00famero de seguimiento inmediatamente despu\u00e9s de que enviemos tu producto.<\/p>\n<h3><\/h3>\n<ul class=\"handbag-det\">\n<li><img decoding=\"async\" src=\"https:\/\/cdn.shopify.com\/s\/files\/1\/0027\/0748\/8883\/files\/product_desc_below_large_large_a32e7262-b9bf-4a85-ac82-2638c1f67ae1_large.png?v=1529766426\" alt=\"\" title=\"\"><\/li>\n<\/ul>\n","protected":false},"excerpt":{"rendered":"<p>&nbsp; Descripci\u00f3n Bisel Bisel de acero inoxidable pulido con indicador de unidades por hora Movimiento Autom\u00e1tico Brazalete Brazalete de eslabones de acero inoxidable cepillado y pulido con cierre desplegable grabado Tipo de correa Acero inoxidable Cierre de seguridad para reloj Brilla en la oscuridad S\u00ed Cristal de zafiro Color Oro Color de la esfera Blanco<\/p>\n","protected":false},"featured_media":7432,"comment_status":"open","ping_status":"closed","template":"","meta":{"_uag_custom_page_level_css":"","site-sidebar-layout":"default","site-content-layout":"","ast-site-content-layout":"default","site-content-style":"default","site-sidebar-style":"default","ast-global-header-display":"","ast-banner-title-visibility":"","ast-main-header-display":"","ast-hfb-above-header-display":"","ast-hfb-below-header-display":"","ast-hfb-mobile-header-display":"","site-post-title":"","ast-breadcrumbs-content":"","ast-featured-img":"","footer-sml-layout":"","theme-transparent-header-meta":"","adv-header-id-meta":"","stick-header-meta":"","header-above-stick-meta":"","header-main-stick-meta":"","header-below-stick-meta":"","astra-migrate-meta-layouts":"set","ast-page-background-enabled":"default","ast-page-background-meta":{"desktop":{"background-color":"var(--ast-global-color-4)","background-image":"","background-repeat":"repeat","background-position":"center center","background-size":"auto","background-attachment":"scroll","background-type":"","background-media":"","overlay-type":"","overlay-color":"","overlay-opacity":"","overlay-gradient":""},"tablet":{"background-color":"","background-image":"","background-repeat":"repeat","background-position":"center center","background-size":"auto","background-attachment":"scroll","background-type":"","background-media":"","overlay-type":"","overlay-color":"","overlay-opacity":"","overlay-gradient":""},"mobile":{"background-color":"","background-image":"","background-repeat":"repeat","background-position":"center center","background-size":"auto","background-attachment":"scroll","background-type":"","background-media":"","overlay-type":"","overlay-color":"","overlay-opacity":"","overlay-gradient":""}},"ast-content-background-meta":{"desktop":{"background-color":"var(--ast-global-color-5)","background-image":"","background-repeat":"repeat","background-position":"center center","background-size":"auto","background-attachment":"scroll","background-type":"","background-media":"","overlay-type":"","overlay-color":"","overlay-opacity":"","overlay-gradient":""},"tablet":{"background-color":"var(--ast-global-color-5)","background-image":"","background-repeat":"repeat","background-position":"center center","background-size":"auto","background-attachment":"scroll","background-type":"","background-media":"","overlay-type":"","overlay-color":"","overlay-opacity":"","overlay-gradient":""},"mobile":{"background-color":"var(--ast-global-color-5)","background-image":"","background-repeat":"repeat","background-position":"center center","background-size":"auto","background-attachment":"scroll","background-type":"","background-media":"","overlay-type":"","overlay-color":"","overlay-opacity":"","overlay-gradient":""}}},"product_brand":[],"product_cat":[181,168,161,154],"product_tag":[458,447,444,446,1471,4850,4852,475,474,453,3401,4981,462,452,472,4851],"class_list":{"0":"post-11201","1":"product","2":"type-product","3":"status-publish","4":"has-post-thumbnail","6":"product_cat-day-date-replica-relojo-rolex","7":"product_cat-productos-mas-nuevos","8":"product_cat-replica-date-just","9":"product_cat-replicas-de-relojes-mas-vendidas","10":"product_tag-affordable-luxury","11":"product_tag-classic-watch","12":"product_tag-designer-watch","13":"product_tag-elegant-watch","14":"product_tag-fashion-watch","15":"product_tag-gold-rolex","16":"product_tag-luxury-imitation","17":"product_tag-luxury-replica","18":"product_tag-mens-watch","19":"product_tag-replica-rolex","20":"product_tag-rolex-datejust","21":"product_tag-stainless-steel-watch-es","22":"product_tag-stylish-watch","23":"product_tag-swiss-replica","24":"product_tag-timepiece","25":"product_tag-white-rolex","26":"desktop-align-left","27":"tablet-align-left","28":"mobile-align-left","29":"ast-product-gallery-layout-vertical-slider","31":"first","32":"instock","33":"sale","34":"shipping-taxable","35":"purchasable","36":"product-type-simple"},"uagb_featured_image_src":{"full":["https:\/\/myreplicawatches.io\/wp-content\/uploads\/2023\/10\/replica-rolex-datejust-goldwhite.jpg",782,938,false],"thumbnail":["https:\/\/myreplicawatches.io\/wp-content\/uploads\/2023\/10\/replica-rolex-datejust-goldwhite-150x150.png",150,150,true],"medium":["https:\/\/myreplicawatches.io\/wp-content\/uploads\/2023\/10\/replica-rolex-datejust-goldwhite-250x300.png",250,300,true],"medium_large":["https:\/\/myreplicawatches.io\/wp-content\/uploads\/2023\/10\/replica-rolex-datejust-goldwhite-768x921.png",768,921,true],"large":["https:\/\/myreplicawatches.io\/wp-content\/uploads\/2023\/10\/replica-rolex-datejust-goldwhite.jpg",782,938,false],"1536x1536":["https:\/\/myreplicawatches.io\/wp-content\/uploads\/2023\/10\/replica-rolex-datejust-goldwhite.jpg",782,938,false],"2048x2048":["https:\/\/myreplicawatches.io\/wp-content\/uploads\/2023\/10\/replica-rolex-datejust-goldwhite.jpg",782,938,false],"woocommerce_thumbnail":["https:\/\/myreplicawatches.io\/wp-content\/uploads\/2023\/10\/replica-rolex-datejust-goldwhite-300x300.jpg",300,300,true],"woocommerce_single":["https:\/\/myreplicawatches.io\/wp-content\/uploads\/2023\/10\/replica-rolex-datejust-goldwhite-600x720.jpg",600,720,true],"woocommerce_gallery_thumbnail":["https:\/\/myreplicawatches.io\/wp-content\/uploads\/2023\/10\/replica-rolex-datejust-goldwhite-100x100.jpg",100,100,true],"variation_swatches_image_size":["https:\/\/myreplicawatches.io\/wp-content\/uploads\/2023\/10\/replica-rolex-datejust-goldwhite.jpg",42,50,false],"variation_swatches_tooltip_size":["https:\/\/myreplicawatches.io\/wp-content\/uploads\/2023\/10\/replica-rolex-datejust-goldwhite.jpg",83,100,false],"dgwt-wcas-product-suggestion":["https:\/\/myreplicawatches.io\/wp-content\/uploads\/2023\/10\/replica-rolex-datejust-goldwhite-64x77.jpg",64,77,true]},"uagb_author_info":{"display_name":"admin","author_link":"https:\/\/myreplicawatches.io\/es\/author\/"},"uagb_comment_info":0,"uagb_excerpt":"&nbsp; Descripci\u00f3n Bisel Bisel de acero inoxidable pulido con indicador de unidades por hora Movimiento Autom\u00e1tico Brazalete Brazalete de eslabones de acero inoxidable cepillado y pulido con cierre desplegable grabado Tipo de correa Acero inoxidable Cierre de seguridad para reloj Brilla en la oscuridad S\u00ed Cristal de zafiro Color Oro Color de la esfera Blanco","jetpack_sharing_enabled":true,"_links":{"self":[{"href":"https:\/\/myreplicawatches.io\/es\/wp-json\/wp\/v2\/product\/11201","targetHints":{"allow":["GET"]}}],"collection":[{"href":"https:\/\/myreplicawatches.io\/es\/wp-json\/wp\/v2\/product"}],"about":[{"href":"https:\/\/myreplicawatches.io\/es\/wp-json\/wp\/v2\/types\/product"}],"replies":[{"embeddable":true,"href":"https:\/\/myreplicawatches.io\/es\/wp-json\/wp\/v2\/comments?post=11201"}],"wp:featuredmedia":[{"embeddable":true,"href":"https:\/\/myreplicawatches.io\/es\/wp-json\/wp\/v2\/media\/7432"}],"wp:attachment":[{"href":"https:\/\/myreplicawatches.io\/es\/wp-json\/wp\/v2\/media?parent=11201"}],"wp:term":[{"taxonomy":"product_brand","embeddable":true,"href":"https:\/\/myreplicawatches.io\/es\/wp-json\/wp\/v2\/product_brand?post=11201"},{"taxonomy":"product_cat","embeddable":true,"href":"https:\/\/myreplicawatches.io\/es\/wp-json\/wp\/v2\/product_cat?post=11201"},{"taxonomy":"product_tag","embeddable":true,"href":"https:\/\/myreplicawatches.io\/es\/wp-json\/wp\/v2\/product_tag?post=11201"}],"curies":[{"name":"wp","href":"https:\/\/api.w.org\/{rel}","templated":true}]}}