{"id":11199,"date":"2023-10-03T21:52:36","date_gmt":"2023-10-03T21:52:36","guid":{"rendered":"https:\/\/myreplicawatches.io\/product\/replica-rolex-date-just-116300-todo-diamantes\/"},"modified":"2026-01-11T00:25:25","modified_gmt":"2026-01-11T00:25:25","slug":"replica-rolex-date-just-116300-todo-diamantes","status":"publish","type":"product","link":"https:\/\/myreplicawatches.io\/es\/product\/replica-rolex-date-just-116300-todo-diamantes\/","title":{"rendered":"R\u00e9plica Rolex Date Just 116300 Todo Diamantes"},"content":{"rendered":"<div><img fetchpriority=\"high\" decoding=\"async\" style=\"display: block; margin-left: auto; margin-right: auto;\" src=\"https:\/\/cdn.shopify.com\/s\/files\/1\/0271\/1440\/5936\/files\/Croptimized_-_Trust_Badge_1024x1024_76696414-5c95-43c3-a56c-8f967f521dc4_480x480.png?v=1568482371\" alt=\"\" width=\"396\" height=\"127\" title=\"\"><\/div>\n<table>\n<tbody>\n<tr>\n<td colspan=\"2\">\n<p class=\"h3 text-left m-b-0\">Informaci\u00f3n b\u00e1sica<\/p>\n<\/td>\n<\/tr>\n<tr>\n<td><strong>N\u00famero de referencia<\/strong><\/td>\n<td>116300<\/td>\n<\/tr>\n<tr>\n<td><strong>Marca<\/strong><\/td>\n<td>Rolex<\/td>\n<\/tr>\n<tr>\n<td><strong>Modelo<\/strong><\/td>\n<td>Fechado Just II<\/td>\n<\/tr>\n<tr>\n<td><strong>C\u00f3digo<\/strong><\/td>\n<td>401414488504<\/td>\n<\/tr>\n<tr>\n<td><strong>Movimiento<\/strong><\/td>\n<td>Autom\u00e1tico<\/td>\n<\/tr>\n<tr>\n<td><strong>Material de la caja<\/strong><\/td>\n<td>Acero<\/td>\n<\/tr>\n<tr>\n<td><strong>Material de la pulsera<\/strong><\/td>\n<td>Acero<\/td>\n<\/tr>\n<tr>\n<td><strong>A\u00f1o<\/strong><\/td>\n<td>2019<\/td>\n<\/tr>\n<tr>\n<td><strong>Estado<\/strong><\/td>\n<td>Nuevo<\/td>\n<\/tr>\n<tr>\n<td><strong>G\u00e9nero<\/strong><\/td>\n<td>Reloj hombre\/Unisexo<\/td>\n<\/tr>\n<\/tbody>\n<tbody>\n<tr>\n<td colspan=\"2\">\n<p class=\"h3 text-left m-b-0\">Calibre<\/p>\n<\/td>\n<\/tr>\n<tr>\n<td><strong>Movimiento<\/strong><\/td>\n<td>Autom\u00e1tico<\/td>\n<\/tr>\n<\/tbody>\n<tbody>\n<tr>\n<td colspan=\"2\">\n<p class=\"h3 text-left m-b-0\">Caso<\/p>\n<\/td>\n<\/tr>\n<tr>\n<td><strong>Material de la caja<\/strong><\/td>\n<td>Acero<\/td>\n<\/tr>\n<tr>\n<td><strong>Di\u00e1metro de la caja<\/strong><\/td>\n<td>41 mm<\/td>\n<\/tr>\n<tr>\n<td><strong>Resistencia al agua<\/strong><\/td>\n<td>1 ATM<\/td>\n<\/tr>\n<tr>\n<td><strong>Cristal<\/strong><\/td>\n<td>Cristal Zafiro<\/td>\n<\/tr>\n<tr>\n<td><strong>N\u00fameros de la esfera<\/strong><\/td>\n<td>N\u00fameros romanos<\/td>\n<\/tr>\n<\/tbody>\n<tbody>\n<tr>\n<td colspan=\"2\">\n<p class=\"h3 text-left m-b-0\">Brazalete\/correa<\/p>\n<\/td>\n<\/tr>\n<tr>\n<td><strong>Material de la pulsera<\/strong><\/td>\n<td>Acero<\/td>\n<\/tr>\n<tr>\n<td><strong>Color de la pulsera<\/strong><\/td>\n<td>Acero<\/td>\n<\/tr>\n<\/tbody>\n<tbody>\n<tr>\n<td colspan=\"2\">\n<p class=\"h3 text-left m-b-0\">Funciones<\/p>\n<\/td>\n<\/tr>\n<tr>\n<td colspan=\"2\">Fecha<\/td>\n<\/tr>\n<\/tbody>\n<\/table>\n<p>&nbsp;<\/p>\n<h2>Garant\u00eda<\/h2>\n<p>100% de satisfacci\u00f3n garantizada Si no quedas satisfecho al 100% con tu primer Reloj Eleven Clocks, nos comprometemos a arreglarlo todo.<\/p>\n<h2><strong>Entrega<\/strong><\/h2>\n<p>Env\u00edo DHL a todo el mundo &#8211; De 10 a 15 d\u00edas de plazo estimado de llegada (cargo adicional).<\/p>\n<p>Env\u00edo gratuito a todo el mundo &#8211; 20-30 d\u00edas de plazo estimado de llegada.<\/p>\n<p>Una vez realizado el pedido, el env\u00edo del producto tardar\u00e1 de 2 a 3 d\u00edas. Recibir\u00e1s tu n\u00famero de seguimiento inmediatamente despu\u00e9s de que enviemos tu producto.<\/p>\n","protected":false},"excerpt":{"rendered":"<p>Informaci\u00f3n b\u00e1sica N\u00famero de referencia 116300 Marca Rolex Modelo Fechado Just II C\u00f3digo 401414488504 Movimiento Autom\u00e1tico Material de la caja Acero Material de la pulsera Acero A\u00f1o 2019 Estado Nuevo G\u00e9nero Reloj hombre\/Unisexo Calibre Movimiento Autom\u00e1tico Caso Material de la caja Acero Di\u00e1metro de la caja 41 mm Resistencia al agua 1 ATM Cristal Cristal<\/p>\n","protected":false},"featured_media":7427,"comment_status":"open","ping_status":"closed","template":"","meta":{"_uag_custom_page_level_css":"","site-sidebar-layout":"default","site-content-layout":"","ast-site-content-layout":"default","site-content-style":"default","site-sidebar-style":"default","ast-global-header-display":"","ast-banner-title-visibility":"","ast-main-header-display":"","ast-hfb-above-header-display":"","ast-hfb-below-header-display":"","ast-hfb-mobile-header-display":"","site-post-title":"","ast-breadcrumbs-content":"","ast-featured-img":"","footer-sml-layout":"","theme-transparent-header-meta":"","adv-header-id-meta":"","stick-header-meta":"","header-above-stick-meta":"","header-main-stick-meta":"","header-below-stick-meta":"","astra-migrate-meta-layouts":"set","ast-page-background-enabled":"default","ast-page-background-meta":{"desktop":{"background-color":"var(--ast-global-color-4)","background-image":"","background-repeat":"repeat","background-position":"center center","background-size":"auto","background-attachment":"scroll","background-type":"","background-media":"","overlay-type":"","overlay-color":"","overlay-opacity":"","overlay-gradient":""},"tablet":{"background-color":"","background-image":"","background-repeat":"repeat","background-position":"center center","background-size":"auto","background-attachment":"scroll","background-type":"","background-media":"","overlay-type":"","overlay-color":"","overlay-opacity":"","overlay-gradient":""},"mobile":{"background-color":"","background-image":"","background-repeat":"repeat","background-position":"center center","background-size":"auto","background-attachment":"scroll","background-type":"","background-media":"","overlay-type":"","overlay-color":"","overlay-opacity":"","overlay-gradient":""}},"ast-content-background-meta":{"desktop":{"background-color":"var(--ast-global-color-5)","background-image":"","background-repeat":"repeat","background-position":"center center","background-size":"auto","background-attachment":"scroll","background-type":"","background-media":"","overlay-type":"","overlay-color":"","overlay-opacity":"","overlay-gradient":""},"tablet":{"background-color":"var(--ast-global-color-5)","background-image":"","background-repeat":"repeat","background-position":"center center","background-size":"auto","background-attachment":"scroll","background-type":"","background-media":"","overlay-type":"","overlay-color":"","overlay-opacity":"","overlay-gradient":""},"mobile":{"background-color":"var(--ast-global-color-5)","background-image":"","background-repeat":"repeat","background-position":"center center","background-size":"auto","background-attachment":"scroll","background-type":"","background-media":"","overlay-type":"","overlay-color":"","overlay-opacity":"","overlay-gradient":""}}},"product_brand":[],"product_cat":[181,168,162,236,154],"product_tag":[458,4864,447,444,4704,4707,446,2039,1471,4852,475,474,453,4861,4865,4981,452,472],"class_list":{"0":"post-11199","1":"product","2":"type-product","3":"status-publish","4":"has-post-thumbnail","6":"product_cat-day-date-replica-relojo-rolex","7":"product_cat-productos-mas-nuevos","8":"product_cat-replica-super-clon-rolex-aaa","9":"product_cat-replicas-de-relojes-con-diamantes","10":"product_cat-replicas-de-relojes-mas-vendidas","11":"product_tag-affordable-luxury","12":"product_tag-all-diamond","13":"product_tag-classic-watch","14":"product_tag-designer-watch","15":"product_tag-diamond-watch-es","16":"product_tag-diamond-encrusted-es","17":"product_tag-elegant-watch","18":"product_tag-exclusive-watch","19":"product_tag-fashion-watch","20":"product_tag-luxury-imitation","21":"product_tag-luxury-replica","22":"product_tag-mens-watch","23":"product_tag-replica-rolex","24":"product_tag-rolex-date-just-es","25":"product_tag-sparkling-watch","26":"product_tag-stainless-steel-watch-es","27":"product_tag-swiss-replica","28":"product_tag-timepiece","29":"desktop-align-left","30":"tablet-align-left","31":"mobile-align-left","32":"ast-product-gallery-layout-vertical-slider","33":"ast-product-single-variable","35":"first","36":"instock","37":"shipping-taxable","38":"purchasable","39":"product-type-variable"},"uagb_featured_image_src":{"full":["https:\/\/myreplicawatches.io\/wp-content\/uploads\/2023\/10\/replica-rolex-date-just-116300-all-diamond.jpg",666,756,false],"thumbnail":["https:\/\/myreplicawatches.io\/wp-content\/uploads\/2023\/10\/replica-rolex-date-just-116300-all-diamond-150x150.png",150,150,true],"medium":["https:\/\/myreplicawatches.io\/wp-content\/uploads\/2023\/10\/replica-rolex-date-just-116300-all-diamond-264x300.png",264,300,true],"medium_large":["https:\/\/myreplicawatches.io\/wp-content\/uploads\/2023\/10\/replica-rolex-date-just-116300-all-diamond.jpg",666,756,false],"large":["https:\/\/myreplicawatches.io\/wp-content\/uploads\/2023\/10\/replica-rolex-date-just-116300-all-diamond.jpg",666,756,false],"1536x1536":["https:\/\/myreplicawatches.io\/wp-content\/uploads\/2023\/10\/replica-rolex-date-just-116300-all-diamond.jpg",666,756,false],"2048x2048":["https:\/\/myreplicawatches.io\/wp-content\/uploads\/2023\/10\/replica-rolex-date-just-116300-all-diamond.jpg",666,756,false],"woocommerce_thumbnail":["https:\/\/myreplicawatches.io\/wp-content\/uploads\/2023\/10\/replica-rolex-date-just-116300-all-diamond-300x300.jpg",300,300,true],"woocommerce_single":["https:\/\/myreplicawatches.io\/wp-content\/uploads\/2023\/10\/replica-rolex-date-just-116300-all-diamond-600x681.jpg",600,681,true],"woocommerce_gallery_thumbnail":["https:\/\/myreplicawatches.io\/wp-content\/uploads\/2023\/10\/replica-rolex-date-just-116300-all-diamond-100x100.jpg",100,100,true],"variation_swatches_image_size":["https:\/\/myreplicawatches.io\/wp-content\/uploads\/2023\/10\/replica-rolex-date-just-116300-all-diamond.jpg",44,50,false],"variation_swatches_tooltip_size":["https:\/\/myreplicawatches.io\/wp-content\/uploads\/2023\/10\/replica-rolex-date-just-116300-all-diamond.jpg",88,100,false],"dgwt-wcas-product-suggestion":["https:\/\/myreplicawatches.io\/wp-content\/uploads\/2023\/10\/replica-rolex-date-just-116300-all-diamond-64x73.jpg",64,73,true]},"uagb_author_info":{"display_name":"admin","author_link":"https:\/\/myreplicawatches.io\/es\/author\/"},"uagb_comment_info":0,"uagb_excerpt":"Informaci\u00f3n b\u00e1sica N\u00famero de referencia 116300 Marca Rolex Modelo Fechado Just II C\u00f3digo 401414488504 Movimiento Autom\u00e1tico Material de la caja Acero Material de la pulsera Acero A\u00f1o 2019 Estado Nuevo G\u00e9nero Reloj hombre\/Unisexo Calibre Movimiento Autom\u00e1tico Caso Material de la caja Acero Di\u00e1metro de la caja 41 mm Resistencia al agua 1 ATM Cristal Cristal","jetpack_sharing_enabled":true,"_links":{"self":[{"href":"https:\/\/myreplicawatches.io\/es\/wp-json\/wp\/v2\/product\/11199","targetHints":{"allow":["GET"]}}],"collection":[{"href":"https:\/\/myreplicawatches.io\/es\/wp-json\/wp\/v2\/product"}],"about":[{"href":"https:\/\/myreplicawatches.io\/es\/wp-json\/wp\/v2\/types\/product"}],"replies":[{"embeddable":true,"href":"https:\/\/myreplicawatches.io\/es\/wp-json\/wp\/v2\/comments?post=11199"}],"wp:featuredmedia":[{"embeddable":true,"href":"https:\/\/myreplicawatches.io\/es\/wp-json\/wp\/v2\/media\/7427"}],"wp:attachment":[{"href":"https:\/\/myreplicawatches.io\/es\/wp-json\/wp\/v2\/media?parent=11199"}],"wp:term":[{"taxonomy":"product_brand","embeddable":true,"href":"https:\/\/myreplicawatches.io\/es\/wp-json\/wp\/v2\/product_brand?post=11199"},{"taxonomy":"product_cat","embeddable":true,"href":"https:\/\/myreplicawatches.io\/es\/wp-json\/wp\/v2\/product_cat?post=11199"},{"taxonomy":"product_tag","embeddable":true,"href":"https:\/\/myreplicawatches.io\/es\/wp-json\/wp\/v2\/product_tag?post=11199"}],"curies":[{"name":"wp","href":"https:\/\/api.w.org\/{rel}","templated":true}]}}