{"id":11195,"date":"2023-10-03T21:52:15","date_gmt":"2023-10-03T21:52:15","guid":{"rendered":"https:\/\/myreplicawatches.io\/product\/replica-rolex-air-king-5500-2\/"},"modified":"2025-02-21T09:50:56","modified_gmt":"2025-02-21T09:50:56","slug":"replica-rolex-air-king-5500-2","status":"publish","type":"product","link":"https:\/\/myreplicawatches.io\/es\/product\/replica-rolex-air-king-5500-2\/","title":{"rendered":"R\u00e9plica Rolex Air-King 5500\/2"},"content":{"rendered":"<p>Informaci\u00f3n adicional<\/p>\n<p>Informaci\u00f3n adicional<\/p>\n<p>Gama de productos<\/p>\n<p>Air-King<\/p>\n<p>Resistente al agua<\/p>\n<p>Resistente al agua<\/p>\n<p>modelo<\/p>\n<p>5500<\/p>\n<p>Material de la pulsera<\/p>\n<p>Acero (Ostra)<\/p>\n<p>Marca<\/p>\n<p>Rolex<\/p>\n<p>Material del malet\u00edn<\/p>\n<p>Acero<\/p>\n<p>Tama\u00f1o de la caja<\/p>\n<p>34 MM<\/p>\n<p>Tipo de dial<\/p>\n<p>Bast\u00f3n de plata<\/p>\n<p>G\u00e9nero<\/p>\n<p>Unisex<\/p>\n<p>Modelo<\/p>\n<p>5500<\/p>\n<p>Movimiento<\/p>\n<p>Autom\u00e1tico<\/p>\n<p>Gama<\/p>\n<p>Air-King<\/p>\n<p>Resistente al agua<\/p>\n<p>Resistencia al agua<\/p>\n<p>Material de la pulsera<\/p>\n<p>Acero<\/p>\n","protected":false},"excerpt":{"rendered":"<p>Informaci\u00f3n adicional Informaci\u00f3n adicional Gama de productos Air-King Resistente al agua Resistente al agua modelo 5500 Material de la pulsera Acero (Ostra) Marca Rolex Material del malet\u00edn Acero Tama\u00f1o de la caja 34 MM Tipo de dial Bast\u00f3n de plata G\u00e9nero Unisex Modelo 5500 Movimiento Autom\u00e1tico Gama Air-King Resistente al agua Resistencia al agua Material<\/p>\n","protected":false},"featured_media":7406,"comment_status":"open","ping_status":"closed","template":"","meta":{"_uag_custom_page_level_css":"","site-sidebar-layout":"default","site-content-layout":"","ast-site-content-layout":"default","site-content-style":"default","site-sidebar-style":"default","ast-global-header-display":"","ast-banner-title-visibility":"","ast-main-header-display":"","ast-hfb-above-header-display":"","ast-hfb-below-header-display":"","ast-hfb-mobile-header-display":"","site-post-title":"","ast-breadcrumbs-content":"","ast-featured-img":"","footer-sml-layout":"","theme-transparent-header-meta":"default","adv-header-id-meta":"","stick-header-meta":"default","header-above-stick-meta":"","header-main-stick-meta":"","header-below-stick-meta":"","astra-migrate-meta-layouts":"set","ast-page-background-enabled":"default","ast-page-background-meta":{"desktop":{"background-color":"var(--ast-global-color-4)","background-image":"","background-repeat":"repeat","background-position":"center center","background-size":"auto","background-attachment":"scroll","background-type":"","background-media":"","overlay-type":"","overlay-color":"","overlay-opacity":"","overlay-gradient":""},"tablet":{"background-color":"","background-image":"","background-repeat":"repeat","background-position":"center center","background-size":"auto","background-attachment":"scroll","background-type":"","background-media":"","overlay-type":"","overlay-color":"","overlay-opacity":"","overlay-gradient":""},"mobile":{"background-color":"","background-image":"","background-repeat":"repeat","background-position":"center center","background-size":"auto","background-attachment":"scroll","background-type":"","background-media":"","overlay-type":"","overlay-color":"","overlay-opacity":"","overlay-gradient":""}},"ast-content-background-meta":{"desktop":{"background-color":"var(--ast-global-color-5)","background-image":"","background-repeat":"repeat","background-position":"center center","background-size":"auto","background-attachment":"scroll","background-type":"","background-media":"","overlay-type":"","overlay-color":"","overlay-opacity":"","overlay-gradient":""},"tablet":{"background-color":"var(--ast-global-color-5)","background-image":"","background-repeat":"repeat","background-position":"center center","background-size":"auto","background-attachment":"scroll","background-type":"","background-media":"","overlay-type":"","overlay-color":"","overlay-opacity":"","overlay-gradient":""},"mobile":{"background-color":"var(--ast-global-color-5)","background-image":"","background-repeat":"repeat","background-position":"center center","background-size":"auto","background-attachment":"scroll","background-type":"","background-media":"","overlay-type":"","overlay-color":"","overlay-opacity":"","overlay-gradient":""}}},"product_brand":[],"product_cat":[168,162,245,154],"product_tag":[1948,461,1964,4705,4708,470,4706,440,601,1965,453,3465,2275,452,2497],"class_list":{"0":"post-11195","1":"product","2":"type-product","3":"status-publish","4":"has-post-thumbnail","6":"product_cat-productos-mas-nuevos","7":"product_cat-replica-super-clon-rolex-aaa","8":"product_cat-replica-rolex-air-king","9":"product_cat-replicas-de-relojes-mas-vendidas","10":"product_tag-classic-design-es","11":"product_tag-collectors-item","12":"product_tag-elegant-timepiece","13":"product_tag-exclusive-replica-es","14":"product_tag-fashion-watches-es","15":"product_tag-high-end-replica","16":"product_tag-luxury-accessories-es","17":"product_tag-luxury-watch","18":"product_tag-mens-fashion","19":"product_tag-premium-quality","20":"product_tag-replica-rolex","21":"product_tag-rolex-replica-es","22":"product_tag-swiss-craftsmanship","23":"product_tag-swiss-replica","24":"product_tag-timeless-style","25":"desktop-align-left","26":"tablet-align-left","27":"mobile-align-left","28":"ast-product-gallery-layout-vertical-slider","29":"ast-product-gallery-with-no-image","31":"first","32":"instock","33":"sale","34":"shipping-taxable","35":"purchasable","36":"product-type-simple"},"uagb_featured_image_src":{"full":["https:\/\/myreplicawatches.io\/wp-content\/uploads\/2023\/10\/replica-rolex-air-king-55002.jpg",600,768,false],"thumbnail":["https:\/\/myreplicawatches.io\/wp-content\/uploads\/2023\/10\/replica-rolex-air-king-55002-150x150.jpg",150,150,true],"medium":["https:\/\/myreplicawatches.io\/wp-content\/uploads\/2023\/10\/replica-rolex-air-king-55002-234x300.jpg",234,300,true],"medium_large":["https:\/\/myreplicawatches.io\/wp-content\/uploads\/2023\/10\/replica-rolex-air-king-55002.jpg",600,768,false],"large":["https:\/\/myreplicawatches.io\/wp-content\/uploads\/2023\/10\/replica-rolex-air-king-55002.jpg",600,768,false],"1536x1536":["https:\/\/myreplicawatches.io\/wp-content\/uploads\/2023\/10\/replica-rolex-air-king-55002.jpg",600,768,false],"2048x2048":["https:\/\/myreplicawatches.io\/wp-content\/uploads\/2023\/10\/replica-rolex-air-king-55002.jpg",600,768,false],"woocommerce_thumbnail":["https:\/\/myreplicawatches.io\/wp-content\/uploads\/2023\/10\/replica-rolex-air-king-55002-300x300.jpg",300,300,true],"woocommerce_single":["https:\/\/myreplicawatches.io\/wp-content\/uploads\/2023\/10\/replica-rolex-air-king-55002.jpg",600,768,false],"woocommerce_gallery_thumbnail":["https:\/\/myreplicawatches.io\/wp-content\/uploads\/2023\/10\/replica-rolex-air-king-55002-100x100.jpg",100,100,true],"variation_swatches_image_size":["https:\/\/myreplicawatches.io\/wp-content\/uploads\/2023\/10\/replica-rolex-air-king-55002.jpg",39,50,false],"variation_swatches_tooltip_size":["https:\/\/myreplicawatches.io\/wp-content\/uploads\/2023\/10\/replica-rolex-air-king-55002.jpg",78,100,false],"dgwt-wcas-product-suggestion":["https:\/\/myreplicawatches.io\/wp-content\/uploads\/2023\/10\/replica-rolex-air-king-55002-64x82.jpg",64,82,true]},"uagb_author_info":{"display_name":"admin","author_link":"https:\/\/myreplicawatches.io\/es\/author\/"},"uagb_comment_info":0,"uagb_excerpt":"Informaci\u00f3n adicional Informaci\u00f3n adicional Gama de productos Air-King Resistente al agua Resistente al agua modelo 5500 Material de la pulsera Acero (Ostra) Marca Rolex Material del malet\u00edn Acero Tama\u00f1o de la caja 34 MM Tipo de dial Bast\u00f3n de plata G\u00e9nero Unisex Modelo 5500 Movimiento Autom\u00e1tico Gama Air-King Resistente al agua Resistencia al agua Material","jetpack_sharing_enabled":true,"_links":{"self":[{"href":"https:\/\/myreplicawatches.io\/es\/wp-json\/wp\/v2\/product\/11195","targetHints":{"allow":["GET"]}}],"collection":[{"href":"https:\/\/myreplicawatches.io\/es\/wp-json\/wp\/v2\/product"}],"about":[{"href":"https:\/\/myreplicawatches.io\/es\/wp-json\/wp\/v2\/types\/product"}],"replies":[{"embeddable":true,"href":"https:\/\/myreplicawatches.io\/es\/wp-json\/wp\/v2\/comments?post=11195"}],"wp:featuredmedia":[{"embeddable":true,"href":"https:\/\/myreplicawatches.io\/es\/wp-json\/wp\/v2\/media\/7406"}],"wp:attachment":[{"href":"https:\/\/myreplicawatches.io\/es\/wp-json\/wp\/v2\/media?parent=11195"}],"wp:term":[{"taxonomy":"product_brand","embeddable":true,"href":"https:\/\/myreplicawatches.io\/es\/wp-json\/wp\/v2\/product_brand?post=11195"},{"taxonomy":"product_cat","embeddable":true,"href":"https:\/\/myreplicawatches.io\/es\/wp-json\/wp\/v2\/product_cat?post=11195"},{"taxonomy":"product_tag","embeddable":true,"href":"https:\/\/myreplicawatches.io\/es\/wp-json\/wp\/v2\/product_tag?post=11195"}],"curies":[{"name":"wp","href":"https:\/\/api.w.org\/{rel}","templated":true}]}}