{"id":11194,"date":"2023-10-03T21:51:30","date_gmt":"2023-10-03T21:51:30","guid":{"rendered":"https:\/\/myreplicawatches.io\/product\/richard-mille-swiss-made-clon-rm-11-03-flyback-cronografo-completo-oro-rosa\/"},"modified":"2025-10-16T16:58:03","modified_gmt":"2025-10-16T16:58:03","slug":"richard-mille-swiss-made-clon-rm-11-03-flyback-cronografo-completo-oro-rosa","status":"publish","type":"product","link":"https:\/\/myreplicawatches.io\/es\/product\/richard-mille-swiss-made-clon-rm-11-03-flyback-cronografo-completo-oro-rosa\/","title":{"rendered":"Richard Mille Swiss Made Clon RM 11-03 Flyback Cron\u00f3grafo Completo Oro Rosa"},"content":{"rendered":"<h3>Richard Mille Swiss Made Clon RM 11-03 &#8211; Clon de la mejor calidad<\/h3>\n<p>&nbsp;<\/p>\n<h3>Ventajas de poseer Richard Mille Swiss Made Clon RM 11-03<\/h3>\n<ul>\n<li>Una r\u00e9plica puede comprarse a un precio mucho m\u00e1s barato que uno aut\u00e9ntico, sin embargo, un reloj r\u00e9plica parecer\u00e1 y se sentir\u00e1 igual que el original.<\/li>\n<li>Lo \u00faltimo que alguien quiere es gastarse una fortuna para conseguir un reloj de lujo que tiene peque\u00f1as diferencias con nuestras r\u00e9plicas de relojes.<\/li>\n<li>Muchos entusiastas de los relojes no quieren gastarse miles de d\u00f3lares en relojes y quieren tener esa gran sensaci\u00f3n de poseer un gran reloj de una marca de lujo. Es entonces cuando entran en juego los relojes IP y proporcionan esa sensaci\u00f3n a sus clientes.<\/li>\n<li>\u00bf Tienes ya un aut\u00e9ntico reloj de alta gama que no quieres llevar por motivos de seguridad o por razones de devaluaci\u00f3n en algunas ocasiones ? Lleva tu Reloj Richard Mille Swiss Made Clone RM 11-03 de alta calidad y si\u00e9ntete m\u00e1s seguro, ten la misma confianza, protege tus objetos de valor<\/li>\n<\/ul>\n<p>Richard Mille Swiss Made Clon RM 11-03 &#8211; Informaci\u00f3n detallada<\/p>\n<table>\n<tbody>\n<tr>\n<td>Estado<\/td>\n<td>Nuevo<\/td>\n<\/tr>\n<tr>\n<td>Tama\u00f1o de la caja<\/td>\n<td>50 mm x 42,7 mm x 13,95 mm<\/td>\n<\/tr>\n<tr>\n<td>G\u00e9nero<\/td>\n<td>Caballeros<\/td>\n<\/tr>\n<tr>\n<td>Movimiento<\/td>\n<td>Autom\u00e1tico \/ autom\u00e1tico<\/td>\n<\/tr>\n<tr>\n<td>Funciones<\/td>\n<td>Horas, minutos, segundero central, fecha, reserva de marcha e indicadores de cuerda<\/td>\n<\/tr>\n<tr>\n<td>Materiales de la caja<\/td>\n<td>Oro rosa de 18 quilates<\/td>\n<\/tr>\n<tr>\n<td>Bisel<\/td>\n<td>Oro rosa de 18 quilates<\/td>\n<\/tr>\n<tr>\n<td>Fondo de la caja<\/td>\n<td>Fondo esquel\u00e9tico transparente<\/td>\n<\/tr>\n<tr>\n<td>Color de la esfera<\/td>\n<td>Esfera esqueletizada<\/td>\n<\/tr>\n<tr>\n<td>Tipo de banda<\/td>\n<td>Goma<\/td>\n<\/tr>\n<tr>\n<td>Tipo de hebilla<\/td>\n<td>Hebilla de oro rosa de 18 quilates y cierre de titanio<\/td>\n<\/tr>\n<tr>\n<td>Cristal<\/td>\n<td>Zafiro<\/td>\n<\/tr>\n<tr>\n<td>Descripci\u00f3n<\/td>\n<td>Incluye caja y papeles corona limitadora de par de torsi\u00f3n de oro rosa, bridas interiores de fibra de carbono pulidas con zafiro y superficies dibujadas a mano, tornillos estriados de titanio de grado 5 para los puentes y la caja Calibre RMAC3, autom\u00e1tico; reserva de marcha de 48 horas, En stock y disponible ahora.<\/td>\n<\/tr>\n<\/tbody>\n<\/table>\n<p>&nbsp;<\/p>\n<h2>Garant\u00eda<\/h2>\n<p>100% de satisfacci\u00f3n garantizada Si no est\u00e1s satisfecho al 100% con tu primer Reloj Hype de Lujo, prometemos arreglarlo todo.<\/p>\n<h2>Entrega<\/h2>\n<p>Env\u00edo DHL a todo el mundo &#8211; De 3 a 10 d\u00edas estimaci\u00f3n de llegada Despu\u00e9s de hacer tu pedido, por favor, perm\u00edtenos 2-3 d\u00edas para enviar tu producto. Recibir\u00e1s tu n\u00famero de seguimiento inmediatamente despu\u00e9s de que enviemos tu producto.<\/p>\n","protected":false},"excerpt":{"rendered":"<p>Richard Mille Swiss Made Clon RM 11-03 &#8211; Clon de la mejor calidad &nbsp; Ventajas de poseer Richard Mille Swiss Made Clon RM 11-03 Una r\u00e9plica puede comprarse a un precio mucho m\u00e1s barato que uno aut\u00e9ntico, sin embargo, un reloj r\u00e9plica parecer\u00e1 y se sentir\u00e1 igual que el original. Lo \u00faltimo que alguien quiere<\/p>\n","protected":false},"featured_media":8529,"comment_status":"open","ping_status":"closed","template":"","meta":{"_uag_custom_page_level_css":"","site-sidebar-layout":"default","site-content-layout":"","ast-site-content-layout":"default","site-content-style":"default","site-sidebar-style":"default","ast-global-header-display":"","ast-banner-title-visibility":"","ast-main-header-display":"","ast-hfb-above-header-display":"","ast-hfb-below-header-display":"","ast-hfb-mobile-header-display":"","site-post-title":"","ast-breadcrumbs-content":"","ast-featured-img":"","footer-sml-layout":"","theme-transparent-header-meta":"default","adv-header-id-meta":"","stick-header-meta":"","header-above-stick-meta":"","header-main-stick-meta":"","header-below-stick-meta":"","astra-migrate-meta-layouts":"set","ast-page-background-enabled":"default","ast-page-background-meta":{"desktop":{"background-color":"var(--ast-global-color-4)","background-image":"","background-repeat":"repeat","background-position":"center center","background-size":"auto","background-attachment":"scroll","background-type":"","background-media":"","overlay-type":"","overlay-color":"","overlay-opacity":"","overlay-gradient":""},"tablet":{"background-color":"","background-image":"","background-repeat":"repeat","background-position":"center center","background-size":"auto","background-attachment":"scroll","background-type":"","background-media":"","overlay-type":"","overlay-color":"","overlay-opacity":"","overlay-gradient":""},"mobile":{"background-color":"","background-image":"","background-repeat":"repeat","background-position":"center center","background-size":"auto","background-attachment":"scroll","background-type":"","background-media":"","overlay-type":"","overlay-color":"","overlay-opacity":"","overlay-gradient":""}},"ast-content-background-meta":{"desktop":{"background-color":"var(--ast-global-color-5)","background-image":"","background-repeat":"repeat","background-position":"center center","background-size":"auto","background-attachment":"scroll","background-type":"","background-media":"","overlay-type":"","overlay-color":"","overlay-opacity":"","overlay-gradient":""},"tablet":{"background-color":"var(--ast-global-color-5)","background-image":"","background-repeat":"repeat","background-position":"center center","background-size":"auto","background-attachment":"scroll","background-type":"","background-media":"","overlay-type":"","overlay-color":"","overlay-opacity":"","overlay-gradient":""},"mobile":{"background-color":"var(--ast-global-color-5)","background-image":"","background-repeat":"repeat","background-position":"center center","background-size":"auto","background-attachment":"scroll","background-type":"","background-media":"","overlay-type":"","overlay-color":"","overlay-opacity":"","overlay-gradient":""}}},"product_brand":[],"product_cat":[168,220,154,158,398],"product_tag":[3466,461,473,4705,4708,470,555,4706,440,601,1965,478,221,2275,600,452],"class_list":{"0":"post-11194","1":"product","2":"type-product","3":"status-publish","4":"has-post-thumbnail","6":"product_cat-productos-mas-nuevos","7":"product_cat-replica-richard-mille","8":"product_cat-replicas-de-relojes-mas-vendidas","9":"product_cat-superclones","10":"product_cat-super-clone-richard-mille-replica-es","11":"product_tag-classic-timepiece-es","12":"product_tag-collectors-item","13":"product_tag-elegant-design","14":"product_tag-exclusive-replica-es","15":"product_tag-fashion-watches-es","16":"product_tag-high-end-replica","17":"product_tag-limited-edition","18":"product_tag-luxury-accessories-es","19":"product_tag-luxury-watch","20":"product_tag-mens-fashion","21":"product_tag-premium-quality","22":"product_tag-richard-mille","23":"product_tag-richard-mille-suizo","24":"product_tag-swiss-craftsmanship","25":"product_tag-swiss-made","26":"product_tag-swiss-replica","27":"desktop-align-left","28":"tablet-align-left","29":"mobile-align-left","30":"ast-product-gallery-layout-vertical-slider","32":"first","33":"instock","34":"shipping-taxable","35":"purchasable","36":"product-type-simple"},"uagb_featured_image_src":{"full":["https:\/\/myreplicawatches.io\/wp-content\/uploads\/2023\/10\/Replica-rolex-Sky-dweller-rose-gold-44.jpg",1080,1080,false],"thumbnail":["https:\/\/myreplicawatches.io\/wp-content\/uploads\/2023\/10\/Replica-rolex-Sky-dweller-rose-gold-44-150x150.jpg",150,150,true],"medium":["https:\/\/myreplicawatches.io\/wp-content\/uploads\/2023\/10\/Replica-rolex-Sky-dweller-rose-gold-44-300x300.jpg",300,300,true],"medium_large":["https:\/\/myreplicawatches.io\/wp-content\/uploads\/2023\/10\/Replica-rolex-Sky-dweller-rose-gold-44-768x768.jpg",768,768,true],"large":["https:\/\/myreplicawatches.io\/wp-content\/uploads\/2023\/10\/Replica-rolex-Sky-dweller-rose-gold-44-1024x1024.jpg",1024,1024,true],"1536x1536":["https:\/\/myreplicawatches.io\/wp-content\/uploads\/2023\/10\/Replica-rolex-Sky-dweller-rose-gold-44.jpg",1080,1080,false],"2048x2048":["https:\/\/myreplicawatches.io\/wp-content\/uploads\/2023\/10\/Replica-rolex-Sky-dweller-rose-gold-44.jpg",1080,1080,false],"woocommerce_thumbnail":["https:\/\/myreplicawatches.io\/wp-content\/uploads\/2023\/10\/Replica-rolex-Sky-dweller-rose-gold-44-300x300.jpg",300,300,true],"woocommerce_single":["https:\/\/myreplicawatches.io\/wp-content\/uploads\/2023\/10\/Replica-rolex-Sky-dweller-rose-gold-44-600x600.jpg",600,600,true],"woocommerce_gallery_thumbnail":["https:\/\/myreplicawatches.io\/wp-content\/uploads\/2023\/10\/Replica-rolex-Sky-dweller-rose-gold-44-100x100.jpg",100,100,true],"variation_swatches_image_size":["https:\/\/myreplicawatches.io\/wp-content\/uploads\/2023\/10\/Replica-rolex-Sky-dweller-rose-gold-44-50x50.jpg",50,50,true],"variation_swatches_tooltip_size":["https:\/\/myreplicawatches.io\/wp-content\/uploads\/2023\/10\/Replica-rolex-Sky-dweller-rose-gold-44-100x100.jpg",100,100,true],"dgwt-wcas-product-suggestion":["https:\/\/myreplicawatches.io\/wp-content\/uploads\/2023\/10\/Replica-rolex-Sky-dweller-rose-gold-44-64x64.jpg",64,64,true]},"uagb_author_info":{"display_name":"admin","author_link":"https:\/\/myreplicawatches.io\/es\/author\/"},"uagb_comment_info":0,"uagb_excerpt":"Richard Mille Swiss Made Clon RM 11-03 &#8211; Clon de la mejor calidad &nbsp; Ventajas de poseer Richard Mille Swiss Made Clon RM 11-03 Una r\u00e9plica puede comprarse a un precio mucho m\u00e1s barato que uno aut\u00e9ntico, sin embargo, un reloj r\u00e9plica parecer\u00e1 y se sentir\u00e1 igual que el original. Lo \u00faltimo que alguien quiere","jetpack_sharing_enabled":true,"_links":{"self":[{"href":"https:\/\/myreplicawatches.io\/es\/wp-json\/wp\/v2\/product\/11194","targetHints":{"allow":["GET"]}}],"collection":[{"href":"https:\/\/myreplicawatches.io\/es\/wp-json\/wp\/v2\/product"}],"about":[{"href":"https:\/\/myreplicawatches.io\/es\/wp-json\/wp\/v2\/types\/product"}],"replies":[{"embeddable":true,"href":"https:\/\/myreplicawatches.io\/es\/wp-json\/wp\/v2\/comments?post=11194"}],"wp:featuredmedia":[{"embeddable":true,"href":"https:\/\/myreplicawatches.io\/es\/wp-json\/wp\/v2\/media\/8529"}],"wp:attachment":[{"href":"https:\/\/myreplicawatches.io\/es\/wp-json\/wp\/v2\/media?parent=11194"}],"wp:term":[{"taxonomy":"product_brand","embeddable":true,"href":"https:\/\/myreplicawatches.io\/es\/wp-json\/wp\/v2\/product_brand?post=11194"},{"taxonomy":"product_cat","embeddable":true,"href":"https:\/\/myreplicawatches.io\/es\/wp-json\/wp\/v2\/product_cat?post=11194"},{"taxonomy":"product_tag","embeddable":true,"href":"https:\/\/myreplicawatches.io\/es\/wp-json\/wp\/v2\/product_tag?post=11194"}],"curies":[{"name":"wp","href":"https:\/\/api.w.org\/{rel}","templated":true}]}}