{"id":11190,"date":"2023-10-03T21:51:23","date_gmt":"2023-10-03T21:51:23","guid":{"rendered":"https:\/\/myreplicawatches.io\/product\/richard-mille-swiss-made-clon-rm-0055-bubba-watson-caucho-rojo\/"},"modified":"2025-10-15T14:40:11","modified_gmt":"2025-10-15T14:40:11","slug":"richard-mille-swiss-made-clon-rm-0055-bubba-watson-caucho-rojo","status":"publish","type":"product","link":"https:\/\/myreplicawatches.io\/es\/product\/richard-mille-swiss-made-clon-rm-0055-bubba-watson-caucho-rojo\/","title":{"rendered":"Richard Mille Swiss Made Clon Rm 0055 Bubba Watson Caucho Rojo"},"content":{"rendered":"<h2>Richard Mille Swiss Made Clone Rm 0055 &#8211; Clones de la mejor calidad<\/h2>\n<p>&nbsp;<\/p>\n<p><strong><ins>Los Pedidos por Transferencia Bancaria Directa incluyen un gran Descuento ( Contacta con nosotros para m\u00e1s informaci\u00f3n )<\/ins><\/strong><strong>Todos los Relojes tienen 1 A\u00f1o de Garant\u00edaTodos los<\/strong><strong>Relojes Vienen con Cajas de Relojes Originales con Papeles y Documentaci\u00f3n.RELOJES HECHOS EN JAPON Clon 1:1<\/strong> Richard Mille Swiss Made Clone Rm 0055 &#8211; Clon de la Mejor Calidad <ins>RELOJES SWISS MADE Clon 1:1<\/ins><\/p>\n<ul>\n<li>Se ve y se siente exactamente igual. \u2714<\/li>\n<li>No se puede diferenciar entre el verdadero \u2714<\/li>\n<li>Resistente al agua 300 m \u2714<\/li>\n<li>Cristal de zafiro antirrayado con revestimiento AR \u2714<\/li>\n<li>Relojes de acero 904L y oro aut\u00e9ntico. \u2714<\/li>\n<li>Mismo peso que el original. \u2714<\/li>\n<li>Mismo Mecanismo que el Real \u2714 ( MISMO Movimiento SUIZO, Exactamente igual que el real )<\/li>\n<li>Movimiento Autom\u00e1tico \u2714 ( El segundero no hace tictac, se mueve suavemente como el original )<\/li>\n<\/ul>\n<h4><\/h4>\n<h4>Descripci\u00f3n<\/h4>\n<ul id=\"productDetailsList\" class=\"floatingBox clearfix\">\n<li><span class=\"product-info-label t\">Modelo:Richard Mille Swiss Made Clone Rm 0055 &#8211; Clon de la mejor calidad.<\/span><\/li>\n<\/ul>\n<ul>\n<li><span class=\"t\">Di\u00e1metro de la caja :<\/span><span class=\"c\">43 mm x 51 mm<\/span><\/li>\n<li><span class=\"t\">Espesor :<\/span><span class=\"c\">17 mm<\/span><\/li>\n<li><span class=\"t\">Movimiento :<\/span><span class=\"c\">Movimiento Autom\u00e1tico Suizo ETA8215 21600bph<\/span><\/li>\n<li><span class=\"t\">Material de la caja :<\/span><span class=\"c\">Cer\u00e1mica<\/span><\/li>\n<li><span class=\"t\">Cristal :<\/span><span class=\"c\">Cristal de zafiro a prueba de ara\u00f1azos con revestimiento AR<\/span><\/li>\n<li><span class=\"t\">Correa :<\/span><span class=\"c\">Correa de caucho blanco<\/span><\/li>\n<li><span class=\"t\">Resistencia al agua :<\/span><span class=\"c\">&gt;50 metros<\/span><\/li>\n<li><span class=\"t\">Funci\u00f3n :<\/span><span class=\"c\">Horas, minutos y segundos<\/span><\/li>\n<li><span class=\"t\">Bisel :<\/span><span class=\"c\">Cer\u00e1mica<\/span><\/li>\n<li><span class=\"t\">Esfera :<\/span><span class=\"c\">Esfera Esqueleto<\/span><\/li>\n<li><span class=\"t\">Hebillas :<\/span><span class=\"c\">Hebilla desplegable<\/span><\/li>\n<li><span class=\"t\">Fondo de caja :<\/span><span class=\"c\">Vitrina con todos los detalles grabados seg\u00fan el original<\/span><\/li>\n<\/ul>\n<p><span class=\"c\">El reloj se entrega con la caja y la documentaci\u00f3n originales <\/span><\/p>\n<p>&nbsp;<\/p>\n<h2>Garant\u00eda<\/h2>\n<p>100% de satisfacci\u00f3n garantizada Si no est\u00e1s satisfecho al 100% con tu Reloj, prometemos arreglarlo todo.<\/p>\n<h2>Entrega<\/h2>\n<p>Env\u00edo Fedex a todo el mundo &#8211; De 3 a 10 d\u00edas estimaci\u00f3n de llegada Despu\u00e9s de realizar el pedido, espera de 2 a 3 d\u00edas para que te enviemos el producto. Recibir\u00e1s tu n\u00famero de seguimiento inmediatamente despu\u00e9s de que enviemos tu producto.<\/p>\n","protected":false},"excerpt":{"rendered":"<p>Richard Mille Swiss Made Clone Rm 0055 &#8211; Clones de la mejor calidad &nbsp; Los Pedidos por Transferencia Bancaria Directa incluyen un gran Descuento ( Contacta con nosotros para m\u00e1s informaci\u00f3n )Todos los Relojes tienen 1 A\u00f1o de Garant\u00edaTodos losRelojes Vienen con Cajas de Relojes Originales con Papeles y Documentaci\u00f3n.RELOJES HECHOS EN JAPON Clon 1:1<\/p>\n","protected":false},"featured_media":8535,"comment_status":"open","ping_status":"closed","template":"","meta":{"_uag_custom_page_level_css":"","site-sidebar-layout":"default","site-content-layout":"","ast-site-content-layout":"default","site-content-style":"default","site-sidebar-style":"default","ast-global-header-display":"","ast-banner-title-visibility":"","ast-main-header-display":"","ast-hfb-above-header-display":"","ast-hfb-below-header-display":"","ast-hfb-mobile-header-display":"","site-post-title":"","ast-breadcrumbs-content":"","ast-featured-img":"","footer-sml-layout":"","theme-transparent-header-meta":"default","adv-header-id-meta":"","stick-header-meta":"default","header-above-stick-meta":"","header-main-stick-meta":"","header-below-stick-meta":"","astra-migrate-meta-layouts":"set","ast-page-background-enabled":"default","ast-page-background-meta":{"desktop":{"background-color":"var(--ast-global-color-4)","background-image":"","background-repeat":"repeat","background-position":"center center","background-size":"auto","background-attachment":"scroll","background-type":"","background-media":"","overlay-type":"","overlay-color":"","overlay-opacity":"","overlay-gradient":""},"tablet":{"background-color":"","background-image":"","background-repeat":"repeat","background-position":"center center","background-size":"auto","background-attachment":"scroll","background-type":"","background-media":"","overlay-type":"","overlay-color":"","overlay-opacity":"","overlay-gradient":""},"mobile":{"background-color":"","background-image":"","background-repeat":"repeat","background-position":"center center","background-size":"auto","background-attachment":"scroll","background-type":"","background-media":"","overlay-type":"","overlay-color":"","overlay-opacity":"","overlay-gradient":""}},"ast-content-background-meta":{"desktop":{"background-color":"var(--ast-global-color-5)","background-image":"","background-repeat":"repeat","background-position":"center center","background-size":"auto","background-attachment":"scroll","background-type":"","background-media":"","overlay-type":"","overlay-color":"","overlay-opacity":"","overlay-gradient":""},"tablet":{"background-color":"var(--ast-global-color-5)","background-image":"","background-repeat":"repeat","background-position":"center center","background-size":"auto","background-attachment":"scroll","background-type":"","background-media":"","overlay-type":"","overlay-color":"","overlay-opacity":"","overlay-gradient":""},"mobile":{"background-color":"var(--ast-global-color-5)","background-image":"","background-repeat":"repeat","background-position":"center center","background-size":"auto","background-attachment":"scroll","background-type":"","background-media":"","overlay-type":"","overlay-color":"","overlay-opacity":"","overlay-gradient":""}}},"product_brand":[],"product_cat":[168,220,154,158,398],"product_tag":[4671,3466,4791,461,473,4705,4708,470,555,4706,440,601,1965,4792,478,221,499,2275,600,452],"class_list":{"0":"post-11190","1":"product","2":"type-product","3":"status-publish","4":"has-post-thumbnail","6":"product_cat-productos-mas-nuevos","7":"product_cat-replica-richard-mille","8":"product_cat-replicas-de-relojes-mas-vendidas","9":"product_cat-superclones","10":"product_cat-super-clone-richard-mille-replica-es","11":"product_tag-bubba-watson","12":"product_tag-classic-timepiece-es","13":"product_tag-clone-rm-0055","14":"product_tag-collectors-item","15":"product_tag-elegant-design","16":"product_tag-exclusive-replica-es","17":"product_tag-fashion-watches-es","18":"product_tag-high-end-replica","19":"product_tag-limited-edition","20":"product_tag-luxury-accessories-es","21":"product_tag-luxury-watch","22":"product_tag-mens-fashion","23":"product_tag-premium-quality","24":"product_tag-red-rubber","25":"product_tag-richard-mille","26":"product_tag-richard-mille-suizo","27":"product_tag-sports-watch","28":"product_tag-swiss-craftsmanship","29":"product_tag-swiss-made","30":"product_tag-swiss-replica","31":"desktop-align-left","32":"tablet-align-left","33":"mobile-align-left","34":"ast-product-gallery-layout-vertical-slider","36":"first","37":"instock","38":"sale","39":"shipping-taxable","40":"purchasable","41":"product-type-simple"},"uagb_featured_image_src":{"full":["https:\/\/myreplicawatches.io\/wp-content\/uploads\/2023\/10\/Replica-rolex-Sky-dweller-rose-gold-48.jpg",1080,1080,false],"thumbnail":["https:\/\/myreplicawatches.io\/wp-content\/uploads\/2023\/10\/Replica-rolex-Sky-dweller-rose-gold-48-150x150.jpg",150,150,true],"medium":["https:\/\/myreplicawatches.io\/wp-content\/uploads\/2023\/10\/Replica-rolex-Sky-dweller-rose-gold-48-300x300.jpg",300,300,true],"medium_large":["https:\/\/myreplicawatches.io\/wp-content\/uploads\/2023\/10\/Replica-rolex-Sky-dweller-rose-gold-48-768x768.jpg",768,768,true],"large":["https:\/\/myreplicawatches.io\/wp-content\/uploads\/2023\/10\/Replica-rolex-Sky-dweller-rose-gold-48-1024x1024.jpg",1024,1024,true],"1536x1536":["https:\/\/myreplicawatches.io\/wp-content\/uploads\/2023\/10\/Replica-rolex-Sky-dweller-rose-gold-48.jpg",1080,1080,false],"2048x2048":["https:\/\/myreplicawatches.io\/wp-content\/uploads\/2023\/10\/Replica-rolex-Sky-dweller-rose-gold-48.jpg",1080,1080,false],"woocommerce_thumbnail":["https:\/\/myreplicawatches.io\/wp-content\/uploads\/2023\/10\/Replica-rolex-Sky-dweller-rose-gold-48-300x300.jpg",300,300,true],"woocommerce_single":["https:\/\/myreplicawatches.io\/wp-content\/uploads\/2023\/10\/Replica-rolex-Sky-dweller-rose-gold-48-600x600.jpg",600,600,true],"woocommerce_gallery_thumbnail":["https:\/\/myreplicawatches.io\/wp-content\/uploads\/2023\/10\/Replica-rolex-Sky-dweller-rose-gold-48-100x100.jpg",100,100,true],"variation_swatches_image_size":["https:\/\/myreplicawatches.io\/wp-content\/uploads\/2023\/10\/Replica-rolex-Sky-dweller-rose-gold-48-50x50.jpg",50,50,true],"variation_swatches_tooltip_size":["https:\/\/myreplicawatches.io\/wp-content\/uploads\/2023\/10\/Replica-rolex-Sky-dweller-rose-gold-48-100x100.jpg",100,100,true],"dgwt-wcas-product-suggestion":["https:\/\/myreplicawatches.io\/wp-content\/uploads\/2023\/10\/Replica-rolex-Sky-dweller-rose-gold-48-64x64.jpg",64,64,true]},"uagb_author_info":{"display_name":"admin","author_link":"https:\/\/myreplicawatches.io\/es\/author\/"},"uagb_comment_info":0,"uagb_excerpt":"Richard Mille Swiss Made Clone Rm 0055 &#8211; Clones de la mejor calidad &nbsp; Los Pedidos por Transferencia Bancaria Directa incluyen un gran Descuento ( Contacta con nosotros para m\u00e1s informaci\u00f3n )Todos los Relojes tienen 1 A\u00f1o de Garant\u00edaTodos losRelojes Vienen con Cajas de Relojes Originales con Papeles y Documentaci\u00f3n.RELOJES HECHOS EN JAPON Clon 1:1","jetpack_sharing_enabled":true,"_links":{"self":[{"href":"https:\/\/myreplicawatches.io\/es\/wp-json\/wp\/v2\/product\/11190","targetHints":{"allow":["GET"]}}],"collection":[{"href":"https:\/\/myreplicawatches.io\/es\/wp-json\/wp\/v2\/product"}],"about":[{"href":"https:\/\/myreplicawatches.io\/es\/wp-json\/wp\/v2\/types\/product"}],"replies":[{"embeddable":true,"href":"https:\/\/myreplicawatches.io\/es\/wp-json\/wp\/v2\/comments?post=11190"}],"wp:featuredmedia":[{"embeddable":true,"href":"https:\/\/myreplicawatches.io\/es\/wp-json\/wp\/v2\/media\/8535"}],"wp:attachment":[{"href":"https:\/\/myreplicawatches.io\/es\/wp-json\/wp\/v2\/media?parent=11190"}],"wp:term":[{"taxonomy":"product_brand","embeddable":true,"href":"https:\/\/myreplicawatches.io\/es\/wp-json\/wp\/v2\/product_brand?post=11190"},{"taxonomy":"product_cat","embeddable":true,"href":"https:\/\/myreplicawatches.io\/es\/wp-json\/wp\/v2\/product_cat?post=11190"},{"taxonomy":"product_tag","embeddable":true,"href":"https:\/\/myreplicawatches.io\/es\/wp-json\/wp\/v2\/product_tag?post=11190"}],"curies":[{"name":"wp","href":"https:\/\/api.w.org\/{rel}","templated":true}]}}