{"id":11186,"date":"2023-10-03T21:55:36","date_gmt":"2023-10-03T21:55:36","guid":{"rendered":"https:\/\/myreplicawatches.io\/product\/replica-rolex-datejust-lady-178240-6\/"},"modified":"2025-07-30T22:22:57","modified_gmt":"2025-07-30T22:22:57","slug":"replica-rolex-datejust-lady-178240-6-2","status":"publish","type":"product","link":"https:\/\/myreplicawatches.io\/es\/product\/replica-rolex-datejust-lady-178240-6-2\/","title":{"rendered":"R\u00e9plica Rolex Datejust Lady 178240\/6"},"content":{"rendered":"<p>Gama de productos de la R\u00e9plica Rolex Datejust Lady 178240\/6 Datejust Lady Water Resistant Modelo 178240 Material del brazalete Acero (Jubilee) Marca Rolex Material de la caja Acero Tama\u00f1o de la caja 30 MM Tipo de esfera Azul N\u00fameros romanos Sexo Femenino Modelo 178240 Movimiento Autom\u00e1tico Gama Datejust Lady Water Resistant Water Resistance Material del brazalete Acero<\/p>\n","protected":false},"excerpt":{"rendered":"<p>Gama de productos de la R\u00e9plica Rolex Datejust Lady 178240\/6 Datejust Lady Water Resistant Modelo 178240 Material del brazalete Acero (Jubilee) Marca Rolex Material de la caja Acero Tama\u00f1o de la caja 30 MM Tipo de esfera Azul N\u00fameros romanos Sexo Femenino Modelo 178240 Movimiento Autom\u00e1tico Gama Datejust Lady Water Resistant Water Resistance Material del<\/p>\n","protected":false},"featured_media":7501,"comment_status":"open","ping_status":"closed","template":"","meta":{"_uag_custom_page_level_css":"","site-sidebar-layout":"default","site-content-layout":"","ast-site-content-layout":"default","site-content-style":"default","site-sidebar-style":"default","ast-global-header-display":"","ast-banner-title-visibility":"","ast-main-header-display":"","ast-hfb-above-header-display":"","ast-hfb-below-header-display":"","ast-hfb-mobile-header-display":"","site-post-title":"","ast-breadcrumbs-content":"","ast-featured-img":"","footer-sml-layout":"","theme-transparent-header-meta":"default","adv-header-id-meta":"","stick-header-meta":"default","header-above-stick-meta":"","header-main-stick-meta":"","header-below-stick-meta":"","astra-migrate-meta-layouts":"set","ast-page-background-enabled":"default","ast-page-background-meta":{"desktop":{"background-color":"var(--ast-global-color-4)","background-image":"","background-repeat":"repeat","background-position":"center center","background-size":"auto","background-attachment":"scroll","background-type":"","background-media":"","overlay-type":"","overlay-color":"","overlay-opacity":"","overlay-gradient":""},"tablet":{"background-color":"","background-image":"","background-repeat":"repeat","background-position":"center center","background-size":"auto","background-attachment":"scroll","background-type":"","background-media":"","overlay-type":"","overlay-color":"","overlay-opacity":"","overlay-gradient":""},"mobile":{"background-color":"","background-image":"","background-repeat":"repeat","background-position":"center center","background-size":"auto","background-attachment":"scroll","background-type":"","background-media":"","overlay-type":"","overlay-color":"","overlay-opacity":"","overlay-gradient":""}},"ast-content-background-meta":{"desktop":{"background-color":"var(--ast-global-color-5)","background-image":"","background-repeat":"repeat","background-position":"center center","background-size":"auto","background-attachment":"scroll","background-type":"","background-media":"","overlay-type":"","overlay-color":"","overlay-opacity":"","overlay-gradient":""},"tablet":{"background-color":"var(--ast-global-color-5)","background-image":"","background-repeat":"repeat","background-position":"center center","background-size":"auto","background-attachment":"scroll","background-type":"","background-media":"","overlay-type":"","overlay-color":"","overlay-opacity":"","overlay-gradient":""},"mobile":{"background-color":"var(--ast-global-color-5)","background-image":"","background-repeat":"repeat","background-position":"center center","background-size":"auto","background-attachment":"scroll","background-type":"","background-media":"","overlay-type":"","overlay-color":"","overlay-opacity":"","overlay-gradient":""}}},"product_brand":[],"product_cat":[168,161,162,154],"product_tag":[4980,1157,2535,4904,2600,1201,1647,1155,2012,1995,1627,4977,4847,3517,453,3401],"class_list":{"0":"post-11186","1":"product","2":"type-product","3":"status-publish","4":"has-post-thumbnail","6":"product_cat-productos-mas-nuevos","7":"product_cat-replica-date-just","8":"product_cat-replica-super-clon-rolex-aaa","9":"product_cat-replicas-de-relojes-mas-vendidas","10":"product_tag-datejust-lady-178240-6-es","11":"product_tag-reloj-automatico","12":"product_tag-reloj-clasico-es","13":"product_tag-reloj-con-fecha","14":"product_tag-reloj-de-acero-inoxidable","15":"product_tag-reloj-de-alta-gama-es","16":"product_tag-reloj-de-coleccion","17":"product_tag-reloj-de-lujo","18":"product_tag-reloj-de-mujer-es","19":"product_tag-reloj-elegante-es","20":"product_tag-reloj-exclusivo-es","21":"product_tag-reloj-femenino","22":"product_tag-reloj-imitacion-es","23":"product_tag-reloj-sofisticado","24":"product_tag-replica-rolex","25":"product_tag-rolex-datejust","26":"desktop-align-left","27":"tablet-align-left","28":"mobile-align-left","29":"ast-product-gallery-layout-vertical-slider","30":"ast-product-gallery-with-no-image","32":"first","33":"instock","34":"shipping-taxable","35":"purchasable","36":"product-type-simple"},"uagb_featured_image_src":{"full":["https:\/\/myreplicawatches.io\/wp-content\/uploads\/2023\/10\/replica-rolex-datejust-lady-1782406.jpg",600,768,false],"thumbnail":["https:\/\/myreplicawatches.io\/wp-content\/uploads\/2023\/10\/replica-rolex-datejust-lady-1782406-150x150.jpg",150,150,true],"medium":["https:\/\/myreplicawatches.io\/wp-content\/uploads\/2023\/10\/replica-rolex-datejust-lady-1782406-234x300.jpg",234,300,true],"medium_large":["https:\/\/myreplicawatches.io\/wp-content\/uploads\/2023\/10\/replica-rolex-datejust-lady-1782406.jpg",600,768,false],"large":["https:\/\/myreplicawatches.io\/wp-content\/uploads\/2023\/10\/replica-rolex-datejust-lady-1782406.jpg",600,768,false],"1536x1536":["https:\/\/myreplicawatches.io\/wp-content\/uploads\/2023\/10\/replica-rolex-datejust-lady-1782406.jpg",600,768,false],"2048x2048":["https:\/\/myreplicawatches.io\/wp-content\/uploads\/2023\/10\/replica-rolex-datejust-lady-1782406.jpg",600,768,false],"woocommerce_thumbnail":["https:\/\/myreplicawatches.io\/wp-content\/uploads\/2023\/10\/replica-rolex-datejust-lady-1782406-300x300.jpg",300,300,true],"woocommerce_single":["https:\/\/myreplicawatches.io\/wp-content\/uploads\/2023\/10\/replica-rolex-datejust-lady-1782406.jpg",600,768,false],"woocommerce_gallery_thumbnail":["https:\/\/myreplicawatches.io\/wp-content\/uploads\/2023\/10\/replica-rolex-datejust-lady-1782406-100x100.jpg",100,100,true],"variation_swatches_image_size":["https:\/\/myreplicawatches.io\/wp-content\/uploads\/2023\/10\/replica-rolex-datejust-lady-1782406.jpg",39,50,false],"variation_swatches_tooltip_size":["https:\/\/myreplicawatches.io\/wp-content\/uploads\/2023\/10\/replica-rolex-datejust-lady-1782406.jpg",78,100,false],"dgwt-wcas-product-suggestion":["https:\/\/myreplicawatches.io\/wp-content\/uploads\/2023\/10\/replica-rolex-datejust-lady-1782406-64x82.jpg",64,82,true]},"uagb_author_info":{"display_name":"admin","author_link":"https:\/\/myreplicawatches.io\/es\/author\/"},"uagb_comment_info":0,"uagb_excerpt":"Gama de productos de la R\u00e9plica Rolex Datejust Lady 178240\/6 Datejust Lady Water Resistant Modelo 178240 Material del brazalete Acero (Jubilee) Marca Rolex Material de la caja Acero Tama\u00f1o de la caja 30 MM Tipo de esfera Azul N\u00fameros romanos Sexo Femenino Modelo 178240 Movimiento Autom\u00e1tico Gama Datejust Lady Water Resistant Water Resistance Material del","jetpack_sharing_enabled":true,"_links":{"self":[{"href":"https:\/\/myreplicawatches.io\/es\/wp-json\/wp\/v2\/product\/11186","targetHints":{"allow":["GET"]}}],"collection":[{"href":"https:\/\/myreplicawatches.io\/es\/wp-json\/wp\/v2\/product"}],"about":[{"href":"https:\/\/myreplicawatches.io\/es\/wp-json\/wp\/v2\/types\/product"}],"replies":[{"embeddable":true,"href":"https:\/\/myreplicawatches.io\/es\/wp-json\/wp\/v2\/comments?post=11186"}],"wp:featuredmedia":[{"embeddable":true,"href":"https:\/\/myreplicawatches.io\/es\/wp-json\/wp\/v2\/media\/7501"}],"wp:attachment":[{"href":"https:\/\/myreplicawatches.io\/es\/wp-json\/wp\/v2\/media?parent=11186"}],"wp:term":[{"taxonomy":"product_brand","embeddable":true,"href":"https:\/\/myreplicawatches.io\/es\/wp-json\/wp\/v2\/product_brand?post=11186"},{"taxonomy":"product_cat","embeddable":true,"href":"https:\/\/myreplicawatches.io\/es\/wp-json\/wp\/v2\/product_cat?post=11186"},{"taxonomy":"product_tag","embeddable":true,"href":"https:\/\/myreplicawatches.io\/es\/wp-json\/wp\/v2\/product_tag?post=11186"}],"curies":[{"name":"wp","href":"https:\/\/api.w.org\/{rel}","templated":true}]}}