{"id":11178,"date":"2023-10-03T21:53:15","date_gmt":"2023-10-03T21:53:15","guid":{"rendered":"https:\/\/myreplicawatches.io\/product\/replica-rolex-datejust-116203\/"},"modified":"2025-07-30T22:23:43","modified_gmt":"2025-07-30T22:23:43","slug":"replica-rolex-datejust-116203-2","status":"publish","type":"product","link":"https:\/\/myreplicawatches.io\/es\/product\/replica-rolex-datejust-116203-2\/","title":{"rendered":"R\u00e9plica Rolex Datejust 116203"},"content":{"rendered":"<p>Gama de productos de la R\u00e9plica Rolex Datejust 116203 Datejust Water Resistant Modelo 116203 Material del brazalete Acero Oro amarillo (Oyster) Marca Rolex Material de la caja Acero Oro amarillo Tama\u00f1o de la caja 36 MM Tipo de esfera Bast\u00f3n negro Sexo Masculino Modelo 116203 Movimiento Autom\u00e1tico Gama Datejust Water Resistant Water Resistance Material del brazalete Acero<\/p>\n","protected":false},"excerpt":{"rendered":"<p>Gama de productos de la R\u00e9plica Rolex Datejust 116203 Datejust Water Resistant Modelo 116203 Material del brazalete Acero Oro amarillo (Oyster) Marca Rolex Material de la caja Acero Oro amarillo Tama\u00f1o de la caja 36 MM Tipo de esfera Bast\u00f3n negro Sexo Masculino Modelo 116203 Movimiento Autom\u00e1tico Gama Datejust Water Resistant Water Resistance Material del<\/p>\n","protected":false},"featured_media":7453,"comment_status":"open","ping_status":"closed","template":"","meta":{"_uag_custom_page_level_css":"","site-sidebar-layout":"default","site-content-layout":"","ast-site-content-layout":"default","site-content-style":"default","site-sidebar-style":"default","ast-global-header-display":"","ast-banner-title-visibility":"","ast-main-header-display":"","ast-hfb-above-header-display":"","ast-hfb-below-header-display":"","ast-hfb-mobile-header-display":"","site-post-title":"","ast-breadcrumbs-content":"","ast-featured-img":"","footer-sml-layout":"","theme-transparent-header-meta":"default","adv-header-id-meta":"","stick-header-meta":"default","header-above-stick-meta":"","header-main-stick-meta":"","header-below-stick-meta":"","astra-migrate-meta-layouts":"set","ast-page-background-enabled":"default","ast-page-background-meta":{"desktop":{"background-color":"var(--ast-global-color-4)","background-image":"","background-repeat":"repeat","background-position":"center center","background-size":"auto","background-attachment":"scroll","background-type":"","background-media":"","overlay-type":"","overlay-color":"","overlay-opacity":"","overlay-gradient":""},"tablet":{"background-color":"","background-image":"","background-repeat":"repeat","background-position":"center center","background-size":"auto","background-attachment":"scroll","background-type":"","background-media":"","overlay-type":"","overlay-color":"","overlay-opacity":"","overlay-gradient":""},"mobile":{"background-color":"","background-image":"","background-repeat":"repeat","background-position":"center center","background-size":"auto","background-attachment":"scroll","background-type":"","background-media":"","overlay-type":"","overlay-color":"","overlay-opacity":"","overlay-gradient":""}},"ast-content-background-meta":{"desktop":{"background-color":"var(--ast-global-color-5)","background-image":"","background-repeat":"repeat","background-position":"center center","background-size":"auto","background-attachment":"scroll","background-type":"","background-media":"","overlay-type":"","overlay-color":"","overlay-opacity":"","overlay-gradient":""},"tablet":{"background-color":"var(--ast-global-color-5)","background-image":"","background-repeat":"repeat","background-position":"center center","background-size":"auto","background-attachment":"scroll","background-type":"","background-media":"","overlay-type":"","overlay-color":"","overlay-opacity":"","overlay-gradient":""},"mobile":{"background-color":"var(--ast-global-color-5)","background-image":"","background-repeat":"repeat","background-position":"center center","background-size":"auto","background-attachment":"scroll","background-type":"","background-media":"","overlay-type":"","overlay-color":"","overlay-opacity":"","overlay-gradient":""}}},"product_brand":[],"product_cat":[168,161,162,154],"product_tag":[458,647,447,4983,4955,444,446,2039,1471,4952,4852,475,474,453,3401,4981,452,3584],"class_list":{"0":"post-11178","1":"product","2":"type-product","3":"status-publish","4":"has-post-thumbnail","6":"product_cat-productos-mas-nuevos","7":"product_cat-replica-date-just","8":"product_cat-replica-super-clon-rolex-aaa","9":"product_cat-replicas-de-relojes-mas-vendidas","10":"product_tag-affordable-luxury","11":"product_tag-automatic-watch-es","12":"product_tag-classic-watch","13":"product_tag-date-watch-es","14":"product_tag-datejust-116203-es","15":"product_tag-designer-watch","16":"product_tag-elegant-watch","17":"product_tag-exclusive-watch","18":"product_tag-fashion-watch","19":"product_tag-gold-and-silver","20":"product_tag-luxury-imitation","21":"product_tag-luxury-replica","22":"product_tag-mens-watch","23":"product_tag-replica-rolex","24":"product_tag-rolex-datejust","25":"product_tag-stainless-steel-watch-es","26":"product_tag-swiss-replica","27":"product_tag-timeless-watch","28":"desktop-align-left","29":"tablet-align-left","30":"mobile-align-left","31":"ast-product-gallery-layout-vertical-slider","32":"ast-product-gallery-with-no-image","34":"first","35":"instock","36":"shipping-taxable","37":"purchasable","38":"product-type-simple"},"uagb_featured_image_src":{"full":["https:\/\/myreplicawatches.io\/wp-content\/uploads\/2023\/10\/replica-rolex-datejust-116203.jpg",600,768,false],"thumbnail":["https:\/\/myreplicawatches.io\/wp-content\/uploads\/2023\/10\/replica-rolex-datejust-116203-150x150.jpg",150,150,true],"medium":["https:\/\/myreplicawatches.io\/wp-content\/uploads\/2023\/10\/replica-rolex-datejust-116203-234x300.jpg",234,300,true],"medium_large":["https:\/\/myreplicawatches.io\/wp-content\/uploads\/2023\/10\/replica-rolex-datejust-116203.jpg",600,768,false],"large":["https:\/\/myreplicawatches.io\/wp-content\/uploads\/2023\/10\/replica-rolex-datejust-116203.jpg",600,768,false],"1536x1536":["https:\/\/myreplicawatches.io\/wp-content\/uploads\/2023\/10\/replica-rolex-datejust-116203.jpg",600,768,false],"2048x2048":["https:\/\/myreplicawatches.io\/wp-content\/uploads\/2023\/10\/replica-rolex-datejust-116203.jpg",600,768,false],"woocommerce_thumbnail":["https:\/\/myreplicawatches.io\/wp-content\/uploads\/2023\/10\/replica-rolex-datejust-116203-300x300.jpg",300,300,true],"woocommerce_single":["https:\/\/myreplicawatches.io\/wp-content\/uploads\/2023\/10\/replica-rolex-datejust-116203.jpg",600,768,false],"woocommerce_gallery_thumbnail":["https:\/\/myreplicawatches.io\/wp-content\/uploads\/2023\/10\/replica-rolex-datejust-116203-100x100.jpg",100,100,true],"variation_swatches_image_size":["https:\/\/myreplicawatches.io\/wp-content\/uploads\/2023\/10\/replica-rolex-datejust-116203.jpg",39,50,false],"variation_swatches_tooltip_size":["https:\/\/myreplicawatches.io\/wp-content\/uploads\/2023\/10\/replica-rolex-datejust-116203.jpg",78,100,false],"dgwt-wcas-product-suggestion":["https:\/\/myreplicawatches.io\/wp-content\/uploads\/2023\/10\/replica-rolex-datejust-116203-64x82.jpg",64,82,true]},"uagb_author_info":{"display_name":"admin","author_link":"https:\/\/myreplicawatches.io\/es\/author\/"},"uagb_comment_info":0,"uagb_excerpt":"Gama de productos de la R\u00e9plica Rolex Datejust 116203 Datejust Water Resistant Modelo 116203 Material del brazalete Acero Oro amarillo (Oyster) Marca Rolex Material de la caja Acero Oro amarillo Tama\u00f1o de la caja 36 MM Tipo de esfera Bast\u00f3n negro Sexo Masculino Modelo 116203 Movimiento Autom\u00e1tico Gama Datejust Water Resistant Water Resistance Material del","jetpack_sharing_enabled":true,"_links":{"self":[{"href":"https:\/\/myreplicawatches.io\/es\/wp-json\/wp\/v2\/product\/11178","targetHints":{"allow":["GET"]}}],"collection":[{"href":"https:\/\/myreplicawatches.io\/es\/wp-json\/wp\/v2\/product"}],"about":[{"href":"https:\/\/myreplicawatches.io\/es\/wp-json\/wp\/v2\/types\/product"}],"replies":[{"embeddable":true,"href":"https:\/\/myreplicawatches.io\/es\/wp-json\/wp\/v2\/comments?post=11178"}],"wp:featuredmedia":[{"embeddable":true,"href":"https:\/\/myreplicawatches.io\/es\/wp-json\/wp\/v2\/media\/7453"}],"wp:attachment":[{"href":"https:\/\/myreplicawatches.io\/es\/wp-json\/wp\/v2\/media?parent=11178"}],"wp:term":[{"taxonomy":"product_brand","embeddable":true,"href":"https:\/\/myreplicawatches.io\/es\/wp-json\/wp\/v2\/product_brand?post=11178"},{"taxonomy":"product_cat","embeddable":true,"href":"https:\/\/myreplicawatches.io\/es\/wp-json\/wp\/v2\/product_cat?post=11178"},{"taxonomy":"product_tag","embeddable":true,"href":"https:\/\/myreplicawatches.io\/es\/wp-json\/wp\/v2\/product_tag?post=11178"}],"curies":[{"name":"wp","href":"https:\/\/api.w.org\/{rel}","templated":true}]}}