{"id":11168,"date":"2023-10-03T22:06:32","date_gmt":"2023-10-03T22:06:32","guid":{"rendered":"https:\/\/myreplicawatches.io\/product\/replica-mujerfranck-muller-curvex-2500qzd-cuarzo-senora\/"},"modified":"2025-02-21T05:51:13","modified_gmt":"2025-02-21T05:51:13","slug":"replica-mujerfranck-muller-curvex-2500qzd-cuarzo-senora","status":"publish","type":"product","link":"https:\/\/myreplicawatches.io\/es\/product\/replica-mujerfranck-muller-curvex-2500qzd-cuarzo-senora\/","title":{"rendered":"R\u00e9plica mujerFranck Muller Curvex 2500QZD Cuarzo se\u00f1ora"},"content":{"rendered":"<p>&nbsp;<\/p>\n<ul data-mce-fragment=\"1\">\n<li data-mce-fragment=\"1\"><strong data-mce-fragment=\"1\">Marca<\/strong> Franck Muller<\/li>\n<li data-mce-fragment=\"1\"><strong data-mce-fragment=\"1\">Gama<\/strong> Curvex<\/li>\n<li data-mce-fragment=\"1\"><strong data-mce-fragment=\"1\">Modelo<\/strong> 2500QZD<\/li>\n<li data-mce-fragment=\"1\"><strong data-mce-fragment=\"1\">G\u00e9nero<\/strong> Se\u00f1oras<\/li>\n<li data-mce-fragment=\"1\"><strong data-mce-fragment=\"1\">Movimiento<\/strong> Cuarzo<\/li>\n<li data-mce-fragment=\"1\"><strong data-mce-fragment=\"1\">Tama\u00f1o de la caja<\/strong> 19 MM<\/li>\n<li data-mce-fragment=\"1\"><strong data-mce-fragment=\"1\">Material de la caja<\/strong> Oro amarillo engastado con diamantes<\/li>\n<li data-mce-fragment=\"1\"><strong data-mce-fragment=\"1\">Material de la pulsera<\/strong> Oro Amarillo<\/li>\n<li data-mce-fragment=\"1\"><strong data-mce-fragment=\"1\">Tipo de esfera<\/strong> \u00c1rabe plateada<\/li>\n<li data-mce-fragment=\"1\"><strong data-mce-fragment=\"1\">Resistencia al agua<\/strong> Water Resistant<\/li>\n<\/ul>\n","protected":false},"excerpt":{"rendered":"<p>&nbsp; Marca Franck Muller Gama Curvex Modelo 2500QZD G\u00e9nero Se\u00f1oras Movimiento Cuarzo Tama\u00f1o de la caja 19 MM Material de la caja Oro amarillo engastado con diamantes Material de la pulsera Oro Amarillo Tipo de esfera \u00c1rabe plateada Resistencia al agua Water Resistant<\/p>\n","protected":false},"featured_media":7931,"comment_status":"open","ping_status":"closed","template":"","meta":{"_uag_custom_page_level_css":"","site-sidebar-layout":"default","site-content-layout":"","ast-site-content-layout":"default","site-content-style":"default","site-sidebar-style":"default","ast-global-header-display":"","ast-banner-title-visibility":"","ast-main-header-display":"","ast-hfb-above-header-display":"","ast-hfb-below-header-display":"","ast-hfb-mobile-header-display":"","site-post-title":"","ast-breadcrumbs-content":"","ast-featured-img":"","footer-sml-layout":"","theme-transparent-header-meta":"default","adv-header-id-meta":"","stick-header-meta":"default","header-above-stick-meta":"","header-main-stick-meta":"","header-below-stick-meta":"","astra-migrate-meta-layouts":"set","ast-page-background-enabled":"default","ast-page-background-meta":{"desktop":{"background-color":"var(--ast-global-color-4)","background-image":"","background-repeat":"repeat","background-position":"center center","background-size":"auto","background-attachment":"scroll","background-type":"","background-media":"","overlay-type":"","overlay-color":"","overlay-opacity":"","overlay-gradient":""},"tablet":{"background-color":"","background-image":"","background-repeat":"repeat","background-position":"center center","background-size":"auto","background-attachment":"scroll","background-type":"","background-media":"","overlay-type":"","overlay-color":"","overlay-opacity":"","overlay-gradient":""},"mobile":{"background-color":"","background-image":"","background-repeat":"repeat","background-position":"center center","background-size":"auto","background-attachment":"scroll","background-type":"","background-media":"","overlay-type":"","overlay-color":"","overlay-opacity":"","overlay-gradient":""}},"ast-content-background-meta":{"desktop":{"background-color":"var(--ast-global-color-5)","background-image":"","background-repeat":"repeat","background-position":"center center","background-size":"auto","background-attachment":"scroll","background-type":"","background-media":"","overlay-type":"","overlay-color":"","overlay-opacity":"","overlay-gradient":""},"tablet":{"background-color":"var(--ast-global-color-5)","background-image":"","background-repeat":"repeat","background-position":"center center","background-size":"auto","background-attachment":"scroll","background-type":"","background-media":"","overlay-type":"","overlay-color":"","overlay-opacity":"","overlay-gradient":""},"mobile":{"background-color":"var(--ast-global-color-5)","background-image":"","background-repeat":"repeat","background-position":"center center","background-size":"auto","background-attachment":"scroll","background-type":"","background-media":"","overlay-type":"","overlay-color":"","overlay-opacity":"","overlay-gradient":""}}},"product_brand":[],"product_cat":[244,168,154],"product_tag":[4161,1948,648,4165,565,2885,4162,2363,567,1027],"class_list":{"0":"post-11168","1":"product","2":"type-product","3":"status-publish","4":"has-post-thumbnail","6":"product_cat-franck-muller-es","7":"product_cat-productos-mas-nuevos","8":"product_cat-replicas-de-relojes-mas-vendidas","9":"product_tag-2500qzd","10":"product_tag-classic-design-es","11":"product_tag-elegant-es","12":"product_tag-fashionable","13":"product_tag-high-quality-es","14":"product_tag-ladies-es","15":"product_tag-quartz","16":"product_tag-sophisticated-es","17":"product_tag-stylish-es","18":"product_tag-womens-watch-es","19":"desktop-align-left","20":"tablet-align-left","21":"mobile-align-left","22":"ast-product-gallery-layout-vertical-slider","24":"first","25":"instock","26":"shipping-taxable","27":"purchasable","28":"product-type-simple"},"uagb_featured_image_src":{"full":["https:\/\/myreplicawatches.io\/wp-content\/uploads\/2023\/10\/Screenshot2022-08-28at12.14.03PM.png",852,1324,false],"thumbnail":["https:\/\/myreplicawatches.io\/wp-content\/uploads\/2023\/10\/Screenshot2022-08-28at12.14.03PM-150x150.png",150,150,true],"medium":["https:\/\/myreplicawatches.io\/wp-content\/uploads\/2023\/10\/Screenshot2022-08-28at12.14.03PM-193x300.png",193,300,true],"medium_large":["https:\/\/myreplicawatches.io\/wp-content\/uploads\/2023\/10\/Screenshot2022-08-28at12.14.03PM-768x1193.png",768,1193,true],"large":["https:\/\/myreplicawatches.io\/wp-content\/uploads\/2023\/10\/Screenshot2022-08-28at12.14.03PM-659x1024.png",659,1024,true],"1536x1536":["https:\/\/myreplicawatches.io\/wp-content\/uploads\/2023\/10\/Screenshot2022-08-28at12.14.03PM.png",852,1324,false],"2048x2048":["https:\/\/myreplicawatches.io\/wp-content\/uploads\/2023\/10\/Screenshot2022-08-28at12.14.03PM.png",852,1324,false],"woocommerce_thumbnail":["https:\/\/myreplicawatches.io\/wp-content\/uploads\/2023\/10\/Screenshot2022-08-28at12.14.03PM-300x300.png",300,300,true],"woocommerce_single":["https:\/\/myreplicawatches.io\/wp-content\/uploads\/2023\/10\/Screenshot2022-08-28at12.14.03PM-600x932.png",600,932,true],"woocommerce_gallery_thumbnail":["https:\/\/myreplicawatches.io\/wp-content\/uploads\/2023\/10\/Screenshot2022-08-28at12.14.03PM-100x100.png",100,100,true],"variation_swatches_image_size":["https:\/\/myreplicawatches.io\/wp-content\/uploads\/2023\/10\/Screenshot2022-08-28at12.14.03PM.png",32,50,false],"variation_swatches_tooltip_size":["https:\/\/myreplicawatches.io\/wp-content\/uploads\/2023\/10\/Screenshot2022-08-28at12.14.03PM.png",64,100,false],"dgwt-wcas-product-suggestion":["https:\/\/myreplicawatches.io\/wp-content\/uploads\/2023\/10\/Screenshot2022-08-28at12.14.03PM-64x99.png",64,99,true]},"uagb_author_info":{"display_name":"admin","author_link":"https:\/\/myreplicawatches.io\/es\/author\/"},"uagb_comment_info":0,"uagb_excerpt":"&nbsp; Marca Franck Muller Gama Curvex Modelo 2500QZD G\u00e9nero Se\u00f1oras Movimiento Cuarzo Tama\u00f1o de la caja 19 MM Material de la caja Oro amarillo engastado con diamantes Material de la pulsera Oro Amarillo Tipo de esfera \u00c1rabe plateada Resistencia al agua Water Resistant","jetpack_sharing_enabled":true,"_links":{"self":[{"href":"https:\/\/myreplicawatches.io\/es\/wp-json\/wp\/v2\/product\/11168","targetHints":{"allow":["GET"]}}],"collection":[{"href":"https:\/\/myreplicawatches.io\/es\/wp-json\/wp\/v2\/product"}],"about":[{"href":"https:\/\/myreplicawatches.io\/es\/wp-json\/wp\/v2\/types\/product"}],"replies":[{"embeddable":true,"href":"https:\/\/myreplicawatches.io\/es\/wp-json\/wp\/v2\/comments?post=11168"}],"wp:featuredmedia":[{"embeddable":true,"href":"https:\/\/myreplicawatches.io\/es\/wp-json\/wp\/v2\/media\/7931"}],"wp:attachment":[{"href":"https:\/\/myreplicawatches.io\/es\/wp-json\/wp\/v2\/media?parent=11168"}],"wp:term":[{"taxonomy":"product_brand","embeddable":true,"href":"https:\/\/myreplicawatches.io\/es\/wp-json\/wp\/v2\/product_brand?post=11168"},{"taxonomy":"product_cat","embeddable":true,"href":"https:\/\/myreplicawatches.io\/es\/wp-json\/wp\/v2\/product_cat?post=11168"},{"taxonomy":"product_tag","embeddable":true,"href":"https:\/\/myreplicawatches.io\/es\/wp-json\/wp\/v2\/product_tag?post=11168"}],"curies":[{"name":"wp","href":"https:\/\/api.w.org\/{rel}","templated":true}]}}