{"id":11165,"date":"2023-10-03T22:06:26","date_gmt":"2023-10-03T22:06:26","guid":{"rendered":"https:\/\/myreplicawatches.io\/product\/reloj-replica-breitling-chronomat-44-cb0110\/"},"modified":"2025-11-16T12:40:22","modified_gmt":"2025-11-16T12:40:22","slug":"reloj-replica-breitling-chronomat-44-cb0110","status":"publish","type":"product","link":"https:\/\/myreplicawatches.io\/es\/product\/reloj-replica-breitling-chronomat-44-cb0110\/","title":{"rendered":"Reloj r\u00e9plica &#8211; Breitling Chronomat 44 CB0110"},"content":{"rendered":"<p>&nbsp;<\/p>\n<table cellspacing=\"0\" cellpadding=\"0\" data-mce-fragment=\"1\">\n<tbody data-mce-fragment=\"1\">\n<tr data-mce-fragment=\"1\">\n<td class=\"t\" data-mce-fragment=\"1\">Marca<\/td>\n<td class=\"c\" data-mce-fragment=\"1\">Breitling<\/td>\n<\/tr>\n<tr data-mce-fragment=\"1\">\n<td class=\"t\" data-mce-fragment=\"1\">Gama<\/td>\n<td class=\"c\" data-mce-fragment=\"1\">Chronomat 44<\/td>\n<\/tr>\n<tr data-mce-fragment=\"1\">\n<td class=\"t\" data-mce-fragment=\"1\">Modelo<\/td>\n<td class=\"c\" data-mce-fragment=\"1\">CB0110<\/td>\n<\/tr>\n<tr data-mce-fragment=\"1\">\n<td class=\"t\" data-mce-fragment=\"1\">G\u00e9nero<\/td>\n<td class=\"c\" data-mce-fragment=\"1\">Hombres<\/td>\n<\/tr>\n<tr data-mce-fragment=\"1\">\n<td class=\"t\" data-mce-fragment=\"1\">Movimiento<\/td>\n<td class=\"c\" data-mce-fragment=\"1\">Cuarzo<\/td>\n<\/tr>\n<tr data-mce-fragment=\"1\">\n<td class=\"t\" data-mce-fragment=\"1\">Tama\u00f1o del malet\u00edn<\/td>\n<td class=\"c\" data-mce-fragment=\"1\">43,5 MM<\/td>\n<\/tr>\n<tr data-mce-fragment=\"1\">\n<td class=\"t\" data-mce-fragment=\"1\">Material_Caja<\/td>\n<td class=\"c\" data-mce-fragment=\"1\">Acero y oro rosa<\/td>\n<\/tr>\n<tr data-mce-fragment=\"1\">\n<td class=\"t\" data-mce-fragment=\"1\">Material_pulsera<\/td>\n<td class=\"c\" data-mce-fragment=\"1\">Oro rosa y acero<\/td>\n<\/tr>\n<tr data-mce-fragment=\"1\">\n<td class=\"t\" data-mce-fragment=\"1\">Tipo_dial<\/td>\n<td class=\"c\" data-mce-fragment=\"1\">Bast\u00f3n negro<\/td>\n<\/tr>\n<tr data-mce-fragment=\"1\">\n<td class=\"t\" data-mce-fragment=\"1\">Resistencia_al_agua<\/td>\n<td class=\"c\" data-mce-fragment=\"1\">Resistente al agua para actividades cotidianas<\/td>\n<\/tr>\n<\/tbody>\n<\/table>\n","protected":false},"excerpt":{"rendered":"<p>&nbsp; Marca Breitling Gama Chronomat 44 Modelo CB0110 G\u00e9nero Hombres Movimiento Cuarzo Tama\u00f1o del malet\u00edn 43,5 MM Material_Caja Acero y oro rosa Material_pulsera Oro rosa y acero Tipo_dial Bast\u00f3n negro Resistencia_al_agua Resistente al agua para actividades cotidianas<\/p>\n","protected":false},"featured_media":7923,"comment_status":"open","ping_status":"closed","template":"","meta":{"_uag_custom_page_level_css":"","site-sidebar-layout":"default","site-content-layout":"","ast-site-content-layout":"default","site-content-style":"default","site-sidebar-style":"default","ast-global-header-display":"","ast-banner-title-visibility":"","ast-main-header-display":"","ast-hfb-above-header-display":"","ast-hfb-below-header-display":"","ast-hfb-mobile-header-display":"","site-post-title":"","ast-breadcrumbs-content":"","ast-featured-img":"","footer-sml-layout":"","theme-transparent-header-meta":"default","adv-header-id-meta":"","stick-header-meta":"default","header-above-stick-meta":"","header-main-stick-meta":"","header-below-stick-meta":"","astra-migrate-meta-layouts":"set","ast-page-background-enabled":"default","ast-page-background-meta":{"desktop":{"background-color":"var(--ast-global-color-4)","background-image":"","background-repeat":"repeat","background-position":"center center","background-size":"auto","background-attachment":"scroll","background-type":"","background-media":"","overlay-type":"","overlay-color":"","overlay-opacity":"","overlay-gradient":""},"tablet":{"background-color":"","background-image":"","background-repeat":"repeat","background-position":"center center","background-size":"auto","background-attachment":"scroll","background-type":"","background-media":"","overlay-type":"","overlay-color":"","overlay-opacity":"","overlay-gradient":""},"mobile":{"background-color":"","background-image":"","background-repeat":"repeat","background-position":"center center","background-size":"auto","background-attachment":"scroll","background-type":"","background-media":"","overlay-type":"","overlay-color":"","overlay-opacity":"","overlay-gradient":""}},"ast-content-background-meta":{"desktop":{"background-color":"var(--ast-global-color-5)","background-image":"","background-repeat":"repeat","background-position":"center center","background-size":"auto","background-attachment":"scroll","background-type":"","background-media":"","overlay-type":"","overlay-color":"","overlay-opacity":"","overlay-gradient":""},"tablet":{"background-color":"var(--ast-global-color-5)","background-image":"","background-repeat":"repeat","background-position":"center center","background-size":"auto","background-attachment":"scroll","background-type":"","background-media":"","overlay-type":"","overlay-color":"","overlay-opacity":"","overlay-gradient":""},"mobile":{"background-color":"var(--ast-global-color-5)","background-image":"","background-repeat":"repeat","background-position":"center center","background-size":"auto","background-attachment":"scroll","background-type":"","background-media":"","overlay-type":"","overlay-color":"","overlay-opacity":"","overlay-gradient":""}}},"product_brand":[],"product_cat":[152,168,242,154],"product_tag":[1001,494,1002,1948,648,559,565,440,474,937,1364,2363,482,1028],"class_list":{"0":"post-11165","1":"product","2":"type-product","3":"status-publish","4":"has-post-thumbnail","6":"product_cat-nueva-coleccion-2024","7":"product_cat-productos-mas-nuevos","8":"product_cat-replica-breitling","9":"product_cat-replicas-de-relojes-mas-vendidas","10":"product_tag-breitling-es","11":"product_tag-chronograph","12":"product_tag-chronomat-44-es","13":"product_tag-classic-design-es","14":"product_tag-elegant-es","15":"product_tag-exclusive","16":"product_tag-high-quality-es","17":"product_tag-luxury-watch","18":"product_tag-mens-watch","19":"product_tag-prestigious-es","20":"product_tag-replica-watch","21":"product_tag-sophisticated-es","22":"product_tag-sport-watch","23":"product_tag-stainless-steel-es","24":"desktop-align-left","25":"tablet-align-left","26":"mobile-align-left","27":"ast-product-gallery-layout-vertical-slider","29":"first","30":"instock","31":"shipping-taxable","32":"purchasable","33":"product-type-simple"},"uagb_featured_image_src":{"full":["https:\/\/myreplicawatches.io\/wp-content\/uploads\/2023\/10\/Screenshot2022-09-10at7.42.28PM.png",946,1228,false],"thumbnail":["https:\/\/myreplicawatches.io\/wp-content\/uploads\/2023\/10\/Screenshot2022-09-10at7.42.28PM-150x150.png",150,150,true],"medium":["https:\/\/myreplicawatches.io\/wp-content\/uploads\/2023\/10\/Screenshot2022-09-10at7.42.28PM-231x300.png",231,300,true],"medium_large":["https:\/\/myreplicawatches.io\/wp-content\/uploads\/2023\/10\/Screenshot2022-09-10at7.42.28PM-768x997.png",768,997,true],"large":["https:\/\/myreplicawatches.io\/wp-content\/uploads\/2023\/10\/Screenshot2022-09-10at7.42.28PM-789x1024.png",789,1024,true],"1536x1536":["https:\/\/myreplicawatches.io\/wp-content\/uploads\/2023\/10\/Screenshot2022-09-10at7.42.28PM.png",946,1228,false],"2048x2048":["https:\/\/myreplicawatches.io\/wp-content\/uploads\/2023\/10\/Screenshot2022-09-10at7.42.28PM.png",946,1228,false],"woocommerce_thumbnail":["https:\/\/myreplicawatches.io\/wp-content\/uploads\/2023\/10\/Screenshot2022-09-10at7.42.28PM-300x300.png",300,300,true],"woocommerce_single":["https:\/\/myreplicawatches.io\/wp-content\/uploads\/2023\/10\/Screenshot2022-09-10at7.42.28PM-600x779.png",600,779,true],"woocommerce_gallery_thumbnail":["https:\/\/myreplicawatches.io\/wp-content\/uploads\/2023\/10\/Screenshot2022-09-10at7.42.28PM-100x100.png",100,100,true],"variation_swatches_image_size":["https:\/\/myreplicawatches.io\/wp-content\/uploads\/2023\/10\/Screenshot2022-09-10at7.42.28PM.png",39,50,false],"variation_swatches_tooltip_size":["https:\/\/myreplicawatches.io\/wp-content\/uploads\/2023\/10\/Screenshot2022-09-10at7.42.28PM.png",77,100,false],"dgwt-wcas-product-suggestion":["https:\/\/myreplicawatches.io\/wp-content\/uploads\/2023\/10\/Screenshot2022-09-10at7.42.28PM-64x83.png",64,83,true]},"uagb_author_info":{"display_name":"admin","author_link":"https:\/\/myreplicawatches.io\/es\/author\/"},"uagb_comment_info":0,"uagb_excerpt":"&nbsp; Marca Breitling Gama Chronomat 44 Modelo CB0110 G\u00e9nero Hombres Movimiento Cuarzo Tama\u00f1o del malet\u00edn 43,5 MM Material_Caja Acero y oro rosa Material_pulsera Oro rosa y acero Tipo_dial Bast\u00f3n negro Resistencia_al_agua Resistente al agua para actividades cotidianas","jetpack_sharing_enabled":true,"_links":{"self":[{"href":"https:\/\/myreplicawatches.io\/es\/wp-json\/wp\/v2\/product\/11165","targetHints":{"allow":["GET"]}}],"collection":[{"href":"https:\/\/myreplicawatches.io\/es\/wp-json\/wp\/v2\/product"}],"about":[{"href":"https:\/\/myreplicawatches.io\/es\/wp-json\/wp\/v2\/types\/product"}],"replies":[{"embeddable":true,"href":"https:\/\/myreplicawatches.io\/es\/wp-json\/wp\/v2\/comments?post=11165"}],"wp:featuredmedia":[{"embeddable":true,"href":"https:\/\/myreplicawatches.io\/es\/wp-json\/wp\/v2\/media\/7923"}],"wp:attachment":[{"href":"https:\/\/myreplicawatches.io\/es\/wp-json\/wp\/v2\/media?parent=11165"}],"wp:term":[{"taxonomy":"product_brand","embeddable":true,"href":"https:\/\/myreplicawatches.io\/es\/wp-json\/wp\/v2\/product_brand?post=11165"},{"taxonomy":"product_cat","embeddable":true,"href":"https:\/\/myreplicawatches.io\/es\/wp-json\/wp\/v2\/product_cat?post=11165"},{"taxonomy":"product_tag","embeddable":true,"href":"https:\/\/myreplicawatches.io\/es\/wp-json\/wp\/v2\/product_tag?post=11165"}],"curies":[{"name":"wp","href":"https:\/\/api.w.org\/{rel}","templated":true}]}}