{"id":11160,"date":"2023-10-03T22:06:20","date_gmt":"2023-10-03T22:06:20","guid":{"rendered":"https:\/\/myreplicawatches.io\/product\/replica-audemars-piguet-royal-oak-offshore\/"},"modified":"2026-01-11T00:28:39","modified_gmt":"2026-01-11T00:28:39","slug":"replica-audemars-piguet-royal-oak-offshore","status":"publish","type":"product","link":"https:\/\/myreplicawatches.io\/es\/product\/replica-audemars-piguet-royal-oak-offshore\/","title":{"rendered":"R\u00e9plica Audemars Piguet Royal Oak Offshore"},"content":{"rendered":"<h3>R\u00e9plica Audemars Piguet Royal Oak Offshore &#8211; Versi\u00f3n AAA+ de la mejor calidad<\/h3>\n<table cellspacing=\"0\" cellpadding=\"0\">\n<tbody>\n<tr>\n<td class=\"t\">Marca<\/td>\n<td class=\"c\">R\u00e9plica Audemars Piguet<\/td>\n<\/tr>\n<tr>\n<td class=\"t\">Gama<\/td>\n<td class=\"c\">Royal Oak Offshore<\/td>\n<\/tr>\n<tr>\n<td class=\"t\">Modelo<\/td>\n<td class=\"c\">25940OK.OO.D002CA.01.A<\/td>\n<\/tr>\n<tr>\n<td class=\"t\">G\u00e9nero<\/td>\n<td class=\"c\">Hombres<\/td>\n<\/tr>\n<tr>\n<td class=\"t\">Movimiento<\/td>\n<td class=\"c\">Autom\u00e1tico<\/td>\n<\/tr>\n<tr>\n<td class=\"t\">Tama\u00f1o del malet\u00edn<\/td>\n<td class=\"c\">44 MM<\/td>\n<\/tr>\n<tr>\n<td class=\"t\">Material de la funda<\/td>\n<td class=\"c\">Oro rosa<\/td>\n<\/tr>\n<tr>\n<td class=\"t\">Material_pulsera<\/td>\n<td class=\"c\">Caucho &#8211; Negro<\/td>\n<\/tr>\n<tr>\n<td class=\"t\">Tipo_de_esfera<\/td>\n<td class=\"c\">Gris \u00e1rabe<\/td>\n<\/tr>\n<tr>\n<td class=\"t\">Resistencia_al_agua<\/td>\n<td class=\"c\">Resistente al agua para actividades cotidianas<\/td>\n<\/tr>\n<\/tbody>\n<\/table>\n<p>&nbsp;<\/p>\n<h3>Ventajas de poseer la R\u00e9plica Audemars Piguet Royal Oak Offshore :<\/h3>\n<ul>\n<li>Una r\u00e9plica puede comprarse a un precio mucho m\u00e1s barato que uno aut\u00e9ntico, sin embargo, un reloj r\u00e9plica parecer\u00e1 y se sentir\u00e1 igual que el original.<\/li>\n<li>Lo \u00faltimo que alguien quiere es gastarse una fortuna para conseguir un reloj de lujo que tiene peque\u00f1as diferencias con nuestras r\u00e9plicas de relojes.<\/li>\n<li>Muchos entusiastas de los relojes no quieren gastarse miles de d\u00f3lares en relojes y quieren tener esa gran sensaci\u00f3n de poseer un gran reloj de una marca de lujo. Aqu\u00ed es cuando entran en juego los relojes myreplicawatches.io y proporcionan esa sensaci\u00f3n a sus clientes.<\/li>\n<li>\u00bf Tienes ya un aut\u00e9ntico reloj de alta gama que no quieres llevar por motivos de seguridad o por razones de devaluaci\u00f3n en algunas ocasiones ? Lleva tu R\u00e9plica de reloj Audemars Piguet Royal Oak Offshore de alta calidad y si\u00e9ntete m\u00e1s seguro, ten la misma confianza, protege tus objetos de valor<\/li>\n<\/ul>\n","protected":false},"excerpt":{"rendered":"<p>R\u00e9plica Audemars Piguet Royal Oak Offshore &#8211; Versi\u00f3n AAA+ de la mejor calidad Marca R\u00e9plica Audemars Piguet Gama Royal Oak Offshore Modelo 25940OK.OO.D002CA.01.A G\u00e9nero Hombres Movimiento Autom\u00e1tico Tama\u00f1o del malet\u00edn 44 MM Material de la funda Oro rosa Material_pulsera Caucho &#8211; Negro Tipo_de_esfera Gris \u00e1rabe Resistencia_al_agua Resistente al agua para actividades cotidianas &nbsp; Ventajas de<\/p>\n","protected":false},"featured_media":8617,"comment_status":"open","ping_status":"closed","template":"","meta":{"_uag_custom_page_level_css":"","site-sidebar-layout":"default","site-content-layout":"","ast-site-content-layout":"default","site-content-style":"default","site-sidebar-style":"default","ast-global-header-display":"","ast-banner-title-visibility":"","ast-main-header-display":"","ast-hfb-above-header-display":"","ast-hfb-below-header-display":"","ast-hfb-mobile-header-display":"","site-post-title":"","ast-breadcrumbs-content":"","ast-featured-img":"","footer-sml-layout":"","theme-transparent-header-meta":"default","adv-header-id-meta":"","stick-header-meta":"default","header-above-stick-meta":"","header-main-stick-meta":"","header-below-stick-meta":"","astra-migrate-meta-layouts":"set","ast-page-background-enabled":"default","ast-page-background-meta":{"desktop":{"background-color":"var(--ast-global-color-4)","background-image":"","background-repeat":"repeat","background-position":"center center","background-size":"auto","background-attachment":"scroll","background-type":"","background-media":"","overlay-type":"","overlay-color":"","overlay-opacity":"","overlay-gradient":""},"tablet":{"background-color":"","background-image":"","background-repeat":"repeat","background-position":"center center","background-size":"auto","background-attachment":"scroll","background-type":"","background-media":"","overlay-type":"","overlay-color":"","overlay-opacity":"","overlay-gradient":""},"mobile":{"background-color":"","background-image":"","background-repeat":"repeat","background-position":"center center","background-size":"auto","background-attachment":"scroll","background-type":"","background-media":"","overlay-type":"","overlay-color":"","overlay-opacity":"","overlay-gradient":""}},"ast-content-background-meta":{"desktop":{"background-color":"var(--ast-global-color-5)","background-image":"","background-repeat":"repeat","background-position":"center center","background-size":"auto","background-attachment":"scroll","background-type":"","background-media":"","overlay-type":"","overlay-color":"","overlay-opacity":"","overlay-gradient":""},"tablet":{"background-color":"var(--ast-global-color-5)","background-image":"","background-repeat":"repeat","background-position":"center center","background-size":"auto","background-attachment":"scroll","background-type":"","background-media":"","overlay-type":"","overlay-color":"","overlay-opacity":"","overlay-gradient":""},"mobile":{"background-color":"var(--ast-global-color-5)","background-image":"","background-repeat":"repeat","background-position":"center center","background-size":"auto","background-attachment":"scroll","background-type":"","background-media":"","overlay-type":"","overlay-color":"","overlay-opacity":"","overlay-gradient":""}}},"product_brand":[],"product_cat":[168,149,154],"product_tag":[599,1948,559,4269,565,440,474,598,937,465,602,2363,482,1028],"class_list":{"0":"post-11160","1":"product","2":"type-product","3":"status-publish","4":"has-post-thumbnail","6":"product_cat-productos-mas-nuevos","7":"product_cat-relojes-replica-audemars-piguet","8":"product_cat-replicas-de-relojes-mas-vendidas","9":"product_tag-audemars-piguet","10":"product_tag-classic-design-es","11":"product_tag-exclusive","12":"product_tag-functional","13":"product_tag-high-quality-es","14":"product_tag-luxury-watch","15":"product_tag-mens-watch","16":"product_tag-offshore","17":"product_tag-prestigious-es","18":"product_tag-replica","19":"product_tag-royal-oak-es","20":"product_tag-sophisticated-es","21":"product_tag-sport-watch","22":"product_tag-stainless-steel-es","23":"desktop-align-left","24":"tablet-align-left","25":"mobile-align-left","26":"ast-product-gallery-layout-vertical-slider","28":"first","29":"instock","30":"sale","31":"shipping-taxable","32":"purchasable","33":"product-type-simple"},"uagb_featured_image_src":{"full":["https:\/\/myreplicawatches.io\/wp-content\/uploads\/2023\/10\/Replica-rolex-Sky-dweller-rose-gold-38-1.jpg",1080,1080,false],"thumbnail":["https:\/\/myreplicawatches.io\/wp-content\/uploads\/2023\/10\/Replica-rolex-Sky-dweller-rose-gold-38-1-150x150.jpg",150,150,true],"medium":["https:\/\/myreplicawatches.io\/wp-content\/uploads\/2023\/10\/Replica-rolex-Sky-dweller-rose-gold-38-1-300x300.jpg",300,300,true],"medium_large":["https:\/\/myreplicawatches.io\/wp-content\/uploads\/2023\/10\/Replica-rolex-Sky-dweller-rose-gold-38-1-768x768.jpg",768,768,true],"large":["https:\/\/myreplicawatches.io\/wp-content\/uploads\/2023\/10\/Replica-rolex-Sky-dweller-rose-gold-38-1-1024x1024.jpg",1024,1024,true],"1536x1536":["https:\/\/myreplicawatches.io\/wp-content\/uploads\/2023\/10\/Replica-rolex-Sky-dweller-rose-gold-38-1.jpg",1080,1080,false],"2048x2048":["https:\/\/myreplicawatches.io\/wp-content\/uploads\/2023\/10\/Replica-rolex-Sky-dweller-rose-gold-38-1.jpg",1080,1080,false],"woocommerce_thumbnail":["https:\/\/myreplicawatches.io\/wp-content\/uploads\/2023\/10\/Replica-rolex-Sky-dweller-rose-gold-38-1-300x300.jpg",300,300,true],"woocommerce_single":["https:\/\/myreplicawatches.io\/wp-content\/uploads\/2023\/10\/Replica-rolex-Sky-dweller-rose-gold-38-1-600x600.jpg",600,600,true],"woocommerce_gallery_thumbnail":["https:\/\/myreplicawatches.io\/wp-content\/uploads\/2023\/10\/Replica-rolex-Sky-dweller-rose-gold-38-1-100x100.jpg",100,100,true],"variation_swatches_image_size":["https:\/\/myreplicawatches.io\/wp-content\/uploads\/2023\/10\/Replica-rolex-Sky-dweller-rose-gold-38-1-50x50.jpg",50,50,true],"variation_swatches_tooltip_size":["https:\/\/myreplicawatches.io\/wp-content\/uploads\/2023\/10\/Replica-rolex-Sky-dweller-rose-gold-38-1-100x100.jpg",100,100,true],"dgwt-wcas-product-suggestion":["https:\/\/myreplicawatches.io\/wp-content\/uploads\/2023\/10\/Replica-rolex-Sky-dweller-rose-gold-38-1-64x64.jpg",64,64,true]},"uagb_author_info":{"display_name":"admin","author_link":"https:\/\/myreplicawatches.io\/es\/author\/"},"uagb_comment_info":0,"uagb_excerpt":"R\u00e9plica Audemars Piguet Royal Oak Offshore &#8211; Versi\u00f3n AAA+ de la mejor calidad Marca R\u00e9plica Audemars Piguet Gama Royal Oak Offshore Modelo 25940OK.OO.D002CA.01.A G\u00e9nero Hombres Movimiento Autom\u00e1tico Tama\u00f1o del malet\u00edn 44 MM Material de la funda Oro rosa Material_pulsera Caucho &#8211; Negro Tipo_de_esfera Gris \u00e1rabe Resistencia_al_agua Resistente al agua para actividades cotidianas &nbsp; Ventajas de","jetpack_sharing_enabled":true,"_links":{"self":[{"href":"https:\/\/myreplicawatches.io\/es\/wp-json\/wp\/v2\/product\/11160","targetHints":{"allow":["GET"]}}],"collection":[{"href":"https:\/\/myreplicawatches.io\/es\/wp-json\/wp\/v2\/product"}],"about":[{"href":"https:\/\/myreplicawatches.io\/es\/wp-json\/wp\/v2\/types\/product"}],"replies":[{"embeddable":true,"href":"https:\/\/myreplicawatches.io\/es\/wp-json\/wp\/v2\/comments?post=11160"}],"wp:featuredmedia":[{"embeddable":true,"href":"https:\/\/myreplicawatches.io\/es\/wp-json\/wp\/v2\/media\/8617"}],"wp:attachment":[{"href":"https:\/\/myreplicawatches.io\/es\/wp-json\/wp\/v2\/media?parent=11160"}],"wp:term":[{"taxonomy":"product_brand","embeddable":true,"href":"https:\/\/myreplicawatches.io\/es\/wp-json\/wp\/v2\/product_brand?post=11160"},{"taxonomy":"product_cat","embeddable":true,"href":"https:\/\/myreplicawatches.io\/es\/wp-json\/wp\/v2\/product_cat?post=11160"},{"taxonomy":"product_tag","embeddable":true,"href":"https:\/\/myreplicawatches.io\/es\/wp-json\/wp\/v2\/product_tag?post=11160"}],"curies":[{"name":"wp","href":"https:\/\/api.w.org\/{rel}","templated":true}]}}