{"id":11155,"date":"2023-10-03T22:05:50","date_gmt":"2023-10-03T22:05:50","guid":{"rendered":"https:\/\/myreplicawatches.io\/product\/super-clon-replica-tag-heuer-carrera\/"},"modified":"2025-07-27T11:58:07","modified_gmt":"2025-07-27T11:58:07","slug":"super-clon-replica-tag-heuer-carrera","status":"publish","type":"product","link":"https:\/\/myreplicawatches.io\/es\/product\/super-clon-replica-tag-heuer-carrera\/","title":{"rendered":"Super Clon R\u00e9plica Tag Heuer Carrera"},"content":{"rendered":"<h2 style=\"text-align: center;\">Super Clon R\u00e9plica Tag Heuer Carrera Super Clon R\u00e9plica &#8211; Mejor Clon Suizo R\u00e9plica<\/h2>\n<p>&nbsp;<\/p>\n<p><ins>RELOJES SWISS MADE Clon 1:1<\/ins><\/p>\n<ul>\n<li>Se ve y se siente exactamente igual. \u2714<\/li>\n<li>No se puede diferenciar entre el verdadero \u2714<\/li>\n<li>Resistente al agua 300 m \u2714<\/li>\n<li>Cristal de zafiro antirrayado con revestimiento AR \u2714<\/li>\n<li>Relojes de acero 904L y oro aut\u00e9ntico. \u2714<\/li>\n<li>Mismo peso que el original. \u2714<\/li>\n<li>Mismo Mecanismo que el Real \u2714 ( MISMO Movimiento SUIZO, Exactamente igual que el real )<\/li>\n<li>Movimiento Autom\u00e1tico \u2714 ( El segundero no hace tictac, se mueve suavemente como el original )<\/li>\n<\/ul>\n<p>Informaci\u00f3n adicional del Super Clon R\u00e9plica Tag Heuer Carrera Super Clon R\u00e9plica Gama del producto &#8211; R\u00e9plica Tag Heuer Carrera modelo &#8211; WV211B.BA0787 Material de la pulsera &#8211; Igual que el original <span style=\"font-size: 16px;\">Marca &#8211; ReplicaTag<\/span>Heuer Material de la caja &#8211; Igual que el original Tama\u00f1o de la caja &#8211; 39 MM Tipo de esfera &#8211; Negra Sexo &#8211; Masculino Movimiento &#8211; Suizo Clon Autom\u00e1tico Resistente al agua &#8211; S\u00ed Material de la pulsera &#8211; Acero<\/p>\n<div class=\"product-info__text\">\n<div class=\"prose\">\n<h5>Ventajas de poseer el Super Clon R\u00e9plica Tag Heuer Carrera Super Clon R\u00e9plica<\/h5>\n<ul>\n<li>Una r\u00e9plica puede comprarse a un precio mucho m\u00e1s barato que uno aut\u00e9ntico, sin embargo, un reloj r\u00e9plica parecer\u00e1 y se sentir\u00e1 igual que el original.<\/li>\n<li>Lo \u00faltimo que alguien quiere es gastarse una fortuna para conseguir un reloj de lujo que tiene peque\u00f1as diferencias con nuestras r\u00e9plicas de relojes.<\/li>\n<li>Muchos entusiastas de los relojes no quieren gastarse miles de d\u00f3lares en relojes y quieren tener esa gran sensaci\u00f3n de poseer un gran reloj de una marca de lujo. Es entonces cuando myreplicawatches entra en escena y proporciona esa sensaci\u00f3n a sus clientes.<\/li>\n<li>\u00bf Tienes ya un aut\u00e9ntico reloj de alta gama que no quieres llevar por motivos de seguridad o por razones de devaluaci\u00f3n en algunas ocasiones ? Lleva tu reloj Tag Heuer Carrera Super Clone Replica de alta calidad y si\u00e9ntete m\u00e1s seguro, ten la misma confianza, protege tus objetos de valor<\/li>\n<\/ul>\n<\/div>\n<\/div>\n<div class=\"product-info__description\">\n<div class=\"prose\"><\/div>\n<\/div>\n","protected":false},"excerpt":{"rendered":"<p>Super Clon R\u00e9plica Tag Heuer Carrera Super Clon R\u00e9plica &#8211; Mejor Clon Suizo R\u00e9plica &nbsp; RELOJES SWISS MADE Clon 1:1 Se ve y se siente exactamente igual. \u2714 No se puede diferenciar entre el verdadero \u2714 Resistente al agua 300 m \u2714 Cristal de zafiro antirrayado con revestimiento AR \u2714 Relojes de acero 904L y<\/p>\n","protected":false},"featured_media":7892,"comment_status":"open","ping_status":"closed","template":"","meta":{"_uag_custom_page_level_css":"","site-sidebar-layout":"default","site-content-layout":"","ast-site-content-layout":"default","site-content-style":"default","site-sidebar-style":"default","ast-global-header-display":"","ast-banner-title-visibility":"","ast-main-header-display":"","ast-hfb-above-header-display":"","ast-hfb-below-header-display":"","ast-hfb-mobile-header-display":"","site-post-title":"","ast-breadcrumbs-content":"","ast-featured-img":"","footer-sml-layout":"","theme-transparent-header-meta":"default","adv-header-id-meta":"","stick-header-meta":"default","header-above-stick-meta":"","header-main-stick-meta":"","header-below-stick-meta":"","astra-migrate-meta-layouts":"set","ast-page-background-enabled":"default","ast-page-background-meta":{"desktop":{"background-color":"var(--ast-global-color-4)","background-image":"","background-repeat":"repeat","background-position":"center center","background-size":"auto","background-attachment":"scroll","background-type":"","background-media":"","overlay-type":"","overlay-color":"","overlay-opacity":"","overlay-gradient":""},"tablet":{"background-color":"","background-image":"","background-repeat":"repeat","background-position":"center center","background-size":"auto","background-attachment":"scroll","background-type":"","background-media":"","overlay-type":"","overlay-color":"","overlay-opacity":"","overlay-gradient":""},"mobile":{"background-color":"","background-image":"","background-repeat":"repeat","background-position":"center center","background-size":"auto","background-attachment":"scroll","background-type":"","background-media":"","overlay-type":"","overlay-color":"","overlay-opacity":"","overlay-gradient":""}},"ast-content-background-meta":{"desktop":{"background-color":"var(--ast-global-color-5)","background-image":"","background-repeat":"repeat","background-position":"center center","background-size":"auto","background-attachment":"scroll","background-type":"","background-media":"","overlay-type":"","overlay-color":"","overlay-opacity":"","overlay-gradient":""},"tablet":{"background-color":"var(--ast-global-color-5)","background-image":"","background-repeat":"repeat","background-position":"center center","background-size":"auto","background-attachment":"scroll","background-type":"","background-media":"","overlay-type":"","overlay-color":"","overlay-opacity":"","overlay-gradient":""},"mobile":{"background-color":"var(--ast-global-color-5)","background-image":"","background-repeat":"repeat","background-position":"center center","background-size":"auto","background-attachment":"scroll","background-type":"","background-media":"","overlay-type":"","overlay-color":"","overlay-opacity":"","overlay-gradient":""}}},"product_brand":[],"product_cat":[168,239,154,158],"product_tag":[4500,494,1948,559,565,440,474,937,465,2363,482,1028,464,243,235],"class_list":{"0":"post-11155","1":"product","2":"type-product","3":"status-publish","4":"has-post-thumbnail","6":"product_cat-productos-mas-nuevos","7":"product_cat-replica-tag-heuer","8":"product_cat-replicas-de-relojes-mas-vendidas","9":"product_cat-superclones","10":"product_tag-carrera-es","11":"product_tag-chronograph","12":"product_tag-classic-design-es","13":"product_tag-exclusive","14":"product_tag-high-quality-es","15":"product_tag-luxury-watch","16":"product_tag-mens-watch","17":"product_tag-prestigious-es","18":"product_tag-replica","19":"product_tag-sophisticated-es","20":"product_tag-sport-watch","21":"product_tag-stainless-steel-es","22":"product_tag-super-clone","23":"product_tag-tag-heuer-es","24":"product_tag-tag-heuer-suizo","25":"desktop-align-left","26":"tablet-align-left","27":"mobile-align-left","28":"ast-product-gallery-layout-vertical-slider","29":"ast-product-gallery-with-no-image","31":"first","32":"instock","33":"shipping-taxable","34":"purchasable","35":"product-type-simple"},"uagb_featured_image_src":{"full":["https:\/\/myreplicawatches.io\/wp-content\/uploads\/2023\/10\/TagCarr_WV211B.BA0787_front-600x600-1.jpg",600,600,false],"thumbnail":["https:\/\/myreplicawatches.io\/wp-content\/uploads\/2023\/10\/TagCarr_WV211B.BA0787_front-600x600-1-150x150.jpg",150,150,true],"medium":["https:\/\/myreplicawatches.io\/wp-content\/uploads\/2023\/10\/TagCarr_WV211B.BA0787_front-600x600-1-300x300.jpg",300,300,true],"medium_large":["https:\/\/myreplicawatches.io\/wp-content\/uploads\/2023\/10\/TagCarr_WV211B.BA0787_front-600x600-1.jpg",600,600,false],"large":["https:\/\/myreplicawatches.io\/wp-content\/uploads\/2023\/10\/TagCarr_WV211B.BA0787_front-600x600-1.jpg",600,600,false],"1536x1536":["https:\/\/myreplicawatches.io\/wp-content\/uploads\/2023\/10\/TagCarr_WV211B.BA0787_front-600x600-1.jpg",600,600,false],"2048x2048":["https:\/\/myreplicawatches.io\/wp-content\/uploads\/2023\/10\/TagCarr_WV211B.BA0787_front-600x600-1.jpg",600,600,false],"woocommerce_thumbnail":["https:\/\/myreplicawatches.io\/wp-content\/uploads\/2023\/10\/TagCarr_WV211B.BA0787_front-600x600-1-300x300.jpg",300,300,true],"woocommerce_single":["https:\/\/myreplicawatches.io\/wp-content\/uploads\/2023\/10\/TagCarr_WV211B.BA0787_front-600x600-1.jpg",600,600,false],"woocommerce_gallery_thumbnail":["https:\/\/myreplicawatches.io\/wp-content\/uploads\/2023\/10\/TagCarr_WV211B.BA0787_front-600x600-1-100x100.jpg",100,100,true],"variation_swatches_image_size":["https:\/\/myreplicawatches.io\/wp-content\/uploads\/2023\/10\/TagCarr_WV211B.BA0787_front-600x600-1.jpg",50,50,false],"variation_swatches_tooltip_size":["https:\/\/myreplicawatches.io\/wp-content\/uploads\/2023\/10\/TagCarr_WV211B.BA0787_front-600x600-1.jpg",100,100,false],"dgwt-wcas-product-suggestion":["https:\/\/myreplicawatches.io\/wp-content\/uploads\/2023\/10\/TagCarr_WV211B.BA0787_front-600x600-1-64x64.jpg",64,64,true]},"uagb_author_info":{"display_name":"admin","author_link":"https:\/\/myreplicawatches.io\/es\/author\/"},"uagb_comment_info":0,"uagb_excerpt":"Super Clon R\u00e9plica Tag Heuer Carrera Super Clon R\u00e9plica &#8211; Mejor Clon Suizo R\u00e9plica &nbsp; RELOJES SWISS MADE Clon 1:1 Se ve y se siente exactamente igual. \u2714 No se puede diferenciar entre el verdadero \u2714 Resistente al agua 300 m \u2714 Cristal de zafiro antirrayado con revestimiento AR \u2714 Relojes de acero 904L y","jetpack_sharing_enabled":true,"_links":{"self":[{"href":"https:\/\/myreplicawatches.io\/es\/wp-json\/wp\/v2\/product\/11155","targetHints":{"allow":["GET"]}}],"collection":[{"href":"https:\/\/myreplicawatches.io\/es\/wp-json\/wp\/v2\/product"}],"about":[{"href":"https:\/\/myreplicawatches.io\/es\/wp-json\/wp\/v2\/types\/product"}],"replies":[{"embeddable":true,"href":"https:\/\/myreplicawatches.io\/es\/wp-json\/wp\/v2\/comments?post=11155"}],"wp:featuredmedia":[{"embeddable":true,"href":"https:\/\/myreplicawatches.io\/es\/wp-json\/wp\/v2\/media\/7892"}],"wp:attachment":[{"href":"https:\/\/myreplicawatches.io\/es\/wp-json\/wp\/v2\/media?parent=11155"}],"wp:term":[{"taxonomy":"product_brand","embeddable":true,"href":"https:\/\/myreplicawatches.io\/es\/wp-json\/wp\/v2\/product_brand?post=11155"},{"taxonomy":"product_cat","embeddable":true,"href":"https:\/\/myreplicawatches.io\/es\/wp-json\/wp\/v2\/product_cat?post=11155"},{"taxonomy":"product_tag","embeddable":true,"href":"https:\/\/myreplicawatches.io\/es\/wp-json\/wp\/v2\/product_tag?post=11155"}],"curies":[{"name":"wp","href":"https:\/\/api.w.org\/{rel}","templated":true}]}}