{"id":11143,"date":"2023-10-03T22:05:31","date_gmt":"2023-10-03T22:05:31","guid":{"rendered":"https:\/\/myreplicawatches.io\/product\/cartier-santos-esfera-azul-replica-clon-suizo-automatico-wssa0009-top\/"},"modified":"2025-11-16T12:36:30","modified_gmt":"2025-11-16T12:36:30","slug":"cartier-santos-esfera-azul-replica-clon-suizo-automatico-wssa0009-top","status":"publish","type":"product","link":"https:\/\/myreplicawatches.io\/es\/product\/cartier-santos-esfera-azul-replica-clon-suizo-automatico-wssa0009-top\/","title":{"rendered":"Cartier Santos Esfera Azul R\u00e9plica Clon Suizo Autom\u00e1tico WSSA0009 TOP"},"content":{"rendered":"<h3>Cartier Santos Esfera Azul R\u00e9plica Clon Suizo &#8211; El mejor clon fabricado en Suiza<\/h3>\n<h3>Ventajas de poseer una r\u00e9plica clon suiza de Cartier Santos con esfera azul:<\/h3>\n<ul>\n<li>Una r\u00e9plica puede comprarse a un precio mucho m\u00e1s barato que uno aut\u00e9ntico, sin embargo, un reloj r\u00e9plica parecer\u00e1 y se sentir\u00e1 igual que el original.<\/li>\n<li>Lo \u00faltimo que alguien quiere es gastarse una fortuna para conseguir un reloj de lujo que tiene peque\u00f1as diferencias con nuestras r\u00e9plicas de relojes.<\/li>\n<li>Muchos entusiastas de los relojes no quieren gastarse miles de d\u00f3lares en relojes y quieren tener esa gran sensaci\u00f3n de poseer un gran reloj de una marca de lujo. Aqu\u00ed es cuando entran en juego los relojes myreplicawatches.io y proporcionan esa sensaci\u00f3n a sus clientes.<\/li>\n<li>\u00bf Tienes ya un aut\u00e9ntico reloj de alta gama que no quieres llevar por motivos de seguridad o por razones de devaluaci\u00f3n en algunas ocasiones ? Lleva tu Reloj Suizo Replica de Alta Calidad Cartier Santos Esfera Azul y si\u00e9ntete m\u00e1s seguro, ten la misma confianza, protege tus objetos de valor<\/li>\n<\/ul>\n<p>Tama\u00f1o: 40mm x 47.5mm x 9mm Movimiento:<span class=\"Apple-tab-span\"> M9015<\/span>Movimiento Autom\u00e1tico 28800bph Funciones: Horas, minutos, segundos y fecha Caja:<span class=\"Apple-tab-span\"> Acero<\/span> inoxidable 316L Cristal: Cristal de zafiro a prueba de ara\u00f1azos con revestimiento AR Esfera: Esfera<span class=\"Apple-tab-span\"> azul<\/span>con n\u00fameros romanos plateados Bisel:<span class=\"Apple-tab-span\"> Acero inoxidable 316L<\/span> Correa: Acero inoxidable 316L Cierre de pulsera: Cierre desplegable Resistencia al agua:<span class=\"Apple-tab-span\"> 50<\/span>metros<\/p>\n","protected":false},"excerpt":{"rendered":"<p>Cartier Santos Esfera Azul R\u00e9plica Clon Suizo &#8211; El mejor clon fabricado en Suiza Ventajas de poseer una r\u00e9plica clon suiza de Cartier Santos con esfera azul: Una r\u00e9plica puede comprarse a un precio mucho m\u00e1s barato que uno aut\u00e9ntico, sin embargo, un reloj r\u00e9plica parecer\u00e1 y se sentir\u00e1 igual que el original. Lo \u00faltimo<\/p>\n","protected":false},"featured_media":7867,"comment_status":"open","ping_status":"closed","template":"","meta":{"_uag_custom_page_level_css":"","site-sidebar-layout":"default","site-content-layout":"","ast-site-content-layout":"default","site-content-style":"default","site-sidebar-style":"default","ast-global-header-display":"","ast-banner-title-visibility":"","ast-main-header-display":"","ast-hfb-above-header-display":"","ast-hfb-below-header-display":"","ast-hfb-mobile-header-display":"","site-post-title":"","ast-breadcrumbs-content":"","ast-featured-img":"","footer-sml-layout":"","theme-transparent-header-meta":"default","adv-header-id-meta":"","stick-header-meta":"default","header-above-stick-meta":"","header-main-stick-meta":"","header-below-stick-meta":"","astra-migrate-meta-layouts":"set","ast-page-background-enabled":"default","ast-page-background-meta":{"desktop":{"background-color":"var(--ast-global-color-4)","background-image":"","background-repeat":"repeat","background-position":"center center","background-size":"auto","background-attachment":"scroll","background-type":"","background-media":"","overlay-type":"","overlay-color":"","overlay-opacity":"","overlay-gradient":""},"tablet":{"background-color":"","background-image":"","background-repeat":"repeat","background-position":"center center","background-size":"auto","background-attachment":"scroll","background-type":"","background-media":"","overlay-type":"","overlay-color":"","overlay-opacity":"","overlay-gradient":""},"mobile":{"background-color":"","background-image":"","background-repeat":"repeat","background-position":"center center","background-size":"auto","background-attachment":"scroll","background-type":"","background-media":"","overlay-type":"","overlay-color":"","overlay-opacity":"","overlay-gradient":""}},"ast-content-background-meta":{"desktop":{"background-color":"var(--ast-global-color-5)","background-image":"","background-repeat":"repeat","background-position":"center center","background-size":"auto","background-attachment":"scroll","background-type":"","background-media":"","overlay-type":"","overlay-color":"","overlay-opacity":"","overlay-gradient":""},"tablet":{"background-color":"var(--ast-global-color-5)","background-image":"","background-repeat":"repeat","background-position":"center center","background-size":"auto","background-attachment":"scroll","background-type":"","background-media":"","overlay-type":"","overlay-color":"","overlay-opacity":"","overlay-gradient":""},"mobile":{"background-color":"var(--ast-global-color-5)","background-image":"","background-repeat":"repeat","background-position":"center center","background-size":"auto","background-attachment":"scroll","background-type":"","background-media":"","overlay-type":"","overlay-color":"","overlay-opacity":"","overlay-gradient":""}}},"product_brand":[],"product_cat":[168,230,154,231,158],"product_tag":[1873,871,738,232,447,942,2401,444,446,2039,450,470,2725,440,474,3467,2734,452,1937,552,4586],"class_list":{"0":"post-11143","1":"product","2":"type-product","3":"status-publish","4":"has-post-thumbnail","6":"product_cat-productos-mas-nuevos","7":"product_cat-replica-de-relojes-cartier","8":"product_cat-replicas-de-relojes-mas-vendidas","9":"product_cat-super-clon-relojes-cartier","10":"product_cat-superclones","11":"product_tag-automatic-movement","12":"product_tag-blue-dial-es","13":"product_tag-cartier","14":"product_tag-cartier-suizo","15":"product_tag-classic-watch","16":"product_tag-clone","17":"product_tag-collectors-watch","18":"product_tag-designer-watch","19":"product_tag-elegant-watch","20":"product_tag-exclusive-watch","21":"product_tag-fine-watchmaking","22":"product_tag-high-end-replica","23":"product_tag-imitation-watch","24":"product_tag-luxury-watch","25":"product_tag-mens-watch","26":"product_tag-premium-replica-es","27":"product_tag-santos-es","28":"product_tag-swiss-replica","29":"product_tag-swiss-watch-es","30":"product_tag-top-replica","31":"product_tag-wssa0009-es","32":"desktop-align-left","33":"tablet-align-left","34":"mobile-align-left","35":"ast-product-gallery-layout-vertical-slider","37":"first","38":"instock","39":"sale","40":"shipping-taxable","41":"purchasable","42":"product-type-simple"},"uagb_featured_image_src":{"full":["https:\/\/myreplicawatches.io\/wp-content\/uploads\/2023\/10\/image-2.jpg",1000,1000,false],"thumbnail":["https:\/\/myreplicawatches.io\/wp-content\/uploads\/2023\/10\/image-150x150.png",150,150,true],"medium":["https:\/\/myreplicawatches.io\/wp-content\/uploads\/2023\/10\/image-300x300.png",300,300,true],"medium_large":["https:\/\/myreplicawatches.io\/wp-content\/uploads\/2023\/10\/image-768x768.png",768,768,true],"large":["https:\/\/myreplicawatches.io\/wp-content\/uploads\/2023\/10\/image-2.jpg",1000,1000,false],"1536x1536":["https:\/\/myreplicawatches.io\/wp-content\/uploads\/2023\/10\/image-2.jpg",1000,1000,false],"2048x2048":["https:\/\/myreplicawatches.io\/wp-content\/uploads\/2023\/10\/image-2.jpg",1000,1000,false],"woocommerce_thumbnail":["https:\/\/myreplicawatches.io\/wp-content\/uploads\/2023\/10\/image-2-300x300.jpg",300,300,true],"woocommerce_single":["https:\/\/myreplicawatches.io\/wp-content\/uploads\/2023\/10\/image-2-600x600.jpg",600,600,true],"woocommerce_gallery_thumbnail":["https:\/\/myreplicawatches.io\/wp-content\/uploads\/2023\/10\/image-2-100x100.jpg",100,100,true],"variation_swatches_image_size":["https:\/\/myreplicawatches.io\/wp-content\/uploads\/2023\/10\/image-2.jpg",50,50,false],"variation_swatches_tooltip_size":["https:\/\/myreplicawatches.io\/wp-content\/uploads\/2023\/10\/image-2.jpg",100,100,false],"dgwt-wcas-product-suggestion":["https:\/\/myreplicawatches.io\/wp-content\/uploads\/2023\/10\/image-2-64x64.jpg",64,64,true]},"uagb_author_info":{"display_name":"admin","author_link":"https:\/\/myreplicawatches.io\/es\/author\/"},"uagb_comment_info":0,"uagb_excerpt":"Cartier Santos Esfera Azul R\u00e9plica Clon Suizo &#8211; El mejor clon fabricado en Suiza Ventajas de poseer una r\u00e9plica clon suiza de Cartier Santos con esfera azul: Una r\u00e9plica puede comprarse a un precio mucho m\u00e1s barato que uno aut\u00e9ntico, sin embargo, un reloj r\u00e9plica parecer\u00e1 y se sentir\u00e1 igual que el original. Lo \u00faltimo","jetpack_sharing_enabled":true,"_links":{"self":[{"href":"https:\/\/myreplicawatches.io\/es\/wp-json\/wp\/v2\/product\/11143","targetHints":{"allow":["GET"]}}],"collection":[{"href":"https:\/\/myreplicawatches.io\/es\/wp-json\/wp\/v2\/product"}],"about":[{"href":"https:\/\/myreplicawatches.io\/es\/wp-json\/wp\/v2\/types\/product"}],"replies":[{"embeddable":true,"href":"https:\/\/myreplicawatches.io\/es\/wp-json\/wp\/v2\/comments?post=11143"}],"wp:featuredmedia":[{"embeddable":true,"href":"https:\/\/myreplicawatches.io\/es\/wp-json\/wp\/v2\/media\/7867"}],"wp:attachment":[{"href":"https:\/\/myreplicawatches.io\/es\/wp-json\/wp\/v2\/media?parent=11143"}],"wp:term":[{"taxonomy":"product_brand","embeddable":true,"href":"https:\/\/myreplicawatches.io\/es\/wp-json\/wp\/v2\/product_brand?post=11143"},{"taxonomy":"product_cat","embeddable":true,"href":"https:\/\/myreplicawatches.io\/es\/wp-json\/wp\/v2\/product_cat?post=11143"},{"taxonomy":"product_tag","embeddable":true,"href":"https:\/\/myreplicawatches.io\/es\/wp-json\/wp\/v2\/product_tag?post=11143"}],"curies":[{"name":"wp","href":"https:\/\/api.w.org\/{rel}","templated":true}]}}