{"id":11138,"date":"2023-10-03T22:05:14","date_gmt":"2023-10-03T22:05:14","guid":{"rendered":"https:\/\/myreplicawatches.io\/product\/replica-ap-royal-oak-oro-rosa-negro-cronografo\/"},"modified":"2025-11-16T12:41:49","modified_gmt":"2025-11-16T12:41:49","slug":"replica-ap-royal-oak-oro-rosa-negro-cronografo","status":"publish","type":"product","link":"https:\/\/myreplicawatches.io\/es\/product\/replica-ap-royal-oak-oro-rosa-negro-cronografo\/","title":{"rendered":"R\u00e9plica AP Royal Oak &#8211; Oro rosa\/Negro Cron\u00f3grafo"},"content":{"rendered":"<h3>R\u00e9plica AP Royal Oak &#8211; Oro rosa\/Negro Cron\u00f3grafo &#8211; La mejor versi\u00f3n r\u00e9plica de calidad AAAA+<\/h3>\n<p>&nbsp;<\/p>\n<div class=\"product-info__text\">\n<div class=\"prose\">\n<h3>Ventajas de poseer la R\u00e9plica AP Royal Oak &#8211; Cron\u00f3grafo Oro Rosa\/Negro:<\/h3>\n<ul>\n<li>Una r\u00e9plica puede comprarse a un precio mucho m\u00e1s barato que uno aut\u00e9ntico, sin embargo, un reloj r\u00e9plica parecer\u00e1 y se sentir\u00e1 igual que el original.<\/li>\n<li>Lo \u00faltimo que alguien quiere es gastarse una fortuna para conseguir un reloj de lujo que tiene peque\u00f1as diferencias con nuestras r\u00e9plicas de relojes.<\/li>\n<li>Muchos entusiastas de los relojes no quieren gastarse miles de d\u00f3lares en relojes y quieren tener esa gran sensaci\u00f3n de poseer un gran reloj de una marca de lujo. Aqu\u00ed es cuando entran en juego los relojes myreplicawatches.io y proporcionan esa sensaci\u00f3n a sus clientes.<\/li>\n<li>\u00bf Tienes ya un aut\u00e9ntico reloj de alta gama que no quieres llevar por motivos de seguridad o por razones de devaluaci\u00f3n en algunas ocasiones ? Lleva tu Reloj Cron\u00f3grafo de Alta Calidad R\u00e9plica AP Royal Oak &#8211; Oro Rosa\/Negro y si\u00e9ntete m\u00e1s seguro, ten la misma confianza, protege tus objetos de valor<\/li>\n<\/ul>\n<\/div>\n<\/div>\n<div class=\"product-info__description\">\n<div class=\"prose\"><\/div>\n<\/div>\n<p>Descripci\u00f3n de la R\u00e9plica AP Royal Oak &#8211; Cron\u00f3grafo Oro Rosa\/Negro:<\/p>\n<dl>\n<dt>Caracter\u00edstica Buzo<\/dt>\n<\/dl>\n<dl>\n<dt>Movimiento: Autom\u00e1tico<\/dt>\n<\/dl>\n<dl>\n<dt>Color de la correa: Oro rosa<\/dt>\n<\/dl>\n<dl>\n<dt>Forma de la esfera: Redonda<\/dt>\n<\/dl>\n<dl>\n<dt>Longitud de la banda: 23<\/dt>\n<\/dl>\n<dl>\n<dt>Visualizaci\u00f3n del dial: Anal\u00f3gica<\/dt>\n<\/dl>\n<dl>\n<dt>Di\u00e1metro de la esfera: 42<\/dt>\n<\/dl>\n<dl>\n<dt>Tipo de material de la correa: Acero inoxidable<\/dt>\n<\/dl>\n<dl>\n<dt>Tipo de material de la caja: Acero inoxidable<\/dt>\n<dt><\/dt>\n<dt><\/dt>\n<dt>Tipo de material de la esfera: Acero inoxidable<\/dt>\n<dt><\/dt>\n<dt><\/dt>\n<dt><\/dt>\n<\/dl>\n<dl>\n<dt><\/dt>\n<\/dl>\n<h3 style=\"text-align: left;\">Garant\u00eda<\/h3>\n<p style=\"text-align: left;\">100% de satisfacci\u00f3n garantizada Si no est\u00e1s satisfecho al 100% con tu primer reloj myreplicawatches.io, prometemos arreglarlo todo.<\/p>\n<h3 style=\"text-align: left;\">Entrega<\/h3>\n<p style=\"text-align: left;\">Env\u00edo DHL a todo el mundo &#8211; De 3 a 10 d\u00edas estimado de llegada.<\/p>\n<p style=\"text-align: left;\">Una vez realizado el pedido, el env\u00edo del producto tardar\u00e1 de 2 a 3 d\u00edas. Recibir\u00e1s tu n\u00famero de seguimiento inmediatamente despu\u00e9s de que enviemos tu producto.<\/p>\n<p style=\"text-align: left;\"><img decoding=\"async\" class=\"aligncenter\" src=\"\/\/cdn.shopify.com\/s\/files\/1\/0074\/6776\/1723\/files\/product_desc_below_large_large_large_173315f6-c349-4dce-bfd4-47908e5d079e_large.png?v=1535323244\" alt=\"\" width=\"365\" height=\"135\" title=\"\"><\/p>\n<p style=\"text-align: left;\">\n","protected":false},"excerpt":{"rendered":"<p>R\u00e9plica AP Royal Oak &#8211; Oro rosa\/Negro Cron\u00f3grafo &#8211; La mejor versi\u00f3n r\u00e9plica de calidad AAAA+ &nbsp; Ventajas de poseer la R\u00e9plica AP Royal Oak &#8211; Cron\u00f3grafo Oro Rosa\/Negro: Una r\u00e9plica puede comprarse a un precio mucho m\u00e1s barato que uno aut\u00e9ntico, sin embargo, un reloj r\u00e9plica parecer\u00e1 y se sentir\u00e1 igual que el original.<\/p>\n","protected":false},"featured_media":7850,"comment_status":"open","ping_status":"closed","template":"","meta":{"_uag_custom_page_level_css":"","site-sidebar-layout":"default","site-content-layout":"","ast-site-content-layout":"default","site-content-style":"default","site-sidebar-style":"default","ast-global-header-display":"","ast-banner-title-visibility":"","ast-main-header-display":"","ast-hfb-above-header-display":"","ast-hfb-below-header-display":"","ast-hfb-mobile-header-display":"","site-post-title":"","ast-breadcrumbs-content":"","ast-featured-img":"","footer-sml-layout":"","theme-transparent-header-meta":"default","adv-header-id-meta":"","stick-header-meta":"default","header-above-stick-meta":"","header-main-stick-meta":"","header-below-stick-meta":"","astra-migrate-meta-layouts":"set","ast-page-background-enabled":"default","ast-page-background-meta":{"desktop":{"background-color":"var(--ast-global-color-4)","background-image":"","background-repeat":"repeat","background-position":"center center","background-size":"auto","background-attachment":"scroll","background-type":"","background-media":"","overlay-type":"","overlay-color":"","overlay-opacity":"","overlay-gradient":""},"tablet":{"background-color":"","background-image":"","background-repeat":"repeat","background-position":"center center","background-size":"auto","background-attachment":"scroll","background-type":"","background-media":"","overlay-type":"","overlay-color":"","overlay-opacity":"","overlay-gradient":""},"mobile":{"background-color":"","background-image":"","background-repeat":"repeat","background-position":"center center","background-size":"auto","background-attachment":"scroll","background-type":"","background-media":"","overlay-type":"","overlay-color":"","overlay-opacity":"","overlay-gradient":""}},"ast-content-background-meta":{"desktop":{"background-color":"var(--ast-global-color-5)","background-image":"","background-repeat":"repeat","background-position":"center center","background-size":"auto","background-attachment":"scroll","background-type":"","background-media":"","overlay-type":"","overlay-color":"","overlay-opacity":"","overlay-gradient":""},"tablet":{"background-color":"var(--ast-global-color-5)","background-image":"","background-repeat":"repeat","background-position":"center center","background-size":"auto","background-attachment":"scroll","background-type":"","background-media":"","overlay-type":"","overlay-color":"","overlay-opacity":"","overlay-gradient":""},"mobile":{"background-color":"var(--ast-global-color-5)","background-image":"","background-repeat":"repeat","background-position":"center center","background-size":"auto","background-attachment":"scroll","background-type":"","background-media":"","overlay-type":"","overlay-color":"","overlay-opacity":"","overlay-gradient":""}}},"product_brand":[],"product_cat":[168,149,154],"product_tag":[597,1873,494,447,2401,444,446,450,470,2725,440,474,3467,465,668,602,499,1937],"class_list":{"0":"post-11138","1":"product","2":"type-product","3":"status-publish","4":"has-post-thumbnail","6":"product_cat-productos-mas-nuevos","7":"product_cat-relojes-replica-audemars-piguet","8":"product_cat-replicas-de-relojes-mas-vendidas","9":"product_tag-ap","10":"product_tag-automatic-movement","11":"product_tag-chronograph","12":"product_tag-classic-watch","13":"product_tag-collectors-watch","14":"product_tag-designer-watch","15":"product_tag-elegant-watch","16":"product_tag-fine-watchmaking","17":"product_tag-high-end-replica","18":"product_tag-imitation-watch","19":"product_tag-luxury-watch","20":"product_tag-mens-watch","21":"product_tag-premium-replica-es","22":"product_tag-replica","23":"product_tag-rose-gold-es","24":"product_tag-royal-oak-es","25":"product_tag-sports-watch","26":"product_tag-swiss-watch-es","27":"desktop-align-left","28":"tablet-align-left","29":"mobile-align-left","30":"ast-product-gallery-layout-vertical-slider","32":"first","33":"instock","34":"sale","35":"shipping-taxable","36":"purchasable","37":"product-type-simple"},"uagb_featured_image_src":{"full":["https:\/\/myreplicawatches.io\/wp-content\/uploads\/2023\/10\/replica-royal-oak-rose-goldblack-chronograph.png",1480,1544,false],"thumbnail":["https:\/\/myreplicawatches.io\/wp-content\/uploads\/2023\/10\/replica-royal-oak-rose-goldblack-chronograph-150x150.png",150,150,true],"medium":["https:\/\/myreplicawatches.io\/wp-content\/uploads\/2023\/10\/replica-royal-oak-rose-goldblack-chronograph-288x300.png",288,300,true],"medium_large":["https:\/\/myreplicawatches.io\/wp-content\/uploads\/2023\/10\/replica-royal-oak-rose-goldblack-chronograph-768x801.png",768,801,true],"large":["https:\/\/myreplicawatches.io\/wp-content\/uploads\/2023\/10\/replica-royal-oak-rose-goldblack-chronograph-982x1024.png",982,1024,true],"1536x1536":["https:\/\/myreplicawatches.io\/wp-content\/uploads\/2023\/10\/replica-royal-oak-rose-goldblack-chronograph-1472x1536.png",1472,1536,true],"2048x2048":["https:\/\/myreplicawatches.io\/wp-content\/uploads\/2023\/10\/replica-royal-oak-rose-goldblack-chronograph.png",1480,1544,false],"woocommerce_thumbnail":["https:\/\/myreplicawatches.io\/wp-content\/uploads\/2023\/10\/replica-royal-oak-rose-goldblack-chronograph-300x300.png",300,300,true],"woocommerce_single":["https:\/\/myreplicawatches.io\/wp-content\/uploads\/2023\/10\/replica-royal-oak-rose-goldblack-chronograph-600x626.png",600,626,true],"woocommerce_gallery_thumbnail":["https:\/\/myreplicawatches.io\/wp-content\/uploads\/2023\/10\/replica-royal-oak-rose-goldblack-chronograph-100x100.png",100,100,true],"variation_swatches_image_size":["https:\/\/myreplicawatches.io\/wp-content\/uploads\/2023\/10\/replica-royal-oak-rose-goldblack-chronograph.png",48,50,false],"variation_swatches_tooltip_size":["https:\/\/myreplicawatches.io\/wp-content\/uploads\/2023\/10\/replica-royal-oak-rose-goldblack-chronograph.png",96,100,false],"dgwt-wcas-product-suggestion":["https:\/\/myreplicawatches.io\/wp-content\/uploads\/2023\/10\/replica-royal-oak-rose-goldblack-chronograph-64x67.png",64,67,true]},"uagb_author_info":{"display_name":"admin","author_link":"https:\/\/myreplicawatches.io\/es\/author\/"},"uagb_comment_info":0,"uagb_excerpt":"R\u00e9plica AP Royal Oak &#8211; Oro rosa\/Negro Cron\u00f3grafo &#8211; La mejor versi\u00f3n r\u00e9plica de calidad AAAA+ &nbsp; Ventajas de poseer la R\u00e9plica AP Royal Oak &#8211; Cron\u00f3grafo Oro Rosa\/Negro: Una r\u00e9plica puede comprarse a un precio mucho m\u00e1s barato que uno aut\u00e9ntico, sin embargo, un reloj r\u00e9plica parecer\u00e1 y se sentir\u00e1 igual que el original.","jetpack_sharing_enabled":true,"_links":{"self":[{"href":"https:\/\/myreplicawatches.io\/es\/wp-json\/wp\/v2\/product\/11138","targetHints":{"allow":["GET"]}}],"collection":[{"href":"https:\/\/myreplicawatches.io\/es\/wp-json\/wp\/v2\/product"}],"about":[{"href":"https:\/\/myreplicawatches.io\/es\/wp-json\/wp\/v2\/types\/product"}],"replies":[{"embeddable":true,"href":"https:\/\/myreplicawatches.io\/es\/wp-json\/wp\/v2\/comments?post=11138"}],"wp:featuredmedia":[{"embeddable":true,"href":"https:\/\/myreplicawatches.io\/es\/wp-json\/wp\/v2\/media\/7850"}],"wp:attachment":[{"href":"https:\/\/myreplicawatches.io\/es\/wp-json\/wp\/v2\/media?parent=11138"}],"wp:term":[{"taxonomy":"product_brand","embeddable":true,"href":"https:\/\/myreplicawatches.io\/es\/wp-json\/wp\/v2\/product_brand?post=11138"},{"taxonomy":"product_cat","embeddable":true,"href":"https:\/\/myreplicawatches.io\/es\/wp-json\/wp\/v2\/product_cat?post=11138"},{"taxonomy":"product_tag","embeddable":true,"href":"https:\/\/myreplicawatches.io\/es\/wp-json\/wp\/v2\/product_tag?post=11138"}],"curies":[{"name":"wp","href":"https:\/\/api.w.org\/{rel}","templated":true}]}}