{"id":11133,"date":"2023-10-03T22:01:07","date_gmt":"2023-10-03T22:01:07","guid":{"rendered":"https:\/\/myreplicawatches.io\/product\/replica-rolex-deepsea-rubber-band-plata-azul-oscuro\/"},"modified":"2026-01-11T00:27:28","modified_gmt":"2026-01-11T00:27:28","slug":"replica-rolex-deepsea-rubber-band-plata-azul-oscuro","status":"publish","type":"product","link":"https:\/\/myreplicawatches.io\/es\/product\/replica-rolex-deepsea-rubber-band-plata-azul-oscuro\/","title":{"rendered":"R\u00e9plica Rolex Deepsea Rubber Band &#8211; Plata\/Azul oscuro"},"content":{"rendered":"<h4>R\u00e9plica Rolex Deepsea Rubber Band &#8211; La mejor r\u00e9plica AAAA+ Deep Sea con correa de caucho negra<\/h4>\n<div><\/div>\n<div>\n<div class=\"product-info__text\">\n<div class=\"prose\">\n<h5>Ventajas de poseer la correa de caucho Replica Rolex Deepsea<\/h5>\n<ul>\n<li>Una r\u00e9plica puede comprarse a un precio mucho m\u00e1s barato que uno aut\u00e9ntico, sin embargo, un reloj r\u00e9plica parecer\u00e1 y se sentir\u00e1 igual que el original.<\/li>\n<li>Lo \u00faltimo que alguien quiere es gastarse una fortuna para conseguir un reloj de lujo que tiene peque\u00f1as diferencias con nuestras r\u00e9plicas de relojes.<\/li>\n<li>Muchos entusiastas de los relojes no quieren gastarse miles de d\u00f3lares en relojes y quieren tener esa gran sensaci\u00f3n de poseer un gran reloj de una marca de lujo. Aqu\u00ed es cuando entran en juego los relojes myreplicawatches.io y proporcionan esa sensaci\u00f3n a sus clientes.<\/li>\n<li>\u00bf Tienes ya un aut\u00e9ntico reloj de alta gama que no quieres llevar por motivos de seguridad o por razones de devaluaci\u00f3n en algunas ocasiones ? Lleva tu r\u00e9plica de reloj Rolex Deepsea Rubber Band de alta calidad y si\u00e9ntete m\u00e1s seguro, ten la misma confianza, protege tus objetos de valor<\/li>\n<\/ul>\n<\/div>\n<\/div>\n<div class=\"product-info__description\">\n<div class=\"prose\"><\/div>\n<\/div>\n<\/div>\n<div><\/div>\n<div><strong>Movimiento: <\/strong>Autom\u00e1tico<\/div>\n<div class=\"clear\"><\/div>\n<div><strong>Reverso: <\/strong>Reverso a presi\u00f3n de acero inoxidable pulido y cepillado<\/div>\n<div class=\"clear\"><\/div>\n<div><strong>Caja: <\/strong>Caja de acero inoxidable cepillado<\/div>\n<div class=\"clear\"><\/div>\n<div><strong>Bisel: <\/strong>Marcador de minutos de cer\u00e1mica negra Bisel tallado de acero inoxidable pulido<\/div>\n<div class=\"clear\"><\/div>\n<div><strong>Tipo de correa: <\/strong>Goma<\/div>\n<div class=\"clear\"><\/div>\n<div><strong>Cierre del reloj: <\/strong>Cierre de seguridad<\/div>\n<div class=\"clear\"><\/div>\n<div><strong>Cristal: <\/strong>Cristal de zafiro<\/div>\n<div class=\"clear\"><\/div>\n<div><strong>Color: <\/strong>Plata<\/div>\n<div class=\"clear\"><\/div>\n<div><strong>Color de la esfera: <\/strong>Negro &#8211; Azul oscuro<\/div>\n<div class=\"clear\"><\/div>\n<div><strong>Sexo: <\/strong>Hombres<\/div>\n<div class=\"clear\"><\/div>\n<div><strong>Di\u00e1metro : <\/strong>53 x 43 mm<\/div>\n<div class=\"clear\"><\/div>\n<div><strong>Longitud de la pulsera: <\/strong>200 x 20 mm<\/div>\n<div class=\"clear\"><\/div>\n<div><strong>Pulsera:<\/strong> Goma el\u00e1stica negra<\/div>\n<div><\/div>\n<div><\/div>\n<div>\n<h2><\/h2>\n<h2>Garant\u00eda<\/h2>\n<p>100% de satisfacci\u00f3n garantizada Si no est\u00e1s satisfecho al 100% con tu reloj Myreplicawatches.io, nos comprometemos a arreglarlo todo.<\/p>\n<h2><strong>Entrega<\/strong><\/h2>\n<p>Env\u00edo DHL a todo el mundo &#8211; De 10 a 15 d\u00edas de plazo estimado de llegada (cargo adicional). Una vez realizado el pedido, el env\u00edo del producto tardar\u00e1 de 2 a 3 d\u00edas. Recibir\u00e1s tu n\u00famero de seguimiento inmediatamente despu\u00e9s de que enviemos tu producto.<\/p>\n<\/div>\n","protected":false},"excerpt":{"rendered":"<p>R\u00e9plica Rolex Deepsea Rubber Band &#8211; La mejor r\u00e9plica AAAA+ Deep Sea con correa de caucho negra Ventajas de poseer la correa de caucho Replica Rolex Deepsea Una r\u00e9plica puede comprarse a un precio mucho m\u00e1s barato que uno aut\u00e9ntico, sin embargo, un reloj r\u00e9plica parecer\u00e1 y se sentir\u00e1 igual que el original. Lo \u00faltimo<\/p>\n","protected":false},"featured_media":8601,"comment_status":"open","ping_status":"closed","template":"","meta":{"_uag_custom_page_level_css":"","site-sidebar-layout":"default","site-content-layout":"","ast-site-content-layout":"default","site-content-style":"default","site-sidebar-style":"default","ast-global-header-display":"","ast-banner-title-visibility":"","ast-main-header-display":"","ast-hfb-above-header-display":"","ast-hfb-below-header-display":"","ast-hfb-mobile-header-display":"","site-post-title":"","ast-breadcrumbs-content":"","ast-featured-img":"","footer-sml-layout":"","theme-transparent-header-meta":"default","adv-header-id-meta":"","stick-header-meta":"default","header-above-stick-meta":"","header-main-stick-meta":"","header-below-stick-meta":"","astra-migrate-meta-layouts":"set","ast-page-background-enabled":"default","ast-page-background-meta":{"desktop":{"background-color":"var(--ast-global-color-4)","background-image":"","background-repeat":"repeat","background-position":"center center","background-size":"auto","background-attachment":"scroll","background-type":"","background-media":"","overlay-type":"","overlay-color":"","overlay-opacity":"","overlay-gradient":""},"tablet":{"background-color":"","background-image":"","background-repeat":"repeat","background-position":"center center","background-size":"auto","background-attachment":"scroll","background-type":"","background-media":"","overlay-type":"","overlay-color":"","overlay-opacity":"","overlay-gradient":""},"mobile":{"background-color":"","background-image":"","background-repeat":"repeat","background-position":"center center","background-size":"auto","background-attachment":"scroll","background-type":"","background-media":"","overlay-type":"","overlay-color":"","overlay-opacity":"","overlay-gradient":""}},"ast-content-background-meta":{"desktop":{"background-color":"var(--ast-global-color-5)","background-image":"","background-repeat":"repeat","background-position":"center center","background-size":"auto","background-attachment":"scroll","background-type":"","background-media":"","overlay-type":"","overlay-color":"","overlay-opacity":"","overlay-gradient":""},"tablet":{"background-color":"var(--ast-global-color-5)","background-image":"","background-repeat":"repeat","background-position":"center center","background-size":"auto","background-attachment":"scroll","background-type":"","background-media":"","overlay-type":"","overlay-color":"","overlay-opacity":"","overlay-gradient":""},"mobile":{"background-color":"var(--ast-global-color-5)","background-image":"","background-repeat":"repeat","background-position":"center center","background-size":"auto","background-attachment":"scroll","background-type":"","background-media":"","overlay-type":"","overlay-color":"","overlay-opacity":"","overlay-gradient":""}}},"product_brand":[],"product_cat":[168,154,175],"product_tag":[1948,2109,1798,1801,1471,442,440,474,453,1364,1935,499,1028,441,1918],"class_list":{"0":"post-11133","1":"product","2":"type-product","3":"status-publish","4":"has-post-thumbnail","6":"product_cat-productos-mas-nuevos","7":"product_cat-replicas-de-relojes-mas-vendidas","8":"product_cat-rolex-deep-sea-replica-relojio","9":"product_tag-classic-design-es","10":"product_tag-dark-blue","11":"product_tag-deepsea-es","12":"product_tag-dive-watch","13":"product_tag-fashion-watch","14":"product_tag-high-quality-replica","15":"product_tag-luxury-watch","16":"product_tag-mens-watch","17":"product_tag-replica-rolex","18":"product_tag-replica-watch","19":"product_tag-silver-es","20":"product_tag-sports-watch","21":"product_tag-stainless-steel-es","22":"product_tag-swiss-movement","23":"product_tag-water-resistant","24":"desktop-align-left","25":"tablet-align-left","26":"mobile-align-left","27":"ast-product-gallery-layout-vertical-slider","29":"first","30":"instock","31":"sale","32":"shipping-taxable","33":"purchasable","34":"product-type-simple"},"uagb_featured_image_src":{"full":["https:\/\/myreplicawatches.io\/wp-content\/uploads\/2023\/10\/Replica-rolex-Sky-dweller-rose-gold-30-1.jpg",1080,1080,false],"thumbnail":["https:\/\/myreplicawatches.io\/wp-content\/uploads\/2023\/10\/Replica-rolex-Sky-dweller-rose-gold-30-1-150x150.jpg",150,150,true],"medium":["https:\/\/myreplicawatches.io\/wp-content\/uploads\/2023\/10\/Replica-rolex-Sky-dweller-rose-gold-30-1-300x300.jpg",300,300,true],"medium_large":["https:\/\/myreplicawatches.io\/wp-content\/uploads\/2023\/10\/Replica-rolex-Sky-dweller-rose-gold-30-1-768x768.jpg",768,768,true],"large":["https:\/\/myreplicawatches.io\/wp-content\/uploads\/2023\/10\/Replica-rolex-Sky-dweller-rose-gold-30-1-1024x1024.jpg",1024,1024,true],"1536x1536":["https:\/\/myreplicawatches.io\/wp-content\/uploads\/2023\/10\/Replica-rolex-Sky-dweller-rose-gold-30-1.jpg",1080,1080,false],"2048x2048":["https:\/\/myreplicawatches.io\/wp-content\/uploads\/2023\/10\/Replica-rolex-Sky-dweller-rose-gold-30-1.jpg",1080,1080,false],"woocommerce_thumbnail":["https:\/\/myreplicawatches.io\/wp-content\/uploads\/2023\/10\/Replica-rolex-Sky-dweller-rose-gold-30-1-300x300.jpg",300,300,true],"woocommerce_single":["https:\/\/myreplicawatches.io\/wp-content\/uploads\/2023\/10\/Replica-rolex-Sky-dweller-rose-gold-30-1-600x600.jpg",600,600,true],"woocommerce_gallery_thumbnail":["https:\/\/myreplicawatches.io\/wp-content\/uploads\/2023\/10\/Replica-rolex-Sky-dweller-rose-gold-30-1-100x100.jpg",100,100,true],"variation_swatches_image_size":["https:\/\/myreplicawatches.io\/wp-content\/uploads\/2023\/10\/Replica-rolex-Sky-dweller-rose-gold-30-1-50x50.jpg",50,50,true],"variation_swatches_tooltip_size":["https:\/\/myreplicawatches.io\/wp-content\/uploads\/2023\/10\/Replica-rolex-Sky-dweller-rose-gold-30-1-100x100.jpg",100,100,true],"dgwt-wcas-product-suggestion":["https:\/\/myreplicawatches.io\/wp-content\/uploads\/2023\/10\/Replica-rolex-Sky-dweller-rose-gold-30-1-64x64.jpg",64,64,true]},"uagb_author_info":{"display_name":"admin","author_link":"https:\/\/myreplicawatches.io\/es\/author\/"},"uagb_comment_info":0,"uagb_excerpt":"R\u00e9plica Rolex Deepsea Rubber Band &#8211; La mejor r\u00e9plica AAAA+ Deep Sea con correa de caucho negra Ventajas de poseer la correa de caucho Replica Rolex Deepsea Una r\u00e9plica puede comprarse a un precio mucho m\u00e1s barato que uno aut\u00e9ntico, sin embargo, un reloj r\u00e9plica parecer\u00e1 y se sentir\u00e1 igual que el original. Lo \u00faltimo","jetpack_sharing_enabled":true,"_links":{"self":[{"href":"https:\/\/myreplicawatches.io\/es\/wp-json\/wp\/v2\/product\/11133","targetHints":{"allow":["GET"]}}],"collection":[{"href":"https:\/\/myreplicawatches.io\/es\/wp-json\/wp\/v2\/product"}],"about":[{"href":"https:\/\/myreplicawatches.io\/es\/wp-json\/wp\/v2\/types\/product"}],"replies":[{"embeddable":true,"href":"https:\/\/myreplicawatches.io\/es\/wp-json\/wp\/v2\/comments?post=11133"}],"wp:featuredmedia":[{"embeddable":true,"href":"https:\/\/myreplicawatches.io\/es\/wp-json\/wp\/v2\/media\/8601"}],"wp:attachment":[{"href":"https:\/\/myreplicawatches.io\/es\/wp-json\/wp\/v2\/media?parent=11133"}],"wp:term":[{"taxonomy":"product_brand","embeddable":true,"href":"https:\/\/myreplicawatches.io\/es\/wp-json\/wp\/v2\/product_brand?post=11133"},{"taxonomy":"product_cat","embeddable":true,"href":"https:\/\/myreplicawatches.io\/es\/wp-json\/wp\/v2\/product_cat?post=11133"},{"taxonomy":"product_tag","embeddable":true,"href":"https:\/\/myreplicawatches.io\/es\/wp-json\/wp\/v2\/product_tag?post=11133"}],"curies":[{"name":"wp","href":"https:\/\/api.w.org\/{rel}","templated":true}]}}