{"id":11113,"date":"2023-10-03T21:56:35","date_gmt":"2023-10-03T21:56:35","guid":{"rendered":"https:\/\/myreplicawatches.io\/product\/replica-rolex-datejust-lady-6916\/"},"modified":"2025-07-30T22:22:45","modified_gmt":"2025-07-30T22:22:45","slug":"replica-rolex-datejust-lady-6916-2","status":"publish","type":"product","link":"https:\/\/myreplicawatches.io\/es\/product\/replica-rolex-datejust-lady-6916-2\/","title":{"rendered":"R\u00e9plica Rolex Datejust Lady 6916"},"content":{"rendered":"<p>Informaci\u00f3n adicional<\/p>\n<p>Informaci\u00f3n adicional<\/p>\n<p>Gama de productos<\/p>\n<p>Datejust Dama<\/p>\n<p>Resistente al agua<\/p>\n<p>Resistente al agua<\/p>\n<p>modelo<\/p>\n<p>6916<\/p>\n<p>Material de la pulsera<\/p>\n<p>Cocodrilo Marr\u00f3n<\/p>\n<p>Marca<\/p>\n<p>Rolex<\/p>\n<p>Material del malet\u00edn<\/p>\n<p>Oro amarillo<\/p>\n<p>Tama\u00f1o de la caja<\/p>\n<p>26 MM<\/p>\n<p>Tipo de dial<\/p>\n<p>N\u00famero romano blanco<\/p>\n<p>G\u00e9nero<\/p>\n<p>Se\u00f1oras<\/p>\n<p>Modelo<\/p>\n<p>6916<\/p>\n<p>Movimiento<\/p>\n<p>Autom\u00e1tico<\/p>\n<p>Gama<\/p>\n<p>Datejust Dama<\/p>\n<p>Resistente al agua<\/p>\n<p>Resistencia al agua<\/p>\n<p>Material de la pulsera<\/p>\n<p>Piel<\/p>\n","protected":false},"excerpt":{"rendered":"<p>Informaci\u00f3n adicional Informaci\u00f3n adicional Gama de productos Datejust Dama Resistente al agua Resistente al agua modelo 6916 Material de la pulsera Cocodrilo Marr\u00f3n Marca Rolex Material del malet\u00edn Oro amarillo Tama\u00f1o de la caja 26 MM Tipo de dial N\u00famero romano blanco G\u00e9nero Se\u00f1oras Modelo 6916 Movimiento Autom\u00e1tico Gama Datejust Dama Resistente al agua Resistencia<\/p>\n","protected":false},"featured_media":7523,"comment_status":"open","ping_status":"closed","template":"","meta":{"_uag_custom_page_level_css":"","site-sidebar-layout":"default","site-content-layout":"","ast-site-content-layout":"default","site-content-style":"default","site-sidebar-style":"default","ast-global-header-display":"","ast-banner-title-visibility":"","ast-main-header-display":"","ast-hfb-above-header-display":"","ast-hfb-below-header-display":"","ast-hfb-mobile-header-display":"","site-post-title":"","ast-breadcrumbs-content":"","ast-featured-img":"","footer-sml-layout":"","theme-transparent-header-meta":"","adv-header-id-meta":"","stick-header-meta":"","header-above-stick-meta":"","header-main-stick-meta":"","header-below-stick-meta":"","astra-migrate-meta-layouts":"set","ast-page-background-enabled":"default","ast-page-background-meta":{"desktop":{"background-color":"var(--ast-global-color-4)","background-image":"","background-repeat":"repeat","background-position":"center center","background-size":"auto","background-attachment":"scroll","background-type":"","background-media":"","overlay-type":"","overlay-color":"","overlay-opacity":"","overlay-gradient":""},"tablet":{"background-color":"","background-image":"","background-repeat":"repeat","background-position":"center center","background-size":"auto","background-attachment":"scroll","background-type":"","background-media":"","overlay-type":"","overlay-color":"","overlay-opacity":"","overlay-gradient":""},"mobile":{"background-color":"","background-image":"","background-repeat":"repeat","background-position":"center center","background-size":"auto","background-attachment":"scroll","background-type":"","background-media":"","overlay-type":"","overlay-color":"","overlay-opacity":"","overlay-gradient":""}},"ast-content-background-meta":{"desktop":{"background-color":"var(--ast-global-color-5)","background-image":"","background-repeat":"repeat","background-position":"center center","background-size":"auto","background-attachment":"scroll","background-type":"","background-media":"","overlay-type":"","overlay-color":"","overlay-opacity":"","overlay-gradient":""},"tablet":{"background-color":"var(--ast-global-color-5)","background-image":"","background-repeat":"repeat","background-position":"center center","background-size":"auto","background-attachment":"scroll","background-type":"","background-media":"","overlay-type":"","overlay-color":"","overlay-opacity":"","overlay-gradient":""},"mobile":{"background-color":"var(--ast-global-color-5)","background-image":"","background-repeat":"repeat","background-position":"center center","background-size":"auto","background-attachment":"scroll","background-type":"","background-media":"","overlay-type":"","overlay-color":"","overlay-opacity":"","overlay-gradient":""}}},"product_brand":[],"product_cat":[168,161,162,154],"product_tag":[647,447,4983,5071,444,446,2039,1471,1209,2725,475,453,3401,4982,4981,3584,1027],"class_list":{"0":"post-11113","1":"product","2":"type-product","3":"status-publish","4":"has-post-thumbnail","6":"product_cat-productos-mas-nuevos","7":"product_cat-replica-date-just","8":"product_cat-replica-super-clon-rolex-aaa","9":"product_cat-replicas-de-relojes-mas-vendidas","10":"product_tag-automatic-watch-es","11":"product_tag-classic-watch","12":"product_tag-date-watch-es","13":"product_tag-datejust-lady-6916-es","14":"product_tag-designer-watch","15":"product_tag-elegant-watch","16":"product_tag-exclusive-watch","17":"product_tag-fashion-watch","18":"product_tag-high-end-watch","19":"product_tag-imitation-watch","20":"product_tag-luxury-replica","21":"product_tag-replica-rolex","22":"product_tag-rolex-datejust","23":"product_tag-sophisticated-watch-es","24":"product_tag-stainless-steel-watch-es","25":"product_tag-timeless-watch","26":"product_tag-womens-watch-es","27":"desktop-align-left","28":"tablet-align-left","29":"mobile-align-left","30":"ast-product-gallery-layout-vertical-slider","31":"ast-product-gallery-with-no-image","33":"first","34":"instock","35":"shipping-taxable","36":"purchasable","37":"product-type-simple"},"uagb_featured_image_src":{"full":["https:\/\/myreplicawatches.io\/wp-content\/uploads\/2023\/10\/replica-rolex-datejust-lady-6916.jpg",600,768,false],"thumbnail":["https:\/\/myreplicawatches.io\/wp-content\/uploads\/2023\/10\/replica-rolex-datejust-lady-6916-150x150.jpg",150,150,true],"medium":["https:\/\/myreplicawatches.io\/wp-content\/uploads\/2023\/10\/replica-rolex-datejust-lady-6916-234x300.jpg",234,300,true],"medium_large":["https:\/\/myreplicawatches.io\/wp-content\/uploads\/2023\/10\/replica-rolex-datejust-lady-6916.jpg",600,768,false],"large":["https:\/\/myreplicawatches.io\/wp-content\/uploads\/2023\/10\/replica-rolex-datejust-lady-6916.jpg",600,768,false],"1536x1536":["https:\/\/myreplicawatches.io\/wp-content\/uploads\/2023\/10\/replica-rolex-datejust-lady-6916.jpg",600,768,false],"2048x2048":["https:\/\/myreplicawatches.io\/wp-content\/uploads\/2023\/10\/replica-rolex-datejust-lady-6916.jpg",600,768,false],"woocommerce_thumbnail":["https:\/\/myreplicawatches.io\/wp-content\/uploads\/2023\/10\/replica-rolex-datejust-lady-6916-300x300.jpg",300,300,true],"woocommerce_single":["https:\/\/myreplicawatches.io\/wp-content\/uploads\/2023\/10\/replica-rolex-datejust-lady-6916.jpg",600,768,false],"woocommerce_gallery_thumbnail":["https:\/\/myreplicawatches.io\/wp-content\/uploads\/2023\/10\/replica-rolex-datejust-lady-6916-100x100.jpg",100,100,true],"variation_swatches_image_size":["https:\/\/myreplicawatches.io\/wp-content\/uploads\/2023\/10\/replica-rolex-datejust-lady-6916.jpg",39,50,false],"variation_swatches_tooltip_size":["https:\/\/myreplicawatches.io\/wp-content\/uploads\/2023\/10\/replica-rolex-datejust-lady-6916.jpg",78,100,false],"dgwt-wcas-product-suggestion":["https:\/\/myreplicawatches.io\/wp-content\/uploads\/2023\/10\/replica-rolex-datejust-lady-6916-64x82.jpg",64,82,true]},"uagb_author_info":{"display_name":"admin","author_link":"https:\/\/myreplicawatches.io\/es\/author\/"},"uagb_comment_info":0,"uagb_excerpt":"Informaci\u00f3n adicional Informaci\u00f3n adicional Gama de productos Datejust Dama Resistente al agua Resistente al agua modelo 6916 Material de la pulsera Cocodrilo Marr\u00f3n Marca Rolex Material del malet\u00edn Oro amarillo Tama\u00f1o de la caja 26 MM Tipo de dial N\u00famero romano blanco G\u00e9nero Se\u00f1oras Modelo 6916 Movimiento Autom\u00e1tico Gama Datejust Dama Resistente al agua Resistencia","jetpack_sharing_enabled":true,"_links":{"self":[{"href":"https:\/\/myreplicawatches.io\/es\/wp-json\/wp\/v2\/product\/11113","targetHints":{"allow":["GET"]}}],"collection":[{"href":"https:\/\/myreplicawatches.io\/es\/wp-json\/wp\/v2\/product"}],"about":[{"href":"https:\/\/myreplicawatches.io\/es\/wp-json\/wp\/v2\/types\/product"}],"replies":[{"embeddable":true,"href":"https:\/\/myreplicawatches.io\/es\/wp-json\/wp\/v2\/comments?post=11113"}],"wp:featuredmedia":[{"embeddable":true,"href":"https:\/\/myreplicawatches.io\/es\/wp-json\/wp\/v2\/media\/7523"}],"wp:attachment":[{"href":"https:\/\/myreplicawatches.io\/es\/wp-json\/wp\/v2\/media?parent=11113"}],"wp:term":[{"taxonomy":"product_brand","embeddable":true,"href":"https:\/\/myreplicawatches.io\/es\/wp-json\/wp\/v2\/product_brand?post=11113"},{"taxonomy":"product_cat","embeddable":true,"href":"https:\/\/myreplicawatches.io\/es\/wp-json\/wp\/v2\/product_cat?post=11113"},{"taxonomy":"product_tag","embeddable":true,"href":"https:\/\/myreplicawatches.io\/es\/wp-json\/wp\/v2\/product_tag?post=11113"}],"curies":[{"name":"wp","href":"https:\/\/api.w.org\/{rel}","templated":true}]}}