{"id":11101,"date":"2023-10-03T22:00:08","date_gmt":"2023-10-03T22:00:08","guid":{"rendered":"https:\/\/myreplicawatches.io\/product\/replica-rolex-daytona-esfera-negra-oro-rosa\/"},"modified":"2026-01-11T00:28:31","modified_gmt":"2026-01-11T00:28:31","slug":"replica-rolex-daytona-esfera-negra-oro-rosa","status":"publish","type":"product","link":"https:\/\/myreplicawatches.io\/es\/product\/replica-rolex-daytona-esfera-negra-oro-rosa\/","title":{"rendered":"R\u00e9plica Rolex Daytona Esfera Negra Oro Rosa"},"content":{"rendered":"<p>Rolex Daytona Esfera Negra R\u00e9plica Oro Rosa &#8211; Mejor<\/p>\n<p style=\"text-align: center;\"><img decoding=\"async\" src=\"https:\/\/cdn.shopify.com\/s\/files\/1\/0273\/4840\/2250\/files\/product_desc_below_large_large_large_1080x_0a8cc31c-058a-492d-92bf-c6126a0768e4_480x480.png?v=1574892362\" alt=\"\" width=\"341\" height=\"126\" title=\"\"><\/p>\n<p>Gama del producto &#8211; Rolex Daytona Esfera negra R\u00e9plica de oro rosa modelo -116505 Material de la pulsera &#8211; Acero inoxidable de grado 316 (Oyster) Marca &#8211; Rolex Material de la caja &#8211; Acero inoxidable de grado 316 Tama\u00f1o de la caja &#8211; 40 MM Tipo de esfera &#8211; Negra G\u00e9nero &#8211; Hombre Modelo &#8211; 116505 Movimiento &#8211; Autom\u00e1tico Gama &#8211; Daytona Resistente al agua &#8211; Resistente al agua Material de la pulsera &#8211; Acero<\/p>\n","protected":false},"excerpt":{"rendered":"<p>Rolex Daytona Esfera Negra R\u00e9plica Oro Rosa &#8211; Mejor Gama del producto &#8211; Rolex Daytona Esfera negra R\u00e9plica de oro rosa modelo -116505 Material de la pulsera &#8211; Acero inoxidable de grado 316 (Oyster) Marca &#8211; Rolex Material de la caja &#8211; Acero inoxidable de grado 316 Tama\u00f1o de la caja &#8211; 40 MM Tipo<\/p>\n","protected":false},"featured_media":7633,"comment_status":"open","ping_status":"closed","template":"","meta":{"_uag_custom_page_level_css":"","site-sidebar-layout":"default","site-content-layout":"","ast-site-content-layout":"default","site-content-style":"default","site-sidebar-style":"default","ast-global-header-display":"","ast-banner-title-visibility":"","ast-main-header-display":"","ast-hfb-above-header-display":"","ast-hfb-below-header-display":"","ast-hfb-mobile-header-display":"","site-post-title":"","ast-breadcrumbs-content":"","ast-featured-img":"","footer-sml-layout":"","theme-transparent-header-meta":"default","adv-header-id-meta":"","stick-header-meta":"","header-above-stick-meta":"","header-main-stick-meta":"","header-below-stick-meta":"","astra-migrate-meta-layouts":"set","ast-page-background-enabled":"default","ast-page-background-meta":{"desktop":{"background-color":"var(--ast-global-color-4)","background-image":"","background-repeat":"repeat","background-position":"center center","background-size":"auto","background-attachment":"scroll","background-type":"","background-media":"","overlay-type":"","overlay-color":"","overlay-opacity":"","overlay-gradient":""},"tablet":{"background-color":"","background-image":"","background-repeat":"repeat","background-position":"center center","background-size":"auto","background-attachment":"scroll","background-type":"","background-media":"","overlay-type":"","overlay-color":"","overlay-opacity":"","overlay-gradient":""},"mobile":{"background-color":"","background-image":"","background-repeat":"repeat","background-position":"center center","background-size":"auto","background-attachment":"scroll","background-type":"","background-media":"","overlay-type":"","overlay-color":"","overlay-opacity":"","overlay-gradient":""}},"ast-content-background-meta":{"desktop":{"background-color":"var(--ast-global-color-5)","background-image":"","background-repeat":"repeat","background-position":"center center","background-size":"auto","background-attachment":"scroll","background-type":"","background-media":"","overlay-type":"","overlay-color":"","overlay-opacity":"","overlay-gradient":""},"tablet":{"background-color":"var(--ast-global-color-5)","background-image":"","background-repeat":"repeat","background-position":"center center","background-size":"auto","background-attachment":"scroll","background-type":"","background-media":"","overlay-type":"","overlay-color":"","overlay-opacity":"","overlay-gradient":""},"mobile":{"background-color":"var(--ast-global-color-5)","background-image":"","background-repeat":"repeat","background-position":"center center","background-size":"auto","background-attachment":"scroll","background-type":"","background-media":"","overlay-type":"","overlay-color":"","overlay-opacity":"","overlay-gradient":""}}},"product_brand":[],"product_cat":[168,169,162,154],"product_tag":[786,494,491,1815,442,440,5086,465,187,668,5063],"class_list":{"0":"post-11101","1":"product","2":"type-product","3":"status-publish","4":"has-post-thumbnail","6":"product_cat-productos-mas-nuevos","7":"product_cat-replica-daytona-rolex-envio","8":"product_cat-replica-super-clon-rolex-aaa","9":"product_cat-replicas-de-relojes-mas-vendidas","10":"product_tag-black-dial-es","11":"product_tag-chronograph","12":"product_tag-daytona","13":"product_tag-exclusive-design","14":"product_tag-high-quality-replica","15":"product_tag-luxury-watch","16":"product_tag-premium-watchmaking","17":"product_tag-replica","18":"product_tag-rolex-es","19":"product_tag-rose-gold-es","20":"product_tag-tachymeter-bezel","21":"desktop-align-left","22":"tablet-align-left","23":"mobile-align-left","24":"ast-product-gallery-layout-vertical-slider","25":"ast-product-gallery-with-no-image","27":"first","28":"instock","29":"sale","30":"shipping-taxable","31":"purchasable","32":"product-type-simple"},"uagb_featured_image_src":{"full":["https:\/\/myreplicawatches.io\/wp-content\/uploads\/2023\/10\/replica-rolex-daytona-black-dial-116505.jpg",600,600,false],"thumbnail":["https:\/\/myreplicawatches.io\/wp-content\/uploads\/2023\/10\/replica-rolex-daytona-black-dial-116505-150x150.jpg",150,150,true],"medium":["https:\/\/myreplicawatches.io\/wp-content\/uploads\/2023\/10\/replica-rolex-daytona-black-dial-116505-300x300.jpg",300,300,true],"medium_large":["https:\/\/myreplicawatches.io\/wp-content\/uploads\/2023\/10\/replica-rolex-daytona-black-dial-116505.jpg",600,600,false],"large":["https:\/\/myreplicawatches.io\/wp-content\/uploads\/2023\/10\/replica-rolex-daytona-black-dial-116505.jpg",600,600,false],"1536x1536":["https:\/\/myreplicawatches.io\/wp-content\/uploads\/2023\/10\/replica-rolex-daytona-black-dial-116505.jpg",600,600,false],"2048x2048":["https:\/\/myreplicawatches.io\/wp-content\/uploads\/2023\/10\/replica-rolex-daytona-black-dial-116505.jpg",600,600,false],"woocommerce_thumbnail":["https:\/\/myreplicawatches.io\/wp-content\/uploads\/2023\/10\/replica-rolex-daytona-black-dial-116505-300x300.jpg",300,300,true],"woocommerce_single":["https:\/\/myreplicawatches.io\/wp-content\/uploads\/2023\/10\/replica-rolex-daytona-black-dial-116505.jpg",600,600,false],"woocommerce_gallery_thumbnail":["https:\/\/myreplicawatches.io\/wp-content\/uploads\/2023\/10\/replica-rolex-daytona-black-dial-116505-100x100.jpg",100,100,true],"variation_swatches_image_size":["https:\/\/myreplicawatches.io\/wp-content\/uploads\/2023\/10\/replica-rolex-daytona-black-dial-116505.jpg",50,50,false],"variation_swatches_tooltip_size":["https:\/\/myreplicawatches.io\/wp-content\/uploads\/2023\/10\/replica-rolex-daytona-black-dial-116505.jpg",100,100,false],"dgwt-wcas-product-suggestion":["https:\/\/myreplicawatches.io\/wp-content\/uploads\/2023\/10\/replica-rolex-daytona-black-dial-116505-64x64.jpg",64,64,true]},"uagb_author_info":{"display_name":"admin","author_link":"https:\/\/myreplicawatches.io\/es\/author\/"},"uagb_comment_info":0,"uagb_excerpt":"Rolex Daytona Esfera Negra R\u00e9plica Oro Rosa &#8211; Mejor Gama del producto &#8211; Rolex Daytona Esfera negra R\u00e9plica de oro rosa modelo -116505 Material de la pulsera &#8211; Acero inoxidable de grado 316 (Oyster) Marca &#8211; Rolex Material de la caja &#8211; Acero inoxidable de grado 316 Tama\u00f1o de la caja &#8211; 40 MM Tipo","jetpack_sharing_enabled":true,"_links":{"self":[{"href":"https:\/\/myreplicawatches.io\/es\/wp-json\/wp\/v2\/product\/11101","targetHints":{"allow":["GET"]}}],"collection":[{"href":"https:\/\/myreplicawatches.io\/es\/wp-json\/wp\/v2\/product"}],"about":[{"href":"https:\/\/myreplicawatches.io\/es\/wp-json\/wp\/v2\/types\/product"}],"replies":[{"embeddable":true,"href":"https:\/\/myreplicawatches.io\/es\/wp-json\/wp\/v2\/comments?post=11101"}],"wp:featuredmedia":[{"embeddable":true,"href":"https:\/\/myreplicawatches.io\/es\/wp-json\/wp\/v2\/media\/7633"}],"wp:attachment":[{"href":"https:\/\/myreplicawatches.io\/es\/wp-json\/wp\/v2\/media?parent=11101"}],"wp:term":[{"taxonomy":"product_brand","embeddable":true,"href":"https:\/\/myreplicawatches.io\/es\/wp-json\/wp\/v2\/product_brand?post=11101"},{"taxonomy":"product_cat","embeddable":true,"href":"https:\/\/myreplicawatches.io\/es\/wp-json\/wp\/v2\/product_cat?post=11101"},{"taxonomy":"product_tag","embeddable":true,"href":"https:\/\/myreplicawatches.io\/es\/wp-json\/wp\/v2\/product_tag?post=11101"}],"curies":[{"name":"wp","href":"https:\/\/api.w.org\/{rel}","templated":true}]}}