{"id":11090,"date":"2023-10-03T21:58:17","date_gmt":"2023-10-03T21:58:17","guid":{"rendered":"https:\/\/myreplicawatches.io\/product\/replica-rolex-day-date-oro-rosa-chocolate-diamond-dial-fluted-bezel-president-bracelet-228235\/"},"modified":"2025-08-01T09:29:05","modified_gmt":"2025-08-01T09:29:05","slug":"replica-rolex-day-date-oro-rosa-chocolate-diamond-dial-fluted-bezel-president-bracelet-228235","status":"publish","type":"product","link":"https:\/\/myreplicawatches.io\/es\/product\/replica-rolex-day-date-oro-rosa-chocolate-diamond-dial-fluted-bezel-president-bracelet-228235\/","title":{"rendered":"R\u00e9plica Rolex Day-Date Oro rosa Chocolate Diamond Dial &amp; Fluted Bezel President Bracelet 228235"},"content":{"rendered":"<h3 style=\"text-align: center;\">R\u00e9plica de reloj Rolex Day-Date Rose Gold Chocolate Dial &#8211; AAAA+ Quality Replica Watch<\/h3>\n<p>&nbsp;<\/p>\n<h3>Ventajas de poseer un reloj Rolex Day-Date de oro rosa con esfera de chocolate:<\/h3>\n<ul>\n<li>Una r\u00e9plica puede comprarse a un precio mucho m\u00e1s barato que uno aut\u00e9ntico, sin embargo, un reloj r\u00e9plica parecer\u00e1 y se sentir\u00e1 igual que el original.<\/li>\n<li>Lo \u00faltimo que alguien quiere es gastarse una fortuna para conseguir un reloj de lujo que tiene peque\u00f1as diferencias con nuestras r\u00e9plicas de relojes.<\/li>\n<li>Muchos entusiastas de los relojes no quieren gastarse miles de d\u00f3lares en relojes y quieren tener esa gran sensaci\u00f3n de poseer un gran reloj de una marca de lujo. Es entonces cuando myreplicawatches entra en escena y proporciona esa sensaci\u00f3n a sus clientes.<\/li>\n<li>\u00bf Tienes ya un aut\u00e9ntico reloj de alta gama que no quieres llevar por motivos de seguridad o por razones de devaluaci\u00f3n en algunas ocasiones ? Lleva tu r\u00e9plica de alta calidad del reloj Rolex Day-Date de oro rosa con esfera de chocolate y si\u00e9ntete m\u00e1s seguro, ten la misma confianza, protege tus objetos de valor<\/li>\n<\/ul>\n<div class=\"att-grp-detail col-sm-12\">\n<h4>INFORMACI\u00d3N<\/h4>\n<div class=\"att-sngl-detail\">\n<div class=\"detail-label\">CONDICI\u00d3N<\/div>\n<div class=\"detail-data\">Nuevo<\/div>\n<div class=\"detail-data\">MARCA<\/div>\n<\/div>\n<div class=\"att-sngl-detail\">\n<div class=\"detail-data\">Rolex<\/div>\n<\/div>\n<div class=\"att-sngl-detail\">\n<div class=\"detail-label\"><\/div>\n<\/div>\n<div class=\"att-sngl-detail\">\n<div class=\"detail-label\">N\u00daMERO DE MODELO<\/div>\n<div class=\"detail-data\">228235-CHODP<\/div>\n<\/div>\n<div class=\"att-sngl-detail\">\n<div class=\"detail-label\">SERIE<\/div>\n<div class=\"detail-data\">D\u00eda-Fecha 40<\/div>\n<\/div>\n<div class=\"att-sngl-detail\">\n<div class=\"detail-label\">A\u00d1O MODELO<\/div>\n<div class=\"detail-data\">Rolex moderno 2006-actual<\/div>\n<div class=\"detail-data\"><\/div>\n<\/div>\n<\/div>\n<div class=\"att-grp-detail col-sm-12\">\n<h4>CASO<\/h4>\n<div class=\"att-sngl-detail\">\n<div class=\"detail-label\">CORONA<\/div>\n<div class=\"detail-data\">Atornillar<\/div>\n<\/div>\n<div class=\"att-sngl-detail\">\n<div class=\"detail-label\">BEZEL<\/div>\n<div class=\"detail-data\">Oro rosa estriado<\/div>\n<\/div>\n<div class=\"att-sngl-detail\">\n<div class=\"detail-label\">MOVIMIENTO<\/div>\n<div class=\"detail-data\">Autom\u00e1tico<\/div>\n<\/div>\n<div class=\"att-sngl-detail\">\n<div class=\"detail-label\">CASO ATR\u00c1S<\/div>\n<div class=\"detail-data\">S\u00f3lido<\/div>\n<\/div>\n<div class=\"att-sngl-detail\">\n<div class=\"detail-label\">MATERIAL<\/div>\n<div class=\"detail-data\">Oro rosa<\/div>\n<\/div>\n<div class=\"att-sngl-detail\">\n<div class=\"detail-label\">TAMA\u00d1O DE LA CAJA<\/div>\n<div class=\"detail-data\">40 mm<\/div>\n<\/div>\n<div class=\"att-sngl-detail\">\n<div class=\"detail-label\">FORMA DEL CASO<\/div>\n<div class=\"detail-data\">Redonda<\/div>\n<div class=\"detail-data\"><\/div>\n<\/div>\n<\/div>\n<div class=\"att-grp-detail col-sm-12\">\n<h4>MARCA<\/h4>\n<div class=\"att-sngl-detail\">\n<div class=\"detail-label\">TIPO DE DIAL<\/div>\n<div class=\"detail-data\">Anal\u00f3gico<\/div>\n<\/div>\n<div class=\"att-sngl-detail\">\n<div class=\"detail-label\">FECHA EN<\/div>\n<div class=\"detail-data\">3 en punto<\/div>\n<\/div>\n<div class=\"att-sngl-detail\">\n<div class=\"detail-label\">COLOR DEL DIAL<\/div>\n<div class=\"detail-data\">Chocolate<\/div>\n<\/div>\n<div class=\"att-sngl-detail\">\n<div class=\"detail-label\">MARCADORES DE DIAL<\/div>\n<div class=\"detail-data\">Engastado con diamantes<\/div>\n<\/div>\n<\/div>\n<div class=\"att-grp-detail col-sm-12\">\n<h4>PULSERA<\/h4>\n<div class=\"att-sngl-detail\">\n<div class=\"detail-label\">MATERIAL DE LA BANDA<\/div>\n<div class=\"detail-data\">Oro rosa<\/div>\n<\/div>\n<div class=\"att-sngl-detail\">\n<div class=\"detail-label\">CLASP<\/div>\n<div class=\"detail-data\">Corona plegable oculta<\/div>\n<\/div>\n<div class=\"att-sngl-detail\">\n<div class=\"detail-label\">PULSERA<\/div>\n<div class=\"detail-data\">Presidente<\/div>\n<\/div>\n<div class=\"att-sngl-detail\">\n<div class=\"detail-label\">TIPO DE PULSERA<\/div>\n<div class=\"detail-data\">Actual Presidente de 3\u00aa Generaci\u00f3n<\/div>\n<div class=\"detail-data\"><\/div>\n<\/div>\n<\/div>\n<div class=\"att-grp-detail col-sm-12\">\n<h4>INFORMACI\u00d3N ADICIONAL<\/h4>\n<div class=\"att-sngl-detail\">\n<div class=\"detail-label\">ESTILO DE RELOJ<\/div>\n<div class=\"detail-data\">Reloj de vestir<\/div>\n<\/div>\n<div class=\"att-sngl-detail\">\n<div class=\"detail-label\">G\u00c9NERO<\/div>\n<div class=\"detail-data\">Hombres<\/div>\n<\/div>\n<div class=\"att-sngl-detail\">\n<div class=\"detail-label\">PA\u00cdS DE FABRICACI\u00d3N<\/div>\n<div class=\"detail-data\">Suiza<\/div>\n<\/div>\n<div class=\"att-sngl-detail\">\n<div class=\"detail-label\">COMPLICACI\u00d3N<\/div>\n<div class=\"detail-data\">Fecha, D\u00eda<\/div>\n<\/div>\n<div class=\"att-sngl-detail\">\n<div class=\"detail-label\">RESISTENCIA AL AGUA<\/div>\n<div class=\"detail-data\">50 metros<\/div>\n<div class=\"detail-data\"><\/div>\n<div class=\"detail-data\">\n<p>&nbsp;<\/p>\n<h2>Garant\u00eda<\/h2>\n<p>100% de satisfacci\u00f3n garantizada Si no quedas satisfecho al 100% con tu primer Reloj Eleven Clocks, nos comprometemos a arreglarlo todo.<\/p>\n<h2><strong>Entrega<\/strong><\/h2>\n<p>Env\u00edo DHL a todo el mundo &#8211; De 6 a 12 d\u00edas estimaci\u00f3n de llegada Despu\u00e9s de hacer tu pedido, por favor, deja pasar 2-3 d\u00edas para el env\u00edo de tu producto. Recibir\u00e1s tu n\u00famero de seguimiento inmediatamente despu\u00e9s de que enviemos tu producto.<\/p>\n<div class=\"att-grp-detail col-sm-12\">\n<div class=\"att-sngl-detail\"><\/div>\n<\/div>\n<div><\/div>\n<\/div>\n<div class=\"detail-data\"><\/div>\n<div class=\"detail-data\"><\/div>\n<\/div>\n<\/div>\n<div><\/div>\n","protected":false},"excerpt":{"rendered":"<p>R\u00e9plica de reloj Rolex Day-Date Rose Gold Chocolate Dial &#8211; AAAA+ Quality Replica Watch &nbsp; Ventajas de poseer un reloj Rolex Day-Date de oro rosa con esfera de chocolate: Una r\u00e9plica puede comprarse a un precio mucho m\u00e1s barato que uno aut\u00e9ntico, sin embargo, un reloj r\u00e9plica parecer\u00e1 y se sentir\u00e1 igual que el original.<\/p>\n","protected":false},"featured_media":8497,"comment_status":"open","ping_status":"closed","template":"","meta":{"_uag_custom_page_level_css":"","site-sidebar-layout":"default","site-content-layout":"","ast-site-content-layout":"default","site-content-style":"default","site-sidebar-style":"default","ast-global-header-display":"","ast-banner-title-visibility":"","ast-main-header-display":"","ast-hfb-above-header-display":"","ast-hfb-below-header-display":"","ast-hfb-mobile-header-display":"","site-post-title":"","ast-breadcrumbs-content":"","ast-featured-img":"","footer-sml-layout":"","theme-transparent-header-meta":"default","adv-header-id-meta":"","stick-header-meta":"","header-above-stick-meta":"","header-main-stick-meta":"","header-below-stick-meta":"","astra-migrate-meta-layouts":"set","ast-page-background-enabled":"default","ast-page-background-meta":{"desktop":{"background-color":"var(--ast-global-color-4)","background-image":"","background-repeat":"repeat","background-position":"center center","background-size":"auto","background-attachment":"scroll","background-type":"","background-media":"","overlay-type":"","overlay-color":"","overlay-opacity":"","overlay-gradient":""},"tablet":{"background-color":"","background-image":"","background-repeat":"repeat","background-position":"center center","background-size":"auto","background-attachment":"scroll","background-type":"","background-media":"","overlay-type":"","overlay-color":"","overlay-opacity":"","overlay-gradient":""},"mobile":{"background-color":"","background-image":"","background-repeat":"repeat","background-position":"center center","background-size":"auto","background-attachment":"scroll","background-type":"","background-media":"","overlay-type":"","overlay-color":"","overlay-opacity":"","overlay-gradient":""}},"ast-content-background-meta":{"desktop":{"background-color":"var(--ast-global-color-5)","background-image":"","background-repeat":"repeat","background-position":"center center","background-size":"auto","background-attachment":"scroll","background-type":"","background-media":"","overlay-type":"","overlay-color":"","overlay-opacity":"","overlay-gradient":""},"tablet":{"background-color":"var(--ast-global-color-5)","background-image":"","background-repeat":"repeat","background-position":"center center","background-size":"auto","background-attachment":"scroll","background-type":"","background-media":"","overlay-type":"","overlay-color":"","overlay-opacity":"","overlay-gradient":""},"mobile":{"background-color":"var(--ast-global-color-5)","background-image":"","background-repeat":"repeat","background-position":"center center","background-size":"auto","background-attachment":"scroll","background-type":"","background-media":"","overlay-type":"","overlay-color":"","overlay-opacity":"","overlay-gradient":""}}},"product_brand":[],"product_cat":[181,168,162,236,154],"product_tag":[5159,458,647,816,5156,1964,5157,442,440,474,2960,5158,453,3468,668],"class_list":{"0":"post-11090","1":"product","2":"type-product","3":"status-publish","4":"has-post-thumbnail","6":"product_cat-day-date-replica-relojo-rolex","7":"product_cat-productos-mas-nuevos","8":"product_cat-replica-super-clon-rolex-aaa","9":"product_cat-replicas-de-relojes-con-diamantes","10":"product_cat-replicas-de-relojes-mas-vendidas","11":"product_tag-228235-es","12":"product_tag-affordable-luxury","13":"product_tag-automatic-watch-es","14":"product_tag-chocolate-dial","15":"product_tag-diamond-dial-es","16":"product_tag-elegant-timepiece","17":"product_tag-fluted-bezel-es","18":"product_tag-high-quality-replica","19":"product_tag-luxury-watch","20":"product_tag-mens-watch","21":"product_tag-premium-edition","22":"product_tag-president-bracelet-es","23":"product_tag-replica-rolex","24":"product_tag-rolex-day-date-es","25":"product_tag-rose-gold-es","26":"desktop-align-left","27":"tablet-align-left","28":"mobile-align-left","29":"ast-product-gallery-layout-vertical-slider","31":"first","32":"instock","33":"sale","34":"shipping-taxable","35":"purchasable","36":"product-type-simple"},"uagb_featured_image_src":{"full":["https:\/\/myreplicawatches.io\/wp-content\/uploads\/2023\/10\/Replica-rolex-Sky-dweller-rose-gold-25.jpg",1080,1080,false],"thumbnail":["https:\/\/myreplicawatches.io\/wp-content\/uploads\/2023\/10\/Replica-rolex-Sky-dweller-rose-gold-25-150x150.jpg",150,150,true],"medium":["https:\/\/myreplicawatches.io\/wp-content\/uploads\/2023\/10\/Replica-rolex-Sky-dweller-rose-gold-25-300x300.jpg",300,300,true],"medium_large":["https:\/\/myreplicawatches.io\/wp-content\/uploads\/2023\/10\/Replica-rolex-Sky-dweller-rose-gold-25-768x768.jpg",768,768,true],"large":["https:\/\/myreplicawatches.io\/wp-content\/uploads\/2023\/10\/Replica-rolex-Sky-dweller-rose-gold-25-1024x1024.jpg",1024,1024,true],"1536x1536":["https:\/\/myreplicawatches.io\/wp-content\/uploads\/2023\/10\/Replica-rolex-Sky-dweller-rose-gold-25.jpg",1080,1080,false],"2048x2048":["https:\/\/myreplicawatches.io\/wp-content\/uploads\/2023\/10\/Replica-rolex-Sky-dweller-rose-gold-25.jpg",1080,1080,false],"woocommerce_thumbnail":["https:\/\/myreplicawatches.io\/wp-content\/uploads\/2023\/10\/Replica-rolex-Sky-dweller-rose-gold-25-300x300.jpg",300,300,true],"woocommerce_single":["https:\/\/myreplicawatches.io\/wp-content\/uploads\/2023\/10\/Replica-rolex-Sky-dweller-rose-gold-25-600x600.jpg",600,600,true],"woocommerce_gallery_thumbnail":["https:\/\/myreplicawatches.io\/wp-content\/uploads\/2023\/10\/Replica-rolex-Sky-dweller-rose-gold-25-100x100.jpg",100,100,true],"variation_swatches_image_size":["https:\/\/myreplicawatches.io\/wp-content\/uploads\/2023\/10\/Replica-rolex-Sky-dweller-rose-gold-25-50x50.jpg",50,50,true],"variation_swatches_tooltip_size":["https:\/\/myreplicawatches.io\/wp-content\/uploads\/2023\/10\/Replica-rolex-Sky-dweller-rose-gold-25-100x100.jpg",100,100,true],"dgwt-wcas-product-suggestion":["https:\/\/myreplicawatches.io\/wp-content\/uploads\/2023\/10\/Replica-rolex-Sky-dweller-rose-gold-25-64x64.jpg",64,64,true]},"uagb_author_info":{"display_name":"admin","author_link":"https:\/\/myreplicawatches.io\/es\/author\/"},"uagb_comment_info":0,"uagb_excerpt":"R\u00e9plica de reloj Rolex Day-Date Rose Gold Chocolate Dial &#8211; AAAA+ Quality Replica Watch &nbsp; Ventajas de poseer un reloj Rolex Day-Date de oro rosa con esfera de chocolate: Una r\u00e9plica puede comprarse a un precio mucho m\u00e1s barato que uno aut\u00e9ntico, sin embargo, un reloj r\u00e9plica parecer\u00e1 y se sentir\u00e1 igual que el original.","jetpack_sharing_enabled":true,"_links":{"self":[{"href":"https:\/\/myreplicawatches.io\/es\/wp-json\/wp\/v2\/product\/11090","targetHints":{"allow":["GET"]}}],"collection":[{"href":"https:\/\/myreplicawatches.io\/es\/wp-json\/wp\/v2\/product"}],"about":[{"href":"https:\/\/myreplicawatches.io\/es\/wp-json\/wp\/v2\/types\/product"}],"replies":[{"embeddable":true,"href":"https:\/\/myreplicawatches.io\/es\/wp-json\/wp\/v2\/comments?post=11090"}],"wp:featuredmedia":[{"embeddable":true,"href":"https:\/\/myreplicawatches.io\/es\/wp-json\/wp\/v2\/media\/8497"}],"wp:attachment":[{"href":"https:\/\/myreplicawatches.io\/es\/wp-json\/wp\/v2\/media?parent=11090"}],"wp:term":[{"taxonomy":"product_brand","embeddable":true,"href":"https:\/\/myreplicawatches.io\/es\/wp-json\/wp\/v2\/product_brand?post=11090"},{"taxonomy":"product_cat","embeddable":true,"href":"https:\/\/myreplicawatches.io\/es\/wp-json\/wp\/v2\/product_cat?post=11090"},{"taxonomy":"product_tag","embeddable":true,"href":"https:\/\/myreplicawatches.io\/es\/wp-json\/wp\/v2\/product_tag?post=11090"}],"curies":[{"name":"wp","href":"https:\/\/api.w.org\/{rel}","templated":true}]}}